{"id":3293,"date":"2016-12-15T12:50:39","date_gmt":"2016-12-15T11:50:39","guid":{"rendered":"http:\/\/serveiseducatius.xtec.cat\/baixcamp\/?page_id=3293"},"modified":"2016-12-15T22:55:50","modified_gmt":"2016-12-15T21:55:50","slug":"comissio-pfz","status":"publish","type":"page","link":"https:\/\/serveiseducatius.xtec.cat\/baixcamp\/formacio\/pla-de-formacio-de-zona-pfz\/comissio-pfz\/","title":{"rendered":"Comissi\u00f3 PFZ"},"content":{"rendered":"<h5><strong>Qu\u00e8 \u00e9s?<\/strong><\/h5>\n<p>La Comissi\u00f3 del PFZ Baix Camp \u00e9s l\u2019\u00f2rgan encarregat d&#8217;<strong>elaborar la proposta<\/strong> d&#8217;activitats del PFZ Baix Camp, de fer-ne el <strong>seguiment<\/strong> i, finalment, l&#8217;<strong>avaluaci\u00f3<\/strong>.<\/p>\n<p>La Secci\u00f3 de Serveis Educatius i Formaci\u00f3 Permanent dels ST analitzar\u00e0 i concretar\u00e0 la proposta de les activitats de territori, en funci\u00f3 de les prioritats i de les demandes no ateses d\u2019alguna zona.<\/p>\n<h5><strong>La seva finalitat<\/strong><\/h5>\n<p>Garantir que la proposta formativa que es desenvolupa a la zona sigui adequada a les necessitats, a la demanda i als recursos; que es prioritzin les actuacions amb criteris objectius, comptant amb la participaci\u00f3 de les persones implicades.<\/p>\n<h5><strong>La comissi\u00f3 del PFZ est\u00e0 integrada per<\/strong><\/h5>\n<ul>\n<li>un inspector d\u2019educaci\u00f3 de la zona que actua com a president;<\/li>\n<li>professionals del centre de recursos pedag\u00f2gics (CRP), una de les quals actua com a secret\u00e0ria;<\/li>\n<li>l\u2019equip de la direcci\u00f3 t\u00e8cnica del Servei Educatiu Baix Camp;<\/li>\n<li>una persona de la secci\u00f3 de Serveis Educatius i Formaci\u00f3 Permanent dels ST;<\/li>\n<li>representants dels centres educatius de la zona amb representaci\u00f3 de les diferents etapes educatives i sectors (p\u00fablic i concertat) i amb una proporcionalitat adequada al nombre de centres;<\/li>\n<li>un o una representant de l\u2019ICE;<\/li>\n<li>un o una representant de l\u2019\u00e0mbit educatiu del consell comarcal i de l\u2019ajuntament.<\/li>\n<\/ul>\n<h5><strong>Qui organitza la formaci\u00f3?<\/strong><\/h5>\n<p>Les activitats de formaci\u00f3 s\u00f3n organitzades pels Serveis Educatius Baix Camp, per les diferents unitats del Departament d&#8217;Ensenyament i les institucions col\u00b7laboradores, especialment els Instituts de Ci\u00e8ncies de l&#8217;Educaci\u00f3 de la URV.<\/p>\n<p>El <a href=\"http:\/\/serveiseducatius.xtec.cat\/baixcamp\/el-servei-educatiu\/equip\/crp\/\" target=\"_blank\">Centre de Recursos Pedag\u00f2gics<\/a>\u00a0organitza i coordina l&#8217;execuci\u00f3 i el seguiment de les <a href=\"http:\/\/serveiseducatius.xtec.cat\/baixcamp\/pla-de-formacio-de-zona-pfz\/oferta-dactivitats\/\">activitats del PFZ<\/a>.<\/p>\n","protected":false},"excerpt":{"rendered":"<p>Qu\u00e8 \u00e9s? La Comissi\u00f3 del PFZ Baix Camp \u00e9s l\u2019\u00f2rgan encarregat d&#8217;elaborar la proposta d&#8217;activitats del PFZ Baix Camp, de fer-ne el seguiment i, finalment, l&#8217;avaluaci\u00f3. La Secci\u00f3 de Serveis Educatius i Formaci\u00f3 Permanent dels ST analitzar\u00e0 i concretar\u00e0 la proposta de les activitats de territori, en funci\u00f3 de les prioritats i de les demandes [&hellip;]<\/p>\n","protected":false},"author":1,"featured_media":0,"parent":414,"menu_order":20,"comment_status":"closed","ping_status":"closed","template":"page-templates\/side-menu.php","meta":{"_bbp_topic_count":0,"_bbp_reply_count":0,"_bbp_total_topic_count":0,"_bbp_total_reply_count":0,"_bbp_voice_count":0,"_bbp_anonymous_reply_count":0,"_bbp_topic_count_hidden":0,"_bbp_reply_count_hidden":0,"_bbp_forum_subforum_count":0,"site-sidebar-layout":"default","site-content-layout":"","ast-site-content-layout":"","site-content-style":"default","site-sidebar-style":"default","ast-global-header-display":"","ast-banner-title-visibility":"","ast-main-header-display":"","ast-hfb-above-header-display":"","ast-hfb-below-header-display":"","ast-hfb-mobile-header-display":"","site-post-title":"","ast-breadcrumbs-content":"","ast-featured-img":"","footer-sml-layout":"","theme-transparent-header-meta":"","adv-header-id-meta":"","stick-header-meta":"","header-above-stick-meta":"","header-main-stick-meta":"","header-below-stick-meta":"","astra-migrate-meta-layouts":"default","ast-page-background-enabled":"default","ast-page-background-meta":{"desktop":{"background-color":"var(--ast-global-color-4)","background-image":"","background-repeat":"repeat","background-position":"center center","background-size":"auto","background-attachment":"scroll","background-type":"","background-media":"","overlay-type":"","overlay-color":"","overlay-opacity":"","overlay-gradient":""},"tablet":{"background-color":"","background-image":"","background-repeat":"repeat","background-position":"center center","background-size":"auto","background-attachment":"scroll","background-type":"","background-media":"","overlay-type":"","overlay-color":"","overlay-opacity":"","overlay-gradient":""},"mobile":{"background-color":"","background-image":"","background-repeat":"repeat","background-position":"center center","background-size":"auto","background-attachment":"scroll","background-type":"","background-media":"","overlay-type":"","overlay-color":"","overlay-opacity":"","overlay-gradient":""}},"ast-content-background-meta":{"desktop":{"background-color":"var(--ast-global-color-5)","background-image":"","background-repeat":"repeat","background-position":"center center","background-size":"auto","background-attachment":"scroll","background-type":"","background-media":"","overlay-type":"","overlay-color":"","overlay-opacity":"","overlay-gradient":""},"tablet":{"background-color":"var(--ast-global-color-5)","background-image":"","background-repeat":"repeat","background-position":"center center","background-size":"auto","background-attachment":"scroll","background-type":"","background-media":"","overlay-type":"","overlay-color":"","overlay-opacity":"","overlay-gradient":""},"mobile":{"background-color":"var(--ast-global-color-5)","background-image":"","background-repeat":"repeat","background-position":"center center","background-size":"auto","background-attachment":"scroll","background-type":"","background-media":"","overlay-type":"","overlay-color":"","overlay-opacity":"","overlay-gradient":""}},"footnotes":""},"class_list":["post-3293","page","type-page","status-publish","hentry"],"post_mailing_queue_ids":[],"_links":{"self":[{"href":"https:\/\/serveiseducatius.xtec.cat\/baixcamp\/wp-json\/wp\/v2\/pages\/3293","targetHints":{"allow":["GET"]}}],"collection":[{"href":"https:\/\/serveiseducatius.xtec.cat\/baixcamp\/wp-json\/wp\/v2\/pages"}],"about":[{"href":"https:\/\/serveiseducatius.xtec.cat\/baixcamp\/wp-json\/wp\/v2\/types\/page"}],"author":[{"embeddable":true,"href":"https:\/\/serveiseducatius.xtec.cat\/baixcamp\/wp-json\/wp\/v2\/users\/1"}],"replies":[{"embeddable":true,"href":"https:\/\/serveiseducatius.xtec.cat\/baixcamp\/wp-json\/wp\/v2\/comments?post=3293"}],"version-history":[{"count":4,"href":"https:\/\/serveiseducatius.xtec.cat\/baixcamp\/wp-json\/wp\/v2\/pages\/3293\/revisions"}],"predecessor-version":[{"id":3332,"href":"https:\/\/serveiseducatius.xtec.cat\/baixcamp\/wp-json\/wp\/v2\/pages\/3293\/revisions\/3332"}],"up":[{"embeddable":true,"href":"https:\/\/serveiseducatius.xtec.cat\/baixcamp\/wp-json\/wp\/v2\/pages\/414"}],"wp:attachment":[{"href":"https:\/\/serveiseducatius.xtec.cat\/baixcamp\/wp-json\/wp\/v2\/media?parent=3293"}],"curies":[{"name":"wp","href":"https:\/\/api.w.org\/{rel}","templated":true}]}}