{"id":3115,"date":"2016-12-11T18:15:24","date_gmt":"2016-12-11T17:15:24","guid":{"rendered":"http:\/\/serveiseducatius.xtec.cat\/baixcamp\/?page_id=3115"},"modified":"2022-11-15T12:05:00","modified_gmt":"2022-11-15T11:05:00","slug":"maleta-tauletes-i-ipads","status":"publish","type":"page","link":"https:\/\/serveiseducatius.xtec.cat\/baixcamp\/recursos-2\/ambit-cientific-tecnologic\/maleta-tauletes-i-ipads\/","title":{"rendered":"Maleta tauletes"},"content":{"rendered":"<h6><strong>Material<br \/>\n<\/strong><\/h6>\n<ul>\n<li>1 maleta amb 5 iPad&#8217;s (iOS) amb el seg\u00fcent accessori: 1 connector per maleta amb sortida VGA (per projectar la pantalla de la tauleta a un projector).<\/li>\n<li>1 maleta amb 5 tauletes android (marca BQ) amb els seg\u00fcent accessori: 1 font d&#8217;alimentaci\u00f3 que permet la c\u00e0rrega conjunta de les 5 tauletes alhora.<\/li>\n<\/ul>\n<h6><strong>Condicions del pr\u00e9stec<\/strong><\/h6>\n<p><a href=\"https:\/\/docs.google.com\/a\/xtec.cat\/forms\/d\/e\/1FAIpQLSc7LdPhWCwoshVp5gkka2ykYo5rB5ahlpI1hWCFs2WyY-5Q7A\/viewform\"><img loading=\"lazy\" decoding=\"async\" class=\" wp-image-8610 alignleft\" src=\"http:\/\/serveiseducatius.xtec.cat\/baixcamp\/wp-content\/uploads\/usu950\/2018\/09\/sol\u00b7licitud-pr\u00e9stec.png\" alt=\"\" width=\"170\" height=\"83\" \/><\/a>Durada: m\u00e0xim 3 setmanes per centre al llarg del curs escolar<br \/>\nRecollida del pr\u00e9stec: dilluns d&#8217;11h a 14h i de 16h a 18h<br \/>\nRetorn del pr\u00e9stec: dijous d&#8217;11h a 14h i de 16h a 18h<br \/>\nCal que el responsable del centre esborri els fitxers audiovisuals abans del retorn del pr\u00e9stec<\/p>\n<h6><strong>Normes d&#8217;\u00fas<\/strong><\/h6>\n<p>\u00c9s responsabilitat de l\u2019usuari assegurar-se del correcte funcionament del material, a l&#8217;inici de la reserva.<br \/>\nQualsevol p\u00e8rdua o desperfecte del material ser\u00e0 responsabilitat del centre educatiu, que haur\u00e0 de reposar-lo.<br \/>\nLes tauletes cal retornar-les netes d&#8217;aplicacions i arxius afegits; se&#8217;n far\u00e0 la comprovaci\u00f3 del seu correcte funcionament.<br \/>\nCal comunicar qualsevol incid\u00e8ncia que es produeixi durant el seu \u00fas.<\/p>\n<h6><strong>Calendari de pr\u00e9stec<\/strong><\/h6>\n<p>Podeu consultar la confirmaci\u00f3 de la sol\u00b7licitud al calendari <em>Pr\u00e9stec tauletes<\/em><\/p>\n<div>\n<div class=\"magiclist-dragParent\">\n<div class=\"freebirdFormeditorViewMagiclistItemEl magiclist-dragtarget\" data-index=\"7\">\n<div class=\"freebirdFormeditorViewMagiclistItemCoreItemContentContainer\">\n<div class=\"itemHideInactive\"><\/div>\n<\/div>\n<p style=\"text-align: left;\"><iframe loading=\"lazy\" style=\"border: solid 1px #777;\" src=\"https:\/\/calendar.google.com\/calendar\/embed?showTitle=0&amp;showPrint=0&amp;showTabs=0&amp;showCalendars=0&amp;showTz=0&amp;height=300&amp;wkst=2&amp;hl=ca&amp;bgcolor=%23cc6600&amp;src=xtec.cat_eatj959kf35k5kbsoukekntngs%40group.calendar.google.com&amp;color=%23865A5A&amp;ctz=Europe%2FMadrid\" width=\"400\" height=\"300\" frameborder=\"0\" scrolling=\"no\"><\/iframe><\/p>\n<\/div>\n<\/div>\n<\/div>\n","protected":false},"excerpt":{"rendered":"<p>Material 1 maleta amb 5 iPad&#8217;s (iOS) amb el seg\u00fcent accessori: 1 connector per maleta amb sortida VGA (per projectar la pantalla de la tauleta a un projector). 1 maleta amb 5 tauletes android (marca BQ) amb els seg\u00fcent accessori: 1 font d&#8217;alimentaci\u00f3 que permet la c\u00e0rrega conjunta de les 5 tauletes alhora. Condicions del [&hellip;]<\/p>\n","protected":false},"author":1,"featured_media":0,"parent":14114,"menu_order":120,"comment_status":"closed","ping_status":"closed","template":"page-templates\/side-menu.php","meta":{"_bbp_topic_count":0,"_bbp_reply_count":0,"_bbp_total_topic_count":0,"_bbp_total_reply_count":0,"_bbp_voice_count":0,"_bbp_anonymous_reply_count":0,"_bbp_topic_count_hidden":0,"_bbp_reply_count_hidden":0,"_bbp_forum_subforum_count":0,"site-sidebar-layout":"default","site-content-layout":"","ast-site-content-layout":"","site-content-style":"default","site-sidebar-style":"default","ast-global-header-display":"","ast-banner-title-visibility":"","ast-main-header-display":"","ast-hfb-above-header-display":"","ast-hfb-below-header-display":"","ast-hfb-mobile-header-display":"","site-post-title":"","ast-breadcrumbs-content":"","ast-featured-img":"","footer-sml-layout":"","theme-transparent-header-meta":"","adv-header-id-meta":"","stick-header-meta":"","header-above-stick-meta":"","header-main-stick-meta":"","header-below-stick-meta":"","astra-migrate-meta-layouts":"default","ast-page-background-enabled":"default","ast-page-background-meta":{"desktop":{"background-color":"var(--ast-global-color-4)","background-image":"","background-repeat":"repeat","background-position":"center center","background-size":"auto","background-attachment":"scroll","background-type":"","background-media":"","overlay-type":"","overlay-color":"","overlay-opacity":"","overlay-gradient":""},"tablet":{"background-color":"","background-image":"","background-repeat":"repeat","background-position":"center center","background-size":"auto","background-attachment":"scroll","background-type":"","background-media":"","overlay-type":"","overlay-color":"","overlay-opacity":"","overlay-gradient":""},"mobile":{"background-color":"","background-image":"","background-repeat":"repeat","background-position":"center center","background-size":"auto","background-attachment":"scroll","background-type":"","background-media":"","overlay-type":"","overlay-color":"","overlay-opacity":"","overlay-gradient":""}},"ast-content-background-meta":{"desktop":{"background-color":"var(--ast-global-color-5)","background-image":"","background-repeat":"repeat","background-position":"center center","background-size":"auto","background-attachment":"scroll","background-type":"","background-media":"","overlay-type":"","overlay-color":"","overlay-opacity":"","overlay-gradient":""},"tablet":{"background-color":"var(--ast-global-color-5)","background-image":"","background-repeat":"repeat","background-position":"center center","background-size":"auto","background-attachment":"scroll","background-type":"","background-media":"","overlay-type":"","overlay-color":"","overlay-opacity":"","overlay-gradient":""},"mobile":{"background-color":"var(--ast-global-color-5)","background-image":"","background-repeat":"repeat","background-position":"center center","background-size":"auto","background-attachment":"scroll","background-type":"","background-media":"","overlay-type":"","overlay-color":"","overlay-opacity":"","overlay-gradient":""}},"footnotes":""},"class_list":["post-3115","page","type-page","status-publish","hentry"],"post_mailing_queue_ids":[],"_links":{"self":[{"href":"https:\/\/serveiseducatius.xtec.cat\/baixcamp\/wp-json\/wp\/v2\/pages\/3115","targetHints":{"allow":["GET"]}}],"collection":[{"href":"https:\/\/serveiseducatius.xtec.cat\/baixcamp\/wp-json\/wp\/v2\/pages"}],"about":[{"href":"https:\/\/serveiseducatius.xtec.cat\/baixcamp\/wp-json\/wp\/v2\/types\/page"}],"author":[{"embeddable":true,"href":"https:\/\/serveiseducatius.xtec.cat\/baixcamp\/wp-json\/wp\/v2\/users\/1"}],"replies":[{"embeddable":true,"href":"https:\/\/serveiseducatius.xtec.cat\/baixcamp\/wp-json\/wp\/v2\/comments?post=3115"}],"version-history":[{"count":2,"href":"https:\/\/serveiseducatius.xtec.cat\/baixcamp\/wp-json\/wp\/v2\/pages\/3115\/revisions"}],"predecessor-version":[{"id":9910,"href":"https:\/\/serveiseducatius.xtec.cat\/baixcamp\/wp-json\/wp\/v2\/pages\/3115\/revisions\/9910"}],"up":[{"embeddable":true,"href":"https:\/\/serveiseducatius.xtec.cat\/baixcamp\/wp-json\/wp\/v2\/pages\/14114"}],"wp:attachment":[{"href":"https:\/\/serveiseducatius.xtec.cat\/baixcamp\/wp-json\/wp\/v2\/media?parent=3115"}],"curies":[{"name":"wp","href":"https:\/\/api.w.org\/{rel}","templated":true}]}}