{"id":3069,"date":"2016-12-09T13:26:45","date_gmt":"2016-12-09T12:26:45","guid":{"rendered":"http:\/\/serveiseducatius.xtec.cat\/baixcamp\/?page_id=3069"},"modified":"2025-09-26T13:46:23","modified_gmt":"2025-09-26T11:46:23","slug":"elic","status":"publish","type":"page","link":"https:\/\/serveiseducatius.xtec.cat\/baixcamp\/el-servei-educatiu\/elic\/","title":{"rendered":"ELIC"},"content":{"rendered":"<p><a href=\"https:\/\/serveiseducatius.xtec.cat\/baixcamp\/categoria\/elic\/\"><img loading=\"lazy\" decoding=\"async\" class=\"wp-image-11055 size-full aligncenter\" src=\"https:\/\/serveiseducatius.xtec.cat\/baixcamp\/wp-content\/uploads\/usu950\/2020\/04\/Bot\u00f3_ELIC.png\" alt=\"\" width=\"1000\" height=\"300\" srcset=\"https:\/\/serveiseducatius.xtec.cat\/baixcamp\/wp-content\/uploads\/usu950\/2020\/04\/Bot\u00f3_ELIC.png 1000w, https:\/\/serveiseducatius.xtec.cat\/baixcamp\/wp-content\/uploads\/usu950\/2020\/04\/Bot\u00f3_ELIC-300x90.png 300w, https:\/\/serveiseducatius.xtec.cat\/baixcamp\/wp-content\/uploads\/usu950\/2020\/04\/Bot\u00f3_ELIC-768x230.png 768w, https:\/\/serveiseducatius.xtec.cat\/baixcamp\/wp-content\/uploads\/usu950\/2020\/04\/Bot\u00f3_ELIC-600x180.png 600w\" sizes=\"auto, (max-width: 1000px) 100vw, 1000px\" \/><\/a><\/p>\n<p><em>Feu clic sobre la imatge per consultar les \u00faltimes novetats<\/em><\/p>\n<p>Les assessores LIC del Servei Educatiu del Baix Camp s\u00f3n:<\/p>\n<ul>\n<li>Alexandra Castells Guasch (<a href=\"acaste39@xtec.cat\">acaste39@xtec.cat<\/a>)<\/li>\n<li>Marta Coll Gispert (<a href=\"mcoll237@xtec.cat\">mcoll237@xtec.cat<\/a>)<\/li>\n<li>Carme Marin\u00e9 de Clara (<a href=\"mmarine7@xtec.cat\">mmarine7@xtec.cat<\/a>)<\/li>\n<li>Montserrat Roca Balcells (<a href=\"mroca29@xtec.cat\">mroca29<span class=\"\">@xtec.cat<\/span><\/a>)<\/li>\n<li>L\u00eddia Mass\u00f3 (<a href=\"lmasso@xtec.cat\">lmasso2@xtec.cat)<\/a><\/li>\n<li>Daniel Sagal\u00e0 (<a href=\"dsagala@xtec.cat\">dsagala@xtec.cat<\/a>)<\/li>\n<li>Joana Sabat\u00e9 (<a href=\"mailto:jsabat28@xtec.cat\">jsabat28@xtec.cat<\/a>)<\/li>\n<\/ul>\n<p>Les nostres tasques:<\/p>\n<p><em>Formaci\u00f3 i assessoraments puntuals\u00a0<\/em><\/p>\n<p style=\"padding-left: 30px;\">Aula Acollida<br \/>\nProjecte ling\u00fc\u00edstic de centre<br \/>\nProjecte de conviv\u00e8ncia<br \/>\nPla de lectura de centre<br \/>\nAraESCRIC<br \/>\nILEC<br \/>\nEducaci\u00f3 Intercultural<br \/>\nAvancem cap al tractament integrat de lleng\u00fces<\/p>\n<p><em>Coordinacions i seguiments<\/em><\/p>\n<p style=\"padding-left: 30px;\">Pla Educatiu Entorn<br \/>\nProfessorat de lleng\u00fces d\u2019origen<br \/>\nT\u00e8cnics d\u2019Integraci\u00f3 Social<\/p>\n<p><em>Altres actuacions<\/em><\/p>\n<p style=\"padding-left: 30px;\">Participaci\u00f3 CLVA<br \/>\nJocs Florals<br \/>\nAcolliment ling\u00fc\u00edstic<br \/>\nOrganitzaci\u00f3 i difusi\u00f3 de concursos i jornades<\/p>\n<h6><strong>Els nostres objectius<br \/>\n<\/strong><\/h6>\n<ul>\n<li>Orientar i formar els tutors\/es d\u2019aula d\u2019acollida i de suport ling\u00fc\u00edstic i social en l\u2019organitzaci\u00f3 i funcionament de l\u2019AA i del SLS.<\/li>\n<li>Assessorar en metodologies basades en la immersi\u00f3 ling\u00fc\u00edstica. Aprofundir en l\u2019ensenyament de la llengua oral.<\/li>\n<li>Acompanyar en l\u2019ensenyament del proc\u00e9s d\u2019escriure: cicle de confer\u00e8ncies de l\u2019araESCRIC.<\/li>\n<li>Assessorar en projectes impulsats pel Departament d\u2019Ensenyament: Projecte de Conviv\u00e8ncia, Projecte Ling\u00fc\u00edstic, Pla d\u2019Acollida, Pla de Lectura de centre, etc.<\/li>\n<li>Informar i orientar sobre el Curr\u00edculum i el tractament de les lleng\u00fces. Impuls del tractament integrat de les lleng\u00fces.<\/li>\n<li>Coordinar les classes de les lleng\u00fces de la nova ciutadania (\u00e0rab, xin\u00e8s, etc).<\/li>\n<li>Coordinar els t\u00e8cnics d\u2019integraci\u00f3 social.<\/li>\n<li>Dinamitzar i fer el seguiment dels Plans Educatius d\u2019Entorn. Fomentar les activitats en xarxa a la zona.<\/li>\n<li>Formar els equips docents en:\n<ul>\n<li>el Pla de l\u2019Impuls de la lectura: compet\u00e8ncia lectora i gust per llegir, saber llegir i llegir per aprendre.<\/li>\n<li>l\u2019araESCRIC: Escriptura en un centre educatiu, Activitats pr\u00e0ctiques d\u2019expressi\u00f3 escrita i Escriptura creativa.<\/li>\n<li>el tractament integral de les lleng\u00fces (Avancem).<\/li>\n<li>Educaci\u00f3 Intercultural.<\/li>\n<\/ul>\n<\/li>\n<\/ul>\n<h6><strong>Contacteu<\/strong><\/h6>\n<p>Tel\u00e8fon 977 31 27 04 \u2013 extensi\u00f3 3<\/p>\n<h6><strong>Per saber-ne m\u00e9s<\/strong><\/h6>\n<p>Espai de l&#8217;XTEC per aprofundir en el qu\u00e8 \u00e9s un <a href=\"http:\/\/xtec.gencat.cat\/ca\/serveis\/sez\/elic\/\">ELIC<\/a>, quins s\u00f3n els \u00e0mbits, objectius i finalitats d&#8217;intervenci\u00f3, les funcions dels seus professionals i enlla\u00e7os d&#8217;inter\u00e8s.<\/p>\n","protected":false},"excerpt":{"rendered":"<p>Feu clic sobre la imatge per consultar les \u00faltimes novetats Les assessores LIC del Servei Educatiu del Baix Camp s\u00f3n: Alexandra Castells Guasch (acaste39@xtec.cat) Marta Coll Gispert (mcoll237@xtec.cat) Carme Marin\u00e9 de Clara (mmarine7@xtec.cat) Montserrat Roca Balcells (mroca29@xtec.cat) L\u00eddia Mass\u00f3 (lmasso2@xtec.cat) Daniel Sagal\u00e0 (dsagala@xtec.cat) Joana Sabat\u00e9 (jsabat28@xtec.cat) Les nostres tasques: Formaci\u00f3 i assessoraments puntuals\u00a0 Aula Acollida [&hellip;]<\/p>\n","protected":false},"author":1,"featured_media":0,"parent":806,"menu_order":3,"comment_status":"closed","ping_status":"closed","template":"page-templates\/side-menu.php","meta":{"_bbp_topic_count":0,"_bbp_reply_count":0,"_bbp_total_topic_count":0,"_bbp_total_reply_count":0,"_bbp_voice_count":0,"_bbp_anonymous_reply_count":0,"_bbp_topic_count_hidden":0,"_bbp_reply_count_hidden":0,"_bbp_forum_subforum_count":0,"site-sidebar-layout":"default","site-content-layout":"","ast-site-content-layout":"default","site-content-style":"default","site-sidebar-style":"default","ast-global-header-display":"","ast-banner-title-visibility":"","ast-main-header-display":"","ast-hfb-above-header-display":"","ast-hfb-below-header-display":"","ast-hfb-mobile-header-display":"","site-post-title":"","ast-breadcrumbs-content":"","ast-featured-img":"","footer-sml-layout":"","theme-transparent-header-meta":"","adv-header-id-meta":"","stick-header-meta":"","header-above-stick-meta":"","header-main-stick-meta":"","header-below-stick-meta":"","astra-migrate-meta-layouts":"set","ast-page-background-enabled":"default","ast-page-background-meta":{"desktop":{"background-color":"var(--ast-global-color-4)","background-image":"","background-repeat":"repeat","background-position":"center center","background-size":"auto","background-attachment":"scroll","background-type":"","background-media":"","overlay-type":"","overlay-color":"","overlay-opacity":"","overlay-gradient":""},"tablet":{"background-color":"","background-image":"","background-repeat":"repeat","background-position":"center center","background-size":"auto","background-attachment":"scroll","background-type":"","background-media":"","overlay-type":"","overlay-color":"","overlay-opacity":"","overlay-gradient":""},"mobile":{"background-color":"","background-image":"","background-repeat":"repeat","background-position":"center center","background-size":"auto","background-attachment":"scroll","background-type":"","background-media":"","overlay-type":"","overlay-color":"","overlay-opacity":"","overlay-gradient":""}},"ast-content-background-meta":{"desktop":{"background-color":"var(--ast-global-color-5)","background-image":"","background-repeat":"repeat","background-position":"center center","background-size":"auto","background-attachment":"scroll","background-type":"","background-media":"","overlay-type":"","overlay-color":"","overlay-opacity":"","overlay-gradient":""},"tablet":{"background-color":"var(--ast-global-color-5)","background-image":"","background-repeat":"repeat","background-position":"center center","background-size":"auto","background-attachment":"scroll","background-type":"","background-media":"","overlay-type":"","overlay-color":"","overlay-opacity":"","overlay-gradient":""},"mobile":{"background-color":"var(--ast-global-color-5)","background-image":"","background-repeat":"repeat","background-position":"center center","background-size":"auto","background-attachment":"scroll","background-type":"","background-media":"","overlay-type":"","overlay-color":"","overlay-opacity":"","overlay-gradient":""}},"footnotes":""},"class_list":["post-3069","page","type-page","status-publish","hentry"],"post_mailing_queue_ids":[],"_links":{"self":[{"href":"https:\/\/serveiseducatius.xtec.cat\/baixcamp\/wp-json\/wp\/v2\/pages\/3069","targetHints":{"allow":["GET"]}}],"collection":[{"href":"https:\/\/serveiseducatius.xtec.cat\/baixcamp\/wp-json\/wp\/v2\/pages"}],"about":[{"href":"https:\/\/serveiseducatius.xtec.cat\/baixcamp\/wp-json\/wp\/v2\/types\/page"}],"author":[{"embeddable":true,"href":"https:\/\/serveiseducatius.xtec.cat\/baixcamp\/wp-json\/wp\/v2\/users\/1"}],"replies":[{"embeddable":true,"href":"https:\/\/serveiseducatius.xtec.cat\/baixcamp\/wp-json\/wp\/v2\/comments?post=3069"}],"version-history":[{"count":6,"href":"https:\/\/serveiseducatius.xtec.cat\/baixcamp\/wp-json\/wp\/v2\/pages\/3069\/revisions"}],"predecessor-version":[{"id":16174,"href":"https:\/\/serveiseducatius.xtec.cat\/baixcamp\/wp-json\/wp\/v2\/pages\/3069\/revisions\/16174"}],"up":[{"embeddable":true,"href":"https:\/\/serveiseducatius.xtec.cat\/baixcamp\/wp-json\/wp\/v2\/pages\/806"}],"wp:attachment":[{"href":"https:\/\/serveiseducatius.xtec.cat\/baixcamp\/wp-json\/wp\/v2\/media?parent=3069"}],"curies":[{"name":"wp","href":"https:\/\/api.w.org\/{rel}","templated":true}]}}