{"id":3044,"date":"2016-12-09T11:27:44","date_gmt":"2016-12-09T10:27:44","guid":{"rendered":"http:\/\/serveiseducatius.xtec.cat\/baixcamp\/?page_id=3044"},"modified":"2021-12-21T11:52:01","modified_gmt":"2021-12-21T10:52:01","slug":"compartim","status":"publish","type":"page","link":"https:\/\/serveiseducatius.xtec.cat\/baixcamp\/dinamitzacions\/compartim\/","title":{"rendered":"Compartim"},"content":{"rendered":"<p><img loading=\"lazy\" decoding=\"async\" class=\"alignleft wp-image-4360\" src=\"http:\/\/serveiseducatius.xtec.cat\/baixcamp\/wp-content\/uploads\/usu950\/2016\/12\/logo-CONNECTATS.png\" alt=\"\" width=\"107\" height=\"117\" srcset=\"https:\/\/serveiseducatius.xtec.cat\/baixcamp\/wp-content\/uploads\/usu950\/2016\/12\/logo-CONNECTATS.png 618w, https:\/\/serveiseducatius.xtec.cat\/baixcamp\/wp-content\/uploads\/usu950\/2016\/12\/logo-CONNECTATS-274x300.png 274w\" sizes=\"auto, (max-width: 107px) 100vw, 107px\" \/>Durant el <strong>curs 2016-17,<\/strong> i dins el marc del Programa <em>Apadrinem el nostre patrimoni<\/em> i de <em>Reus, Capital de la Cultura Catalana 2017<\/em>, el CRP, juntament amb altres entitats, institucions i col\u00b7laboradors, van dur a terme l&#8217;actuaci\u00f3 <strong>Connectats al Territori<\/strong>.<\/p>\n<ul>\n<li>Resum de l&#8217;actuaci\u00f3 Connectats al Territori dins aquest<a href=\"https:\/\/serveiseducatius.xtec.cat\/baixcamp\/connectats-al-territori\/connectats-al-territori\/\"><strong> article.<\/strong><\/a><\/li>\n<\/ul>\n<p>El <strong>curs 2017-18<\/strong>, dins el marc del Programa <em>Apadrinem el nostre Patrimoni,<\/em> el CRP es proposa donar continu\u00eftat a l&#8217;esdeveniment amb l&#8217;actuaci\u00f3 <strong>Connetats al N\u00favol.<\/strong><\/p>\n<p>Durant el curs <strong>2018-19<\/strong> es va realitzar el IV Compartim!<\/p>\n","protected":false},"excerpt":{"rendered":"<p>Durant el curs 2016-17, i dins el marc del Programa Apadrinem el nostre patrimoni i de Reus, Capital de la Cultura Catalana 2017, el CRP, juntament amb altres entitats, institucions i col\u00b7laboradors, van dur a terme l&#8217;actuaci\u00f3 Connectats al Territori. Resum de l&#8217;actuaci\u00f3 Connectats al Territori dins aquest article. El curs 2017-18, dins el marc [&hellip;]<\/p>\n","protected":false},"author":1,"featured_media":0,"parent":13543,"menu_order":40,"comment_status":"closed","ping_status":"closed","template":"page-templates\/side-menu.php","meta":{"_bbp_topic_count":0,"_bbp_reply_count":0,"_bbp_total_topic_count":0,"_bbp_total_reply_count":0,"_bbp_voice_count":0,"_bbp_anonymous_reply_count":0,"_bbp_topic_count_hidden":0,"_bbp_reply_count_hidden":0,"_bbp_forum_subforum_count":0,"site-sidebar-layout":"default","site-content-layout":"","ast-site-content-layout":"","site-content-style":"default","site-sidebar-style":"default","ast-global-header-display":"","ast-banner-title-visibility":"","ast-main-header-display":"","ast-hfb-above-header-display":"","ast-hfb-below-header-display":"","ast-hfb-mobile-header-display":"","site-post-title":"","ast-breadcrumbs-content":"","ast-featured-img":"","footer-sml-layout":"","theme-transparent-header-meta":"","adv-header-id-meta":"","stick-header-meta":"","header-above-stick-meta":"","header-main-stick-meta":"","header-below-stick-meta":"","astra-migrate-meta-layouts":"default","ast-page-background-enabled":"default","ast-page-background-meta":{"desktop":{"background-color":"var(--ast-global-color-4)","background-image":"","background-repeat":"repeat","background-position":"center center","background-size":"auto","background-attachment":"scroll","background-type":"","background-media":"","overlay-type":"","overlay-color":"","overlay-opacity":"","overlay-gradient":""},"tablet":{"background-color":"","background-image":"","background-repeat":"repeat","background-position":"center center","background-size":"auto","background-attachment":"scroll","background-type":"","background-media":"","overlay-type":"","overlay-color":"","overlay-opacity":"","overlay-gradient":""},"mobile":{"background-color":"","background-image":"","background-repeat":"repeat","background-position":"center center","background-size":"auto","background-attachment":"scroll","background-type":"","background-media":"","overlay-type":"","overlay-color":"","overlay-opacity":"","overlay-gradient":""}},"ast-content-background-meta":{"desktop":{"background-color":"var(--ast-global-color-5)","background-image":"","background-repeat":"repeat","background-position":"center center","background-size":"auto","background-attachment":"scroll","background-type":"","background-media":"","overlay-type":"","overlay-color":"","overlay-opacity":"","overlay-gradient":""},"tablet":{"background-color":"var(--ast-global-color-5)","background-image":"","background-repeat":"repeat","background-position":"center center","background-size":"auto","background-attachment":"scroll","background-type":"","background-media":"","overlay-type":"","overlay-color":"","overlay-opacity":"","overlay-gradient":""},"mobile":{"background-color":"var(--ast-global-color-5)","background-image":"","background-repeat":"repeat","background-position":"center center","background-size":"auto","background-attachment":"scroll","background-type":"","background-media":"","overlay-type":"","overlay-color":"","overlay-opacity":"","overlay-gradient":""}},"footnotes":""},"class_list":["post-3044","page","type-page","status-publish","hentry"],"post_mailing_queue_ids":[],"_links":{"self":[{"href":"https:\/\/serveiseducatius.xtec.cat\/baixcamp\/wp-json\/wp\/v2\/pages\/3044","targetHints":{"allow":["GET"]}}],"collection":[{"href":"https:\/\/serveiseducatius.xtec.cat\/baixcamp\/wp-json\/wp\/v2\/pages"}],"about":[{"href":"https:\/\/serveiseducatius.xtec.cat\/baixcamp\/wp-json\/wp\/v2\/types\/page"}],"author":[{"embeddable":true,"href":"https:\/\/serveiseducatius.xtec.cat\/baixcamp\/wp-json\/wp\/v2\/users\/1"}],"replies":[{"embeddable":true,"href":"https:\/\/serveiseducatius.xtec.cat\/baixcamp\/wp-json\/wp\/v2\/comments?post=3044"}],"version-history":[{"count":5,"href":"https:\/\/serveiseducatius.xtec.cat\/baixcamp\/wp-json\/wp\/v2\/pages\/3044\/revisions"}],"predecessor-version":[{"id":11428,"href":"https:\/\/serveiseducatius.xtec.cat\/baixcamp\/wp-json\/wp\/v2\/pages\/3044\/revisions\/11428"}],"up":[{"embeddable":true,"href":"https:\/\/serveiseducatius.xtec.cat\/baixcamp\/wp-json\/wp\/v2\/pages\/13543"}],"wp:attachment":[{"href":"https:\/\/serveiseducatius.xtec.cat\/baixcamp\/wp-json\/wp\/v2\/media?parent=3044"}],"curies":[{"name":"wp","href":"https:\/\/api.w.org\/{rel}","templated":true}]}}