{"id":2988,"date":"2016-12-06T20:50:06","date_gmt":"2016-12-06T19:50:06","guid":{"rendered":"http:\/\/serveiseducatius.xtec.cat\/baixcamp\/?page_id=2988"},"modified":"2018-11-30T10:07:34","modified_gmt":"2018-11-30T09:07:34","slug":"altres-recursos","status":"publish","type":"page","link":"https:\/\/serveiseducatius.xtec.cat\/baixcamp\/altres-recursos\/","title":{"rendered":"Altres recursos"},"content":{"rendered":"<p><strong>ALEXANDRIA- Cursos Moodle<\/strong><\/p>\n<p style=\"padding-left: 30px;\">Biblioteca de recursos desenvolupada pel Departament d&#8217;Ensenyament.<br \/>\nPermet pujar i descarregar <a href=\"http:\/\/alexandria.xtec.cat\/mod\/data\/view.php?d=2&amp;mode=list&amp;perpage=10&amp;search=&amp;sort=-5&amp;order=DESC&amp;advanced=0&amp;filter=1&amp;advanced=1&amp;f_16=&amp;f_20=CN-Ci%C3%A8ncies+de+la+naturalesa&amp;f_22=&amp;f_18=\" target=\"_blank\" rel=\"noopener noreferrer\">cursos per al Moodle del servei \u00c0gora<\/a> dels centres educatius. T\u00e9 un cercador per nivell, \u00e0rea, \u00e0mbit competencial, fam\u00edlia professional&#8230;<\/p>\n<p><strong>ALEXANDRIA- Cursos PDI<\/strong><\/p>\n<p style=\"padding-left: 30px;\">Biblioteca de recursos desenvolupada pel Departament d&#8217;Ensenyament.<br \/>\nPermet pujar i descarregar materials per a les <a href=\"http:\/\/alexandria.xtec.cat\/mod\/data\/view.php?id=257\" target=\"_blank\" rel=\"noopener noreferrer\">pissarres digitals interactives (<span class=\"nolink\">PDI<\/span>)<\/a>. T\u00e9 un cercador per nivell, \u00e0rea, \u00e0mbit competencial, fam\u00edlia professional&#8230;<\/p>\n","protected":false},"excerpt":{"rendered":"<p>ALEXANDRIA- Cursos Moodle Biblioteca de recursos desenvolupada pel Departament d&#8217;Ensenyament. Permet pujar i descarregar cursos per al Moodle del servei \u00c0gora dels centres educatius. T\u00e9 un cercador per nivell, \u00e0rea, \u00e0mbit competencial, fam\u00edlia professional&#8230; ALEXANDRIA- Cursos PDI Biblioteca de recursos desenvolupada pel Departament d&#8217;Ensenyament. Permet pujar i descarregar materials per a les pissarres digitals interactives [&hellip;]<\/p>\n","protected":false},"author":1,"featured_media":0,"parent":0,"menu_order":0,"comment_status":"closed","ping_status":"closed","template":"page-templates\/side-menu.php","meta":{"_bbp_topic_count":0,"_bbp_reply_count":0,"_bbp_total_topic_count":0,"_bbp_total_reply_count":0,"_bbp_voice_count":0,"_bbp_anonymous_reply_count":0,"_bbp_topic_count_hidden":0,"_bbp_reply_count_hidden":0,"_bbp_forum_subforum_count":0,"site-sidebar-layout":"default","site-content-layout":"","ast-site-content-layout":"","site-content-style":"default","site-sidebar-style":"default","ast-global-header-display":"","ast-banner-title-visibility":"","ast-main-header-display":"","ast-hfb-above-header-display":"","ast-hfb-below-header-display":"","ast-hfb-mobile-header-display":"","site-post-title":"","ast-breadcrumbs-content":"","ast-featured-img":"","footer-sml-layout":"","theme-transparent-header-meta":"","adv-header-id-meta":"","stick-header-meta":"","header-above-stick-meta":"","header-main-stick-meta":"","header-below-stick-meta":"","astra-migrate-meta-layouts":"default","ast-page-background-enabled":"default","ast-page-background-meta":{"desktop":{"background-color":"var(--ast-global-color-4)","background-image":"","background-repeat":"repeat","background-position":"center center","background-size":"auto","background-attachment":"scroll","background-type":"","background-media":"","overlay-type":"","overlay-color":"","overlay-opacity":"","overlay-gradient":""},"tablet":{"background-color":"","background-image":"","background-repeat":"repeat","background-position":"center center","background-size":"auto","background-attachment":"scroll","background-type":"","background-media":"","overlay-type":"","overlay-color":"","overlay-opacity":"","overlay-gradient":""},"mobile":{"background-color":"","background-image":"","background-repeat":"repeat","background-position":"center center","background-size":"auto","background-attachment":"scroll","background-type":"","background-media":"","overlay-type":"","overlay-color":"","overlay-opacity":"","overlay-gradient":""}},"ast-content-background-meta":{"desktop":{"background-color":"var(--ast-global-color-5)","background-image":"","background-repeat":"repeat","background-position":"center center","background-size":"auto","background-attachment":"scroll","background-type":"","background-media":"","overlay-type":"","overlay-color":"","overlay-opacity":"","overlay-gradient":""},"tablet":{"background-color":"var(--ast-global-color-5)","background-image":"","background-repeat":"repeat","background-position":"center center","background-size":"auto","background-attachment":"scroll","background-type":"","background-media":"","overlay-type":"","overlay-color":"","overlay-opacity":"","overlay-gradient":""},"mobile":{"background-color":"var(--ast-global-color-5)","background-image":"","background-repeat":"repeat","background-position":"center center","background-size":"auto","background-attachment":"scroll","background-type":"","background-media":"","overlay-type":"","overlay-color":"","overlay-opacity":"","overlay-gradient":""}},"footnotes":""},"class_list":["post-2988","page","type-page","status-publish","hentry"],"post_mailing_queue_ids":[],"_links":{"self":[{"href":"https:\/\/serveiseducatius.xtec.cat\/baixcamp\/wp-json\/wp\/v2\/pages\/2988","targetHints":{"allow":["GET"]}}],"collection":[{"href":"https:\/\/serveiseducatius.xtec.cat\/baixcamp\/wp-json\/wp\/v2\/pages"}],"about":[{"href":"https:\/\/serveiseducatius.xtec.cat\/baixcamp\/wp-json\/wp\/v2\/types\/page"}],"author":[{"embeddable":true,"href":"https:\/\/serveiseducatius.xtec.cat\/baixcamp\/wp-json\/wp\/v2\/users\/1"}],"replies":[{"embeddable":true,"href":"https:\/\/serveiseducatius.xtec.cat\/baixcamp\/wp-json\/wp\/v2\/comments?post=2988"}],"version-history":[{"count":5,"href":"https:\/\/serveiseducatius.xtec.cat\/baixcamp\/wp-json\/wp\/v2\/pages\/2988\/revisions"}],"predecessor-version":[{"id":9439,"href":"https:\/\/serveiseducatius.xtec.cat\/baixcamp\/wp-json\/wp\/v2\/pages\/2988\/revisions\/9439"}],"wp:attachment":[{"href":"https:\/\/serveiseducatius.xtec.cat\/baixcamp\/wp-json\/wp\/v2\/media?parent=2988"}],"curies":[{"name":"wp","href":"https:\/\/api.w.org\/{rel}","templated":true}]}}