{"id":2981,"date":"2016-12-06T20:31:20","date_gmt":"2016-12-06T19:31:20","guid":{"rendered":"http:\/\/serveiseducatius.xtec.cat\/baixcamp\/?page_id=2981"},"modified":"2018-12-21T12:53:53","modified_gmt":"2018-12-21T11:53:53","slug":"maleta-llibres-menuts","status":"publish","type":"page","link":"https:\/\/serveiseducatius.xtec.cat\/baixcamp\/cataleg-servei-prestec\/maleta-llibres-menuts\/","title":{"rendered":"Maleta Llibres menuts"},"content":{"rendered":"<p><a href=\"https:\/\/sites.google.com\/site\/llibresmenuts\/home\" target=\"_blank\" rel=\"noopener noreferrer\"><img loading=\"lazy\" decoding=\"async\" class=\"alignleft wp-image-2708\" src=\"http:\/\/serveiseducatius.xtec.cat\/baixcamp\/wp-content\/uploads\/usu950\/2015\/11\/topo.png\" alt=\"topo\" width=\"150\" height=\"142\" \/><\/a>Si els nens llegeixen des de ben petits, els ser\u00e0 m\u00e9s f\u00e0cil, quan siguin grans, resoldre conflictes, afrontar diferents situacions i prendre decisions.<\/p>\n<p>Llegir fomenta la imaginaci\u00f3, la intel\u00b7lig\u00e8ncia, la capacitat verbal, la concentraci\u00f3 i a m\u00e9s enriqueix el seu vocabulari.<\/p>\n<p>&nbsp;<\/p>\n<p>No s&#8217;ha d&#8217;esperar a qu\u00e8 els nens llegeixin perqu\u00e8 tinguin contacte amb els llibres. S&#8217;han de crear lligams i h\u00e0bits entre els llibres i els nens des de ben petits.<\/p>\n<p>Mai \u00e9s massa aviat per comen\u00e7ar a llegir als nens.<\/p>\n<p>Els nens que miren contes i llibres amb dibuixos, seran futurs lectors.<\/p>\n<table style=\"border-color: #fafafa;\">\n<tbody>\n<tr>\n<td style=\"border-color: #fafafa;\"><a href=\"http:\/\/serveiseducatius.xtec.cat\/baixcamp\/wp-content\/uploads\/usu950\/2016\/12\/llibres-menuts.jpg\"><img loading=\"lazy\" decoding=\"async\" class=\"alignleft size-full wp-image-2984\" src=\"http:\/\/serveiseducatius.xtec.cat\/baixcamp\/wp-content\/uploads\/usu950\/2016\/12\/llibres-menuts.jpg\" alt=\"llibres-menuts\" width=\"400\" height=\"160\" srcset=\"https:\/\/serveiseducatius.xtec.cat\/baixcamp\/wp-content\/uploads\/usu950\/2016\/12\/llibres-menuts.jpg 400w, https:\/\/serveiseducatius.xtec.cat\/baixcamp\/wp-content\/uploads\/usu950\/2016\/12\/llibres-menuts-300x120.jpg 300w\" sizes=\"auto, (max-width: 400px) 100vw, 400px\" \/><\/a><\/td>\n<td style=\"border-color: #fafafa;\">\n<ul>\n<li><a href=\"https:\/\/sites.google.com\/site\/llibresmenuts\/tocar-i-mirar\" target=\"_blank\" rel=\"noopener noreferrer\">Tocar i mirar<\/a><\/li>\n<li><a href=\"https:\/\/sites.google.com\/site\/llibresmenuts\/quantes-coses-per-aprendre\" target=\"_blank\" rel=\"noopener noreferrer\">Quantes coses per aprendre<\/a><\/li>\n<li><a href=\"https:\/\/sites.google.com\/site\/llibresmenuts\/les-coses-que-ens-passen\" target=\"_blank\" rel=\"noopener noreferrer\">Les coses que ens passen<\/a><\/li>\n<li><a href=\"https:\/\/sites.google.com\/site\/llibresmenuts\/contes-classics\" target=\"_blank\" rel=\"noopener noreferrer\">Contes cl\u00e0ssics<\/a><\/li>\n<li><a href=\"https:\/\/sites.google.com\/site\/llibresmenuts\/albums-il-lustrats\" target=\"_blank\" rel=\"noopener noreferrer\">\u00c0lbums il\u00b7lustrats<\/a><\/li>\n<li><a href=\"https:\/\/sites.google.com\/site\/llibresmenuts\/experiencies-1\" target=\"_blank\" rel=\"noopener noreferrer\">Experi\u00e8ncies de llars d&#8217;infants<\/a><\/li>\n<\/ul>\n<\/td>\n<\/tr>\n<\/tbody>\n<\/table>\n<p>Els centres i\/o persones interessades poden sol\u00b7licitar aquest recurs telefonant al\u00a0977 31 27 04 o per correu a e3990102@xtec.cat<\/p>\n","protected":false},"excerpt":{"rendered":"<p>Si els nens llegeixen des de ben petits, els ser\u00e0 m\u00e9s f\u00e0cil, quan siguin grans, resoldre conflictes, afrontar diferents situacions i prendre decisions. Llegir fomenta la imaginaci\u00f3, la intel\u00b7lig\u00e8ncia, la capacitat verbal, la concentraci\u00f3 i a m\u00e9s enriqueix el seu vocabulari. &nbsp; No s&#8217;ha d&#8217;esperar a qu\u00e8 els nens llegeixin perqu\u00e8 tinguin contacte amb els [&hellip;]<\/p>\n","protected":false},"author":1,"featured_media":0,"parent":2968,"menu_order":80,"comment_status":"closed","ping_status":"closed","template":"page-templates\/side-menu.php","meta":{"_bbp_topic_count":0,"_bbp_reply_count":0,"_bbp_total_topic_count":0,"_bbp_total_reply_count":0,"_bbp_voice_count":0,"_bbp_anonymous_reply_count":0,"_bbp_topic_count_hidden":0,"_bbp_reply_count_hidden":0,"_bbp_forum_subforum_count":0,"site-sidebar-layout":"default","site-content-layout":"","ast-site-content-layout":"","site-content-style":"default","site-sidebar-style":"default","ast-global-header-display":"","ast-banner-title-visibility":"","ast-main-header-display":"","ast-hfb-above-header-display":"","ast-hfb-below-header-display":"","ast-hfb-mobile-header-display":"","site-post-title":"","ast-breadcrumbs-content":"","ast-featured-img":"","footer-sml-layout":"","theme-transparent-header-meta":"","adv-header-id-meta":"","stick-header-meta":"","header-above-stick-meta":"","header-main-stick-meta":"","header-below-stick-meta":"","astra-migrate-meta-layouts":"default","ast-page-background-enabled":"default","ast-page-background-meta":{"desktop":{"background-color":"var(--ast-global-color-4)","background-image":"","background-repeat":"repeat","background-position":"center center","background-size":"auto","background-attachment":"scroll","background-type":"","background-media":"","overlay-type":"","overlay-color":"","overlay-opacity":"","overlay-gradient":""},"tablet":{"background-color":"","background-image":"","background-repeat":"repeat","background-position":"center center","background-size":"auto","background-attachment":"scroll","background-type":"","background-media":"","overlay-type":"","overlay-color":"","overlay-opacity":"","overlay-gradient":""},"mobile":{"background-color":"","background-image":"","background-repeat":"repeat","background-position":"center center","background-size":"auto","background-attachment":"scroll","background-type":"","background-media":"","overlay-type":"","overlay-color":"","overlay-opacity":"","overlay-gradient":""}},"ast-content-background-meta":{"desktop":{"background-color":"var(--ast-global-color-5)","background-image":"","background-repeat":"repeat","background-position":"center center","background-size":"auto","background-attachment":"scroll","background-type":"","background-media":"","overlay-type":"","overlay-color":"","overlay-opacity":"","overlay-gradient":""},"tablet":{"background-color":"var(--ast-global-color-5)","background-image":"","background-repeat":"repeat","background-position":"center center","background-size":"auto","background-attachment":"scroll","background-type":"","background-media":"","overlay-type":"","overlay-color":"","overlay-opacity":"","overlay-gradient":""},"mobile":{"background-color":"var(--ast-global-color-5)","background-image":"","background-repeat":"repeat","background-position":"center center","background-size":"auto","background-attachment":"scroll","background-type":"","background-media":"","overlay-type":"","overlay-color":"","overlay-opacity":"","overlay-gradient":""}},"footnotes":""},"class_list":["post-2981","page","type-page","status-publish","hentry"],"post_mailing_queue_ids":[],"_links":{"self":[{"href":"https:\/\/serveiseducatius.xtec.cat\/baixcamp\/wp-json\/wp\/v2\/pages\/2981","targetHints":{"allow":["GET"]}}],"collection":[{"href":"https:\/\/serveiseducatius.xtec.cat\/baixcamp\/wp-json\/wp\/v2\/pages"}],"about":[{"href":"https:\/\/serveiseducatius.xtec.cat\/baixcamp\/wp-json\/wp\/v2\/types\/page"}],"author":[{"embeddable":true,"href":"https:\/\/serveiseducatius.xtec.cat\/baixcamp\/wp-json\/wp\/v2\/users\/1"}],"replies":[{"embeddable":true,"href":"https:\/\/serveiseducatius.xtec.cat\/baixcamp\/wp-json\/wp\/v2\/comments?post=2981"}],"version-history":[{"count":4,"href":"https:\/\/serveiseducatius.xtec.cat\/baixcamp\/wp-json\/wp\/v2\/pages\/2981\/revisions"}],"predecessor-version":[{"id":9620,"href":"https:\/\/serveiseducatius.xtec.cat\/baixcamp\/wp-json\/wp\/v2\/pages\/2981\/revisions\/9620"}],"up":[{"embeddable":true,"href":"https:\/\/serveiseducatius.xtec.cat\/baixcamp\/wp-json\/wp\/v2\/pages\/2968"}],"wp:attachment":[{"href":"https:\/\/serveiseducatius.xtec.cat\/baixcamp\/wp-json\/wp\/v2\/media?parent=2981"}],"curies":[{"name":"wp","href":"https:\/\/api.w.org\/{rel}","templated":true}]}}