{"id":2977,"date":"2016-12-06T20:22:22","date_gmt":"2016-12-06T19:22:22","guid":{"rendered":"http:\/\/serveiseducatius.xtec.cat\/baixcamp\/?page_id=2977"},"modified":"2025-02-03T09:48:20","modified_gmt":"2025-02-03T08:48:20","slug":"maleta-dot-bags","status":"publish","type":"page","link":"https:\/\/serveiseducatius.xtec.cat\/baixcamp\/recursos-2\/ambit-linguistic\/maleta-dot-bags\/","title":{"rendered":"Maleta Dot bags"},"content":{"rendered":"\n<p><strong>CODI:\u00a0<\/strong><\/p>\n\n\n\n<p>R502 Classic tales<\/p>\n\n\n\n<p>R503 Tales of the world<\/p>\n\n\n\n<p>R504 SCIENCE: the world<\/p>\n\n\n\n<p>R505 SCIENCE: encyclopedia<\/p>\n\n\n\n<p>R506 SCIENCE: animals<\/p>\n\n\n\n<p>R507 SCIENCE: tecnology<\/p>\n\n\n\n<p><br><strong>A qui s\u2019adre\u00e7a:<\/strong><br>Educaci\u00f3 prim\u00e0ria (a partir de 8 anys)<\/p>\n\n\n<p><img loading=\"lazy\" decoding=\"async\" class=\"wp-image-13412 alignleft\" src=\"https:\/\/serveiseducatius.xtec.cat\/baixcamp\/wp-content\/uploads\/usu950\/2021\/12\/DOT-BAGl.png\" alt=\"\" width=\"127\" height=\"127\" srcset=\"https:\/\/serveiseducatius.xtec.cat\/baixcamp\/wp-content\/uploads\/usu950\/2021\/12\/DOT-BAGl.png 354w, https:\/\/serveiseducatius.xtec.cat\/baixcamp\/wp-content\/uploads\/usu950\/2021\/12\/DOT-BAGl-300x300.png 300w, https:\/\/serveiseducatius.xtec.cat\/baixcamp\/wp-content\/uploads\/usu950\/2021\/12\/DOT-BAGl-150x150.png 150w\" sizes=\"auto, (max-width: 127px) 100vw, 127px\" \/><strong>La finalitat del projecte Dot Bags \u00e9s col\u00b7laborar amb els docents per tal d&#8217;aconseguir que els nostres alumnes finalitzin l&#8217;Educaci\u00f3 Prim\u00e0ria essent m\u00e9s competents en llengua anglesa.<\/strong><\/p>\n<h6><strong>Objectius<\/strong><\/h6>\n<ul>\n<li>Dinamitzar els materials de lleng\u00fces existent en la mediateca.<\/li>\n<li>Contribuir al desenvolupament dels projectes pluriling\u00fces dels centres.<\/li>\n<li>Potenciar la compet\u00e8ncia comunicativa.<\/li>\n<\/ul>\n<p>Podeu consultar els materials de les Dots Bag al seg\u00fcent enlla\u00e7: <a href=\"https:\/\/docs.google.com\/spreadsheets\/d\/1rz_w94Yph1Wqe_4U_5LFk-3Umie4cjA6XQtuWZ3Ijf0\/edit?usp=sharing\" target=\"_blank\" rel=\"noopener\">Llista de materials<\/a><\/p>\n<h5>Si hi esteu interessats podeu veure&#8217;n la disponibilitat i fer-ne la sol\u00b7licitud al seg\u00fcent formulari:<\/h5>\n<table style=\"width: 100%;\">\n<tbody>\n<tr>\n<td style=\"width: 32.2593%;\"><iframe loading=\"lazy\" style=\"border: 0;\" src=\"https:\/\/calendar.google.com\/calendar\/embed?src=c_6ah1tun5d3idvdrplncksnr8o0%40group.calendar.google.com&amp;ctz=Europe%2FParis\" width=\"600\" height=\"400\" frameborder=\"0\" scrolling=\"no\" data-mce-fragment=\"1\"><\/iframe><\/td>\n<td style=\"width: 43.9161%;\"><a href=\"https:\/\/forms.gle\/HCardXjBv3dJWdMZ7\"><img loading=\"lazy\" decoding=\"async\" src=\"https:\/\/serveiseducatius.xtec.cat\/baixcamp\/wp-content\/uploads\/usu950\/2018\/10\/sol\u00b7licitud-pr\u00e9stec.png\" alt=\"\" width=\"157\" height=\"77\" \/><\/a><\/td>\n<td style=\"width: 23.0994%;\"><strong>Condicions del pr\u00e9stec<\/strong>\n<p><span style=\"font-family: inherit; font-size: 1em;\">Durada: 4 setmanes aproximadament<\/span><\/p>\n<div class=\"entry-content\">\n<div class=\"entry-content\">\n<p>Per altres per\u00edodes de pr\u00e9stec, consulteu a\u00a0<a href=\"mailto:e3990102@xtec.cat\">e3990102@xtec.cat<\/a><strong>Recollida i retorn del pr\u00e9stec:<\/strong>\u00a0de dilluns a divendres d\u201911:00h a 14:00h i de 16:00h a 18:00h<strong>Normes d\u2019\u00fas:<\/strong><\/p>\n<p>\u00c9s responsabilitat de l\u2019usuari assegurar-se del contingut material del kit a l\u2019inici de la reserva.<br \/>Qualsevol p\u00e8rdua o desperfecte del material ser\u00e0 responsabilitat del centre educatiu, que haur\u00e0 de reposar-ho.<br \/>Cal comunicar qualsevol incid\u00e8ncia que es produeixi durant el seu \u00fas.<\/p>\n<\/div>\n<\/div>\n<\/td>\n<\/tr>\n<\/tbody>\n<\/table>","protected":false},"excerpt":{"rendered":"<p>CODI:\u00a0 R502 Classic tales R503 Tales of the world R504 SCIENCE: the world R505 SCIENCE: encyclopedia R506 SCIENCE: animals R507 SCIENCE: tecnology A qui s\u2019adre\u00e7a:Educaci\u00f3 prim\u00e0ria (a partir de 8 anys) La finalitat del projecte Dot Bags \u00e9s col\u00b7laborar amb els docents per tal d&#8217;aconseguir que els nostres alumnes finalitzin l&#8217;Educaci\u00f3 Prim\u00e0ria essent m\u00e9s competents [&hellip;]<\/p>\n","protected":false},"author":1,"featured_media":0,"parent":14126,"menu_order":90,"comment_status":"closed","ping_status":"closed","template":"page-templates\/side-menu.php","meta":{"_bbp_topic_count":0,"_bbp_reply_count":0,"_bbp_total_topic_count":0,"_bbp_total_reply_count":0,"_bbp_voice_count":0,"_bbp_anonymous_reply_count":0,"_bbp_topic_count_hidden":0,"_bbp_reply_count_hidden":0,"_bbp_forum_subforum_count":0,"site-sidebar-layout":"default","site-content-layout":"","ast-site-content-layout":"","site-content-style":"default","site-sidebar-style":"default","ast-global-header-display":"","ast-banner-title-visibility":"","ast-main-header-display":"","ast-hfb-above-header-display":"","ast-hfb-below-header-display":"","ast-hfb-mobile-header-display":"","site-post-title":"","ast-breadcrumbs-content":"","ast-featured-img":"","footer-sml-layout":"","theme-transparent-header-meta":"","adv-header-id-meta":"","stick-header-meta":"","header-above-stick-meta":"","header-main-stick-meta":"","header-below-stick-meta":"","astra-migrate-meta-layouts":"default","ast-page-background-enabled":"default","ast-page-background-meta":{"desktop":{"background-color":"var(--ast-global-color-4)","background-image":"","background-repeat":"repeat","background-position":"center center","background-size":"auto","background-attachment":"scroll","background-type":"","background-media":"","overlay-type":"","overlay-color":"","overlay-opacity":"","overlay-gradient":""},"tablet":{"background-color":"","background-image":"","background-repeat":"repeat","background-position":"center center","background-size":"auto","background-attachment":"scroll","background-type":"","background-media":"","overlay-type":"","overlay-color":"","overlay-opacity":"","overlay-gradient":""},"mobile":{"background-color":"","background-image":"","background-repeat":"repeat","background-position":"center center","background-size":"auto","background-attachment":"scroll","background-type":"","background-media":"","overlay-type":"","overlay-color":"","overlay-opacity":"","overlay-gradient":""}},"ast-content-background-meta":{"desktop":{"background-color":"var(--ast-global-color-5)","background-image":"","background-repeat":"repeat","background-position":"center center","background-size":"auto","background-attachment":"scroll","background-type":"","background-media":"","overlay-type":"","overlay-color":"","overlay-opacity":"","overlay-gradient":""},"tablet":{"background-color":"var(--ast-global-color-5)","background-image":"","background-repeat":"repeat","background-position":"center center","background-size":"auto","background-attachment":"scroll","background-type":"","background-media":"","overlay-type":"","overlay-color":"","overlay-opacity":"","overlay-gradient":""},"mobile":{"background-color":"var(--ast-global-color-5)","background-image":"","background-repeat":"repeat","background-position":"center center","background-size":"auto","background-attachment":"scroll","background-type":"","background-media":"","overlay-type":"","overlay-color":"","overlay-opacity":"","overlay-gradient":""}},"footnotes":""},"class_list":["post-2977","page","type-page","status-publish","hentry"],"post_mailing_queue_ids":[],"_links":{"self":[{"href":"https:\/\/serveiseducatius.xtec.cat\/baixcamp\/wp-json\/wp\/v2\/pages\/2977","targetHints":{"allow":["GET"]}}],"collection":[{"href":"https:\/\/serveiseducatius.xtec.cat\/baixcamp\/wp-json\/wp\/v2\/pages"}],"about":[{"href":"https:\/\/serveiseducatius.xtec.cat\/baixcamp\/wp-json\/wp\/v2\/types\/page"}],"author":[{"embeddable":true,"href":"https:\/\/serveiseducatius.xtec.cat\/baixcamp\/wp-json\/wp\/v2\/users\/1"}],"replies":[{"embeddable":true,"href":"https:\/\/serveiseducatius.xtec.cat\/baixcamp\/wp-json\/wp\/v2\/comments?post=2977"}],"version-history":[{"count":6,"href":"https:\/\/serveiseducatius.xtec.cat\/baixcamp\/wp-json\/wp\/v2\/pages\/2977\/revisions"}],"predecessor-version":[{"id":15723,"href":"https:\/\/serveiseducatius.xtec.cat\/baixcamp\/wp-json\/wp\/v2\/pages\/2977\/revisions\/15723"}],"up":[{"embeddable":true,"href":"https:\/\/serveiseducatius.xtec.cat\/baixcamp\/wp-json\/wp\/v2\/pages\/14126"}],"wp:attachment":[{"href":"https:\/\/serveiseducatius.xtec.cat\/baixcamp\/wp-json\/wp\/v2\/media?parent=2977"}],"curies":[{"name":"wp","href":"https:\/\/api.w.org\/{rel}","templated":true}]}}