{"id":2968,"date":"2016-12-06T19:57:18","date_gmt":"2016-12-06T18:57:18","guid":{"rendered":"http:\/\/serveiseducatius.xtec.cat\/baixcamp\/?page_id=2968"},"modified":"2026-01-21T14:22:22","modified_gmt":"2026-01-21T13:22:22","slug":"cataleg-servei-prestec","status":"publish","type":"page","link":"https:\/\/serveiseducatius.xtec.cat\/baixcamp\/cataleg-servei-prestec\/","title":{"rendered":"Cat\u00e0leg de pr\u00e9stec"},"content":{"rendered":"\n<p>El Centre de Recursos Pedag\u00f2gics Baix Camp posa a disposici\u00f3 dels centres educatius de nivells no universitaris recursos did\u00e0ctics dels diferents \u00e0mbits de coneixement.<br>Els centres i\/o persones interessades poden sol\u00b7licitar cadascun dels recursos del cat\u00e0leg mitjan\u00e7ant els formularis que hi ha a les descripcions dels mateixos o per tel\u00e8fon al&nbsp;977 31 27 04.<\/p>\n\n\n\n<h2 class=\"wp-block-heading has-white-color has-ast-global-color-0-background-color has-text-color has-background has-link-color wp-elements-c194628d651afe4407f49d1800b47029\"><strong>\u00c0MBIT CIENT\u00cdFIC TECNOL\u00d2GIC<\/strong><\/h2>\n\n\n\n<figure class=\"wp-block-table is-style-stripes\"><table class=\"has-fixed-layout\"><tbody><tr><td><a href=\"http:\/\/serveiseducatius.xtec.cat\/baixcamp\/cataleg-servei-prestec\/maleta-motxilla-bioclimatica\/\"><img loading=\"lazy\" decoding=\"async\" width=\"305\" height=\"305\" src=\"https:\/\/serveiseducatius.xtec.cat\/baixcamp\/wp-content\/uploads\/usu950\/2021\/10\/motxilla-bioclimatica.gif\" alt=\"\"><\/a><\/td><td><a href=\"https:\/\/serveiseducatius.xtec.cat\/baixcamp\/recursos-2\/cataleg-servei-prestec\/nanokit\/\"><img loading=\"lazy\" decoding=\"async\" width=\"286\" height=\"286\" src=\"https:\/\/serveiseducatius.xtec.cat\/baixcamp\/wp-content\/uploads\/usu950\/2021\/10\/Nanokit.gif\" alt=\"\"><\/a><\/td><td><a href=\"https:\/\/serveiseducatius.xtec.cat\/baixcamp\/cataleg-servei-prestec\/maleta-tauletes-i-ipads\/\"><img loading=\"lazy\" decoding=\"async\" width=\"250\" height=\"175\" src=\"https:\/\/lh3.googleusercontent.com\/proxy\/corgQrVBN2nr2AH6Cg97d7bbfNEl4wgGrHoZStJlInRd1MECzNonqlGkcFNGwB6htaHF8mYUJonMWgGctSmX781BxydqgI-p3e2dQQQAMJEcPw\" alt=\"Tablet BQ Edison 3 10.1&quot; Blanco - DiscoAzul.com\"><\/a><\/td><\/tr><tr><td><a href=\"https:\/\/serveiseducatius.xtec.cat\/baixcamp\/cataleg-servei-prestec\/kits-de-robotica\/\"><img loading=\"lazy\" decoding=\"async\" width=\"271\" height=\"271\" src=\"https:\/\/serveiseducatius.xtec.cat\/baixcamp\/wp-content\/uploads\/usu950\/2021\/09\/robotica-1.gif\" alt=\"\"><\/a><\/td><td><a href=\"https:\/\/serveiseducatius.xtec.cat\/baixcamp\/cataleg-servei-prestec\/kits-de-gravacio-audiovisual\/\"><img loading=\"lazy\" decoding=\"async\" width=\"289\" height=\"289\" src=\"https:\/\/serveiseducatius.xtec.cat\/baixcamp\/wp-content\/uploads\/usu950\/2021\/09\/audiovisual.gif\" alt=\"\"><\/a><\/td><td><a href=\"https:\/\/serveiseducatius.xtec.cat\/baixcamp\/cataleg-servei-prestec\/kits-esero-european-space-education-resource-office\/\"><img loading=\"lazy\" decoding=\"async\" width=\"281\" height=\"281\" src=\"https:\/\/serveiseducatius.xtec.cat\/baixcamp\/wp-content\/uploads\/usu950\/2021\/10\/planetes.gif\" alt=\"\"><\/a><\/td><\/tr><tr><td><a href=\"https:\/\/serveiseducatius.xtec.cat\/baixcamp\/recursos-2\/ambit-cientific-tecnologic\/laventura-de-fer-2\/\"><img loading=\"lazy\" decoding=\"async\" width=\"386\" height=\"400\" src=\"https:\/\/serveiseducatius.xtec.cat\/baixcamp\/wp-content\/uploads\/usu950\/2021\/03\/fer-logo.png\" alt=\"\"><\/a><\/td><td><a href=\"https:\/\/serveiseducatius.xtec.cat\/baixcamp\/recursos-2\/ambit-cientific-tecnologic\/steam\/\"><img loading=\"lazy\" decoding=\"async\" width=\"278\" height=\"278\" src=\"https:\/\/serveiseducatius.xtec.cat\/baixcamp\/wp-content\/uploads\/usu950\/2021\/11\/steam.png\" alt=\"\"><\/a><\/td><td><a href=\"https:\/\/serveiseducatius.xtec.cat\/baixcamp\/recursos-2\/ambit-cientific-tecnologic\/el-cotxe-dhidrogen\/\"><img loading=\"lazy\" decoding=\"async\" width=\"272\" height=\"272\" src=\"https:\/\/serveiseducatius.xtec.cat\/baixcamp\/wp-content\/uploads\/usu950\/2022\/11\/Hydrocar-1.gif\" alt=\"\"><\/a><\/td><\/tr><tr><td><a href=\"https:\/\/serveiseducatius.xtec.cat\/baixcamp\/recursos-2\/ambit-cientific-tecnologic\/kits-energies-renovables\/\" target=\"_blank\" rel=\"noreferrer noopener\"><img loading=\"lazy\" decoding=\"async\" width=\"225\" height=\"225\" src=\"https:\/\/serveiseducatius.xtec.cat\/baixcamp\/wp-content\/uploads\/usu950\/2023\/02\/GREENPOWER.jpg\" alt=\"Kits Energies renovables\"><\/a><br><strong>\u00c0MBIT CIENT\u00cdFIC TECNOL\u00d2GIC<\/strong><br>Kits energies renovables<\/td><td><a href=\"https:\/\/serveiseducatius.xtec.cat\/baixcamp\/recursos-2\/ambit-cientific-tecnologic\/kit-correcull\/\"><img loading=\"lazy\" decoding=\"async\" width=\"300\" height=\"300\" src=\"https:\/\/serveiseducatius.xtec.cat\/baixcamp\/wp-content\/uploads\/usu950\/2024\/01\/2024_Correcull-Publicacio-dInstagram-1-300x300.png\" alt=\"\"><\/a><\/td><td><\/td><\/tr><tr><td><a href=\"https:\/\/serveiseducatius.xtec.cat\/baixcamp\/recursos-2\/ambit-cientific-tecnologic\/lab-0-6\/\"><img loading=\"lazy\" decoding=\"async\" width=\"367\" height=\"137\" src=\"https:\/\/serveiseducatius.xtec.cat\/baixcamp\/wp-content\/uploads\/usu950\/2024\/09\/lab06.png\" alt=\"\"><\/a><br>recurs online<\/td><td><\/td><td><\/td><\/tr><\/tbody><\/table><\/figure>\n\n\n\n<h2 class=\"wp-block-heading has-white-color has-ast-global-color-0-background-color has-text-color has-background has-link-color wp-elements-cb9ef7ffa7af894f0abbec9794f4eff6\"><strong>\u00c0MBIT <\/strong><strong>ART\u00cdSTIC I MATEM\u00c0TIC<\/strong><\/h2>\n\n\n\n<figure class=\"wp-block-table is-style-stripes\"><table class=\"has-fixed-layout\"><tbody><tr><td><a href=\"http:\/\/serveiseducatius.xtec.cat\/baixcamp\/cataleg-servei-prestec\/maleta-expressart\/\"><img loading=\"lazy\" decoding=\"async\" width=\"142\" height=\"213\" src=\"https:\/\/serveiseducatius.xtec.cat\/baixcamp\/wp-content\/uploads\/usu950\/2021\/09\/EXPRESSART-200x300.png\" alt=\"\"><\/a><\/td><td><a href=\"http:\/\/serveiseducatius.xtec.cat\/baixcamp\/cataleg-servei-prestec\/leonardome\/\"><img loading=\"lazy\" decoding=\"async\" width=\"142\" height=\"213\" src=\"https:\/\/serveiseducatius.xtec.cat\/baixcamp\/wp-content\/uploads\/usu950\/2021\/09\/LEONARDOME-400x600.png\" alt=\"\"><\/a><\/td><td><a href=\"https:\/\/serveiseducatius.xtec.cat\/baixcamp\/cataleg-servei-prestec\/maleta-escacs\/\"><img loading=\"lazy\" decoding=\"async\" width=\"142\" height=\"213\" src=\"https:\/\/serveiseducatius.xtec.cat\/baixcamp\/wp-content\/uploads\/usu950\/2021\/09\/ESCACS-400x600.png\" alt=\"\"><\/a><\/td><td><a href=\"https:\/\/serveiseducatius.xtec.cat\/baixcamp\/general\/maleta-7-de-cinema\/\"><img loading=\"lazy\" decoding=\"async\" width=\"142\" height=\"213\" src=\"https:\/\/serveiseducatius.xtec.cat\/baixcamp\/wp-content\/uploads\/usu950\/2021\/09\/7DECINEMA-400x600.png\" alt=\"\"><\/a><\/td><\/tr><tr><td><a href=\"https:\/\/serveiseducatius.xtec.cat\/baixcamp\/recursos-2\/ambit-artistic-i-matematic\/maleta-dan-dan-dansa\/\"><img loading=\"lazy\" decoding=\"async\" width=\"142\" height=\"213\" src=\"https:\/\/serveiseducatius.xtec.cat\/baixcamp\/wp-content\/uploads\/usu950\/2021\/09\/DANDANDANSA-400x600.png\" alt=\"\"><\/a><\/td><td><a href=\"https:\/\/serveiseducatius.xtec.cat\/baixcamp\/recursos-2\/cataleg-servei-prestec\/kits-gaudi-les-matematiques-entren-per-les-mans\/\"><img loading=\"lazy\" decoding=\"async\" width=\"142\" height=\"213\" src=\"https:\/\/serveiseducatius.xtec.cat\/baixcamp\/wp-content\/uploads\/usu950\/2021\/11\/KIT-GAUDI-400x600.png\" alt=\"\"><\/a><\/td><td><a href=\"https:\/\/serveiseducatius.xtec.cat\/baixcamp\/recursos-2\/ambit-artistic-i-matematic\/capacitats-i-superficies\/\"><img loading=\"lazy\" decoding=\"async\" width=\"142\" height=\"213\" src=\"https:\/\/serveiseducatius.xtec.cat\/baixcamp\/wp-content\/uploads\/usu950\/2023\/02\/Volums-i-capacitats-200x300.png\" alt=\"\"><\/a><\/td><td><a href=\"https:\/\/serveiseducatius.xtec.cat\/baixcamp\/recursos-2\/ambit-artistic-i-matematic\/material-del-laboratori-de-matematiques\/\"><img loading=\"lazy\" decoding=\"async\" width=\"141\" height=\"213\" src=\"https:\/\/serveiseducatius.xtec.cat\/baixcamp\/wp-content\/uploads\/usu950\/2025\/09\/mates1-1.png\" alt=\"\"><\/a><\/td><\/tr><\/tbody><\/table><\/figure>\n\n\n\n<h2 class=\"wp-block-heading has-white-color has-ast-global-color-0-background-color has-text-color has-background has-link-color wp-elements-accd325814cb23e26c23f6f8db12afdd\"><strong><strong>\u00c0MBIT CONEIXEMENT DEL MEDI<\/strong><\/strong><\/h2>\n\n\n\n<figure class=\"wp-block-table is-style-stripes\"><table class=\"has-fixed-layout\"><tbody><tr><td><a href=\"https:\/\/serveiseducatius.xtec.cat\/baixcamp\/recursos-2\/ambit-cientific-tecnologic\/laventura-de-fer-2\/\"><img loading=\"lazy\" decoding=\"async\" width=\"162\" height=\"162\" src=\"https:\/\/serveiseducatius.xtec.cat\/baixcamp\/wp-content\/uploads\/usu950\/2021\/11\/laventura-de-fer.png\" alt=\"\"><\/a><\/td><td><a href=\"https:\/\/serveiseducatius.xtec.cat\/baixcamp\/recursos-2\/cataleg-servei-prestec\/maleta-de-lhort-a-casa\/\"><img loading=\"lazy\" decoding=\"async\" width=\"163\" height=\"163\" src=\"https:\/\/serveiseducatius.xtec.cat\/baixcamp\/wp-content\/uploads\/usu950\/2021\/09\/maleta-hort-a-casa.png\" alt=\"\"><\/a><\/td><td><a href=\"https:\/\/serveiseducatius.xtec.cat\/baixcamp\/recursos-2\/cataleg-servei-prestec\/capsa-pedagogica-passeig-de-la-boca-de-la-mina\/\"><img loading=\"lazy\" decoding=\"async\" width=\"163\" height=\"163\" src=\"https:\/\/serveiseducatius.xtec.cat\/baixcamp\/wp-content\/uploads\/usu950\/2022\/05\/boca-de-la-mina.png\" alt=\"\"><\/a><\/td><td><a href=\"https:\/\/serveiseducatius.xtec.cat\/baixcamp\/ecocasa-el-gran-joc-de-leficiencia-energetica\/\"><img loading=\"lazy\" decoding=\"async\" width=\"163\" height=\"163\" src=\"https:\/\/serveiseducatius.xtec.cat\/baixcamp\/wp-content\/uploads\/usu950\/2025\/01\/hidricusecocasa-300x300.png\" alt=\"\"><\/a><\/td><td><a href=\"https:\/\/serveiseducatius.xtec.cat\/baixcamp\/hidricus\/\"><img loading=\"lazy\" decoding=\"async\" width=\"163\" height=\"163\" src=\"https:\/\/serveiseducatius.xtec.cat\/baixcamp\/wp-content\/uploads\/usu950\/2025\/01\/hidricus-300x300.png\" alt=\"\"><\/a><\/td><\/tr><\/tbody><\/table><\/figure>\n\n\n\n<h2 class=\"wp-block-heading has-white-color has-ast-global-color-0-background-color has-text-color has-background has-link-color wp-elements-789be73ad9e5d4750e47eb3a563f735b\"><strong>\u00c0MBIT LING\u00dc\u00cdSTIC<\/strong><\/h2>\n\n\n\n<p>Clica damunt de cada punt de llibre per visualitzar el recurs<\/p>\n\n\n\n<figure class=\"wp-block-table is-style-stripes\"><table class=\"has-fixed-layout\"><tbody><tr><td><a href=\"https:\/\/serveiseducatius.xtec.cat\/baixcamp\/cataleg-servei-prestec\/club-de-lectura-secundaria\/\"><img loading=\"lazy\" decoding=\"async\" width=\"104\" height=\"312\" src=\"https:\/\/serveiseducatius.xtec.cat\/baixcamp\/wp-content\/uploads\/usu950\/2021\/12\/club-de-lectura-200x600.png\" alt=\"\"><\/a><\/td><td><a href=\"http:\/\/serveiseducatius.xtec.cat\/baixcamp\/cataleg-servei-prestec\/maleta-dot-bags\/\"><img loading=\"lazy\" decoding=\"async\" width=\"104\" height=\"312\" src=\"https:\/\/serveiseducatius.xtec.cat\/baixcamp\/wp-content\/uploads\/usu950\/2021\/09\/6-200x600.png\" alt=\"\"><\/a><\/td><td><a href=\"https:\/\/serveiseducatius.xtec.cat\/baixcamp\/cataleg-servei-prestec\/maleta-va-dhistories\/\"><img loading=\"lazy\" decoding=\"async\" width=\"104\" height=\"312\" src=\"https:\/\/serveiseducatius.xtec.cat\/baixcamp\/wp-content\/uploads\/usu950\/2021\/09\/2-200x600.png\" alt=\"\"><\/a><\/td><td><a href=\"https:\/\/serveiseducatius.xtec.cat\/baixcamp\/recursos-2\/ambit-linguistic\/maleta-prevencio-de-violencies\/\"><img loading=\"lazy\" decoding=\"async\" width=\"104\" height=\"312\" src=\"https:\/\/serveiseducatius.xtec.cat\/baixcamp\/wp-content\/uploads\/usu950\/2025\/01\/Separador-de-libros-frase-recortes-cafe-100x300.png\" alt=\"\"><\/a><\/td><td><a href=\"https:\/\/serveiseducatius.xtec.cat\/baixcamp\/recursos-2\/la-maleta-del-dol\/\"><img loading=\"lazy\" decoding=\"async\" width=\"104\" height=\"312\" src=\"https:\/\/serveiseducatius.xtec.cat\/baixcamp\/wp-content\/uploads\/usu950\/2022\/10\/dol-200x600.png\" alt=\"\"><\/a><\/td><td><a href=\"https:\/\/serveiseducatius.xtec.cat\/baixcamp\/recursos-2\/cataleg-servei-prestec\/maleta-de-la-pau\/\"><img loading=\"lazy\" decoding=\"async\" width=\"104\" height=\"312\" src=\"https:\/\/serveiseducatius.xtec.cat\/baixcamp\/wp-content\/uploads\/usu950\/2022\/06\/Pastel-Watercolor-Bookmark-200x600.png\" alt=\"\"><\/a><\/td><td><a href=\"https:\/\/serveiseducatius.xtec.cat\/baixcamp\/coeducat\/\"><img loading=\"lazy\" decoding=\"async\" width=\"104\" height=\"312\" src=\"https:\/\/serveiseducatius.xtec.cat\/baixcamp\/wp-content\/uploads\/usu950\/2021\/11\/AMBIT-LINGUISTIC-200x600.png\" alt=\"\"><\/a><\/td><\/tr><tr><td><a href=\"https:\/\/serveiseducatius.xtec.cat\/baixcamp\/recursos-2\/ambit-linguistic\/maleta-atrapallibres\/\" target=\"_blank\" rel=\"noreferrer noopener\"><img loading=\"lazy\" decoding=\"async\" width=\"104\" height=\"312\" src=\"https:\/\/serveiseducatius.xtec.cat\/baixcamp\/wp-content\/uploads\/usu950\/2025\/01\/atrapallibres-100x300.png\" alt=\"\"><\/a><\/td><td><a href=\"https:\/\/serveiseducatius.xtec.cat\/baixcamp\/maleta-diversitat-sexual-i-de-genere\/\" target=\"_blank\" rel=\"noreferrer noopener\"><img loading=\"lazy\" decoding=\"async\" width=\"104\" height=\"312\" src=\"https:\/\/serveiseducatius.xtec.cat\/baixcamp\/wp-content\/uploads\/usu950\/2025\/11\/imatge_diversitat_sexual_genere-200x600.jpg\" alt=\"\"><\/a><\/td><td><\/td><td><\/td><td><\/td><td><\/td><td><\/td><\/tr><\/tbody><\/table><\/figure>\n\n\n\n<h2 class=\"wp-block-heading\">El gust per llegir<\/h2>\n\n\n\n<figure class=\"wp-block-table is-style-stripes\"><table class=\"has-fixed-layout\"><tbody><tr><td><a href=\"https:\/\/serveiseducatius.xtec.cat\/baixcamp\/cataleg-servei-prestec\/maleta-ptolemeu-el-cuinetes\/\" target=\"_blank\" rel=\"noreferrer noopener\"><img loading=\"lazy\" decoding=\"async\" width=\"212\" height=\"300\" src=\"https:\/\/serveiseducatius.xtec.cat\/baixcamp\/wp-content\/uploads\/usu950\/2022\/11\/1-212x300.png\" alt=\"\"><\/a><\/td><td><img loading=\"lazy\" decoding=\"async\" width=\"212\" height=\"300\" src=\"https:\/\/serveiseducatius.xtec.cat\/baixcamp\/wp-content\/uploads\/usu950\/2022\/11\/2-212x300.png\" alt=\"\"><\/td><td><img loading=\"lazy\" decoding=\"async\" width=\"212\" height=\"300\" src=\"https:\/\/serveiseducatius.xtec.cat\/baixcamp\/wp-content\/uploads\/usu950\/2022\/11\/3-212x300.png\" alt=\"\"><\/td><td><a href=\"https:\/\/serveiseducatius.xtec.cat\/baixcamp\/cataleg-servei-prestec\/maleta-va-dhistories\/\" target=\"_blank\" rel=\"noreferrer noopener\"><img loading=\"lazy\" decoding=\"async\" width=\"212\" height=\"300\" src=\"https:\/\/serveiseducatius.xtec.cat\/baixcamp\/wp-content\/uploads\/usu950\/2022\/11\/4-212x300.png\" alt=\"\"><\/a><\/td><\/tr><tr><td><img loading=\"lazy\" decoding=\"async\" width=\"212\" height=\"300\" src=\"https:\/\/serveiseducatius.xtec.cat\/baixcamp\/wp-content\/uploads\/usu950\/2022\/11\/5-212x300.png\" alt=\"\"><\/td><td><img loading=\"lazy\" decoding=\"async\" width=\"212\" height=\"300\" src=\"https:\/\/serveiseducatius.xtec.cat\/baixcamp\/wp-content\/uploads\/usu950\/2022\/11\/6-212x300.png\" alt=\"\"><\/td><td><img loading=\"lazy\" decoding=\"async\" width=\"212\" height=\"300\" src=\"https:\/\/serveiseducatius.xtec.cat\/baixcamp\/wp-content\/uploads\/usu950\/2022\/11\/7-212x300.png\" alt=\"\"><\/td><td><img loading=\"lazy\" decoding=\"async\" width=\"212\" height=\"300\" src=\"https:\/\/serveiseducatius.xtec.cat\/baixcamp\/wp-content\/uploads\/usu950\/2022\/11\/8-212x300.png\" alt=\"\"><\/td><\/tr><tr><td><img loading=\"lazy\" decoding=\"async\" width=\"212\" height=\"300\" src=\"https:\/\/serveiseducatius.xtec.cat\/baixcamp\/wp-content\/uploads\/usu950\/2022\/11\/9-212x300.png\" alt=\"\"><\/td><td><img loading=\"lazy\" decoding=\"async\" width=\"212\" height=\"300\" src=\"https:\/\/serveiseducatius.xtec.cat\/baixcamp\/wp-content\/uploads\/usu950\/2022\/11\/10-212x300.png\" alt=\"\"><\/td><td><img loading=\"lazy\" decoding=\"async\" width=\"212\" height=\"300\" src=\"https:\/\/serveiseducatius.xtec.cat\/baixcamp\/wp-content\/uploads\/usu950\/2022\/11\/11-212x300.png\" alt=\"\"><\/td><td><img loading=\"lazy\" decoding=\"async\" width=\"212\" height=\"300\" src=\"https:\/\/serveiseducatius.xtec.cat\/baixcamp\/wp-content\/uploads\/usu950\/2022\/11\/12-212x300.png\" alt=\"\"><\/td><\/tr><\/tbody><\/table><\/figure>\n\n\n\n<h2 class=\"wp-block-heading\">Aula d&#8217;acollida<\/h2>\n\n\n\n<figure class=\"wp-block-table is-style-stripes\"><table class=\"has-fixed-layout\"><tbody><tr><td><img loading=\"lazy\" decoding=\"async\" width=\"150\" height=\"150\" src=\"https:\/\/serveiseducatius.xtec.cat\/baixcamp\/wp-content\/uploads\/usu950\/2019\/11\/maleta-ciutat-150x150.jpg\" alt=\"\"><br>Maleta <a href=\"https:\/\/docs.google.com\/forms\/d\/1KmPMQRCvSww8Mvj6JNKhlxyh_PPSC5V9-DH8u8qKln8\/viewform?edit_requested=true\">La ciutat i el tren<\/a><\/td><td><img loading=\"lazy\" decoding=\"async\" width=\"175\" height=\"133\" src=\"https:\/\/serveiseducatius.xtec.cat\/baixcamp\/wp-content\/uploads\/usu950\/2019\/11\/maleta-cos-300x228.jpg\" alt=\"\"><br>Maleta <a href=\"https:\/\/docs.google.com\/forms\/d\/1KmPMQRCvSww8Mvj6JNKhlxyh_PPSC5V9-DH8u8qKln8\/viewform?edit_requested=true\">El nostre cos<\/a><\/td><td><img loading=\"lazy\" decoding=\"async\" width=\"162\" height=\"169\" src=\"https:\/\/serveiseducatius.xtec.cat\/baixcamp\/wp-content\/uploads\/usu950\/2019\/11\/maleta-aliments-286x300.jpg\" alt=\"\"><br>Maleta <a href=\"https:\/\/docs.google.com\/forms\/d\/1KmPMQRCvSww8Mvj6JNKhlxyh_PPSC5V9-DH8u8qKln8\/viewform?edit_requested=true\">Els aliments i l&#8217;aniversari<\/a><\/td><\/tr><tr><td><img loading=\"lazy\" decoding=\"async\" width=\"163\" height=\"130\" src=\"https:\/\/serveiseducatius.xtec.cat\/baixcamp\/wp-content\/uploads\/usu950\/2018\/12\/on-som-don-venim1d.jpg\" alt=\"\"><br>Maleta <a href=\"https:\/\/serveiseducatius.xtec.cat\/baixcamp\/cataleg-servei-prestec\/maleta-on-som-don-venim\/\">On som, d\u2019on venim<\/a><\/td><td><img loading=\"lazy\" decoding=\"async\" width=\"178\" height=\"134\" src=\"https:\/\/serveiseducatius.xtec.cat\/baixcamp\/wp-content\/uploads\/usu950\/2018\/12\/llengua-oral-aula-acollida2.jpg\" alt=\"\"><br>Maleta <a href=\"https:\/\/serveiseducatius.xtec.cat\/baixcamp\/cataleg-servei-prestec\/maleta-llengua-oral-a-laula-dacollida\/\">llengua oral a l\u2019aula d\u2019acollida<\/a><br>Club de lectura<\/td><td><\/td><\/tr><\/tbody><\/table><\/figure>\n\n\n\n<h2 class=\"wp-block-heading\">Pla Educatiu d&#8217;Entorn &#8211; Reus<\/h2>\n\n\n\n<figure class=\"wp-block-table is-style-stripes\"><table class=\"has-fixed-layout\"><tbody><tr><td><img loading=\"lazy\" decoding=\"async\" width=\"275\" height=\"389\" src=\"https:\/\/serveiseducatius.xtec.cat\/baixcamp\/wp-content\/uploads\/usu950\/2022\/11\/5-1-424x600.png\" alt=\"\"><\/td><td><a href=\"https:\/\/serveiseducatius.xtec.cat\/baixcamp\/recursos-2\/cataleg-servei-prestec\/maleta-julian\/\"><img loading=\"lazy\" decoding=\"async\" width=\"275\" height=\"389\" src=\"https:\/\/serveiseducatius.xtec.cat\/baixcamp\/wp-content\/uploads\/usu950\/2022\/11\/3-1-424x600.png\" alt=\"\"><\/a><\/td><td><a href=\"https:\/\/serveiseducatius.xtec.cat\/baixcamp\/cataleg-servei-prestec\/maleta-wonder\/\"><img loading=\"lazy\" decoding=\"async\" width=\"275\" height=\"389\" src=\"https:\/\/serveiseducatius.xtec.cat\/baixcamp\/wp-content\/uploads\/usu950\/2022\/11\/1-1-425x600.png\" alt=\"\"><\/a><\/td><\/tr><tr><td><a href=\"http:\/\/serveiseducatius.xtec.cat\/baixcamp\/cataleg-servei-prestec\/maleta-bossa-de-lletres\/\" target=\"_blank\" rel=\"noreferrer noopener\"><img loading=\"lazy\" decoding=\"async\" width=\"285\" height=\"404\" src=\"https:\/\/serveiseducatius.xtec.cat\/baixcamp\/wp-content\/uploads\/usu950\/2022\/11\/8-1-424x600.png\" alt=\"\"><\/a><\/td><td><\/td><td><\/td><\/tr><\/tbody><\/table><\/figure>\n\n\n\n<p><\/p>\n","protected":false},"excerpt":{"rendered":"<p>El Centre de Recursos Pedag\u00f2gics Baix Camp posa a disposici\u00f3 dels centres educatius de nivells no universitaris recursos did\u00e0ctics dels diferents \u00e0mbits de coneixement.Els centres i\/o persones interessades poden sol\u00b7licitar cadascun dels recursos del cat\u00e0leg mitjan\u00e7ant els formularis que hi ha a les descripcions dels mateixos o per tel\u00e8fon al&nbsp;977 31 27 04. \u00c0MBIT CIENT\u00cdFIC [&hellip;]<\/p>\n","protected":false},"author":1,"featured_media":0,"parent":0,"menu_order":0,"comment_status":"closed","ping_status":"closed","template":"page-templates\/side-menu.php","meta":{"_bbp_topic_count":0,"_bbp_reply_count":0,"_bbp_total_topic_count":0,"_bbp_total_reply_count":0,"_bbp_voice_count":0,"_bbp_anonymous_reply_count":0,"_bbp_topic_count_hidden":0,"_bbp_reply_count_hidden":0,"_bbp_forum_subforum_count":0,"site-sidebar-layout":"default","site-content-layout":"","ast-site-content-layout":"default","site-content-style":"default","site-sidebar-style":"default","ast-global-header-display":"","ast-banner-title-visibility":"","ast-main-header-display":"","ast-hfb-above-header-display":"","ast-hfb-below-header-display":"","ast-hfb-mobile-header-display":"","site-post-title":"","ast-breadcrumbs-content":"","ast-featured-img":"","footer-sml-layout":"","theme-transparent-header-meta":"","adv-header-id-meta":"","stick-header-meta":"","header-above-stick-meta":"","header-main-stick-meta":"","header-below-stick-meta":"","astra-migrate-meta-layouts":"set","ast-page-background-enabled":"default","ast-page-background-meta":{"desktop":{"background-color":"var(--ast-global-color-4)","background-image":"","background-repeat":"repeat","background-position":"center center","background-size":"auto","background-attachment":"scroll","background-type":"","background-media":"","overlay-type":"","overlay-color":"","overlay-opacity":"","overlay-gradient":""},"tablet":{"background-color":"","background-image":"","background-repeat":"repeat","background-position":"center center","background-size":"auto","background-attachment":"scroll","background-type":"","background-media":"","overlay-type":"","overlay-color":"","overlay-opacity":"","overlay-gradient":""},"mobile":{"background-color":"","background-image":"","background-repeat":"repeat","background-position":"center center","background-size":"auto","background-attachment":"scroll","background-type":"","background-media":"","overlay-type":"","overlay-color":"","overlay-opacity":"","overlay-gradient":""}},"ast-content-background-meta":{"desktop":{"background-color":"var(--ast-global-color-5)","background-image":"","background-repeat":"repeat","background-position":"center center","background-size":"auto","background-attachment":"scroll","background-type":"","background-media":"","overlay-type":"","overlay-color":"","overlay-opacity":"","overlay-gradient":""},"tablet":{"background-color":"var(--ast-global-color-5)","background-image":"","background-repeat":"repeat","background-position":"center center","background-size":"auto","background-attachment":"scroll","background-type":"","background-media":"","overlay-type":"","overlay-color":"","overlay-opacity":"","overlay-gradient":""},"mobile":{"background-color":"var(--ast-global-color-5)","background-image":"","background-repeat":"repeat","background-position":"center center","background-size":"auto","background-attachment":"scroll","background-type":"","background-media":"","overlay-type":"","overlay-color":"","overlay-opacity":"","overlay-gradient":""}},"footnotes":""},"class_list":["post-2968","page","type-page","status-publish","hentry"],"post_mailing_queue_ids":[],"_links":{"self":[{"href":"https:\/\/serveiseducatius.xtec.cat\/baixcamp\/wp-json\/wp\/v2\/pages\/2968","targetHints":{"allow":["GET"]}}],"collection":[{"href":"https:\/\/serveiseducatius.xtec.cat\/baixcamp\/wp-json\/wp\/v2\/pages"}],"about":[{"href":"https:\/\/serveiseducatius.xtec.cat\/baixcamp\/wp-json\/wp\/v2\/types\/page"}],"author":[{"embeddable":true,"href":"https:\/\/serveiseducatius.xtec.cat\/baixcamp\/wp-json\/wp\/v2\/users\/1"}],"replies":[{"embeddable":true,"href":"https:\/\/serveiseducatius.xtec.cat\/baixcamp\/wp-json\/wp\/v2\/comments?post=2968"}],"version-history":[{"count":6,"href":"https:\/\/serveiseducatius.xtec.cat\/baixcamp\/wp-json\/wp\/v2\/pages\/2968\/revisions"}],"predecessor-version":[{"id":16517,"href":"https:\/\/serveiseducatius.xtec.cat\/baixcamp\/wp-json\/wp\/v2\/pages\/2968\/revisions\/16517"}],"wp:attachment":[{"href":"https:\/\/serveiseducatius.xtec.cat\/baixcamp\/wp-json\/wp\/v2\/media?parent=2968"}],"curies":[{"name":"wp","href":"https:\/\/api.w.org\/{rel}","templated":true}]}}