{"id":2632,"date":"2016-11-25T19:35:05","date_gmt":"2016-11-25T18:35:05","guid":{"rendered":"http:\/\/serveiseducatius.xtec.cat\/baixcamp\/?page_id=2632"},"modified":"2025-11-18T11:39:46","modified_gmt":"2025-11-18T10:39:46","slug":"equip","status":"publish","type":"page","link":"https:\/\/serveiseducatius.xtec.cat\/baixcamp\/el-servei-educatiu\/equip\/","title":{"rendered":"Equip"},"content":{"rendered":"<h6 style=\"text-align: left;\"><a href=\"http:\/\/serveiseducatius.xtec.cat\/baixcamp\/el-servei-educatiu\/equip\/crp\/\"><strong>Centre de Recursos Pedag\u00f2gics &#8211; CRP<\/strong><\/a><\/h6>\n<p>Est\u00e0 format per quatre professionals de diferents etapes i disciplines educatives:<\/p>\n<p><strong>Anna Par\u00e9s<\/strong> &#8211; direcci\u00f3 &#8211; ext. 01523<\/p>\n<p><strong>Maria Llevat<\/strong> &#8211; t\u00e8cnica &#8211; ext. 01522<\/p>\n<p><strong>Bel\u00e9n Mart\u00edn<\/strong> &#8211; t\u00e8cnica &#8211; ext. 01524<\/p>\n<p><strong>David P\u00e0mies<\/strong> &#8211; t\u00e8cnic &#8211; ext. 01521<\/p>\n<p><strong>Pep Ot\u00edn<\/strong> &#8211; orientador educatiu<\/p>\n<p><strong>S\u00edlvia Rosell\u00f3<\/strong> &#8211; administrativa &#8211; ext. 01520<\/p>\n<h6 style=\"text-align: left;\"><a href=\"http:\/\/serveiseducatius.xtec.cat\/baixcamp\/el-servei-educatiu\/equip\/eap\/\"><strong>Equip d&#8217;assessorament psicopedag\u00f2gic T-09 &#8211; EAP<\/strong><\/a><\/h6>\n<div><strong>Gemma Bellido <\/strong>(direcci\u00f3) &#8211; ext. 01531<\/div>\n<div>\n<ul>\n<li>CGA Prim\u00e0ria i unitat de Detecci\u00f3 per a l\u2019escolaritzaci\u00f3 equilibrada<\/li>\n<li>CGA Secund\u00e0ria i unitat de Detecci\u00f3 per a l&#8217;escolaritzaci\u00f3<\/li>\n<li>Llars D&#8217;infants\/ Escoles Bressol<\/li>\n<li>UFTEA<\/li>\n<li>Comissi\u00f3 de prevenci\u00f3 del su\u00efcidi<\/li>\n<li>Pla Educatiu d\u2019Entorn de Reus<\/li>\n<li>Referent Assessorament Col\u00b7laboratiu<\/li>\n<li>Referent AIS Secund\u00e0ria<\/li>\n<li>Referent IFEs<\/li>\n<\/ul>\n<p><strong>Carla Batista Terradellas\u00a0<\/strong>&#8211; ext. 01527<\/p>\n<\/div>\n<div>\n<ul>\n<li>Llar D&#8217;infants i Comissi\u00f3 Escoles Bressol<\/li>\n<li>Comissi\u00f3 d\u2019EE i referent d\u2019EE \/ SIEI +<\/li>\n<\/ul>\n<p><strong>Meritxell Boj Casajuana\u00a0<\/strong>&#8211; ext. 01532<\/p>\n<\/div>\n<div>\n<ul>\n<li>Referent xarxa TEA<\/li>\n<li>Referent d&#8217;intervenci\u00f3 en situacions de crisi i emerg\u00e8ncies<\/li>\n<\/ul>\n<\/div>\n<div><strong>Marta Vi\u00f1as Clemente <\/strong>&#8211; ext. 01531<\/div>\n<div>\n<ul>\n<li>CGA Postobligat\u00f2ria<\/li>\n<\/ul>\n<div><strong>Esperan\u00e7a Mart\u00ed Cruz<\/strong> &#8211; ext. 01533<\/div>\n<div>\n<ul>\n<li>\u00a0Referent d&#8217;intervenci\u00f3 en situacions de crisi i emerg\u00e8ncies<\/li>\n<li>Referent CEEPSIR<\/li>\n<\/ul>\n<\/div>\n<p><strong>Magal\u00ed Del Castillo Blaise <\/strong>&#8211; ext. 01528<\/p>\n<\/div>\n<div>\n<ul>\n<li>\u00a0Referent CF postobligat\u00f2ria i CFA<\/li>\n<\/ul>\n<p><strong>Mar Gispert Gim\u00e9nez <\/strong>&#8211; ext. 01534<\/p>\n<\/div>\n<div>\n<ul>\n<li>\u00a0CGA Casals D&#8217;estiu i Lleure<\/li>\n<\/ul>\n<p><strong>M Jes\u00fas Laplace Enguidanos <\/strong>&#8211; ext. 01533<\/p>\n<\/div>\n<div>\n<ul>\n<li>Referent AIS Prim\u00e0ria<\/li>\n<\/ul>\n<div><strong>Neus Torres Vicente<\/strong> &#8211; ext. 01534<\/div>\n<div>\n<ul>\n<li>Referent UTE<\/li>\n<li>Referent Assessorament col\u00b7laboratiu Esc Mowgli<\/li>\n<\/ul>\n<\/div>\n<p><strong>Anna Mart\u00ednez Homs <\/strong>&#8211; ext. 01532<\/p>\n<\/div>\n<div>\n<ul>\n<li>Referent de casos estudi amb component de llenguatge-AV CELF<\/li>\n<\/ul>\n<p><strong>Coia Canalda Vallverd\u00fa <\/strong>&#8211; ext. 01526<\/p>\n<\/div>\n<div>\n<ul>\n<li>Unitat de Detecci\u00f3 per a l\u2019escolaritzaci\u00f3 equilibrada<\/li>\n<li>Referents CSIR<\/li>\n<li>Comissi\u00f3 de prevenci\u00f3 del su\u00efcidi<\/li>\n<li>Comissi\u00f3 d\u2019absentisme<\/li>\n<\/ul>\n<p><strong>Hildegarda Gonz\u00e1lez Queralt <\/strong>&#8211; ext. 01526<\/p>\n<ul>\n<li>Unitat de Detecci\u00f3 per a l\u2019escolaritzaci\u00f3 equilibrada<\/li>\n<li>Referents CSIR<\/li>\n<li>Comissi\u00f3 de prevenci\u00f3 del su\u00efcidi<\/li>\n<li>Comissi\u00f3 d\u2019absentisme<\/li>\n<\/ul>\n<p><strong>Iolanda Tremoleda Sintes<\/strong> &#8211; ext. 01526<\/p>\n<\/div>\n<div>\n<ul>\n<li>Unitat de Detecci\u00f3 per a l\u2019escolaritzaci\u00f3 equilibrada<\/li>\n<li>Referents CSIR<\/li>\n<li>Comissi\u00f3 de prevenci\u00f3 del su\u00efcidi<\/li>\n<li>Comissi\u00f3 d\u2019absentisme<\/li>\n<\/ul>\n<\/div>\n<div>\n<div class=\"gmail_signature\" dir=\"ltr\" data-smartmail=\"gmail_signature\">\n<div dir=\"ltr\">\n<div dir=\"ltr\">\n<div dir=\"ltr\">\n<div dir=\"ltr\">\n<div dir=\"ltr\">\u00a0<\/div>\n<\/div>\n<\/div>\n<\/div>\n<\/div>\n<\/div>\n<\/div>\n\n\n<h6 class=\"wp-block-heading\"><a href=\"http:\/\/serveiseducatius.xtec.cat\/baixcamp\/el-servei-educatiu\/equip\/elic\/\"><strong>Equip d&#8217;assessorament en llengua i cohesi\u00f3 social &#8211; ELIC<\/strong><\/a><\/h6>\n\n\n\n<div class=\"wp-block-columns is-layout-flex wp-container-core-columns-is-layout-1 wp-block-columns-is-layout-flex\">\n<div class=\"wp-block-column is-layout-flow wp-block-column-is-layout-flow\">\n<p><\/p>\n\n\n\n<p><strong>Alexandra Castells<\/strong> &#8211; ext. 01538<\/p>\n\n\n\n<p>Assessora LIC<\/p>\n\n\n\n<p><strong>Daniel Sagal\u00e0<\/strong> &#8211; ext. 01536<\/p>\n\n\n\n<p>Assessor LIC<\/p>\n\n\n\n<p><strong>Carme Marin\u00e9<\/strong> &#8211; ext. 01538<\/p>\n\n\n\n<p>Assessora LIC<\/p>\n\n\n\n<p><strong>Montse Roca<\/strong> &#8211; ext. 01536<\/p>\n\n\n\n<p>Assessora LIC<\/p>\n\n\n\n<p><strong>Lidia Mass\u00f3<\/strong> &#8211; ext. 01536<\/p>\n\n\n\n<p>Assessora LIC<\/p>\n\n\n\n<p><strong>Joana Sabat\u00e9<\/strong> &#8211; ext. 01537<\/p>\n\n\n\n<p>Assessora LIC<\/p>\n<\/div>\n\n\n\n<div class=\"wp-block-column is-layout-flow wp-block-column-is-layout-flow\">\n<p><\/p>\n\n\n\n<p class=\"has-text-align-center\">Seguiments ILEC<\/p>\n\n\n\n<p class=\"has-text-align-center\">Aula Acollida<\/p>\n\n\n\n<p class=\"has-text-align-center\">PEE<\/p>\n\n\n\n<p class=\"has-text-align-center\">Projecte ling\u00fc\u00edstic de centre<\/p>\n\n\n\n<p class=\"has-text-align-center\">Xarxa Compet\u00e8ncia Lectora<\/p>\n\n\n\n<p class=\"has-text-align-center\">Projecte de conviv\u00e8ncia<\/p>\n\n\n\n<p class=\"has-text-align-center\">Participaci\u00f3 CLVA<\/p>\n\n\n\n<p class=\"has-text-align-center\">Pla lector<\/p>\n\n\n\n<p class=\"has-text-align-center\">Jocs Florals<\/p>\n\n\n\n<p class=\"has-text-align-center\">AraESCRIC<\/p>\n\n\n\n<p class=\"has-text-align-center\">Acolliment ling\u00fc\u00edstic<\/p>\n\n\n\n<p class=\"has-text-align-center\">Immersi\u00f3 ling\u00fcistica<\/p>\n\n\n\n<p class=\"has-text-align-center\">ULAE<\/p>\n\n\n\n<p class=\"has-text-align-center\">LACM<\/p>\n\n\n\n<p class=\"has-text-align-center\">Tenim la paraula<\/p>\n<\/div>\n<\/div>\n\n\n\n<h6 class=\"wp-block-heading\"><a href=\"#\"><strong>Centres de Recursos Educatius per a alumnes amb Discapacitat Auditiva &#8211; CREDA<\/strong><\/a><\/h6>\n\n\n\n<p><strong>Gemma Cat\u00e0<\/strong> &#8211; Referent de zona &#8211; ext. 01539<\/p>\n\n\n\n<p><strong>Maria Sol\u00e9<\/strong> &#8211; ext. 01539<\/p>\n\n\n\n<p><strong>Sandra Ciurana <\/strong>&#8211; ext. 01539<\/p>\n\n\n\n<p><strong>Elisabeth Pi\u00f1ol<\/strong> &#8211; ext. 01539<\/p>\n\n\n\n<p><strong>Marina Mass\u00f3 <\/strong>&#8211; ext. 01539<\/p>\n\n\n\n<p><strong>Meritxell Buil <\/strong>&#8211; ext. 01539<\/p>\n\n\n\n<p><strong>C\u00e8lia S\u00e1nchez&nbsp;<\/strong>&#8211; ext. 01539<\/p>\n\n\n\n<p><strong>Maria Sabat\u00e9&nbsp;<\/strong>&#8211; ext. 01539<\/p>\n\n\n\n<p><strong>Laura Casares&nbsp;<\/strong>&#8211; ext. 01539<\/p>\n","protected":false},"excerpt":{"rendered":"<p>Centre de Recursos Pedag\u00f2gics &#8211; CRP Est\u00e0 format per quatre professionals de diferents etapes i disciplines educatives: Anna Par\u00e9s &#8211; direcci\u00f3 &#8211; ext. 01523 Maria Llevat &#8211; t\u00e8cnica &#8211; ext. 01522 Bel\u00e9n Mart\u00edn &#8211; t\u00e8cnica &#8211; ext. 01524 David P\u00e0mies &#8211; t\u00e8cnic &#8211; ext. 01521 Pep Ot\u00edn &#8211; orientador educatiu S\u00edlvia Rosell\u00f3 &#8211; administrativa &#8211; [&hellip;]<\/p>\n","protected":false},"author":1,"featured_media":0,"parent":806,"menu_order":1,"comment_status":"closed","ping_status":"closed","template":"page-templates\/side-menu.php","meta":{"_bbp_topic_count":0,"_bbp_reply_count":0,"_bbp_total_topic_count":0,"_bbp_total_reply_count":0,"_bbp_voice_count":0,"_bbp_anonymous_reply_count":0,"_bbp_topic_count_hidden":0,"_bbp_reply_count_hidden":0,"_bbp_forum_subforum_count":0,"site-sidebar-layout":"default","site-content-layout":"","ast-site-content-layout":"default","site-content-style":"default","site-sidebar-style":"default","ast-global-header-display":"","ast-banner-title-visibility":"","ast-main-header-display":"","ast-hfb-above-header-display":"","ast-hfb-below-header-display":"","ast-hfb-mobile-header-display":"","site-post-title":"","ast-breadcrumbs-content":"","ast-featured-img":"","footer-sml-layout":"","theme-transparent-header-meta":"","adv-header-id-meta":"","stick-header-meta":"","header-above-stick-meta":"","header-main-stick-meta":"","header-below-stick-meta":"","astra-migrate-meta-layouts":"set","ast-page-background-enabled":"default","ast-page-background-meta":{"desktop":{"background-color":"var(--ast-global-color-4)","background-image":"","background-repeat":"repeat","background-position":"center center","background-size":"auto","background-attachment":"scroll","background-type":"","background-media":"","overlay-type":"","overlay-color":"","overlay-opacity":"","overlay-gradient":""},"tablet":{"background-color":"","background-image":"","background-repeat":"repeat","background-position":"center center","background-size":"auto","background-attachment":"scroll","background-type":"","background-media":"","overlay-type":"","overlay-color":"","overlay-opacity":"","overlay-gradient":""},"mobile":{"background-color":"","background-image":"","background-repeat":"repeat","background-position":"center center","background-size":"auto","background-attachment":"scroll","background-type":"","background-media":"","overlay-type":"","overlay-color":"","overlay-opacity":"","overlay-gradient":""}},"ast-content-background-meta":{"desktop":{"background-color":"var(--ast-global-color-5)","background-image":"","background-repeat":"repeat","background-position":"center center","background-size":"auto","background-attachment":"scroll","background-type":"","background-media":"","overlay-type":"","overlay-color":"","overlay-opacity":"","overlay-gradient":""},"tablet":{"background-color":"var(--ast-global-color-5)","background-image":"","background-repeat":"repeat","background-position":"center center","background-size":"auto","background-attachment":"scroll","background-type":"","background-media":"","overlay-type":"","overlay-color":"","overlay-opacity":"","overlay-gradient":""},"mobile":{"background-color":"var(--ast-global-color-5)","background-image":"","background-repeat":"repeat","background-position":"center center","background-size":"auto","background-attachment":"scroll","background-type":"","background-media":"","overlay-type":"","overlay-color":"","overlay-opacity":"","overlay-gradient":""}},"footnotes":""},"class_list":["post-2632","page","type-page","status-publish","hentry"],"post_mailing_queue_ids":[],"_links":{"self":[{"href":"https:\/\/serveiseducatius.xtec.cat\/baixcamp\/wp-json\/wp\/v2\/pages\/2632","targetHints":{"allow":["GET"]}}],"collection":[{"href":"https:\/\/serveiseducatius.xtec.cat\/baixcamp\/wp-json\/wp\/v2\/pages"}],"about":[{"href":"https:\/\/serveiseducatius.xtec.cat\/baixcamp\/wp-json\/wp\/v2\/types\/page"}],"author":[{"embeddable":true,"href":"https:\/\/serveiseducatius.xtec.cat\/baixcamp\/wp-json\/wp\/v2\/users\/1"}],"replies":[{"embeddable":true,"href":"https:\/\/serveiseducatius.xtec.cat\/baixcamp\/wp-json\/wp\/v2\/comments?post=2632"}],"version-history":[{"count":6,"href":"https:\/\/serveiseducatius.xtec.cat\/baixcamp\/wp-json\/wp\/v2\/pages\/2632\/revisions"}],"predecessor-version":[{"id":16385,"href":"https:\/\/serveiseducatius.xtec.cat\/baixcamp\/wp-json\/wp\/v2\/pages\/2632\/revisions\/16385"}],"up":[{"embeddable":true,"href":"https:\/\/serveiseducatius.xtec.cat\/baixcamp\/wp-json\/wp\/v2\/pages\/806"}],"wp:attachment":[{"href":"https:\/\/serveiseducatius.xtec.cat\/baixcamp\/wp-json\/wp\/v2\/media?parent=2632"}],"curies":[{"name":"wp","href":"https:\/\/api.w.org\/{rel}","templated":true}]}}