{"id":2163,"date":"2016-10-07T08:25:10","date_gmt":"2016-10-07T07:25:10","guid":{"rendered":"http:\/\/serveiseducatius.xtec.cat\/baixcamp\/?page_id=2163"},"modified":"2020-02-12T12:55:13","modified_gmt":"2020-02-12T11:55:13","slug":"historic-de-conferencies","status":"publish","type":"page","link":"https:\/\/serveiseducatius.xtec.cat\/baixcamp\/dinamitzacions\/setmana-de-la-ciencia\/historic-de-conferencies\/","title":{"rendered":"Hist\u00f2ric de confer\u00e8ncies"},"content":{"rendered":"<table style=\"height: 1028px; border-color: #ffffff; width: 100%;\" width=\"100%\">\n<tbody>\n<tr style=\"height: 44px;\">\n<td style=\"background-color: #faf7f7; width: 95px; height: 44px; border-color: #ffffff;\" width=\"95\"><\/td>\n<td style=\"background-color: #a41159; width: 95px; height: 44px; border-color: #d9d9d9;\" width=\"95\">\n<h6><span style=\"color: #ffffff;\"><strong>Curs<\/strong><\/span><\/h6>\n<\/td>\n<td style=\"background-color: #a41159; width: 95px; height: 44px; border-color: #d9d9d9;\" width=\"113\">\n<h6><span style=\"color: #ffffff;\"><strong>Confer\u00e8ncia<\/strong><\/span><\/h6>\n<\/td>\n<td style=\"background-color: #a41159; width: 95px; height: 44px; border-color: #d9d9d9;\" width=\"126\">\n<h6><span style=\"color: #ffffff;\"><strong>Conferenciant<\/strong><\/span><\/h6>\n<\/td>\n<td style=\"background-color: #a41159; width: 95px; height: 44px; border-color: #d9d9d9;\" width=\"102\">\n<h6><span style=\"color: #ffffff;\"><strong>Realitzaci\u00f3<\/strong><\/span><\/h6>\n<\/td>\n<td style=\"background-color: #a41159; width: 95px; height: 44px; border-color: #d9d9d9;\" width=\"109\">\n<h6><span style=\"color: #ffffff;\"><strong>Centres<br \/>\n<\/strong><\/span><\/h6>\n<\/td>\n<td style=\"background-color: #a41159; width: 95px; height: 44px; border-color: #d9d9d9;\" width=\"102\">\n<h6><span style=\"color: #ffffff;\"><strong>Alumnat<br \/>\n<\/strong><\/span><\/h6>\n<\/td>\n<td style=\"background-color: #a41159; width: 95px; height: 44px; border-color: #d9d9d9;\" width=\"107\">\n<h6><span style=\"color: #ffffff;\"><strong>Professorat<br \/>\n<\/strong><\/span><\/h6>\n<\/td>\n<\/tr>\n<tr style=\"height: 145px;\">\n<td style=\"background-color: #faf7f7; width: 95px; height: 145px; border-color: #d9d9d9;\" width=\"95\">\u00a0<img loading=\"lazy\" decoding=\"async\" class=\"alignleft wp-image-2550 \" src=\"http:\/\/serveiseducatius.xtec.cat\/baixcamp\/wp-content\/uploads\/usu950\/2016\/11\/setmana-16-petita.jpg\" alt=\"setmana-petita\" width=\"82\" height=\"99\" \/><\/td>\n<td style=\"background-color: #faf7f7; width: 95px; height: 145px; border-color: #d9d9d9;\" width=\"95\">2011-12<\/td>\n<td style=\"background-color: #faf7f7; width: 95px; height: 145px; border-color: #d9d9d9;\" width=\"113\">L&#8217;Arqueobot\u00e0nica. Serveix per a quelcom? Podem aplicar els seus descobriments a la societat actual?<\/td>\n<td style=\"background-color: #faf7f7; width: 95px; height: 145px; border-color: #d9d9d9;\" width=\"126\">Francesc Burjachs Casas<\/td>\n<td style=\"background-color: #faf7f7; width: 95px; height: 145px; border-color: #d9d9d9;\" width=\"102\">INS Baix Camp<br \/>\nReus<\/td>\n<td style=\"background-color: #faf7f7; width: 95px; height: 145px; border-color: #d9d9d9;\" width=\"109\">INS Baix Camp INS Gaud\u00ed<br \/>\nC Sant Josep INS Salvador Vilaseca<\/td>\n<td style=\"background-color: #faf7f7; width: 95px; height: 145px; border-color: #d9d9d9;\" width=\"102\">\n<p style=\"text-align: center;\">252<\/p>\n<\/td>\n<td style=\"background-color: #fafafa; width: 95px; height: 145px; border-color: #d9d9d9;\" width=\"107\">\n<p style=\"text-align: center;\">10<\/p>\n<\/td>\n<\/tr>\n<tr style=\"height: 129px;\">\n<td style=\"background-color: #faf7f7; width: 95px; height: 129px; border-color: #d9d9d9;\" width=\"95\"><img loading=\"lazy\" decoding=\"async\" class=\"alignleft size-full wp-image-2549\" src=\"http:\/\/serveiseducatius.xtec.cat\/baixcamp\/wp-content\/uploads\/usu950\/2016\/11\/setmana-13-petita.jpg\" alt=\"setmana-13-petita\" width=\"82\" height=\"100\" \/><\/td>\n<td style=\"background-color: #faf7f7; width: 95px; height: 129px; border-color: #d9d9d9;\" width=\"95\">2013-14<\/td>\n<td style=\"background-color: #faf7f7; width: 95px; height: 129px; border-color: #d9d9d9;\" width=\"113\">Les aus marines, els grans viatgers dels nostres mars. Com les estudiem?<\/td>\n<td style=\"background-color: #faf7f7; width: 95px; height: 129px; border-color: #d9d9d9;\" width=\"126\">Albert Cama i Torrell<\/td>\n<td style=\"background-color: #faf7f7; width: 95px; height: 129px; border-color: #d9d9d9;\" width=\"102\">Reus<\/td>\n<td style=\"background-color: #faf7f7; width: 95px; height: 129px; border-color: #d9d9d9;\" width=\"109\"><\/td>\n<td style=\"background-color: #faf7f7; width: 95px; height: 129px; border-color: #d9d9d9;\" width=\"102\">\n<p style=\"text-align: center;\">80<\/p>\n<\/td>\n<td style=\"background-color: #fafafa; width: 95px; height: 129px; border-color: #d9d9d9;\" width=\"107\">\n<p style=\"text-align: center;\">4<\/p>\n<\/td>\n<\/tr>\n<tr style=\"height: 65px;\">\n<td style=\"background-color: #faf7f7; width: 95px; height: 130px; border-color: #d9d9d9;\" rowspan=\"2\" width=\"95\"><img loading=\"lazy\" decoding=\"async\" class=\"alignleft size-full wp-image-2551\" src=\"http:\/\/serveiseducatius.xtec.cat\/baixcamp\/wp-content\/uploads\/usu950\/2016\/11\/setmana-19-petita.jpg\" alt=\"setmana-19-petita\" width=\"82\" height=\"100\" \/><\/td>\n<td style=\"background-color: #faf7f7; width: 95px; height: 65px; border-color: #d9d9d9;\" width=\"95\">2014-15<\/td>\n<td style=\"background-color: #faf7f7; width: 95px; height: 65px; border-color: #d9d9d9;\" width=\"113\">La qu\u00edmica que tenim molt a prop nostre<\/td>\n<td style=\"background-color: #faf7f7; width: 95px; height: 65px; border-color: #d9d9d9;\" width=\"126\">Josep Corominas<\/td>\n<td style=\"background-color: #faf7f7; width: 95px; height: 65px; border-color: #d9d9d9;\" width=\"102\">INS Gaud\u00ed Reus<\/td>\n<td style=\"background-color: #faf7f7; width: 95px; height: 65px; border-color: #d9d9d9;\" width=\"109\">INS Gaud\u00ed<\/td>\n<td style=\"background-color: #faf7f7; width: 95px; height: 65px; border-color: #d9d9d9;\" width=\"102\">\n<p style=\"text-align: center;\">75<\/p>\n<\/td>\n<td style=\"background-color: #fafafa; width: 95px; height: 65px; border-color: #d9d9d9;\" width=\"107\">\n<p style=\"text-align: center;\">5<\/p>\n<\/td>\n<\/tr>\n<tr style=\"height: 65px;\">\n<td style=\"background-color: #faf7f7; width: 95px; height: 65px; border-color: #d9d9d9;\" width=\"95\">2014-15<\/td>\n<td style=\"background-color: #faf7f7; width: 95px; height: 65px; border-color: #d9d9d9;\" width=\"113\">L\u2019ofici d\u2019arque\u00f2leg en el m\u00f3n de la Prehist\u00f2ria<\/td>\n<td style=\"background-color: #faf7f7; width: 95px; height: 65px; border-color: #d9d9d9;\" width=\"126\">Am\u00e8lia Bargall\u00f3<\/td>\n<td style=\"background-color: #faf7f7; width: 95px; height: 65px; border-color: #d9d9d9;\" width=\"102\">Centre de Lectura Reus<\/td>\n<td style=\"background-color: #faf7f7; width: 95px; height: 65px; border-color: #d9d9d9;\" width=\"109\">C Sant Josep<\/td>\n<td style=\"background-color: #faf7f7; width: 95px; height: 65px; border-color: #d9d9d9;\" width=\"102\">\n<p style=\"text-align: center;\">85<\/p>\n<\/td>\n<td style=\"background-color: #fafafa; width: 95px; height: 65px; border-color: #d9d9d9;\" width=\"107\">\n<p style=\"text-align: center;\">4<\/p>\n<\/td>\n<\/tr>\n<tr style=\"height: 65px;\">\n<td style=\"background-color: #faf7f7; width: 95px; height: 130px; border-color: #d9d9d9;\" rowspan=\"2\" width=\"95\"><img loading=\"lazy\" decoding=\"async\" class=\"alignleft size-full wp-image-2552\" src=\"http:\/\/serveiseducatius.xtec.cat\/baixcamp\/wp-content\/uploads\/usu950\/2016\/11\/setmana-20-petita.jpg\" alt=\"setmana-20-petita\" width=\"71\" height=\"100\" \/><\/td>\n<td style=\"background-color: #faf7f7; width: 95px; height: 65px; border-color: #d9d9d9;\" width=\"95\">2015-16<\/td>\n<td style=\"background-color: #faf7f7; width: 95px; height: 65px; border-color: #d9d9d9;\" width=\"113\">La qu\u00edmica del dia a dia<\/td>\n<td style=\"background-color: #faf7f7; width: 95px; height: 65px; border-color: #d9d9d9;\" width=\"126\">Marta Calull<\/td>\n<td style=\"background-color: #faf7f7; width: 95px; height: 65px; border-color: #d9d9d9;\" width=\"102\">INS Roseta Mauri<br \/>\nReus<\/td>\n<td style=\"background-color: #faf7f7; width: 95px; height: 65px; border-color: #d9d9d9;\" width=\"109\">INS Roseta Mauri<\/td>\n<td style=\"background-color: #faf7f7; width: 95px; height: 65px; border-color: #d9d9d9;\" width=\"102\">\n<p style=\"text-align: center;\">75<\/p>\n<\/td>\n<td style=\"background-color: #fafafa; width: 95px; height: 65px; border-color: #d9d9d9;\" width=\"107\">\n<p style=\"text-align: center;\">4<\/p>\n<\/td>\n<\/tr>\n<tr style=\"height: 65px;\">\n<td style=\"background-color: #faf7f7; width: 95px; height: 65px; border-color: #d9d9d9;\" width=\"95\">2015-16<\/td>\n<td style=\"background-color: #faf7f7; width: 95px; height: 65px; border-color: #d9d9d9;\" width=\"113\">Enginyeria i qu\u00edmica forense: la picaresca<\/td>\n<td style=\"background-color: #faf7f7; width: 95px; height: 65px; border-color: #d9d9d9;\" width=\"126\">Laureano Jim\u00e9nez<\/td>\n<td style=\"background-color: #faf7f7; width: 95px; height: 65px; border-color: #d9d9d9;\" width=\"102\">INS la Mar de la Frau, Cambrils<\/td>\n<td style=\"background-color: #faf7f7; width: 95px; height: 65px; border-color: #d9d9d9;\" width=\"109\">INS La Mar de la Frau<\/td>\n<td style=\"background-color: #faf7f7; width: 95px; height: 65px; border-color: #d9d9d9;\" width=\"102\">\n<p style=\"text-align: center;\">100<\/p>\n<\/td>\n<td style=\"background-color: #fafafa; width: 95px; height: 65px; border-color: #d9d9d9;\" width=\"107\">\n<p style=\"text-align: center;\">4<\/p>\n<\/td>\n<\/tr>\n<tr style=\"height: 96px;\">\n<td style=\"background-color: #faf7f7; width: 95px; height: 176px; border-color: #d9d9d9;\" rowspan=\"2\" width=\"95\"><img loading=\"lazy\" decoding=\"async\" class=\"alignleft size-full wp-image-2553\" src=\"http:\/\/serveiseducatius.xtec.cat\/baixcamp\/wp-content\/uploads\/usu950\/2016\/11\/setmana-21-petita.jpg\" alt=\"setmana-21-petita\" width=\"81\" height=\"100\" \/><\/td>\n<td style=\"background-color: #faf7f7; width: 95px; height: 96px; border-color: #d9d9d9;\" width=\"95\">2016-17<\/td>\n<td style=\"background-color: #faf7f7; width: 95px; height: 96px; border-color: #d9d9d9;\" width=\"113\"><a href=\"http:\/\/serveiseducatius.xtec.cat\/baixcamp\/setmana-de-la-ciencia\/la-quimica-del-dia-a-dia\/\" target=\"_blank\" rel=\"noopener noreferrer\">La qu\u00edmica del dia a dia<\/a><\/td>\n<td style=\"background-color: #faf7f7; width: 95px; height: 96px; border-color: #d9d9d9;\" width=\"126\">Marta Calull<\/td>\n<td style=\"background-color: #faf7f7; width: 95px; height: 96px; border-color: #d9d9d9;\" width=\"102\">INS Berenguer d&#8217;Enten\u00e7a<br \/>\nHospitalet Infant<\/td>\n<td style=\"background-color: #faf7f7; width: 95px; height: 96px; border-color: #d9d9d9;\" width=\"109\">INS Berenguer d&#8217;Enten\u00e7a<\/td>\n<td style=\"background-color: #faf7f7; width: 95px; height: 96px; text-align: center; border-color: #d9d9d9;\" width=\"102\">\u00a072<\/td>\n<td style=\"background-color: #fafafa; width: 95px; height: 96px; text-align: center; vertical-align: middle; border-color: #d9d9d9;\" width=\"107\">\u00a03<\/td>\n<\/tr>\n<tr style=\"height: 80px;\">\n<td style=\"background-color: #faf7f7; width: 95px; height: 80px; border-color: #d9d9d9;\" width=\"95\">2016-17<\/td>\n<td style=\"background-color: #faf7f7; width: 95px; height: 80px; border-color: #d9d9d9;\" width=\"113\"><a href=\"http:\/\/serveiseducatius.xtec.cat\/baixcamp\/setmana-de-la-ciencia\/ciencia-en-primera-persona\/enginyeria-i-quimica-forense-la-picaresca\/\" target=\"_blank\" rel=\"noopener noreferrer\">Enginyeria i qu\u00edmica forense: la picaresca<\/a><\/td>\n<td style=\"background-color: #faf7f7; width: 95px; height: 80px; border-color: #d9d9d9;\" width=\"126\">Laureano Jim\u00e9nez<\/td>\n<td style=\"background-color: #faf7f7; width: 95px; height: 80px; border-color: #d9d9d9;\" width=\"102\">INS Salvador Vilaseca<br \/>\nReus<\/td>\n<td style=\"background-color: #faf7f7; width: 95px; height: 80px; border-color: #d9d9d9;\" width=\"109\">INS Salvador Vilaseca<\/td>\n<td style=\"background-color: #faf7f7; width: 95px; height: 80px; text-align: center; border-color: #d9d9d9;\" width=\"102\">\u00a0110<\/td>\n<td style=\"background-color: #fafafa; width: 95px; height: 80px; text-align: center; vertical-align: middle; border-color: #d9d9d9;\" width=\"107\">\u00a04<\/td>\n<\/tr>\n<tr style=\"height: 80px;\">\n<td style=\"background-color: #faf7f7; width: 95px; height: 160px; border-color: #d9d9d9;\" rowspan=\"2\" width=\"95\">\u00a0<img loading=\"lazy\" decoding=\"async\" class=\"alignleft wp-image-7079\" src=\"http:\/\/serveiseducatius.xtec.cat\/baixcamp\/wp-content\/uploads\/usu950\/2017\/11\/22a-setma-ciencia.jpg\" alt=\"\" width=\"96\" height=\"121\" \/><\/td>\n<td style=\"background-color: #faf7f7; width: 95px; height: 80px; border-color: #d9d9d9;\" width=\"95\">2017-18<\/td>\n<td style=\"background-color: #faf7f7; width: 95px; height: 80px; border-color: #d9d9d9;\" width=\"113\"><a href=\"http:\/\/serveiseducatius.xtec.cat\/baixcamp\/setmana-de-la-ciencia\/se-puede-ser-quimico-sin-bata-de-laboratorio\/\">\u00bfSe puede ser qu\u00edmico sin bata de laboratorio?<\/a><\/td>\n<td style=\"background-color: #faf7f7; width: 95px; height: 80px; border-color: #d9d9d9;\" width=\"126\">Ignacio Funes Ardoiz<\/td>\n<td style=\"background-color: #faf7f7; width: 95px; height: 80px; border-color: #d9d9d9;\" width=\"102\">INS Joan Puig i Ferreter<\/td>\n<td style=\"background-color: #faf7f7; width: 95px; height: 80px; border-color: #d9d9d9;\" width=\"109\">INS Joan Puig I Ferreter<\/td>\n<td style=\"background-color: #faf7f7; width: 95px; height: 80px; text-align: center; border-color: #d9d9d9;\" width=\"102\">\u00a020<\/td>\n<td style=\"background-color: #fafafa; width: 95px; height: 80px; text-align: center; vertical-align: middle; border-color: #d9d9d9;\" width=\"107\">1<\/td>\n<\/tr>\n<tr style=\"height: 80px;\">\n<td style=\"background-color: #faf7f7; width: 95px; height: 80px; border-color: #d9d9d9;\" width=\"95\">2017-18<\/td>\n<td style=\"background-color: #faf7f7; width: 95px; height: 80px; border-color: #d9d9d9;\" width=\"113\"><a href=\"http:\/\/serveiseducatius.xtec.cat\/baixcamp\/setmana-de-la-ciencia\/benvinguts-a-bord-un-viatge-pels-oceans-a-la-descoberta-de-la-diversitat-microbiana\/\">Benvinguts a bord! Un viatge pels oceans a la descoberta de la diversitat microbiana.<\/a><\/td>\n<td style=\"background-color: #faf7f7; width: 95px; height: 80px; border-color: #d9d9d9;\" width=\"126\">Montserrat Coll Llad\u00f3<\/td>\n<td style=\"background-color: #faf7f7; width: 95px; height: 80px; border-color: #d9d9d9;\" width=\"102\">INS Dom\u00e8nech i Montaner<\/td>\n<td style=\"background-color: #faf7f7; width: 95px; height: 80px; border-color: #d9d9d9;\" width=\"109\">INS Dom\u00e8nech I Montaner<\/td>\n<td style=\"background-color: #faf7f7; width: 95px; height: 80px; text-align: center; border-color: #d9d9d9;\" width=\"102\"><\/td>\n<td style=\"background-color: #fafafa; width: 95px; height: 80px; text-align: center; vertical-align: middle; border-color: #d9d9d9;\" width=\"107\">1<\/td>\n<\/tr>\n<tr style=\"height: 57px;\">\n<td style=\"background-color: #faf7f7; width: 95px; height: 114px; border-color: #d9d9d9;\" rowspan=\"2\"><img loading=\"lazy\" decoding=\"async\" class=\"alignleft size-full wp-image-9095\" src=\"https:\/\/serveiseducatius.xtec.cat\/baixcamp\/wp-content\/uploads\/usu950\/2018\/11\/SC18_Slider_FundacioRecerca_FCRi.jpg\" alt=\"\" width=\"430\" height=\"200\" srcset=\"https:\/\/serveiseducatius.xtec.cat\/baixcamp\/wp-content\/uploads\/usu950\/2018\/11\/SC18_Slider_FundacioRecerca_FCRi.jpg 430w, https:\/\/serveiseducatius.xtec.cat\/baixcamp\/wp-content\/uploads\/usu950\/2018\/11\/SC18_Slider_FundacioRecerca_FCRi-300x140.jpg 300w\" sizes=\"auto, (max-width: 430px) 100vw, 430px\" \/><\/td>\n<td style=\"background-color: #faf7f7; width: 95px; height: 57px; border-color: #d9d9d9;\">2018-19<\/td>\n<td style=\"background-color: #faf7f7; width: 95px; height: 57px; border-color: #d9d9d9;\"><a href=\"https:\/\/serveiseducatius.xtec.cat\/baixcamp\/setmana-de-la-ciencia\/open-outcry\/\">Open Outcry<\/a><\/td>\n<td style=\"background-color: #faf7f7; width: 95px; height: 57px; border-color: #d9d9d9;\">Jordi Andreu Corbaton<\/td>\n<td style=\"background-color: #faf7f7; width: 95px; height: 57px; border-color: #d9d9d9;\">INS Josep Tapir\u00f3<\/td>\n<td style=\"background-color: #faf7f7; width: 95px; height: 57px; border-color: #d9d9d9;\">INS Josep Tapir\u00f3<\/td>\n<td style=\"background-color: #faf7f7; width: 95px; text-align: center; height: 57px; border-color: #d9d9d9;\">26<\/td>\n<td style=\"background-color: #fafafa; width: 95px; text-align: center; vertical-align: middle; height: 57px; border-color: #d9d9d9;\">1<\/td>\n<\/tr>\n<tr style=\"height: 57px;\">\n<td style=\"background-color: #faf7f7; width: 95px; height: 57px; border-color: #d9d9d9;\">2018-19<\/td>\n<td style=\"background-color: #faf7f7; width: 95px; height: 57px; border-color: #d9d9d9;\"><a href=\"https:\/\/serveiseducatius.xtec.cat\/baixcamp\/setmana-de-la-ciencia\/pactum\/\">Pactum<\/a><\/td>\n<td style=\"background-color: #faf7f7; width: 95px; height: 57px; border-color: #d9d9d9;\">Juan Luis Gonzalo Iglesia<\/td>\n<td style=\"background-color: #faf7f7; width: 95px; height: 57px; border-color: #d9d9d9;\">COL Maria Rosa Molas<\/td>\n<td style=\"background-color: #faf7f7; width: 95px; height: 57px; border-color: #d9d9d9;\">COL Maria Rosa Molas<\/td>\n<td style=\"background-color: #faf7f7; width: 95px; text-align: center; height: 57px; border-color: #d9d9d9;\">57<\/td>\n<td style=\"background-color: #fafafa; width: 95px; text-align: center; vertical-align: middle; height: 57px; border-color: #d9d9d9;\">4<\/td>\n<\/tr>\n<tr>\n<td style=\"background-color: #faf7f7; width: 95px; border-color: #d9d9d9;\"><img loading=\"lazy\" decoding=\"async\" class=\"alignnone size-large wp-image-10672\" src=\"https:\/\/serveiseducatius.xtec.cat\/baixcamp\/wp-content\/uploads\/usu950\/2020\/01\/FCRi_Donesiciencia_banner_100tifiques-600x421.jpg\" alt=\"\" width=\"600\" height=\"421\" \/><\/td>\n<td style=\"background-color: #faf7f7; width: 95px; border-color: #d9d9d9;\">2019-20<\/td>\n<td style=\"background-color: #faf7f7; width: 95px; border-color: #d9d9d9;\"><a href=\"https:\/\/serveiseducatius.xtec.cat\/baixcamp\/general\/conferencies-100tifiques-dia-internacional-de-la-dona-i-la-nena-a-la-ciencia-dilluns-11-de-febrer-de-2019\/\">Sostenibilitat, Qu\u00e8 \u00e9s?<\/a><\/td>\n<td style=\"background-color: #faf7f7; width: 95px; border-color: #d9d9d9;\"><strong>Judit Bonet Torn\u00e9<\/strong><\/td>\n<td style=\"background-color: #faf7f7; width: 95px; border-color: #d9d9d9;\"><a href=\"https:\/\/www.centrelectura.cat\/cdlweb\/\">Centre de Lectura Reus<\/a><\/td>\n<td style=\"background-color: #faf7f7; width: 95px; border-color: #d9d9d9;\">\n<style type=\"text\/css\"><!--td {border: 1px solid #ccc;}br {mso-data-placement:same-cell;}--><\/style>\n<table dir=\"ltr\" border=\"1\" cellspacing=\"0\" cellpadding=\"0\">\n<colgroup>\n<col width=\"223\" \/><\/colgroup>\n<tbody>\n<tr>\n<td data-sheets-value=\"{&quot;1&quot;:2,&quot;2&quot;:&quot;Escola Miseric\u00f2rdia&quot;}\"><a href=\"http:\/\/reusmisericordia.blogspot.com\/\">Escola Miseric\u00f2rdia<\/a><\/td>\n<\/tr>\n<tr>\n<td data-sheets-value=\"{&quot;1&quot;:2,&quot;2&quot;:&quot;Escola General Prim&quot;}\"><a href=\"https:\/\/agora.xtec.cat\/ceip-general-prim-reus\/\">Escola General Prim<\/a><\/td>\n<\/tr>\n<tr>\n<td data-sheets-value=\"{&quot;1&quot;:2,&quot;2&quot;:&quot;ESCOLA GUILLEM FORTUNY&quot;}\"><a href=\"https:\/\/agora.xtec.cat\/escguillemfortuny\/\">ESCOLA GUILLEM FORTUNY<\/a><\/td>\n<\/tr>\n<\/tbody>\n<\/table>\n<\/td>\n<td style=\"background-color: #faf7f7; width: 95px; text-align: center; border-color: #d9d9d9;\">127<\/td>\n<td style=\"background-color: #fafafa; width: 95px; text-align: center; vertical-align: middle; border-color: #d9d9d9;\">11<\/td>\n<\/tr>\n<\/tbody>\n<\/table>\n<p>&nbsp;<\/p>\n","protected":false},"excerpt":{"rendered":"<p>Curs Confer\u00e8ncia Conferenciant Realitzaci\u00f3 Centres Alumnat Professorat \u00a0 2011-12 L&#8217;Arqueobot\u00e0nica. Serveix per a quelcom? Podem aplicar els seus descobriments a la societat actual? Francesc Burjachs Casas INS Baix Camp Reus INS Baix Camp INS Gaud\u00ed C Sant Josep INS Salvador Vilaseca 252 10 2013-14 Les aus marines, els grans viatgers dels nostres mars. Com les [&hellip;]<\/p>\n","protected":false},"author":1,"featured_media":0,"parent":1697,"menu_order":20,"comment_status":"closed","ping_status":"closed","template":"page-templates\/side-menu.php","meta":{"_bbp_topic_count":0,"_bbp_reply_count":0,"_bbp_total_topic_count":0,"_bbp_total_reply_count":0,"_bbp_voice_count":0,"_bbp_anonymous_reply_count":0,"_bbp_topic_count_hidden":0,"_bbp_reply_count_hidden":0,"_bbp_forum_subforum_count":0,"site-sidebar-layout":"default","site-content-layout":"","ast-site-content-layout":"","site-content-style":"default","site-sidebar-style":"default","ast-global-header-display":"","ast-banner-title-visibility":"","ast-main-header-display":"","ast-hfb-above-header-display":"","ast-hfb-below-header-display":"","ast-hfb-mobile-header-display":"","site-post-title":"","ast-breadcrumbs-content":"","ast-featured-img":"","footer-sml-layout":"","theme-transparent-header-meta":"","adv-header-id-meta":"","stick-header-meta":"","header-above-stick-meta":"","header-main-stick-meta":"","header-below-stick-meta":"","astra-migrate-meta-layouts":"default","ast-page-background-enabled":"default","ast-page-background-meta":{"desktop":{"background-color":"var(--ast-global-color-4)","background-image":"","background-repeat":"repeat","background-position":"center center","background-size":"auto","background-attachment":"scroll","background-type":"","background-media":"","overlay-type":"","overlay-color":"","overlay-opacity":"","overlay-gradient":""},"tablet":{"background-color":"","background-image":"","background-repeat":"repeat","background-position":"center center","background-size":"auto","background-attachment":"scroll","background-type":"","background-media":"","overlay-type":"","overlay-color":"","overlay-opacity":"","overlay-gradient":""},"mobile":{"background-color":"","background-image":"","background-repeat":"repeat","background-position":"center center","background-size":"auto","background-attachment":"scroll","background-type":"","background-media":"","overlay-type":"","overlay-color":"","overlay-opacity":"","overlay-gradient":""}},"ast-content-background-meta":{"desktop":{"background-color":"var(--ast-global-color-5)","background-image":"","background-repeat":"repeat","background-position":"center center","background-size":"auto","background-attachment":"scroll","background-type":"","background-media":"","overlay-type":"","overlay-color":"","overlay-opacity":"","overlay-gradient":""},"tablet":{"background-color":"var(--ast-global-color-5)","background-image":"","background-repeat":"repeat","background-position":"center center","background-size":"auto","background-attachment":"scroll","background-type":"","background-media":"","overlay-type":"","overlay-color":"","overlay-opacity":"","overlay-gradient":""},"mobile":{"background-color":"var(--ast-global-color-5)","background-image":"","background-repeat":"repeat","background-position":"center center","background-size":"auto","background-attachment":"scroll","background-type":"","background-media":"","overlay-type":"","overlay-color":"","overlay-opacity":"","overlay-gradient":""}},"footnotes":""},"class_list":["post-2163","page","type-page","status-publish","hentry"],"post_mailing_queue_ids":[],"_links":{"self":[{"href":"https:\/\/serveiseducatius.xtec.cat\/baixcamp\/wp-json\/wp\/v2\/pages\/2163","targetHints":{"allow":["GET"]}}],"collection":[{"href":"https:\/\/serveiseducatius.xtec.cat\/baixcamp\/wp-json\/wp\/v2\/pages"}],"about":[{"href":"https:\/\/serveiseducatius.xtec.cat\/baixcamp\/wp-json\/wp\/v2\/types\/page"}],"author":[{"embeddable":true,"href":"https:\/\/serveiseducatius.xtec.cat\/baixcamp\/wp-json\/wp\/v2\/users\/1"}],"replies":[{"embeddable":true,"href":"https:\/\/serveiseducatius.xtec.cat\/baixcamp\/wp-json\/wp\/v2\/comments?post=2163"}],"version-history":[{"count":4,"href":"https:\/\/serveiseducatius.xtec.cat\/baixcamp\/wp-json\/wp\/v2\/pages\/2163\/revisions"}],"predecessor-version":[{"id":10797,"href":"https:\/\/serveiseducatius.xtec.cat\/baixcamp\/wp-json\/wp\/v2\/pages\/2163\/revisions\/10797"}],"up":[{"embeddable":true,"href":"https:\/\/serveiseducatius.xtec.cat\/baixcamp\/wp-json\/wp\/v2\/pages\/1697"}],"wp:attachment":[{"href":"https:\/\/serveiseducatius.xtec.cat\/baixcamp\/wp-json\/wp\/v2\/media?parent=2163"}],"curies":[{"name":"wp","href":"https:\/\/api.w.org\/{rel}","templated":true}]}}