{"id":2052,"date":"2016-10-05T10:17:23","date_gmt":"2016-10-05T09:17:23","guid":{"rendered":"http:\/\/serveiseducatius.xtec.cat\/baixcamp\/?page_id=2052"},"modified":"2017-09-22T11:27:44","modified_gmt":"2017-09-22T09:27:44","slug":"proces-per-ser-escola-verda","status":"publish","type":"page","link":"https:\/\/serveiseducatius.xtec.cat\/baixcamp\/projectes\/escoles-verdes\/proces-per-ser-escola-verda\/","title":{"rendered":"Proc\u00e9s per ser Escola Verda"},"content":{"rendered":"<p style=\"text-align: left;\"><img loading=\"lazy\" decoding=\"async\" class=\" wp-image-2068 alignleft\" src=\"http:\/\/serveiseducatius.xtec.cat\/baixcamp\/wp-content\/uploads\/usu950\/2016\/10\/EscolesV.jpg_1752989620-e1475666643762.jpg\" alt=\"escolesv-jpg_1752989620\" width=\"63\" height=\"57\" \/>El programa escoles verdes ofereix un<strong> curs de formaci\u00f3 inicial<\/strong> en educaci\u00f3 per a la sostenibilitat (ES), adre\u00e7at a tots els centres de Catalunya que volen comen\u00e7ar a desenvolupar els continguts de l\u2019ES i integrar-los de forma coherent en el projecte educatiu del seu centre. Els cursos s\u2019imparteixen en <strong>diferents serveis territorials<\/strong> del Departament d\u2019Ensenyament, i estan dirigits a equips de professionals de centres on almenys una persona forma part de l\u2019equip directiu (o persona en qui delegui).<\/p>\n<p>Al curs de formaci\u00f3, l\u2019equip de professionals de cada centre elaborar\u00e0 el seu <strong>Pla d\u2019educaci\u00f3 per a la sostenibilitat (PES)<\/strong>, que recull:<\/p>\n<ul>\n<li>La diagnosi de la situaci\u00f3 de partida del centre en relaci\u00f3 a l\u2019ES (aspectes assolits i aspectes a millorar)<\/li>\n<li>Els objectius estrat\u00e8gics de centre en ES, que s\u2019hauran de reflectir en el Projecte educatiu de centre i en el Projecte de direcci\u00f3.<\/li>\n<li>La prioritzaci\u00f3 d\u2019objectius que caldr\u00e0 recollir en el Projecte de direcci\u00f3.<\/li>\n<\/ul>\n<p>El primer <strong>Pla d\u2019acci\u00f3 (PA) anual<\/strong> que cal dur a terme el curs escolar seg\u00fcent, i que caldr\u00e0 que s\u2019incorpori en la Programaci\u00f3 general anual que el centre elabora per a cada curs escolar. El PA concreta actuacions de naturalesa diversa en tots els contextos d\u2019actuaci\u00f3 del Programa i recull, tamb\u00e9, els criteris d&#8217;avaluaci\u00f3 perqu\u00e8 el centre pugui fer una autoavaluaci\u00f3 de les accions i, aix\u00ed, acordar propostes de millora per introduir en el seu PA o en la redefinici\u00f3 del seus objectius inclosos en el seu PA.<\/p>\n<p>Una de les sessions de formaci\u00f3 est\u00e0 encaminada a donar als centres eines per promoure la participaci\u00f3 de la comunitat educativa i la creaci\u00f3 en el centre del seu <strong>Comit\u00e8 Ambiental<\/strong>, perqu\u00e8 esdevingui l\u2019equip d\u2019impuls i coordinaci\u00f3 del projecte d\u2019educaci\u00f3 per a la sostenibilitat.<\/p>\n<p>El <strong>reconeixement<\/strong> que el centre forma part de la <strong>xarxa d\u2019escoles verdes<\/strong> es realitza, per primera vegada, despr\u00e9s d\u2019haver executat satisfact\u00f2riament el primer Pla d\u2019acci\u00f3 de centre i d\u2019haver obtingut el certificat del primer seminari d\u2019equip de centre.<\/p>\n<p><strong>Cada 4 anys<\/strong>, el centre duu a terme una autoavaluaci\u00f3 global que implica una revisi\u00f3 del Pla d\u2019Educaci\u00f3 per a la Sostenibilitat (als centres p\u00fablics, aquesta avaluaci\u00f3 coincideix amb la renovaci\u00f3 del projecte de direcci\u00f3).<\/p>\n<p><strong>Cada 8 anys<\/strong>, el centre actualitza el seu Pla d\u2019educaci\u00f3 per a la sostenibilitat. \u00c9s a dir, fa una autoavaluaci\u00f3 global m\u00e9s profunda, que implica una nova diagnosi de la situaci\u00f3 en qu\u00e8 es troba el centre, identifica els nous objectius estrat\u00e8gics que cal assolir i fa una nova prioritzaci\u00f3 d\u2019aquests objectius. I, finalment, concreta el Pla d\u2019acci\u00f3 per al proper curs escolar.<\/p>\n<h6><img loading=\"lazy\" decoding=\"async\" class=\"alignleft wp-image-2056\" src=\"http:\/\/serveiseducatius.xtec.cat\/baixcamp\/wp-content\/uploads\/usu950\/2016\/10\/proc\u00e9s-desenvolupar-EV.png\" alt=\"proces-desenvolupar-ev\" width=\"771\" height=\"595\" srcset=\"https:\/\/serveiseducatius.xtec.cat\/baixcamp\/wp-content\/uploads\/usu950\/2016\/10\/proc\u00e9s-desenvolupar-EV.png 900w, https:\/\/serveiseducatius.xtec.cat\/baixcamp\/wp-content\/uploads\/usu950\/2016\/10\/proc\u00e9s-desenvolupar-EV-300x231.png 300w, https:\/\/serveiseducatius.xtec.cat\/baixcamp\/wp-content\/uploads\/usu950\/2016\/10\/proc\u00e9s-desenvolupar-EV-768x592.png 768w\" sizes=\"auto, (max-width: 771px) 100vw, 771px\" \/><\/h6>\n<h6><\/h6>\n<h6><\/h6>\n<p>&nbsp;<\/p>\n<p>&nbsp;<\/p>\n<p>&nbsp;<\/p>\n<p>&nbsp;<\/p>\n<p>&nbsp;<\/p>\n<p>&nbsp;<\/p>\n<p>&nbsp;<\/p>\n<p>&nbsp;<\/p>\n<p>&nbsp;<\/p>\n<p>&nbsp;<\/p>\n<p>&nbsp;<\/p>\n<p>&nbsp;<\/p>\n<p>&nbsp;<\/p>\n<p>&nbsp;<\/p>\n","protected":false},"excerpt":{"rendered":"<p>El programa escoles verdes ofereix un curs de formaci\u00f3 inicial en educaci\u00f3 per a la sostenibilitat (ES), adre\u00e7at a tots els centres de Catalunya que volen comen\u00e7ar a desenvolupar els continguts de l\u2019ES i integrar-los de forma coherent en el projecte educatiu del seu centre. Els cursos s\u2019imparteixen en diferents serveis territorials del Departament d\u2019Ensenyament, [&hellip;]<\/p>\n","protected":false},"author":1,"featured_media":0,"parent":2044,"menu_order":10,"comment_status":"closed","ping_status":"closed","template":"page-templates\/side-menu.php","meta":{"_bbp_topic_count":0,"_bbp_reply_count":0,"_bbp_total_topic_count":0,"_bbp_total_reply_count":0,"_bbp_voice_count":0,"_bbp_anonymous_reply_count":0,"_bbp_topic_count_hidden":0,"_bbp_reply_count_hidden":0,"_bbp_forum_subforum_count":0,"site-sidebar-layout":"default","site-content-layout":"","ast-site-content-layout":"","site-content-style":"default","site-sidebar-style":"default","ast-global-header-display":"","ast-banner-title-visibility":"","ast-main-header-display":"","ast-hfb-above-header-display":"","ast-hfb-below-header-display":"","ast-hfb-mobile-header-display":"","site-post-title":"","ast-breadcrumbs-content":"","ast-featured-img":"","footer-sml-layout":"","theme-transparent-header-meta":"","adv-header-id-meta":"","stick-header-meta":"","header-above-stick-meta":"","header-main-stick-meta":"","header-below-stick-meta":"","astra-migrate-meta-layouts":"default","ast-page-background-enabled":"default","ast-page-background-meta":{"desktop":{"background-color":"var(--ast-global-color-4)","background-image":"","background-repeat":"repeat","background-position":"center center","background-size":"auto","background-attachment":"scroll","background-type":"","background-media":"","overlay-type":"","overlay-color":"","overlay-opacity":"","overlay-gradient":""},"tablet":{"background-color":"","background-image":"","background-repeat":"repeat","background-position":"center center","background-size":"auto","background-attachment":"scroll","background-type":"","background-media":"","overlay-type":"","overlay-color":"","overlay-opacity":"","overlay-gradient":""},"mobile":{"background-color":"","background-image":"","background-repeat":"repeat","background-position":"center center","background-size":"auto","background-attachment":"scroll","background-type":"","background-media":"","overlay-type":"","overlay-color":"","overlay-opacity":"","overlay-gradient":""}},"ast-content-background-meta":{"desktop":{"background-color":"var(--ast-global-color-5)","background-image":"","background-repeat":"repeat","background-position":"center center","background-size":"auto","background-attachment":"scroll","background-type":"","background-media":"","overlay-type":"","overlay-color":"","overlay-opacity":"","overlay-gradient":""},"tablet":{"background-color":"var(--ast-global-color-5)","background-image":"","background-repeat":"repeat","background-position":"center center","background-size":"auto","background-attachment":"scroll","background-type":"","background-media":"","overlay-type":"","overlay-color":"","overlay-opacity":"","overlay-gradient":""},"mobile":{"background-color":"var(--ast-global-color-5)","background-image":"","background-repeat":"repeat","background-position":"center center","background-size":"auto","background-attachment":"scroll","background-type":"","background-media":"","overlay-type":"","overlay-color":"","overlay-opacity":"","overlay-gradient":""}},"footnotes":""},"class_list":["post-2052","page","type-page","status-publish","hentry"],"post_mailing_queue_ids":[],"_links":{"self":[{"href":"https:\/\/serveiseducatius.xtec.cat\/baixcamp\/wp-json\/wp\/v2\/pages\/2052","targetHints":{"allow":["GET"]}}],"collection":[{"href":"https:\/\/serveiseducatius.xtec.cat\/baixcamp\/wp-json\/wp\/v2\/pages"}],"about":[{"href":"https:\/\/serveiseducatius.xtec.cat\/baixcamp\/wp-json\/wp\/v2\/types\/page"}],"author":[{"embeddable":true,"href":"https:\/\/serveiseducatius.xtec.cat\/baixcamp\/wp-json\/wp\/v2\/users\/1"}],"replies":[{"embeddable":true,"href":"https:\/\/serveiseducatius.xtec.cat\/baixcamp\/wp-json\/wp\/v2\/comments?post=2052"}],"version-history":[{"count":4,"href":"https:\/\/serveiseducatius.xtec.cat\/baixcamp\/wp-json\/wp\/v2\/pages\/2052\/revisions"}],"predecessor-version":[{"id":6538,"href":"https:\/\/serveiseducatius.xtec.cat\/baixcamp\/wp-json\/wp\/v2\/pages\/2052\/revisions\/6538"}],"up":[{"embeddable":true,"href":"https:\/\/serveiseducatius.xtec.cat\/baixcamp\/wp-json\/wp\/v2\/pages\/2044"}],"wp:attachment":[{"href":"https:\/\/serveiseducatius.xtec.cat\/baixcamp\/wp-json\/wp\/v2\/media?parent=2052"}],"curies":[{"name":"wp","href":"https:\/\/api.w.org\/{rel}","templated":true}]}}