{"id":2044,"date":"2016-10-05T08:40:41","date_gmt":"2016-10-05T07:40:41","guid":{"rendered":"http:\/\/serveiseducatius.xtec.cat\/baixcamp\/?page_id=2044"},"modified":"2023-01-12T16:18:30","modified_gmt":"2023-01-12T15:18:30","slug":"escoles-verdes","status":"publish","type":"page","link":"https:\/\/serveiseducatius.xtec.cat\/baixcamp\/projectes\/escoles-verdes\/","title":{"rendered":"Escoles Verdes"},"content":{"rendered":"<p style=\"text-align: center;\"><a href=\"http:\/\/mediambient.gencat.cat\/ca\/05_ambits_dactuacio\/educacio_i_sostenibilitat\/educacio_per_a_la_sostenibilitat\/escoles_verdes\/\"><img loading=\"lazy\" decoding=\"async\" class=\"alignleft size-full wp-image-7523\" src=\"http:\/\/serveiseducatius.xtec.cat\/baixcamp\/wp-content\/uploads\/usu950\/2018\/01\/BOT\u00d3-PE.png\" alt=\"\" width=\"154\" height=\"74\" \/><\/a>Sorgeix com un comprom\u00eds per donar suport a tots els centres educatius de Catalunya que volen innovar, incloure, avan\u00e7ar, sistematitzar i organitzar accions educatives que tinguin la finalitat d&#8217;afrontar, des de l&#8217;educaci\u00f3, els nous reptes i valors de la sostenibilitat.<\/p>\n<h6><strong>Objectius<\/strong><\/h6>\n<ul>\n<li>Ajudar els centres a incorporar els valors de l&#8217;Educaci\u00f3 per a la Sostenibilitat en tots els \u00e0mbits de la vida del centre: curr\u00edculum, gesti\u00f3, relacions amb l&#8217;entorn, etc..<\/li>\n<li>Promoure la participaci\u00f3 i la implicaci\u00f3 activa de la comunitat educativa en la millora del seu entorn.<\/li>\n<li>Afavorir l&#8217;intercanvi entre els centres que comparteixen uns mateixos objectius.<\/li>\n<\/ul>\n<table style=\"border-color: #ffffff; width: 101.333%; height: 370px;\">\n<tbody>\n<tr style=\"height: 337px;\">\n<td style=\"border-color: #ffffff; width: 62%; height: 337px;\"><iframe loading=\"lazy\" src=\"https:\/\/www.youtube.com\/embed\/gn5lYDpyi1I?rel=0\" width=\"560\" height=\"315\" frameborder=\"0\"><\/iframe><\/td>\n<td style=\"border-color: #ffffff; width: 37%; height: 337px;\"><img loading=\"lazy\" decoding=\"async\" class=\"alignleft wp-image-3547\" src=\"http:\/\/serveiseducatius.xtec.cat\/baixcamp\/wp-content\/uploads\/usu950\/2016\/10\/mapa-2016-17.jpg\" alt=\"mapa-2016-17\" width=\"272\" height=\"257\" srcset=\"https:\/\/serveiseducatius.xtec.cat\/baixcamp\/wp-content\/uploads\/usu950\/2016\/10\/mapa-2016-17.jpg 565w, https:\/\/serveiseducatius.xtec.cat\/baixcamp\/wp-content\/uploads\/usu950\/2016\/10\/mapa-2016-17-300x282.jpg 300w\" sizes=\"auto, (max-width: 272px) 100vw, 272px\" \/><\/td>\n<\/tr>\n<tr style=\"height: 33px;\">\n<td style=\"border-color: #ffffff; width: 62%; text-align: center; height: 33px;\"><strong><a href=\"https:\/\/www.youtube.com\/playlist?list=PL2bRVwaF_aqj_uLRL-eevZvLOP9n8h3R4\">Canal YouTube<\/a> v\u00eddeos <em>Escola Verda<\/em><\/strong><\/td>\n<td style=\"border-color: #ffffff; width: 37%; height: 33px;\"><\/td>\n<\/tr>\n<\/tbody>\n<\/table>\n<h2><\/h2>\n<p>&nbsp;<\/p>\n<table style=\"border-color: #ffffff; width: 100%;\">\n<tbody>\n<tr>\n<td style=\"background-color: #ffffff; width: 44.6604%;\">\n<h4 style=\"text-align: center;\"><span style=\"color: #339966;\"><a style=\"color: #339966;\" href=\"http:\/\/serveiseducatius.xtec.cat\/baixcamp\/categoria\/sostenibilitat\/\"><strong>Blog <\/strong><\/a><\/span><span style=\"color: #339966;\"><a style=\"color: #339966;\" href=\"http:\/\/serveiseducatius.xtec.cat\/baixcamp\/categoria\/sostenibilitat\/\"><strong>Educaci\u00f3 per a la Sostenibilitat\u00a0<img loading=\"lazy\" decoding=\"async\" class=\"alignnone size-large wp-image-14230\" src=\"https:\/\/serveiseducatius.xtec.cat\/baixcamp\/wp-content\/uploads\/usu950\/2023\/01\/ods-PLANETA-600x87.jpg\" alt=\"\" width=\"600\" height=\"87\" srcset=\"https:\/\/serveiseducatius.xtec.cat\/baixcamp\/wp-content\/uploads\/usu950\/2023\/01\/ods-PLANETA-600x87.jpg 600w, https:\/\/serveiseducatius.xtec.cat\/baixcamp\/wp-content\/uploads\/usu950\/2023\/01\/ods-PLANETA-300x43.jpg 300w, https:\/\/serveiseducatius.xtec.cat\/baixcamp\/wp-content\/uploads\/usu950\/2023\/01\/ods-PLANETA.jpg 672w\" sizes=\"auto, (max-width: 600px) 100vw, 600px\" \/><\/strong><\/a><\/span><\/h4>\n<\/td>\n<td style=\"background-color: #bab3b3; width: 51.3396%;\"><span style=\"color: #ffffff;\">Espai on trobar\u00e0s articles referents a l&#8217;Educaci\u00f3 per a la Sostenibilitat, recursos i activitats on participar amb el vostre alumnat<\/span><\/p>\n<p><span style=\"color: #ffffff;\">Animeu-vos a publicar imatges i\/o v\u00eddeos de bones pr\u00e0ctiques ambientals del vostre centre!\u00a0 I recordeu que ens podeu etiquetar a les xarxes socials!!!<\/span><\/td>\n<\/tr>\n<\/tbody>\n<\/table>\n<p>&nbsp;<\/p>\n<p>&nbsp;<\/p>\n<p>&nbsp;<\/p>\n<p>&nbsp;<\/p>\n","protected":false},"excerpt":{"rendered":"<p>Sorgeix com un comprom\u00eds per donar suport a tots els centres educatius de Catalunya que volen innovar, incloure, avan\u00e7ar, sistematitzar i organitzar accions educatives que tinguin la finalitat d&#8217;afrontar, des de l&#8217;educaci\u00f3, els nous reptes i valors de la sostenibilitat. Objectius Ajudar els centres a incorporar els valors de l&#8217;Educaci\u00f3 per a la Sostenibilitat en [&hellip;]<\/p>\n","protected":false},"author":1,"featured_media":0,"parent":13463,"menu_order":0,"comment_status":"closed","ping_status":"closed","template":"page-templates\/side-menu.php","meta":{"_bbp_topic_count":0,"_bbp_reply_count":0,"_bbp_total_topic_count":0,"_bbp_total_reply_count":0,"_bbp_voice_count":0,"_bbp_anonymous_reply_count":0,"_bbp_topic_count_hidden":0,"_bbp_reply_count_hidden":0,"_bbp_forum_subforum_count":0,"site-sidebar-layout":"default","site-content-layout":"","ast-site-content-layout":"","site-content-style":"default","site-sidebar-style":"default","ast-global-header-display":"","ast-banner-title-visibility":"","ast-main-header-display":"","ast-hfb-above-header-display":"","ast-hfb-below-header-display":"","ast-hfb-mobile-header-display":"","site-post-title":"","ast-breadcrumbs-content":"","ast-featured-img":"","footer-sml-layout":"","theme-transparent-header-meta":"","adv-header-id-meta":"","stick-header-meta":"","header-above-stick-meta":"","header-main-stick-meta":"","header-below-stick-meta":"","astra-migrate-meta-layouts":"default","ast-page-background-enabled":"default","ast-page-background-meta":{"desktop":{"background-color":"var(--ast-global-color-4)","background-image":"","background-repeat":"repeat","background-position":"center center","background-size":"auto","background-attachment":"scroll","background-type":"","background-media":"","overlay-type":"","overlay-color":"","overlay-opacity":"","overlay-gradient":""},"tablet":{"background-color":"","background-image":"","background-repeat":"repeat","background-position":"center center","background-size":"auto","background-attachment":"scroll","background-type":"","background-media":"","overlay-type":"","overlay-color":"","overlay-opacity":"","overlay-gradient":""},"mobile":{"background-color":"","background-image":"","background-repeat":"repeat","background-position":"center center","background-size":"auto","background-attachment":"scroll","background-type":"","background-media":"","overlay-type":"","overlay-color":"","overlay-opacity":"","overlay-gradient":""}},"ast-content-background-meta":{"desktop":{"background-color":"var(--ast-global-color-5)","background-image":"","background-repeat":"repeat","background-position":"center center","background-size":"auto","background-attachment":"scroll","background-type":"","background-media":"","overlay-type":"","overlay-color":"","overlay-opacity":"","overlay-gradient":""},"tablet":{"background-color":"var(--ast-global-color-5)","background-image":"","background-repeat":"repeat","background-position":"center center","background-size":"auto","background-attachment":"scroll","background-type":"","background-media":"","overlay-type":"","overlay-color":"","overlay-opacity":"","overlay-gradient":""},"mobile":{"background-color":"var(--ast-global-color-5)","background-image":"","background-repeat":"repeat","background-position":"center center","background-size":"auto","background-attachment":"scroll","background-type":"","background-media":"","overlay-type":"","overlay-color":"","overlay-opacity":"","overlay-gradient":""}},"footnotes":""},"class_list":["post-2044","page","type-page","status-publish","hentry"],"post_mailing_queue_ids":[],"_links":{"self":[{"href":"https:\/\/serveiseducatius.xtec.cat\/baixcamp\/wp-json\/wp\/v2\/pages\/2044","targetHints":{"allow":["GET"]}}],"collection":[{"href":"https:\/\/serveiseducatius.xtec.cat\/baixcamp\/wp-json\/wp\/v2\/pages"}],"about":[{"href":"https:\/\/serveiseducatius.xtec.cat\/baixcamp\/wp-json\/wp\/v2\/types\/page"}],"author":[{"embeddable":true,"href":"https:\/\/serveiseducatius.xtec.cat\/baixcamp\/wp-json\/wp\/v2\/users\/1"}],"replies":[{"embeddable":true,"href":"https:\/\/serveiseducatius.xtec.cat\/baixcamp\/wp-json\/wp\/v2\/comments?post=2044"}],"version-history":[{"count":5,"href":"https:\/\/serveiseducatius.xtec.cat\/baixcamp\/wp-json\/wp\/v2\/pages\/2044\/revisions"}],"predecessor-version":[{"id":14238,"href":"https:\/\/serveiseducatius.xtec.cat\/baixcamp\/wp-json\/wp\/v2\/pages\/2044\/revisions\/14238"}],"up":[{"embeddable":true,"href":"https:\/\/serveiseducatius.xtec.cat\/baixcamp\/wp-json\/wp\/v2\/pages\/13463"}],"wp:attachment":[{"href":"https:\/\/serveiseducatius.xtec.cat\/baixcamp\/wp-json\/wp\/v2\/media?parent=2044"}],"curies":[{"name":"wp","href":"https:\/\/api.w.org\/{rel}","templated":true}]}}