{"id":1824,"date":"2016-09-30T22:22:29","date_gmt":"2016-09-30T21:22:29","guid":{"rendered":"http:\/\/serveiseducatius.xtec.cat\/baixcamp\/?page_id=1824"},"modified":"2025-12-15T13:53:00","modified_gmt":"2025-12-15T12:53:00","slug":"inscripcions-mostra-teatre","status":"publish","type":"page","link":"https:\/\/serveiseducatius.xtec.cat\/baixcamp\/dinamitzacions\/mostra-de-teatre\/inscripcions-mostra-teatre\/","title":{"rendered":"Peticions de p\u00fablic &#8211; Tornem als escenaris!"},"content":{"rendered":"<h5><strong><img loading=\"lazy\" decoding=\"async\" class=\"wp-image-2272 alignleft\" src=\"http:\/\/serveiseducatius.xtec.cat\/baixcamp\/wp-content\/uploads\/usu950\/2016\/11\/logo_principal-1.png\" alt=\"logo_principal\" width=\"135\" height=\"82\" \/>Llocs i dates de realitzaci\u00f3<\/strong><\/h5>\n<p>Tots els centres educatius de la comarca poden demanar assistir com a p\u00fablic a les diferents sessions que s&#8217;ofereixen dins de la programaci\u00f3 de la Mostra de Teatre.<\/p>\n<p>Un cop publicat el calendari i la programaci\u00f3 de l&#8217;edici\u00f3, es pot fer la <strong>petici\u00f3 per assistir com a p\u00fablic<\/strong> a trav\u00e9s del seg\u00fcent<span style=\"text-decoration: underline;\"> <span style=\"background-color: #999999;\"><strong><a style=\"background-color: #999999;\" href=\"https:\/\/docs.google.com\/forms\/d\/e\/1FAIpQLSfaX3JaY2YNiD1QjkIFbVGaHHuuRtjHJnd9UKvy9WI2EbEMhg\/viewform?usp=header\">FORMULARI.<\/a><\/strong><\/span><\/span><\/p>\n<p>La confirmaci\u00f3 de la disponibilitat es realitzar\u00e0 per rigor\u00f3s ordre de petici\u00f3.<\/p>\n<p>Podeu consultar les obres i el calendari al seg\u00fcent<a href=\"https:\/\/serveiseducatius.xtec.cat\/baixcamp\/dinamitzacions\/mostra-de-teatre\/calendari\/\"> <strong>enlla\u00e7<\/strong><\/a><\/p>\n<div><img decoding=\"async\" class=\"an1\" draggable=\"false\" src=\"https:\/\/fonts.gstatic.com\/s\/e\/notoemoji\/15.0\/1f3af\/32.png\" alt=\"\ud83c\udfaf\" data-emoji=\"\ud83c\udfaf\" aria-label=\"\ud83c\udfaf\" \/>\u00a0Les representacions tindran un format d&#8217;una\u00a0<b>sessi\u00f3 \u00fanica sense entreactes<\/b> (excepte pels derivats del canvi d&#8217;escenografia). El p\u00fablic gaudir\u00e0 del total de la sessi\u00f3, que tindr\u00e0 una durada aproximada d&#8217;<b>1 h i 30 min\u00a0<\/b>\u00a0durant les quals\u00a0<u><b>no podr\u00e0 abandonar el teatre.<\/b><\/u><\/div>\n<div><\/div>\n<div><u><b><span style=\"font-size: small;\"><span id=\"m_-2646376903053242810m_8887247956293651809m_2565205765696385361m_5346366938105678325gmail-docs-internal-guid-6532dfb2-7fff-9fce-f86d-1e27b92af55a\">Us recordem que dins dels teatres no est\u00e0 permesa la consumici\u00f3 d\u2019aliments ni begudes.<\/span><\/span><\/b><\/u><\/div>\n<div><\/div>\n<h5><\/h5>\n","protected":false},"excerpt":{"rendered":"<p>Llocs i dates de realitzaci\u00f3 Tots els centres educatius de la comarca poden demanar assistir com a p\u00fablic a les diferents sessions que s&#8217;ofereixen dins de la programaci\u00f3 de la Mostra de Teatre. Un cop publicat el calendari i la programaci\u00f3 de l&#8217;edici\u00f3, es pot fer la petici\u00f3 per assistir com a p\u00fablic a trav\u00e9s [&hellip;]<\/p>\n","protected":false},"author":1,"featured_media":0,"parent":1795,"menu_order":10,"comment_status":"closed","ping_status":"closed","template":"page-templates\/side-menu.php","meta":{"_bbp_topic_count":0,"_bbp_reply_count":0,"_bbp_total_topic_count":0,"_bbp_total_reply_count":0,"_bbp_voice_count":0,"_bbp_anonymous_reply_count":0,"_bbp_topic_count_hidden":0,"_bbp_reply_count_hidden":0,"_bbp_forum_subforum_count":0,"site-sidebar-layout":"default","site-content-layout":"","ast-site-content-layout":"default","site-content-style":"default","site-sidebar-style":"default","ast-global-header-display":"","ast-banner-title-visibility":"","ast-main-header-display":"","ast-hfb-above-header-display":"","ast-hfb-below-header-display":"","ast-hfb-mobile-header-display":"","site-post-title":"","ast-breadcrumbs-content":"","ast-featured-img":"","footer-sml-layout":"","theme-transparent-header-meta":"","adv-header-id-meta":"","stick-header-meta":"","header-above-stick-meta":"","header-main-stick-meta":"","header-below-stick-meta":"","astra-migrate-meta-layouts":"set","ast-page-background-enabled":"default","ast-page-background-meta":{"desktop":{"background-color":"var(--ast-global-color-4)","background-image":"","background-repeat":"repeat","background-position":"center center","background-size":"auto","background-attachment":"scroll","background-type":"","background-media":"","overlay-type":"","overlay-color":"","overlay-opacity":"","overlay-gradient":""},"tablet":{"background-color":"","background-image":"","background-repeat":"repeat","background-position":"center center","background-size":"auto","background-attachment":"scroll","background-type":"","background-media":"","overlay-type":"","overlay-color":"","overlay-opacity":"","overlay-gradient":""},"mobile":{"background-color":"","background-image":"","background-repeat":"repeat","background-position":"center center","background-size":"auto","background-attachment":"scroll","background-type":"","background-media":"","overlay-type":"","overlay-color":"","overlay-opacity":"","overlay-gradient":""}},"ast-content-background-meta":{"desktop":{"background-color":"var(--ast-global-color-5)","background-image":"","background-repeat":"repeat","background-position":"center center","background-size":"auto","background-attachment":"scroll","background-type":"","background-media":"","overlay-type":"","overlay-color":"","overlay-opacity":"","overlay-gradient":""},"tablet":{"background-color":"var(--ast-global-color-5)","background-image":"","background-repeat":"repeat","background-position":"center center","background-size":"auto","background-attachment":"scroll","background-type":"","background-media":"","overlay-type":"","overlay-color":"","overlay-opacity":"","overlay-gradient":""},"mobile":{"background-color":"var(--ast-global-color-5)","background-image":"","background-repeat":"repeat","background-position":"center center","background-size":"auto","background-attachment":"scroll","background-type":"","background-media":"","overlay-type":"","overlay-color":"","overlay-opacity":"","overlay-gradient":""}},"footnotes":""},"class_list":["post-1824","page","type-page","status-publish","hentry"],"post_mailing_queue_ids":[],"_links":{"self":[{"href":"https:\/\/serveiseducatius.xtec.cat\/baixcamp\/wp-json\/wp\/v2\/pages\/1824","targetHints":{"allow":["GET"]}}],"collection":[{"href":"https:\/\/serveiseducatius.xtec.cat\/baixcamp\/wp-json\/wp\/v2\/pages"}],"about":[{"href":"https:\/\/serveiseducatius.xtec.cat\/baixcamp\/wp-json\/wp\/v2\/types\/page"}],"author":[{"embeddable":true,"href":"https:\/\/serveiseducatius.xtec.cat\/baixcamp\/wp-json\/wp\/v2\/users\/1"}],"replies":[{"embeddable":true,"href":"https:\/\/serveiseducatius.xtec.cat\/baixcamp\/wp-json\/wp\/v2\/comments?post=1824"}],"version-history":[{"count":6,"href":"https:\/\/serveiseducatius.xtec.cat\/baixcamp\/wp-json\/wp\/v2\/pages\/1824\/revisions"}],"predecessor-version":[{"id":16746,"href":"https:\/\/serveiseducatius.xtec.cat\/baixcamp\/wp-json\/wp\/v2\/pages\/1824\/revisions\/16746"}],"up":[{"embeddable":true,"href":"https:\/\/serveiseducatius.xtec.cat\/baixcamp\/wp-json\/wp\/v2\/pages\/1795"}],"wp:attachment":[{"href":"https:\/\/serveiseducatius.xtec.cat\/baixcamp\/wp-json\/wp\/v2\/media?parent=1824"}],"curies":[{"name":"wp","href":"https:\/\/api.w.org\/{rel}","templated":true}]}}