{"id":1795,"date":"2016-09-30T21:06:51","date_gmt":"2016-09-30T20:06:51","guid":{"rendered":"http:\/\/serveiseducatius.xtec.cat\/baixcamp\/?page_id=1795"},"modified":"2026-03-05T18:05:05","modified_gmt":"2026-03-05T17:05:05","slug":"mostra-de-teatre","status":"publish","type":"page","link":"https:\/\/serveiseducatius.xtec.cat\/baixcamp\/dinamitzacions\/mostra-de-teatre\/","title":{"rendered":"Mostra de Teatre"},"content":{"rendered":"<p><a href=\"http:\/\/serveiseducatius.xtec.cat\/baixcamp\/wp-content\/uploads\/usu950\/2016\/11\/logo_principal-1.png\"><img loading=\"lazy\" decoding=\"async\" class=\"wp-image-2272 alignleft\" src=\"http:\/\/serveiseducatius.xtec.cat\/baixcamp\/wp-content\/uploads\/usu950\/2016\/11\/logo_principal-1.png\" alt=\"logo_principal\" width=\"194\" height=\"117\" \/><\/a>Activitat educativa gestionada per la <span style=\"color: #d63e3e;\"><a style=\"color: #d63e3e;\" href=\"http:\/\/serveiseducatius.xtec.cat\/baixcamp\/mostra-de-teatre\/comissio-organitzadora\/\" target=\"_blank\" rel=\"noopener noreferrer\">Comissi\u00f3 Organitzadora<\/a><\/span> constitu\u00efda per professionals del CRP i docents dels centres educatius de la comarca, organitzada pel Centre de Recursos Pedag\u00f2gics Baix Camp,\u00a0 i subvencionada per la Diputaci\u00f3 de Tarragona amb el suport d&#8217;altres entitats i institucions.<\/p>\n<p>La participaci\u00f3 a la Mostra de Teatre de Reus-Baix Camp est\u00e0 regulada pels <em><span style=\"color: #333333;\">Estatuts de la Mostra<\/span><\/em> i per les <span style=\"color: #de2828;\"><a style=\"color: #de2828;\" href=\"http:\/\/serveiseducatius.xtec.cat\/baixcamp\/mostra-de-teatre\/bases\/\" target=\"_blank\" rel=\"noopener noreferrer\">Bases<\/a><\/span> redactades en cada edici\u00f3 de la mateixa; aquestes s&#8217;aproven en <a href=\"https:\/\/docs.google.com\/document\/d\/e\/2PACX-1vRq7d0yAwmmvR8kyBsmafwMzi27TdxFrE8a5jNWgHO9bS7dLEJPJqPFBoN5FoV8Lvz8SCoxBLzri7F7\/pub\"><span style=\"color: #de2828;\">Assemblea<\/span><\/a>, convocada a meitats del primer trimestre de cada curs escolar. En aquesta estan convidats tots els representants de teatre dels centres d&#8217;educaci\u00f3 infantil, prim\u00e0ria i especial de la comarca del Baix Camp.<\/p>\n<p>La Mostra mobilitza un gran nombre de centres educatius, alumnat i docents de tota la comarca del Baix Camp per tal:<\/p>\n<ul>\n<li>d&#8217;afavorir l&#8217;intercanvi d&#8217;experi\u00e8ncies escolars.<\/li>\n<li>dinamitzar la projecci\u00f3 del curr\u00edculum escolar.<\/li>\n<li>estimular i aprofundir en les compet\u00e8ncies comunicatives, socials i expressives que es treballen en totes les aules dels nostres centres educatius.<\/li>\n<\/ul>\n<h5><span style=\"color: #000000;\"><strong>XLIV Mostra de Teatre 2026<\/strong><\/span><\/h5>\n<p>Per posar-vos en contacte amb la Mostra adreceu-vos a <span style=\"color: #a41159;\"><strong><a style=\"color: #a41159;\" href=\"mailto:mostradeteatre@gmail.com\" target=\"_blank\" rel=\"noopener noreferrer\">mostradeteatre@gmail.com<\/a><\/strong><\/span><\/p>\n<p>Podeu con\u00e8ixer m\u00e9s sobre la Mostra de Teatre al seu<strong><a href=\"https:\/\/serveiseducatius.xtec.cat\/baixcamp\/categoria\/mostra-de-teatre\/\"> BLOG<\/a><\/strong> consultant les informacions dels diferents apartats<\/p>\n<table style=\"border-collapse: collapse; width: 100%;\">\n<tbody>\n<tr>\n<td style=\"width: 16.6667%; background-color: #a41159; text-align: center;\"><a href=\"https:\/\/serveiseducatius.xtec.cat\/baixcamp\/dinamitzacions\/mostra-de-teatre\/bases\/\"><strong><span style=\"color: #ffffff;\">BASES<\/span><\/strong><\/a><\/td>\n<td style=\"width: 16.6667%; background-color: #a41159; text-align: center;\"><a href=\"https:\/\/serveiseducatius.xtec.cat\/baixcamp\/dinamitzacions\/mostra-de-teatre\/comissio-organitzadora\/\"><strong><span style=\"color: #ffffff;\">COMISSI\u00d3 ORGANITZADORA<\/span><\/strong><\/a><\/td>\n<td style=\"width: 16.6667%; background-color: #a41159; text-align: center;\"><a href=\"https:\/\/serveiseducatius.xtec.cat\/baixcamp\/dinamitzacions\/mostra-de-teatre\/calendari\/\"><strong><span style=\"color: #ffffff;\">CALENDARI<\/span><\/strong><\/a><\/td>\n<td style=\"width: 16.6667%; background-color: #a41159; text-align: center;\"><a href=\"https:\/\/serveiseducatius.xtec.cat\/baixcamp\/dinamitzacions\/mostra-de-teatre\/participants\/\"><strong><span style=\"color: #ffffff;\">OBRES PARTICIPANTS<\/span><\/strong><\/a><\/td>\n<td style=\"width: 16.6667%; background-color: #a41159; text-align: center;\"><a href=\"https:\/\/serveiseducatius.xtec.cat\/baixcamp\/dinamitzacions\/mostra-de-teatre\/inscripcions-mostra-teatre\/\"><strong><span style=\"color: #ffffff;\">ASSISTIR COM A P\u00daBLIC<\/span><\/strong><\/a><\/td>\n<td style=\"width: 16.6667%; background-color: #a41159; text-align: center;\"><a href=\"https:\/\/serveiseducatius.xtec.cat\/baixcamp\/dinamitzacions\/mostra-de-teatre\/cartell\/\"><strong><span style=\"color: #ffffff;\">CARTELL<\/span><\/strong><\/a><\/td>\n<\/tr>\n<\/tbody>\n<\/table>\n","protected":false},"excerpt":{"rendered":"<p>Activitat educativa gestionada per la Comissi\u00f3 Organitzadora constitu\u00efda per professionals del CRP i docents dels centres educatius de la comarca, organitzada pel Centre de Recursos Pedag\u00f2gics Baix Camp,\u00a0 i subvencionada per la Diputaci\u00f3 de Tarragona amb el suport d&#8217;altres entitats i institucions. La participaci\u00f3 a la Mostra de Teatre de Reus-Baix Camp est\u00e0 regulada pels [&hellip;]<\/p>\n","protected":false},"author":1,"featured_media":0,"parent":13543,"menu_order":0,"comment_status":"closed","ping_status":"closed","template":"page-templates\/side-menu.php","meta":{"_bbp_topic_count":0,"_bbp_reply_count":0,"_bbp_total_topic_count":0,"_bbp_total_reply_count":0,"_bbp_voice_count":0,"_bbp_anonymous_reply_count":0,"_bbp_topic_count_hidden":0,"_bbp_reply_count_hidden":0,"_bbp_forum_subforum_count":0,"site-sidebar-layout":"default","site-content-layout":"","ast-site-content-layout":"default","site-content-style":"default","site-sidebar-style":"default","ast-global-header-display":"","ast-banner-title-visibility":"","ast-main-header-display":"","ast-hfb-above-header-display":"","ast-hfb-below-header-display":"","ast-hfb-mobile-header-display":"","site-post-title":"","ast-breadcrumbs-content":"","ast-featured-img":"","footer-sml-layout":"","theme-transparent-header-meta":"","adv-header-id-meta":"","stick-header-meta":"","header-above-stick-meta":"","header-main-stick-meta":"","header-below-stick-meta":"","astra-migrate-meta-layouts":"set","ast-page-background-enabled":"default","ast-page-background-meta":{"desktop":{"background-color":"var(--ast-global-color-4)","background-image":"","background-repeat":"repeat","background-position":"center center","background-size":"auto","background-attachment":"scroll","background-type":"","background-media":"","overlay-type":"","overlay-color":"","overlay-opacity":"","overlay-gradient":""},"tablet":{"background-color":"","background-image":"","background-repeat":"repeat","background-position":"center center","background-size":"auto","background-attachment":"scroll","background-type":"","background-media":"","overlay-type":"","overlay-color":"","overlay-opacity":"","overlay-gradient":""},"mobile":{"background-color":"","background-image":"","background-repeat":"repeat","background-position":"center center","background-size":"auto","background-attachment":"scroll","background-type":"","background-media":"","overlay-type":"","overlay-color":"","overlay-opacity":"","overlay-gradient":""}},"ast-content-background-meta":{"desktop":{"background-color":"var(--ast-global-color-5)","background-image":"","background-repeat":"repeat","background-position":"center center","background-size":"auto","background-attachment":"scroll","background-type":"","background-media":"","overlay-type":"","overlay-color":"","overlay-opacity":"","overlay-gradient":""},"tablet":{"background-color":"var(--ast-global-color-5)","background-image":"","background-repeat":"repeat","background-position":"center center","background-size":"auto","background-attachment":"scroll","background-type":"","background-media":"","overlay-type":"","overlay-color":"","overlay-opacity":"","overlay-gradient":""},"mobile":{"background-color":"var(--ast-global-color-5)","background-image":"","background-repeat":"repeat","background-position":"center center","background-size":"auto","background-attachment":"scroll","background-type":"","background-media":"","overlay-type":"","overlay-color":"","overlay-opacity":"","overlay-gradient":""}},"footnotes":""},"class_list":["post-1795","page","type-page","status-publish","hentry"],"post_mailing_queue_ids":[],"_links":{"self":[{"href":"https:\/\/serveiseducatius.xtec.cat\/baixcamp\/wp-json\/wp\/v2\/pages\/1795","targetHints":{"allow":["GET"]}}],"collection":[{"href":"https:\/\/serveiseducatius.xtec.cat\/baixcamp\/wp-json\/wp\/v2\/pages"}],"about":[{"href":"https:\/\/serveiseducatius.xtec.cat\/baixcamp\/wp-json\/wp\/v2\/types\/page"}],"author":[{"embeddable":true,"href":"https:\/\/serveiseducatius.xtec.cat\/baixcamp\/wp-json\/wp\/v2\/users\/1"}],"replies":[{"embeddable":true,"href":"https:\/\/serveiseducatius.xtec.cat\/baixcamp\/wp-json\/wp\/v2\/comments?post=1795"}],"version-history":[{"count":7,"href":"https:\/\/serveiseducatius.xtec.cat\/baixcamp\/wp-json\/wp\/v2\/pages\/1795\/revisions"}],"predecessor-version":[{"id":16744,"href":"https:\/\/serveiseducatius.xtec.cat\/baixcamp\/wp-json\/wp\/v2\/pages\/1795\/revisions\/16744"}],"up":[{"embeddable":true,"href":"https:\/\/serveiseducatius.xtec.cat\/baixcamp\/wp-json\/wp\/v2\/pages\/13543"}],"wp:attachment":[{"href":"https:\/\/serveiseducatius.xtec.cat\/baixcamp\/wp-json\/wp\/v2\/media?parent=1795"}],"curies":[{"name":"wp","href":"https:\/\/api.w.org\/{rel}","templated":true}]}}