{"id":1775,"date":"2016-09-26T21:38:27","date_gmt":"2016-09-26T20:38:27","guid":{"rendered":"http:\/\/serveiseducatius.xtec.cat\/baixcamp\/?page_id=1775"},"modified":"2025-01-27T11:05:54","modified_gmt":"2025-01-27T10:05:54","slug":"maleta-motxilla-bioclimatica","status":"publish","type":"page","link":"https:\/\/serveiseducatius.xtec.cat\/baixcamp\/recursos-2\/ambit-cientific-tecnologic\/maleta-motxilla-bioclimatica\/","title":{"rendered":"Maleta Motxilla Bioclim\u00e0tica"},"content":{"rendered":"\n<p><strong>CODI:\u00a0<\/strong>R101<br><strong>A qui s\u2019adre\u00e7a:<\/strong><br>Educaci\u00f3 Prim\u00e0ria \/ Secund\u00e0ria<\/p>\n\n\n<p><img loading=\"lazy\" decoding=\"async\" class=\"size-full wp-image-4226 alignleft\" style=\"font-size: 14px;\" src=\"http:\/\/serveiseducatius.xtec.cat\/baixcamp\/wp-content\/uploads\/usu950\/2016\/09\/maleta-mb.jpg\" alt=\"maleta-mb\" width=\"225\" height=\"224\" srcset=\"https:\/\/serveiseducatius.xtec.cat\/baixcamp\/wp-content\/uploads\/usu950\/2016\/09\/maleta-mb.jpg 225w, https:\/\/serveiseducatius.xtec.cat\/baixcamp\/wp-content\/uploads\/usu950\/2016\/09\/maleta-mb-150x150.jpg 150w\" sizes=\"auto, (max-width: 225px) 100vw, 225px\" \/><\/p>\n<p>El Programa Motxilla Bioclim\u00e0tica proporciona una maleta de pr\u00e9stec amb <strong><a href=\"https:\/\/drive.google.com\/file\/d\/0B3sOMXJM8paYRjdIZkpwWHBDbWs\/view?usp=sharing\" target=\"_blank\" rel=\"noopener noreferrer\">set aparells <\/a><\/strong>de mesura professionals que permeten la mesura de variables ambientals a partir de les quals es fonamenta el treball experimental i l&#8217;an\u00e0lisi de resultats.<\/p>\n<table style=\"border-color: #ffffff;\">\n<tbody>\n<tr>\n<td style=\"border-color: #ffffff;\">\u00a0<\/td>\n<td style=\"border-color: #ffffff;\"><img loading=\"lazy\" decoding=\"async\" class=\"size-full wp-image-2019 alignright\" src=\"http:\/\/serveiseducatius.xtec.cat\/baixcamp\/wp-content\/uploads\/usu950\/2016\/10\/instruments.png\" alt=\"instruments\" width=\"733\" height=\"264\" srcset=\"https:\/\/serveiseducatius.xtec.cat\/baixcamp\/wp-content\/uploads\/usu950\/2016\/10\/instruments.png 733w, https:\/\/serveiseducatius.xtec.cat\/baixcamp\/wp-content\/uploads\/usu950\/2016\/10\/instruments-300x108.png 300w\" sizes=\"auto, (max-width: 733px) 100vw, 733px\" \/><\/td>\n<\/tr>\n<\/tbody>\n<\/table>\n<h5><strong>Presentaci\u00f3<\/strong><\/h5>\n<p>El programa<em>\u00a0<strong>La motxilla bioclim\u00e0tica,<\/strong><\/em> des d\u2019un punt de vista pedag\u00f2gic, facilita que l\u2019alumne assoleixi les compet\u00e8ncies b\u00e0siques de l\u2019\u00e0mbit cientificotecnol\u00f2gic, matem\u00e0tic i social, en promoure la utilitzaci\u00f3 d\u2019una metodologia activa, en la qual l\u2019alumne \u00e9s el protagonista del seu propi proc\u00e9s d\u2019aprenentatge, en q\u00fcestions tant rellevants socialment i significatives com s\u00f3n la limitaci\u00f3 de recursos f\u00f2ssils, la seguretat energ\u00e8tica, el canvi clim\u00e0tic i la salut des d\u2019una \u00f2ptica experimental i vivencial.<\/p>\n<h5><strong>Finalitat<\/strong><\/h5>\n<p>La finalitat del programa\u00a0<em>La motxilla bioclim\u00e0tica<\/em> \u00e9s fomentar la motivaci\u00f3 de l\u2019alumne a partir del treball interdisciplinari del proc\u00e9s d\u2019indagaci\u00f3 per a la gesti\u00f3 energ\u00e8tica i la salut. Aquest programa es concreta en els centres educatius en diferents projectes vinculats a la motxilla bioclim\u00e0tica des d\u2019una \u00f2ptica experimental i vivencial..<\/p>\n<h5><strong>Per saber-ne m\u00e9s:<\/strong><\/h5>\n<p>Podeu consultar la informaci\u00f3 del Projecte de la<a href=\"https:\/\/serveiseducatius.xtec.cat\/baixcamp\/projectes\/motxilla-bioclimatica\/\" target=\"_blank\" rel=\"noopener\"> Motxilla Bioclim\u00e0tica<\/a> i la seva <a href=\"https:\/\/drive.google.com\/open?id=0B3sOMXJM8paYeGtVejNrQzBLOU0\" target=\"_blank\" rel=\"noopener\">Guia Did\u00e0ctica<\/a> a la p\u00e0gina del programa de la nostra web.<\/p>\n<p>El programa disposa d&#8217;un lloc propi a <a href=\"http:\/\/xtec.gencat.cat\/ca\/projectes\/motxillabioclimatica\/\" target=\"_blank\" rel=\"noopener\">XTEC- Xarxa Telem\u00e0tica educativa de Catalunya.<\/a><\/p>\n<h6><strong>Condicions del pr\u00e9stec<\/strong><\/h6>\n<table border=\"1\">\n<tbody>\n<tr>\n<td><iframe loading=\"lazy\" src=\"https:\/\/calendar.google.com\/calendar\/embed?showTabs=0&amp;showCalendars=0&amp;showTz=0&amp;height=600&amp;wkst=2&amp;hl=ca&amp;bgcolor=%23ffffff&amp;src=xtec.cat_no7oa6imgj50bnddaf8dghdlsg%40group.calendar.google.com&amp;ctz=Europe%2FParis\" width=\"400\" height=\"300\" frameborder=\"0\" scrolling=\"no\" data-mce-fragment=\"1\"><\/iframe><\/td>\n<td><a href=\"https:\/\/docs.google.com\/forms\/d\/e\/1FAIpQLSec0dPqU2rroY5_f-4oaCDsvNBAkQcX4bf9T6WIdMGoEMfJog\/viewform?usp=sf_link\"><img loading=\"lazy\" decoding=\"async\" class=\"alignright wp-image-8976\" src=\"https:\/\/serveiseducatius.xtec.cat\/baixcamp\/wp-content\/uploads\/usu950\/2018\/10\/sol%C2%B7licitud-pr%C3%A9stec.png\" alt=\"\" width=\"157\" height=\"77\" \/><\/a><\/td>\n<td><strong>Durada:<\/strong>\u00a01 setmana aproximadament.Per altres per\u00edodes de pr\u00e9stec, consulteu a\u00a0<a href=\"mailto:e3990102@xtec.cat\">e3990102@xtec.cat<\/a>\n<p><strong>Recollida i retorn del pr\u00e9stec:<\/strong>\u00a0de dilluns a divendres d\u201911:00h a 14:00h i de 16:00h a 18:00h<\/p>\n<\/td>\n<\/tr>\n<\/tbody>\n<\/table>\n<table style=\"border-color: #fafafa;\">\n<tbody>\n<tr>\n<td style=\"border-color: #fafafa;\">\u00a0<\/td>\n<td style=\"border-color: #fafafa;\">\u00a0<\/td>\n<\/tr>\n<\/tbody>\n<\/table>\n<h6><strong>\u00a0<\/strong><\/h6>","protected":false},"excerpt":{"rendered":"<p>CODI:\u00a0R101A qui s\u2019adre\u00e7a:Educaci\u00f3 Prim\u00e0ria \/ Secund\u00e0ria El Programa Motxilla Bioclim\u00e0tica proporciona una maleta de pr\u00e9stec amb set aparells de mesura professionals que permeten la mesura de variables ambientals a partir de les quals es fonamenta el treball experimental i l&#8217;an\u00e0lisi de resultats. \u00a0 Presentaci\u00f3 El programa\u00a0La motxilla bioclim\u00e0tica, des d\u2019un punt de vista pedag\u00f2gic, facilita [&hellip;]<\/p>\n","protected":false},"author":1,"featured_media":0,"parent":14114,"menu_order":100,"comment_status":"closed","ping_status":"closed","template":"page-templates\/side-menu.php","meta":{"_bbp_topic_count":0,"_bbp_reply_count":0,"_bbp_total_topic_count":0,"_bbp_total_reply_count":0,"_bbp_voice_count":0,"_bbp_anonymous_reply_count":0,"_bbp_topic_count_hidden":0,"_bbp_reply_count_hidden":0,"_bbp_forum_subforum_count":0,"site-sidebar-layout":"default","site-content-layout":"","ast-site-content-layout":"","site-content-style":"default","site-sidebar-style":"default","ast-global-header-display":"","ast-banner-title-visibility":"","ast-main-header-display":"","ast-hfb-above-header-display":"","ast-hfb-below-header-display":"","ast-hfb-mobile-header-display":"","site-post-title":"","ast-breadcrumbs-content":"","ast-featured-img":"","footer-sml-layout":"","theme-transparent-header-meta":"","adv-header-id-meta":"","stick-header-meta":"","header-above-stick-meta":"","header-main-stick-meta":"","header-below-stick-meta":"","astra-migrate-meta-layouts":"default","ast-page-background-enabled":"default","ast-page-background-meta":{"desktop":{"background-color":"var(--ast-global-color-4)","background-image":"","background-repeat":"repeat","background-position":"center center","background-size":"auto","background-attachment":"scroll","background-type":"","background-media":"","overlay-type":"","overlay-color":"","overlay-opacity":"","overlay-gradient":""},"tablet":{"background-color":"","background-image":"","background-repeat":"repeat","background-position":"center center","background-size":"auto","background-attachment":"scroll","background-type":"","background-media":"","overlay-type":"","overlay-color":"","overlay-opacity":"","overlay-gradient":""},"mobile":{"background-color":"","background-image":"","background-repeat":"repeat","background-position":"center center","background-size":"auto","background-attachment":"scroll","background-type":"","background-media":"","overlay-type":"","overlay-color":"","overlay-opacity":"","overlay-gradient":""}},"ast-content-background-meta":{"desktop":{"background-color":"var(--ast-global-color-5)","background-image":"","background-repeat":"repeat","background-position":"center center","background-size":"auto","background-attachment":"scroll","background-type":"","background-media":"","overlay-type":"","overlay-color":"","overlay-opacity":"","overlay-gradient":""},"tablet":{"background-color":"var(--ast-global-color-5)","background-image":"","background-repeat":"repeat","background-position":"center center","background-size":"auto","background-attachment":"scroll","background-type":"","background-media":"","overlay-type":"","overlay-color":"","overlay-opacity":"","overlay-gradient":""},"mobile":{"background-color":"var(--ast-global-color-5)","background-image":"","background-repeat":"repeat","background-position":"center center","background-size":"auto","background-attachment":"scroll","background-type":"","background-media":"","overlay-type":"","overlay-color":"","overlay-opacity":"","overlay-gradient":""}},"footnotes":""},"class_list":["post-1775","page","type-page","status-publish","hentry"],"post_mailing_queue_ids":[],"_links":{"self":[{"href":"https:\/\/serveiseducatius.xtec.cat\/baixcamp\/wp-json\/wp\/v2\/pages\/1775","targetHints":{"allow":["GET"]}}],"collection":[{"href":"https:\/\/serveiseducatius.xtec.cat\/baixcamp\/wp-json\/wp\/v2\/pages"}],"about":[{"href":"https:\/\/serveiseducatius.xtec.cat\/baixcamp\/wp-json\/wp\/v2\/types\/page"}],"author":[{"embeddable":true,"href":"https:\/\/serveiseducatius.xtec.cat\/baixcamp\/wp-json\/wp\/v2\/users\/1"}],"replies":[{"embeddable":true,"href":"https:\/\/serveiseducatius.xtec.cat\/baixcamp\/wp-json\/wp\/v2\/comments?post=1775"}],"version-history":[{"count":4,"href":"https:\/\/serveiseducatius.xtec.cat\/baixcamp\/wp-json\/wp\/v2\/pages\/1775\/revisions"}],"predecessor-version":[{"id":15478,"href":"https:\/\/serveiseducatius.xtec.cat\/baixcamp\/wp-json\/wp\/v2\/pages\/1775\/revisions\/15478"}],"up":[{"embeddable":true,"href":"https:\/\/serveiseducatius.xtec.cat\/baixcamp\/wp-json\/wp\/v2\/pages\/14114"}],"wp:attachment":[{"href":"https:\/\/serveiseducatius.xtec.cat\/baixcamp\/wp-json\/wp\/v2\/media?parent=1775"}],"curies":[{"name":"wp","href":"https:\/\/api.w.org\/{rel}","templated":true}]}}