{"id":1747,"date":"2016-09-26T19:50:44","date_gmt":"2016-09-26T18:50:44","guid":{"rendered":"http:\/\/serveiseducatius.xtec.cat\/baixcamp\/?page_id=1747"},"modified":"2018-11-20T12:57:27","modified_gmt":"2018-11-20T11:57:27","slug":"ciencia-en-primera-persona","status":"publish","type":"page","link":"https:\/\/serveiseducatius.xtec.cat\/baixcamp\/dinamitzacions\/setmana-de-la-ciencia\/ciencia-en-primera-persona\/","title":{"rendered":"Ci\u00e8ncia en Primera Persona"},"content":{"rendered":"<p style=\"text-align: justify;\"><img loading=\"lazy\" decoding=\"async\" class=\"wp-image-8378 alignnone\" src=\"http:\/\/serveiseducatius.xtec.cat\/baixcamp\/wp-content\/uploads\/usu950\/2016\/09\/LogoAll_SetmanaCiencia18_FundacioRecerca_FCRi.png\" alt=\"\" width=\"606\" height=\"75\" srcset=\"https:\/\/serveiseducatius.xtec.cat\/baixcamp\/wp-content\/uploads\/usu950\/2016\/09\/LogoAll_SetmanaCiencia18_FundacioRecerca_FCRi.png 663w, https:\/\/serveiseducatius.xtec.cat\/baixcamp\/wp-content\/uploads\/usu950\/2016\/09\/LogoAll_SetmanaCiencia18_FundacioRecerca_FCRi-300x37.png 300w\" sizes=\"auto, (max-width: 606px) 100vw, 606px\" \/><\/p>\n<p style=\"text-align: justify;\">Com els darrers cursos, el Departament d\u2019Ensenyament organitza amb la Fundaci\u00f3 Catalana per a la Recerca i la Innovaci\u00f3 (FCRI) diverses activitats educatives emmarcades en la Setmana de la ci\u00e8ncia.<\/p>\n<p style=\"text-align: justify;\">En el marc de la <strong>23a Setmana de la ci\u00e8ncia<\/strong>, el dimecres <strong>7\u00a0de novembre<\/strong> de <strong>2018<\/strong>, al mat\u00ed, tindran lloc simult\u00e0niament un centenar de <a href=\"http:\/\/srvcnpbs.xtec.cat\/cse\/dia_ciencia_publica\/Conferencies_publiqueslist.php\" target=\"_blank\" rel=\"noopener noreferrer\"><strong>xerrades-col\u00b7loqui<\/strong><\/a> a tot el territori adre\u00e7ades a l\u2019alumnat de 3r, 4t d&#8217;ESO i Batxillerat. Aquestes sessions aniran a c\u00e0rrec d\u2019investigadors i d\u2019investigadores que explicaran la seva tasca, tant des del vessant cient\u00edfic com hum\u00e0.<\/p>\n<p>El Centre de Recursos pedag\u00f2gics del Baix Camp organitza, pel 7 de novembre, <strong>dues confer\u00e8ncies<\/strong>:<\/p>\n<ul>\n<li>\n<h6><strong><span lang=\"CA\">Open\u00a0Outcry<\/span><\/strong><b><\/b><\/h6>\n<p><b><span lang=\"CA\">Jordi Andreu Corbat\u00f3n<\/span><\/b><span lang=\"CA\">. <\/span><span lang=\"CA\">Doctor en Estudis Empresarials \u2013 UB. Tesi <i>Market Indices<\/i>. <\/span><br \/>\n<span lang=\"CA\">Ha treballat com assessor financier independent i ha col\u00b7laborat amb diferents institucions financeres. <\/span><br \/>\n<span lang=\"CA\">Actualment fa classes de finances a la Universitat Rovira i Virgili, i a la UOC.<\/span><br \/>\n<span lang=\"CA\"><em>Activitat molt participativa que parla sobre borsa i inversi\u00f3, i els nois i les noies participen a trav\u00e9s d\u2019un sistema d\u2019ordres i consignes que s\u2019utilitza a Nova York<\/em><b>.<\/b><\/span><br \/>\n<a href=\"https:\/\/serveiseducatius.xtec.cat\/baixcamp\/setmana-de-la-ciencia\/open-outcry\/\">M\u00e9s informaci\u00f3<\/a><\/li>\n<\/ul>\n<ul>\n<li>\n<h6><strong>Pactum<em><br \/>\n<\/em><\/strong><\/h6>\n<p><strong>Jan Gonzalo Iglesia<\/strong>. Professor URV &#8211; Investigador &#8211; ASTERISC. Grup de Recerca en Comunicaci\u00f3<br \/>\nL\u2019activitat presenta el treball del projecte EUritage Did\u00e0ctic que \u00e9s una part del RecerCaixa &#8220;Paisatge i patrimoni identitari d&#8217;Europa: ciutats catedral\u00edcies com mem\u00f2ria viva&#8221; i que t\u00e9 com objectius\u00a0posar en valor el patrimoni medieval de les ciutats catedral\u00edcies i fomentar la identitat europea sobre la base del coneixement.<br \/>\nDinamitzaci\u00f3 de tres espais diferents en els quals els alumnes podran treballar diverses formes d\u2019aproximar-se al patrimoni medieval i interactuar amb ell. Tamb\u00e9 reflexionaran sobre com es construeixen les representacions audiovisuals sobre el m\u00f3n medieval.<\/li>\n<\/ul>\n<p style=\"padding-left: 30px;\">Taller 1: Pactum: construeix la teva ciutat medieval.<br \/>\nTaller 2: Els Constructors de l\u2019edat mitjana.<br \/>\nTaller 3: L\u2019edat mitjana a l\u2019Audiovisual.<br \/>\n<a href=\"https:\/\/serveiseducatius.xtec.cat\/baixcamp\/setmana-de-la-ciencia\/pactum\/\">M\u00e9s informaci\u00f3<\/a><\/p>\n<ul>\n<li style=\"list-style-type: none;\">\n<h6><strong>Per saber-ne m\u00e9s<\/strong><\/h6>\n<p>Podeu consultar l&#8217;<strong><a href=\"http:\/\/serveiseducatius.xtec.cat\/baixcamp\/dinamitzacio\/ciencia-en-primera-persona\/historic-de-conferencies\/\" target=\"_blank\" rel=\"noopener noreferrer\">hist\u00f2ric de confer\u00e8ncies de la nostra comarca<\/a><\/strong>.<br \/>\nTamb\u00e9 podeu participant comentant les xerrades en les que heu participant anant al blog de la Setmana de la Ci\u00e8ncia:<\/p>\n<table style=\"border-color: #ffffff; width: 100%;\">\n<tbody>\n<tr>\n<td style=\"background-color: #ffffff; width: 19.8281%;\">\n<h4><a href=\"http:\/\/serveiseducatius.xtec.cat\/baixcamp\/categoria\/setmana-de-la-ciencia\/\"><strong>Blog <\/strong><\/a><\/h4>\n<h4><a href=\"http:\/\/serveiseducatius.xtec.cat\/baixcamp\/categoria\/setmana-de-la-ciencia\/\"><strong>Setmana de la Ci\u00e8ncia<\/strong><\/a><\/h4>\n<\/td>\n<td style=\"background-color: #bab3b3; width: 77.1719%;\"><span style=\"color: #ffffff;\">Espai on trobar\u00e0s articles referents a les\u00a0confer\u00e8ncies\u00a0realitzades dins l&#8217;activitat LA CI\u00c8NCIA EN PRIMERA PERSONA.<\/span><\/p>\n<p><span style=\"color: #ffffff;\">Anima\u2019t a comentar\u00a0les xerrades en que el vostre alumant de 2n cicle de l&#8217;ESO o Batxillerat ha participat!<\/span><\/td>\n<\/tr>\n<\/tbody>\n<\/table>\n<\/li>\n<\/ul>\n","protected":false},"excerpt":{"rendered":"<p>Com els darrers cursos, el Departament d\u2019Ensenyament organitza amb la Fundaci\u00f3 Catalana per a la Recerca i la Innovaci\u00f3 (FCRI) diverses activitats educatives emmarcades en la Setmana de la ci\u00e8ncia. En el marc de la 23a Setmana de la ci\u00e8ncia, el dimecres 7\u00a0de novembre de 2018, al mat\u00ed, tindran lloc simult\u00e0niament un centenar de xerrades-col\u00b7loqui [&hellip;]<\/p>\n","protected":false},"author":1,"featured_media":0,"parent":1697,"menu_order":10,"comment_status":"closed","ping_status":"closed","template":"page-templates\/side-menu.php","meta":{"_bbp_topic_count":0,"_bbp_reply_count":0,"_bbp_total_topic_count":0,"_bbp_total_reply_count":0,"_bbp_voice_count":0,"_bbp_anonymous_reply_count":0,"_bbp_topic_count_hidden":0,"_bbp_reply_count_hidden":0,"_bbp_forum_subforum_count":0,"site-sidebar-layout":"default","site-content-layout":"","ast-site-content-layout":"","site-content-style":"default","site-sidebar-style":"default","ast-global-header-display":"","ast-banner-title-visibility":"","ast-main-header-display":"","ast-hfb-above-header-display":"","ast-hfb-below-header-display":"","ast-hfb-mobile-header-display":"","site-post-title":"","ast-breadcrumbs-content":"","ast-featured-img":"","footer-sml-layout":"","theme-transparent-header-meta":"","adv-header-id-meta":"","stick-header-meta":"","header-above-stick-meta":"","header-main-stick-meta":"","header-below-stick-meta":"","astra-migrate-meta-layouts":"default","ast-page-background-enabled":"default","ast-page-background-meta":{"desktop":{"background-color":"var(--ast-global-color-4)","background-image":"","background-repeat":"repeat","background-position":"center center","background-size":"auto","background-attachment":"scroll","background-type":"","background-media":"","overlay-type":"","overlay-color":"","overlay-opacity":"","overlay-gradient":""},"tablet":{"background-color":"","background-image":"","background-repeat":"repeat","background-position":"center center","background-size":"auto","background-attachment":"scroll","background-type":"","background-media":"","overlay-type":"","overlay-color":"","overlay-opacity":"","overlay-gradient":""},"mobile":{"background-color":"","background-image":"","background-repeat":"repeat","background-position":"center center","background-size":"auto","background-attachment":"scroll","background-type":"","background-media":"","overlay-type":"","overlay-color":"","overlay-opacity":"","overlay-gradient":""}},"ast-content-background-meta":{"desktop":{"background-color":"var(--ast-global-color-5)","background-image":"","background-repeat":"repeat","background-position":"center center","background-size":"auto","background-attachment":"scroll","background-type":"","background-media":"","overlay-type":"","overlay-color":"","overlay-opacity":"","overlay-gradient":""},"tablet":{"background-color":"var(--ast-global-color-5)","background-image":"","background-repeat":"repeat","background-position":"center center","background-size":"auto","background-attachment":"scroll","background-type":"","background-media":"","overlay-type":"","overlay-color":"","overlay-opacity":"","overlay-gradient":""},"mobile":{"background-color":"var(--ast-global-color-5)","background-image":"","background-repeat":"repeat","background-position":"center center","background-size":"auto","background-attachment":"scroll","background-type":"","background-media":"","overlay-type":"","overlay-color":"","overlay-opacity":"","overlay-gradient":""}},"footnotes":""},"class_list":["post-1747","page","type-page","status-publish","hentry"],"post_mailing_queue_ids":[],"_links":{"self":[{"href":"https:\/\/serveiseducatius.xtec.cat\/baixcamp\/wp-json\/wp\/v2\/pages\/1747","targetHints":{"allow":["GET"]}}],"collection":[{"href":"https:\/\/serveiseducatius.xtec.cat\/baixcamp\/wp-json\/wp\/v2\/pages"}],"about":[{"href":"https:\/\/serveiseducatius.xtec.cat\/baixcamp\/wp-json\/wp\/v2\/types\/page"}],"author":[{"embeddable":true,"href":"https:\/\/serveiseducatius.xtec.cat\/baixcamp\/wp-json\/wp\/v2\/users\/1"}],"replies":[{"embeddable":true,"href":"https:\/\/serveiseducatius.xtec.cat\/baixcamp\/wp-json\/wp\/v2\/comments?post=1747"}],"version-history":[{"count":5,"href":"https:\/\/serveiseducatius.xtec.cat\/baixcamp\/wp-json\/wp\/v2\/pages\/1747\/revisions"}],"predecessor-version":[{"id":9277,"href":"https:\/\/serveiseducatius.xtec.cat\/baixcamp\/wp-json\/wp\/v2\/pages\/1747\/revisions\/9277"}],"up":[{"embeddable":true,"href":"https:\/\/serveiseducatius.xtec.cat\/baixcamp\/wp-json\/wp\/v2\/pages\/1697"}],"wp:attachment":[{"href":"https:\/\/serveiseducatius.xtec.cat\/baixcamp\/wp-json\/wp\/v2\/media?parent=1747"}],"curies":[{"name":"wp","href":"https:\/\/api.w.org\/{rel}","templated":true}]}}