{"id":1697,"date":"2016-09-21T20:16:32","date_gmt":"2016-09-21T19:16:32","guid":{"rendered":"http:\/\/serveiseducatius.xtec.cat\/baixcamp\/?page_id=1697"},"modified":"2023-03-20T14:28:14","modified_gmt":"2023-03-20T13:28:14","slug":"setmana-de-la-ciencia","status":"publish","type":"page","link":"https:\/\/serveiseducatius.xtec.cat\/baixcamp\/dinamitzacions\/setmana-de-la-ciencia\/","title":{"rendered":"Setmana de la Ci\u00e8ncia"},"content":{"rendered":"<p style=\"text-align: left;\">Del <strong>11<\/strong> a<strong>l 20<\/strong> de<strong> novembre<\/strong>\u00a0de <strong>2022<\/strong>\u00a0es va celebrar a Catalunya la <a href=\"http:\/\/setmanaciencia.fundaciorecerca.cat\/frontend\/home.asp\" target=\"_blank\" rel=\"noopener noreferrer\"><strong>27a<\/strong> <strong>Setmana de la Ci\u00e8ncia<\/strong><\/a>.<\/p>\n<p style=\"text-align: left;\">Durant la Setmana de la Ci\u00e8ncia es van dur a terme activitats de divulgaci\u00f3 cient\u00edfica arreu del nostre territori. Jornades de portes obertes, exposicions, xerrades, jocs, tallers cient\u00edfics\u2026 tot un ventall de possibilitats al vostre abast.<\/p>\n<p style=\"text-align: center;\"><iframe loading=\"lazy\" title=\"YouTube video player\" src=\"https:\/\/www.youtube.com\/embed\/L9f5u01184U\" width=\"560\" height=\"315\" frameborder=\"0\" allowfullscreen=\"allowfullscreen\"><\/iframe><\/p>\n<p style=\"text-align: left;\">Per a l\u2019edici\u00f3 d\u2019enguany s&#8217;ha proposat com a fil conductor <span class=\"home-size\">la innovaci\u00f3 i el coneixement local<\/span>\u00a0com a motor de creixement, posant en valor els actius en innovaci\u00f3 i ci\u00e8ncia que hi ha arreu del pa\u00eds. En paral\u00b7lel, l\u2019SC fomentar\u00e0\u00a0<span class=\"home-size\">la participaci\u00f3 activa de la ciutadania<\/span>\u00a0en les diferents etapes del proc\u00e9s de recerca cient\u00edfica.<\/p>\n<p>La Setmana de la Ci\u00e8ncia \u00e9s una iniciativa coordinada per la Fundaci\u00f3 Catalana per a la Recerca i la Innovaci\u00f3.<\/p>\n<p>En les edicions anteriors, el CRP Baix Camp va coordinar les confer\u00e8ncies de caire cient\u00edfic adre\u00e7ades a alumnat de 3r i 4t d&#8217;ESO i batxillerat. Aquestes s&#8217;emmarquen dins l&#8217;activitat <a href=\"http:\/\/serveiseducatius.xtec.cat\/baixcamp\/setmana-de-la-ciencia\/ciencia-en-primera-persona\/\">La Ci\u00e8ncia en Primera Persona.<\/a><\/p>\n<h6><strong>Per saber-ne m\u00e9s<\/strong><\/h6>\n<p>Podeu consultar m\u00e9s informaci\u00f3 a web de <a href=\"https:\/\/setmanaciencia.fundaciorecerca.cat\/frontend\/\">La Setmana de la Ci\u00e8ncia 2022<\/a><\/p>\n<ul>\n<li style=\"list-style-type: none;\">\n<table style=\"border-color: #ffffff; width: 100%;\">\n<tbody>\n<tr>\n<td style=\"background-color: #ffffff; width: 19.8281%;\">\n<h4><a href=\"http:\/\/serveiseducatius.xtec.cat\/baixcamp\/categoria\/setmana-de-la-ciencia\/\"><strong>Blog <\/strong><\/a><\/h4>\n<h4><a href=\"http:\/\/serveiseducatius.xtec.cat\/baixcamp\/categoria\/setmana-de-la-ciencia\/\"><strong>Setmana de la Ci\u00e8ncia<\/strong><\/a><\/h4>\n<\/td>\n<td style=\"background-color: #bab3b3; width: 77.1719%;\"><span style=\"color: #ffffff;\">Espai on trobar\u00e0s articles referents a les\u00a0confer\u00e8ncies\u00a0realitzades dins l&#8217;activitat LA CI\u00c8NCIA EN PRIMERA PERSONA.<\/span><\/p>\n<p><span style=\"color: #ffffff;\">Anima\u2019t a comentar\u00a0les xerrades en que el vostre alumant de 2n cicle de l&#8217;ESO o Batxillerat ha participat!<\/span><\/td>\n<\/tr>\n<\/tbody>\n<\/table>\n<\/li>\n<\/ul>\n","protected":false},"excerpt":{"rendered":"<p>Del 11 al 20 de novembre\u00a0de 2022\u00a0es va celebrar a Catalunya la 27a Setmana de la Ci\u00e8ncia. Durant la Setmana de la Ci\u00e8ncia es van dur a terme activitats de divulgaci\u00f3 cient\u00edfica arreu del nostre territori. Jornades de portes obertes, exposicions, xerrades, jocs, tallers cient\u00edfics\u2026 tot un ventall de possibilitats al vostre abast. Per a [&hellip;]<\/p>\n","protected":false},"author":1,"featured_media":0,"parent":13543,"menu_order":0,"comment_status":"closed","ping_status":"closed","template":"page-templates\/side-menu.php","meta":{"_bbp_topic_count":0,"_bbp_reply_count":0,"_bbp_total_topic_count":0,"_bbp_total_reply_count":0,"_bbp_voice_count":0,"_bbp_anonymous_reply_count":0,"_bbp_topic_count_hidden":0,"_bbp_reply_count_hidden":0,"_bbp_forum_subforum_count":0,"site-sidebar-layout":"default","site-content-layout":"","ast-site-content-layout":"","site-content-style":"default","site-sidebar-style":"default","ast-global-header-display":"","ast-banner-title-visibility":"","ast-main-header-display":"","ast-hfb-above-header-display":"","ast-hfb-below-header-display":"","ast-hfb-mobile-header-display":"","site-post-title":"","ast-breadcrumbs-content":"","ast-featured-img":"","footer-sml-layout":"","theme-transparent-header-meta":"","adv-header-id-meta":"","stick-header-meta":"","header-above-stick-meta":"","header-main-stick-meta":"","header-below-stick-meta":"","astra-migrate-meta-layouts":"default","ast-page-background-enabled":"default","ast-page-background-meta":{"desktop":{"background-color":"var(--ast-global-color-4)","background-image":"","background-repeat":"repeat","background-position":"center center","background-size":"auto","background-attachment":"scroll","background-type":"","background-media":"","overlay-type":"","overlay-color":"","overlay-opacity":"","overlay-gradient":""},"tablet":{"background-color":"","background-image":"","background-repeat":"repeat","background-position":"center center","background-size":"auto","background-attachment":"scroll","background-type":"","background-media":"","overlay-type":"","overlay-color":"","overlay-opacity":"","overlay-gradient":""},"mobile":{"background-color":"","background-image":"","background-repeat":"repeat","background-position":"center center","background-size":"auto","background-attachment":"scroll","background-type":"","background-media":"","overlay-type":"","overlay-color":"","overlay-opacity":"","overlay-gradient":""}},"ast-content-background-meta":{"desktop":{"background-color":"var(--ast-global-color-5)","background-image":"","background-repeat":"repeat","background-position":"center center","background-size":"auto","background-attachment":"scroll","background-type":"","background-media":"","overlay-type":"","overlay-color":"","overlay-opacity":"","overlay-gradient":""},"tablet":{"background-color":"var(--ast-global-color-5)","background-image":"","background-repeat":"repeat","background-position":"center center","background-size":"auto","background-attachment":"scroll","background-type":"","background-media":"","overlay-type":"","overlay-color":"","overlay-opacity":"","overlay-gradient":""},"mobile":{"background-color":"var(--ast-global-color-5)","background-image":"","background-repeat":"repeat","background-position":"center center","background-size":"auto","background-attachment":"scroll","background-type":"","background-media":"","overlay-type":"","overlay-color":"","overlay-opacity":"","overlay-gradient":""}},"footnotes":""},"class_list":["post-1697","page","type-page","status-publish","hentry"],"post_mailing_queue_ids":[],"_links":{"self":[{"href":"https:\/\/serveiseducatius.xtec.cat\/baixcamp\/wp-json\/wp\/v2\/pages\/1697","targetHints":{"allow":["GET"]}}],"collection":[{"href":"https:\/\/serveiseducatius.xtec.cat\/baixcamp\/wp-json\/wp\/v2\/pages"}],"about":[{"href":"https:\/\/serveiseducatius.xtec.cat\/baixcamp\/wp-json\/wp\/v2\/types\/page"}],"author":[{"embeddable":true,"href":"https:\/\/serveiseducatius.xtec.cat\/baixcamp\/wp-json\/wp\/v2\/users\/1"}],"replies":[{"embeddable":true,"href":"https:\/\/serveiseducatius.xtec.cat\/baixcamp\/wp-json\/wp\/v2\/comments?post=1697"}],"version-history":[{"count":4,"href":"https:\/\/serveiseducatius.xtec.cat\/baixcamp\/wp-json\/wp\/v2\/pages\/1697\/revisions"}],"predecessor-version":[{"id":14505,"href":"https:\/\/serveiseducatius.xtec.cat\/baixcamp\/wp-json\/wp\/v2\/pages\/1697\/revisions\/14505"}],"up":[{"embeddable":true,"href":"https:\/\/serveiseducatius.xtec.cat\/baixcamp\/wp-json\/wp\/v2\/pages\/13543"}],"wp:attachment":[{"href":"https:\/\/serveiseducatius.xtec.cat\/baixcamp\/wp-json\/wp\/v2\/media?parent=1697"}],"curies":[{"name":"wp","href":"https:\/\/api.w.org\/{rel}","templated":true}]}}