{"id":16333,"date":"2025-11-07T09:44:25","date_gmt":"2025-11-07T08:44:25","guid":{"rendered":"https:\/\/serveiseducatius.xtec.cat\/baixcamp\/?page_id=16333"},"modified":"2025-12-04T13:54:59","modified_gmt":"2025-12-04T12:54:59","slug":"maleta-diversitat-sexual-i-de-genere","status":"publish","type":"page","link":"https:\/\/serveiseducatius.xtec.cat\/baixcamp\/recursos-2\/ambit-linguistic\/maleta-diversitat-sexual-i-de-genere\/","title":{"rendered":"Maleta pedag\u00f2gica &#8220;Diversitat sexual i de g\u00e8nere&#8221;"},"content":{"rendered":"\n<p><strong>Codi:<\/strong><br>Maleta pedag\u00f2gica &#8220;Diversitat sexual i de g\u00e8nere&#8221;: <strong>R402 Diversitat sexual i de g\u00e8nere<\/strong><\/p>\n\n\n\n<p><strong>A qui s\u2019adre\u00e7a:<\/strong><br>Educaci\u00f3 b\u00e0sica (de 9 a 11 anys)<\/p>\n\n\n\n<h2 class=\"wp-block-heading\">Qu\u00e8 proposem?<\/h2>\n\n\n\n<p>Disposeu d\u2019una maleta pedag\u00f2gica amb diferents recursos per apropar l\u2019educaci\u00f3 afectiva i sexual a l\u2019aula des d\u2019una visi\u00f3 hol\u00edstica, sistem\u00e0tica i integral.&nbsp;<\/p>\n\n\n\n<p>La maleta treballa des del marc dels drets sexuals i reproductius, plantejant tem\u00e0tiques com el coneixement del cos, la construcci\u00f3 de g\u00e8nere i la diversitat sexual.<\/p>\n\n\n\n<p>L\u2019acompanyament dels afectes i de la sexualitat \u00e9s un dret fonamental d\u2019infants i joves, des del naixement i en totes les etapes educatives. Per aix\u00f2, promocionem la salut sexual i reproductiva amb perspectiva de g\u00e8nere, d\u2019acord amb els objectius de la Coeducaci\u00f3 i el respecte a les Diversitats.<\/p>\n\n\n\n<p>El projecte pedag\u00f2gic promou els seg\u00fcents valors:<\/p>\n\n\n\n<ul class=\"wp-block-list\">\n<li>Potencia els Drets Sexuals i Reproductius reconeixent-los com a Drets Humans Fonamentals, centrals en la vida de totes les persones, en totes les edats.<\/li>\n\n\n\n<li>Es fonamenta en un model de coeducaci\u00f3 que defensa la igualtat real d\u2019oportunitats, el valor de la diversitat i el comprom\u00eds per l\u2019eliminaci\u00f3 de tota mena d\u2019estigma o discriminaci\u00f3, amb perspectiva de g\u00e8nere.<\/li>\n\n\n\n<li>Promociona la salut sexual posant paraules i apropant el saber sobre el naixement i el part, el coneixement del propi cos i els canvis vitals a la pubertat i l\u2019adolesc\u00e8ncia, el plaer afectiu i sexual, el valor de la diversitat sexual i el bon tracte en totes les relacions d\u2019intimitat.<\/li>\n\n\n\n<li>Seguim la Declaraci\u00f3 dels Drets Sexuals i Reproductius (Beijing, 1995), les recomanacions de la UNESCO (2018), les definicions de la salut sexual de l\u2019Organitzaci\u00f3 Mundial de la Salut (2018), els objectius de l\u2019Agenda pel 2030 de les Nacions Unides (2015), els indicadors de qualitat de l\u2019Estrat\u00e8gia per a la Salut Sexual i Reproductiva de l\u2019Ajuntament de Barcelona (2016) i la proposta curricular del programa Coeduca\u2019t del Departament d\u2019Educaci\u00f3.<\/li>\n\n\n\n<li>Aprofita la curiositat innata i l\u2019inici dels processos maduratius en la biografia real dels infants, per introduir una educaci\u00f3 afectiva i sexual significativa, preventiva i d\u2019impacte positiu, que desenvolupi l\u2019autoconeixement i l\u2019autoestima i l\u2019autonomia, en el marc de les relacions d\u2019interdepend\u00e8ncia, per tenir compet\u00e8ncies per a l\u2019assertivitat, la presa de decisions i la cura.<\/li>\n\n\n\n<li>Aporta informacions, habilitats i compet\u00e8ncies per revertir l\u2019imaginari social i les conductes dominants fonamentades en l\u2019educaci\u00f3 del silenci i la culpa, la hipersexualitzaci\u00f3, la pornografia, l\u2019est\u00e8tica dominant i els models de consum, la discriminaci\u00f3 i les agressions patriarcals, la visi\u00f3 androc\u00e8ntrica, heteronormativa o exclusivament reproductiva de la sexualitat.<\/li>\n\n\n\n<li>Treballa a l\u2019aula en relaci\u00f3 amb models te\u00f2rics contrastats, amb metodologies actives, socioafectives i creatives, amb materials sensibles i ambients de confian\u00e7a, adequant-se als processos maduratius i psicosexuals de l\u2019alumnat. Amb flexibilitat per atendre les diferents formes d\u2019aprenentatge, relaci\u00f3 i comunicaci\u00f3 dels alumnes i les necessitats culturals i socials dels seus contextos educatius.<\/li>\n<\/ul>\n\n\n\n<div style=\"height:48px\" aria-hidden=\"true\" class=\"wp-block-spacer\"><\/div>\n\n\n\n<h1 class=\"wp-block-heading\">Contingut de la maleta:<\/h1>\n\n\n\n<div data-wp-interactive=\"core\/file\" class=\"wp-block-file\"><object data-wp-bind--hidden=\"!state.hasPdfPreview\" hidden class=\"wp-block-file__embed\" data=\"https:\/\/serveiseducatius.xtec.cat\/baixcamp\/wp-content\/uploads\/usu950\/2025\/11\/llistat_prestec_diversitat_sexual_genere-1.pdf\" type=\"application\/pdf\" style=\"width:100%;height:600px\" aria-label=\"Incrustaci\u00f3 de PDF\"><\/object><a href=\"https:\/\/serveiseducatius.xtec.cat\/baixcamp\/wp-content\/uploads\/usu950\/2025\/11\/llistat_prestec_diversitat_sexual_genere-1.pdf\" class=\"wp-block-file__button wp-element-button\" download>Baixa<\/a><\/div>\n\n\n\n<div class=\"wp-block-columns is-layout-flex wp-container-core-columns-is-layout-1 wp-block-columns-is-layout-flex\">\n<div class=\"wp-block-column is-layout-flow wp-block-column-is-layout-flow\" style=\"flex-basis:40%\">\n<table style=\"width: 100.435%;\">\n<tbody>\n<tr>\n<td style=\"width: 44.8331%;\"><iframe loading=\"lazy\" style=\"border: 0;\" src=\"https:\/\/calendar.google.com\/calendar\/embed?src=c_5c5e9b39fccf5711d1a487e6b8d78c7f08a7ada46017ec61b2b632f71b49ef9f%40group.calendar.google.com&amp;ctz=Europe%2FParis\" width=\"600\" height=\"400\" frameborder=\"0\" scrolling=\"no\" data-mce-fragment=\"1\"><\/iframe><\/td>\n<\/tr>\n<\/tbody>\n<\/table>\n<\/div>\n\n\n\n<div class=\"wp-block-column is-layout-flow wp-block-column-is-layout-flow\" style=\"flex-basis:20%\">\n<figure class=\"wp-block-image size-full\"><a href=\"https:\/\/forms.gle\/j9jeXWbWDp6pSJdM9\"><img loading=\"lazy\" decoding=\"async\" width=\"155\" height=\"76\" src=\"https:\/\/serveiseducatius.xtec.cat\/baixcamp\/wp-content\/uploads\/usu950\/2025\/02\/image.png\" alt=\"\" class=\"wp-image-15726\"\/><\/a><\/figure>\n<\/div>\n\n\n\n<div class=\"wp-block-column is-layout-flow wp-block-column-is-layout-flow\" style=\"flex-basis:40%\">\n<p><strong>Condicions del pr\u00e9stec<\/strong><\/p>\n\n\n\n<p>Durada: 3 setmanes aproximadament<\/p>\n\n\n\n<p>Per altres per\u00edodes de pr\u00e9stec, consulteu a&nbsp;<a href=\"mailto:e3990102@xtec.cat\">e3990102@xtec.cat<\/a><\/p>\n\n\n\n<p><strong>Recollida i retorn del pr\u00e9stec:<\/strong>&nbsp;de dilluns a divendres d&#8217;11.00 h a 14.00 h i de dilluns a dijous de 16.00 h a 18.00 h.<\/p>\n\n\n\n<p><strong>Normes d\u2019\u00fas:<\/strong><\/p>\n\n\n\n<p>\u00c9s responsabilitat de l\u2019usuari assegurar-se del contingut material i bon estat dels llibres de la maleta a l\u2019inici de la reserva.<br>Qualsevol p\u00e8rdua o desperfecte del material ser\u00e0 responsabilitat del centre educatiu, que haur\u00e0 de reposar-ho.<br>Cal comunicar qualsevol incid\u00e8ncia que es produeixi durant el seu \u00fas.<\/p>\n<\/div>\n<\/div>\n","protected":false},"excerpt":{"rendered":"<p>Codi:Maleta pedag\u00f2gica &#8220;Diversitat sexual i de g\u00e8nere&#8221;: R402 Diversitat sexual i de g\u00e8nere A qui s\u2019adre\u00e7a:Educaci\u00f3 b\u00e0sica (de 9 a 11 anys) Qu\u00e8 proposem? Disposeu d\u2019una maleta pedag\u00f2gica amb diferents recursos per apropar l\u2019educaci\u00f3 afectiva i sexual a l\u2019aula des d\u2019una visi\u00f3 hol\u00edstica, sistem\u00e0tica i integral.&nbsp; La maleta treballa des del marc dels drets sexuals [&hellip;]<\/p>\n","protected":false},"author":127,"featured_media":0,"parent":14126,"menu_order":0,"comment_status":"closed","ping_status":"close","template":"","meta":{"_bbp_topic_count":0,"_bbp_reply_count":0,"_bbp_total_topic_count":0,"_bbp_total_reply_count":0,"_bbp_voice_count":0,"_bbp_anonymous_reply_count":0,"_bbp_topic_count_hidden":0,"_bbp_reply_count_hidden":0,"_bbp_forum_subforum_count":0,"site-sidebar-layout":"default","site-content-layout":"","ast-site-content-layout":"default","site-content-style":"default","site-sidebar-style":"default","ast-global-header-display":"","ast-banner-title-visibility":"","ast-main-header-display":"","ast-hfb-above-header-display":"","ast-hfb-below-header-display":"","ast-hfb-mobile-header-display":"","site-post-title":"","ast-breadcrumbs-content":"","ast-featured-img":"","footer-sml-layout":"","theme-transparent-header-meta":"","adv-header-id-meta":"","stick-header-meta":"","header-above-stick-meta":"","header-main-stick-meta":"","header-below-stick-meta":"","astra-migrate-meta-layouts":"set","ast-page-background-enabled":"default","ast-page-background-meta":{"desktop":{"background-color":"var(--ast-global-color-4)","background-image":"","background-repeat":"repeat","background-position":"center center","background-size":"auto","background-attachment":"scroll","background-type":"","background-media":"","overlay-type":"","overlay-color":"","overlay-opacity":"","overlay-gradient":""},"tablet":{"background-color":"","background-image":"","background-repeat":"repeat","background-position":"center center","background-size":"auto","background-attachment":"scroll","background-type":"","background-media":"","overlay-type":"","overlay-color":"","overlay-opacity":"","overlay-gradient":""},"mobile":{"background-color":"","background-image":"","background-repeat":"repeat","background-position":"center center","background-size":"auto","background-attachment":"scroll","background-type":"","background-media":"","overlay-type":"","overlay-color":"","overlay-opacity":"","overlay-gradient":""}},"ast-content-background-meta":{"desktop":{"background-color":"var(--ast-global-color-5)","background-image":"","background-repeat":"repeat","background-position":"center center","background-size":"auto","background-attachment":"scroll","background-type":"","background-media":"","overlay-type":"","overlay-color":"","overlay-opacity":"","overlay-gradient":""},"tablet":{"background-color":"var(--ast-global-color-5)","background-image":"","background-repeat":"repeat","background-position":"center center","background-size":"auto","background-attachment":"scroll","background-type":"","background-media":"","overlay-type":"","overlay-color":"","overlay-opacity":"","overlay-gradient":""},"mobile":{"background-color":"var(--ast-global-color-5)","background-image":"","background-repeat":"repeat","background-position":"center center","background-size":"auto","background-attachment":"scroll","background-type":"","background-media":"","overlay-type":"","overlay-color":"","overlay-opacity":"","overlay-gradient":""}},"footnotes":""},"class_list":["post-16333","page","type-page","status-publish","hentry"],"post_mailing_queue_ids":[],"_links":{"self":[{"href":"https:\/\/serveiseducatius.xtec.cat\/baixcamp\/wp-json\/wp\/v2\/pages\/16333","targetHints":{"allow":["GET"]}}],"collection":[{"href":"https:\/\/serveiseducatius.xtec.cat\/baixcamp\/wp-json\/wp\/v2\/pages"}],"about":[{"href":"https:\/\/serveiseducatius.xtec.cat\/baixcamp\/wp-json\/wp\/v2\/types\/page"}],"author":[{"embeddable":true,"href":"https:\/\/serveiseducatius.xtec.cat\/baixcamp\/wp-json\/wp\/v2\/users\/127"}],"replies":[{"embeddable":true,"href":"https:\/\/serveiseducatius.xtec.cat\/baixcamp\/wp-json\/wp\/v2\/comments?post=16333"}],"version-history":[{"count":6,"href":"https:\/\/serveiseducatius.xtec.cat\/baixcamp\/wp-json\/wp\/v2\/pages\/16333\/revisions"}],"predecessor-version":[{"id":16423,"href":"https:\/\/serveiseducatius.xtec.cat\/baixcamp\/wp-json\/wp\/v2\/pages\/16333\/revisions\/16423"}],"up":[{"embeddable":true,"href":"https:\/\/serveiseducatius.xtec.cat\/baixcamp\/wp-json\/wp\/v2\/pages\/14126"}],"wp:attachment":[{"href":"https:\/\/serveiseducatius.xtec.cat\/baixcamp\/wp-json\/wp\/v2\/media?parent=16333"}],"curies":[{"name":"wp","href":"https:\/\/api.w.org\/{rel}","templated":true}]}}