{"id":16270,"date":"2025-10-27T14:29:46","date_gmt":"2025-10-27T13:29:46","guid":{"rendered":"https:\/\/serveiseducatius.xtec.cat\/baixcamp\/?page_id=16270"},"modified":"2025-10-27T14:36:11","modified_gmt":"2025-10-27T13:36:11","slug":"anys-anteriors-atrapallibres","status":"publish","type":"page","link":"https:\/\/serveiseducatius.xtec.cat\/baixcamp\/anys-anteriors-atrapallibres\/","title":{"rendered":"Anys anteriors Atrapallibres"},"content":{"rendered":"\n<p><\/p>\n\n\n\n<div class=\"wp-block-columns is-layout-flex wp-container-core-columns-is-layout-1 wp-block-columns-is-layout-flex\">\n<div class=\"wp-block-column is-layout-flow wp-block-column-is-layout-flow\" style=\"flex-basis:30%\">\n<figure class=\"wp-block-image size-large is-resized\"><img loading=\"lazy\" decoding=\"async\" width=\"481\" height=\"600\" src=\"https:\/\/serveiseducatius.xtec.cat\/baixcamp\/wp-content\/uploads\/usu950\/2025\/10\/image-1-481x600.png\" alt=\"\" class=\"wp-image-16274\" style=\"aspect-ratio:3\/4;object-fit:cover;width:260px\" srcset=\"https:\/\/serveiseducatius.xtec.cat\/baixcamp\/wp-content\/uploads\/usu950\/2025\/10\/image-1-481x600.png 481w, https:\/\/serveiseducatius.xtec.cat\/baixcamp\/wp-content\/uploads\/usu950\/2025\/10\/image-1-241x300.png 241w, https:\/\/serveiseducatius.xtec.cat\/baixcamp\/wp-content\/uploads\/usu950\/2025\/10\/image-1-768x958.png 768w, https:\/\/serveiseducatius.xtec.cat\/baixcamp\/wp-content\/uploads\/usu950\/2025\/10\/image-1.png 1024w\" sizes=\"auto, (max-width: 481px) 100vw, 481px\" \/><\/figure>\n<\/div>\n\n\n\n<div class=\"wp-block-column is-layout-flow wp-block-column-is-layout-flow\" style=\"flex-basis:50%\">\n<h4 class=\"wp-block-heading\"><strong>R527<\/strong> &#8211; Al\u00ed Bov\u00e9 i els quaranta nyigui-nyoguis (9 anys)<\/h4>\n\n\n\n<h5 class=\"wp-block-heading\">Andreu Galan<\/h5>\n\n\n\n<p>Un llibre d\u2019endevinalles i embarbussaments. Andreu Galan ha escrit cent endevinalles de caire popular amb els elements cl\u00e0ssics: rodolins i quartetes ben rimades.<\/p>\n\n\n\n<p>Aquestes endevinalles ens transporten a les de tipus cl\u00e0ssic, amb bonics jocs de paraules, ocurr\u00e8ncies que fan goig de llegir i enigmes que fan pensar. Les endevinalles tenen diferents nivells de dificultat i proposen interessants reptes per gaudir en companyia.<\/p>\n\n\n\n<p>A la segona part del llibre, hi ha quaranta embarbussaments de nova creaci\u00f3 o variacions d\u2019embarbussaments populars, amb cacofonies divertides que ens fan somriure.<\/p>\n\n\n\n<p>\u00d2scar Julve \u00e9s l\u2019autor de les il\u00b7lustracions del llibre, sempre sobre un fons de color. Les il\u00b7lustracions tenen un marcat to de disseny decoratiu i ens donen pistes per resoldre alguns dels enigmes plantejats o ressalten els jocs de paraules.<\/p>\n<\/div>\n<\/div>\n\n\n\n<div class=\"wp-block-columns is-layout-flex wp-container-core-columns-is-layout-2 wp-block-columns-is-layout-flex\">\n<div class=\"wp-block-column is-layout-flow wp-block-column-is-layout-flow\" style=\"flex-basis:30%\">\n<figure class=\"wp-block-image size-large is-resized\"><img loading=\"lazy\" decoding=\"async\" width=\"600\" height=\"574\" src=\"https:\/\/serveiseducatius.xtec.cat\/baixcamp\/wp-content\/uploads\/usu950\/2025\/01\/petitti-600x574.jpg\" alt=\"\" class=\"wp-image-15663\" style=\"aspect-ratio:3\/4;object-fit:cover;width:260px\" srcset=\"https:\/\/serveiseducatius.xtec.cat\/baixcamp\/wp-content\/uploads\/usu950\/2025\/01\/petitti-600x574.jpg 600w, https:\/\/serveiseducatius.xtec.cat\/baixcamp\/wp-content\/uploads\/usu950\/2025\/01\/petitti-300x287.jpg 300w, https:\/\/serveiseducatius.xtec.cat\/baixcamp\/wp-content\/uploads\/usu950\/2025\/01\/petitti-768x735.jpg 768w, https:\/\/serveiseducatius.xtec.cat\/baixcamp\/wp-content\/uploads\/usu950\/2025\/01\/petitti-1536x1470.jpg 1536w, https:\/\/serveiseducatius.xtec.cat\/baixcamp\/wp-content\/uploads\/usu950\/2025\/01\/petitti.jpg 2048w\" sizes=\"auto, (max-width: 600px) 100vw, 600px\" \/><figcaption class=\"wp-element-caption\">7 exemplars<\/figcaption><\/figure>\n<\/div>\n\n\n\n<div class=\"wp-block-column is-layout-flow wp-block-column-is-layout-flow\" style=\"flex-basis:50%\">\n<h4 class=\"wp-block-heading\"><strong>R527<\/strong> &#8211; Petititeses (10 anys)<\/h4>\n\n\n\n<h5 class=\"wp-block-heading\">Pep Molist<\/h5>\n\n\n\n<p>Petititeses no ha vingut per encongir les coses, per reduir els detalls o empetitir els mots. Ha vingut per amplificar el cor, per eixamplar l\u2019esperit, per ressaltar la grandesa de les petititeses.<\/p>\n\n\n\n<p>35 POEMES ENDRE\u00c7ATS PER FAM\u00cdLIES DE COSES PETITES, <\/p>\n\n\n\n<p>APARENTMENT INSIGNIFICANTS, <\/p>\n\n\n\n<p>QUE AMB UNA MIRADA ATENTA IL\u00b7LUSTREN LES COSES IMPORTANTS, <\/p>\n\n\n\n<p>BELLES I ESSENCIALS DE LA VIDA.<\/p>\n<\/div>\n<\/div>\n\n\n\n<p><\/p>\n\n\n\n<div class=\"wp-block-columns is-layout-flex wp-container-core-columns-is-layout-3 wp-block-columns-is-layout-flex\">\n<div class=\"wp-block-column is-layout-flow wp-block-column-is-layout-flow\" style=\"flex-basis:30%\">\n<figure class=\"wp-block-image size-full is-resized\"><img loading=\"lazy\" decoding=\"async\" width=\"552\" height=\"859\" src=\"https:\/\/serveiseducatius.xtec.cat\/baixcamp\/wp-content\/uploads\/usu950\/2025\/01\/poebe.jpg\" alt=\"\" class=\"wp-image-15665\" style=\"aspect-ratio:3\/4;object-fit:cover;width:260px\" srcset=\"https:\/\/serveiseducatius.xtec.cat\/baixcamp\/wp-content\/uploads\/usu950\/2025\/01\/poebe.jpg 552w, https:\/\/serveiseducatius.xtec.cat\/baixcamp\/wp-content\/uploads\/usu950\/2025\/01\/poebe-193x300.jpg 193w, https:\/\/serveiseducatius.xtec.cat\/baixcamp\/wp-content\/uploads\/usu950\/2025\/01\/poebe-386x600.jpg 386w\" sizes=\"auto, (max-width: 552px) 100vw, 552px\" \/><figcaption class=\"wp-element-caption\">14 exemplars<\/figcaption><\/figure>\n<\/div>\n\n\n\n<div class=\"wp-block-column is-layout-flow wp-block-column-is-layout-flow\" style=\"flex-basis:50%\">\n<h4 class=\"wp-block-heading\"><strong>R527<\/strong> &#8211; Poeb\u00e8sties (11 anys)<\/h4>\n\n\n\n<h5 class=\"wp-block-heading\">Marc Donat<\/h5>\n\n\n\n<p>En aquest recull hi trobareu bestioles petites com la pu\u00e7a, l\u2019aranya o el cuc de seda, bestiasses grosses com la vaca, la girafa i l\u2019elefant, i criatures gaireb\u00e9 m\u00e0giques com l\u2019estrella i el cavall mar\u00ed. Tamb\u00e9 granotes i gripaus, i un flamenc que \u00e9s poesia pura. Les poeb\u00e8sties de Marc Donat i Llu\u00eds Farr\u00e9 xisclen, bramulen, miolen, mugeixen, brunzeixen que volen ser recitades. I el brau, content de sortir en el primer bestiari po\u00e8tic declaradament antitaur\u00ed. Un bestiari po\u00e8tic original i divertit, amb il\u00b7lustracions en color de Llu\u00eds Farr\u00e9.<\/p>\n<\/div>\n<\/div>\n\n\n\n<div class=\"wp-block-columns is-layout-flex wp-container-core-columns-is-layout-4 wp-block-columns-is-layout-flex\">\n<div class=\"wp-block-column is-layout-flow wp-block-column-is-layout-flow\" style=\"flex-basis:40%\">\n<p><iframe loading=\"lazy\" style=\"border: 0;\" src=\"https:\/\/calendar.google.com\/calendar\/embed?src=c_6ah1tun5d3idvdrplncksnr8o0%40group.calendar.google.com&amp;ctz=Europe%2FParis\" width=\"600\" height=\"400\" frameborder=\"0\" scrolling=\"no\"><\/iframe><\/p>\n<\/div>\n\n\n\n<div class=\"wp-block-column is-layout-flow wp-block-column-is-layout-flow\" style=\"flex-basis:20%\">\n<figure class=\"wp-block-image size-full\"><a href=\"https:\/\/forms.gle\/j9jeXWbWDp6pSJdM9\"><img loading=\"lazy\" decoding=\"async\" width=\"155\" height=\"76\" src=\"https:\/\/serveiseducatius.xtec.cat\/baixcamp\/wp-content\/uploads\/usu950\/2025\/02\/image.png\" alt=\"\" class=\"wp-image-15726\"\/><\/a><\/figure>\n<\/div>\n\n\n\n<div class=\"wp-block-column is-layout-flow wp-block-column-is-layout-flow\" style=\"flex-basis:40%\">\n<p><strong>Condicions del pr\u00e9stec<\/strong><\/p>\n\n\n\n<p>Durada: 3 setmanes aproximadament<\/p>\n\n\n\n<p>Per altres per\u00edodes de pr\u00e9stec, consulteu a&nbsp;<a href=\"mailto:e3990102@xtec.cat\">e3990102@xtec.cat<\/a><\/p>\n\n\n\n<p><strong>Recollida i retorn del pr\u00e9stec:<\/strong>&nbsp;de dilluns a divendres d\u201911:00h a 14:00h i de 16:00h a 18:00h<\/p>\n\n\n\n<p><strong>Normes d\u2019\u00fas:<\/strong><\/p>\n\n\n\n<p>\u00c9s responsabilitat de l\u2019usuari assegurar-se del contingut material i bon estat dels llibres de la maleta a l\u2019inici de la reserva.<br>Qualsevol p\u00e8rdua o desperfecte del material ser\u00e0 responsabilitat del centre educatiu, que haur\u00e0 de reposar-ho.<br>Cal comunicar qualsevol incid\u00e8ncia que es produeixi durant el seu \u00fas.<\/p>\n<\/div>\n<\/div>\n","protected":false},"excerpt":{"rendered":"<p>R527 &#8211; Al\u00ed Bov\u00e9 i els quaranta nyigui-nyoguis (9 anys) Andreu Galan Un llibre d\u2019endevinalles i embarbussaments. Andreu Galan ha escrit cent endevinalles de caire popular amb els elements cl\u00e0ssics: rodolins i quartetes ben rimades. Aquestes endevinalles ens transporten a les de tipus cl\u00e0ssic, amb bonics jocs de paraules, ocurr\u00e8ncies que fan goig de llegir [&hellip;]<\/p>\n","protected":false},"author":127,"featured_media":0,"parent":0,"menu_order":0,"comment_status":"closed","ping_status":"close","template":"","meta":{"_bbp_topic_count":0,"_bbp_reply_count":0,"_bbp_total_topic_count":0,"_bbp_total_reply_count":0,"_bbp_voice_count":0,"_bbp_anonymous_reply_count":0,"_bbp_topic_count_hidden":0,"_bbp_reply_count_hidden":0,"_bbp_forum_subforum_count":0,"site-sidebar-layout":"default","site-content-layout":"","ast-site-content-layout":"default","site-content-style":"default","site-sidebar-style":"default","ast-global-header-display":"","ast-banner-title-visibility":"","ast-main-header-display":"","ast-hfb-above-header-display":"","ast-hfb-below-header-display":"","ast-hfb-mobile-header-display":"","site-post-title":"","ast-breadcrumbs-content":"","ast-featured-img":"","footer-sml-layout":"","theme-transparent-header-meta":"","adv-header-id-meta":"","stick-header-meta":"","header-above-stick-meta":"","header-main-stick-meta":"","header-below-stick-meta":"","astra-migrate-meta-layouts":"set","ast-page-background-enabled":"default","ast-page-background-meta":{"desktop":{"background-color":"var(--ast-global-color-4)","background-image":"","background-repeat":"repeat","background-position":"center center","background-size":"auto","background-attachment":"scroll","background-type":"","background-media":"","overlay-type":"","overlay-color":"","overlay-opacity":"","overlay-gradient":""},"tablet":{"background-color":"","background-image":"","background-repeat":"repeat","background-position":"center center","background-size":"auto","background-attachment":"scroll","background-type":"","background-media":"","overlay-type":"","overlay-color":"","overlay-opacity":"","overlay-gradient":""},"mobile":{"background-color":"","background-image":"","background-repeat":"repeat","background-position":"center center","background-size":"auto","background-attachment":"scroll","background-type":"","background-media":"","overlay-type":"","overlay-color":"","overlay-opacity":"","overlay-gradient":""}},"ast-content-background-meta":{"desktop":{"background-color":"var(--ast-global-color-5)","background-image":"","background-repeat":"repeat","background-position":"center center","background-size":"auto","background-attachment":"scroll","background-type":"","background-media":"","overlay-type":"","overlay-color":"","overlay-opacity":"","overlay-gradient":""},"tablet":{"background-color":"var(--ast-global-color-5)","background-image":"","background-repeat":"repeat","background-position":"center center","background-size":"auto","background-attachment":"scroll","background-type":"","background-media":"","overlay-type":"","overlay-color":"","overlay-opacity":"","overlay-gradient":""},"mobile":{"background-color":"var(--ast-global-color-5)","background-image":"","background-repeat":"repeat","background-position":"center center","background-size":"auto","background-attachment":"scroll","background-type":"","background-media":"","overlay-type":"","overlay-color":"","overlay-opacity":"","overlay-gradient":""}},"footnotes":""},"class_list":["post-16270","page","type-page","status-publish","hentry"],"post_mailing_queue_ids":[],"_links":{"self":[{"href":"https:\/\/serveiseducatius.xtec.cat\/baixcamp\/wp-json\/wp\/v2\/pages\/16270","targetHints":{"allow":["GET"]}}],"collection":[{"href":"https:\/\/serveiseducatius.xtec.cat\/baixcamp\/wp-json\/wp\/v2\/pages"}],"about":[{"href":"https:\/\/serveiseducatius.xtec.cat\/baixcamp\/wp-json\/wp\/v2\/types\/page"}],"author":[{"embeddable":true,"href":"https:\/\/serveiseducatius.xtec.cat\/baixcamp\/wp-json\/wp\/v2\/users\/127"}],"replies":[{"embeddable":true,"href":"https:\/\/serveiseducatius.xtec.cat\/baixcamp\/wp-json\/wp\/v2\/comments?post=16270"}],"version-history":[{"count":3,"href":"https:\/\/serveiseducatius.xtec.cat\/baixcamp\/wp-json\/wp\/v2\/pages\/16270\/revisions"}],"predecessor-version":[{"id":16275,"href":"https:\/\/serveiseducatius.xtec.cat\/baixcamp\/wp-json\/wp\/v2\/pages\/16270\/revisions\/16275"}],"wp:attachment":[{"href":"https:\/\/serveiseducatius.xtec.cat\/baixcamp\/wp-json\/wp\/v2\/media?parent=16270"}],"curies":[{"name":"wp","href":"https:\/\/api.w.org\/{rel}","templated":true}]}}