{"id":15655,"date":"2025-01-30T16:46:58","date_gmt":"2025-01-30T15:46:58","guid":{"rendered":"https:\/\/serveiseducatius.xtec.cat\/baixcamp\/?page_id=15655"},"modified":"2025-10-27T14:38:41","modified_gmt":"2025-10-27T13:38:41","slug":"maleta-atrapallibres","status":"publish","type":"page","link":"https:\/\/serveiseducatius.xtec.cat\/baixcamp\/recursos-2\/ambit-linguistic\/maleta-atrapallibres\/","title":{"rendered":"Maleta Atrapallibres"},"content":{"rendered":"\n<p><strong>Codi:<\/strong><br>Maleta Atrapallibres 9 anys: <strong>R527-A Atrapallibres 9<\/strong><br>Maleta Atrapallibres 10 anys: <strong>R527-B Atrapallibres 10<\/strong><br>Maleta Atrapallibres 11 anys: <strong>R527-C Atrapallibres 11<\/strong><\/p>\n\n\n\n<p><strong>A qui s\u2019adre\u00e7a:<\/strong><br>Educaci\u00f3 b\u00e0sica (de 9 a 11 anys)<\/p>\n\n\n\n<p><strong>Els Premis Atrapallibres i Protagonista Jove, convocats pel Consell Catal\u00e0 del Llibre Infantil i Juvenil (Ibbycat), s\u00f3n una activitat de foment de la lectura que convida els infants i joves d\u2019entre 9 i 16 anys a esdevenir jurat d\u2019uns premis literaris.<\/strong><\/p>\n\n\n\n<h2 class=\"wp-block-heading\">Quins objectius persegueixen?<\/h2>\n\n\n\n<ul class=\"wp-block-list\">\n<li>Promoure la lectura, en llengua catalana, actual i de qualitat, entre el nombre m\u00e9s gran possible d\u2019infants i joves<\/li>\n\n\n\n<li>Oferir-los una experi\u00e8ncia lectora motivadora que els dona l\u2019opci\u00f3 de convertir-se en jurat d\u2019un premi literari que va m\u00e9s enll\u00e0 del seu centre escolar, llibreria o biblioteca.<\/li>\n\n\n\n<li>Donar valor i veu a l\u2019opini\u00f3 dels infants i joves com a lectors.<\/li>\n\n\n\n<li>Contribuir a la seva formaci\u00f3 liter\u00e0ria a partir d\u2019una lectura anal\u00edtica, cr\u00edtica i reflexiva i la pr\u00e0ctica de la conversa liter\u00e0ria.<\/li>\n\n\n\n<li>Recon\u00e8ixer les millors obres de literatura infantil i juvenil publicades en catal\u00e0 de l\u2019any anterior a la convocat\u00f2ria dels Premis.<\/li>\n<\/ul>\n\n\n\n<h2 class=\"wp-block-heading\">Qu\u00e8 proposem?<\/h2>\n\n\n\n<p>Que les fam\u00edlies, els centres educatius, les biblioteques, les llibreries i espais d\u2019atenci\u00f3 a la inf\u00e0ncia i l\u2019adolesc\u00e8ncia animin als infants i joves a formar part del jurat i s&#8217;inscriguin com a tal.<\/p>\n\n\n\n<p>Els infants i joves, amb la mediaci\u00f3 dels seus referents, tindran tot un curs per llegir les tres obres finalistes de la seva categoria i propostes per discutir-les amb el grup de companys i companyes amb els quals s&#8217;hagin apuntat.&nbsp;Al llarg d\u2019aquest per\u00edode podran tamb\u00e9 participar en accions de dinamitzaci\u00f3 dels premis ideades per l\u2019espai o centre des del qual participen o per la mateixa organitzaci\u00f3 dels premis.<\/p>\n\n\n\n<p><strong>En el marc d&#8217;aquesta iniciativa, des del CRP volem oferir a tots els infants i joves de Reus i comarca l&#8217;oportunitat d&#8217;accedir al pr\u00e9stec d&#8217;algunes de les lectures d&#8217;aquesta edici\u00f3 2025-2026 de la que Reus n&#8217;\u00e9s ciutat ambaixadora.<\/strong><\/p>\n\n\n\n<div style=\"height:48px\" aria-hidden=\"true\" class=\"wp-block-spacer\"><\/div>\n\n\n\n<h1 class=\"wp-block-heading\">Contingut de la maleta:<\/h1>\n\n\n\n<div class=\"wp-block-getwid-tabs\" data-active-tab=\"0\"><ul class=\"wp-block-getwid-tabs__nav-links\"><\/ul>\n<div class=\"wp-block-getwid-tabs__nav-link\"><span class=\"wp-block-getwid-tabs__title-wrapper\"><a href=\"#\"><span class=\"wp-block-getwid-tabs__title\">9 anys<\/span><\/a><\/span><\/div><div class=\"wp-block-getwid-tabs__tab-content-wrapper\"><div class=\"wp-block-getwid-tabs__tab-content\">\n<p>Sol\u00b7licitud de pr\u00e9stec amb codi i nom: <strong><strong><strong>R527-A<\/strong> <strong>Atrapallibres<\/strong><\/strong> 9<\/strong><\/p>\n\n\n\n<div data-wp-interactive=\"core\/file\" class=\"wp-block-file\"><object data-wp-bind--hidden=\"!state.hasPdfPreview\" hidden class=\"wp-block-file__embed\" data=\"https:\/\/serveiseducatius.xtec.cat\/baixcamp\/wp-content\/uploads\/usu950\/2025\/10\/atrapallibres_9anys-1.pdf\" type=\"application\/pdf\" style=\"width:100%;height:600px\" aria-label=\"Incrustaci\u00f3 del fitxer atrapallibres_9anys.\"><\/object><a id=\"wp-block-file--media-519d63d8-5de0-483f-9619-e015fb9e69b2\" href=\"https:\/\/serveiseducatius.xtec.cat\/baixcamp\/wp-content\/uploads\/usu950\/2025\/10\/atrapallibres_9anys-1.pdf\">atrapallibres_9anys<\/a><a href=\"https:\/\/serveiseducatius.xtec.cat\/baixcamp\/wp-content\/uploads\/usu950\/2025\/10\/atrapallibres_9anys-1.pdf\" class=\"wp-block-file__button wp-element-button\" download aria-describedby=\"wp-block-file--media-519d63d8-5de0-483f-9619-e015fb9e69b2\">Baixa<\/a><\/div>\n<\/div><\/div>\n\n\n\n<div class=\"wp-block-getwid-tabs__nav-link\"><span class=\"wp-block-getwid-tabs__title-wrapper\"><a href=\"#\"><span class=\"wp-block-getwid-tabs__title\">10 anys<\/span><\/a><\/span><\/div><div class=\"wp-block-getwid-tabs__tab-content-wrapper\"><div class=\"wp-block-getwid-tabs__tab-content\">\n<p>Sol\u00b7licitud de pr\u00e9stec amb codi i nom:<strong><strong> R527-B<\/strong> <strong>Atrapallibres 10<\/strong><\/strong><\/p>\n\n\n\n<div data-wp-interactive=\"core\/file\" class=\"wp-block-file\"><object data-wp-bind--hidden=\"!state.hasPdfPreview\" hidden class=\"wp-block-file__embed\" data=\"https:\/\/serveiseducatius.xtec.cat\/baixcamp\/wp-content\/uploads\/usu950\/2025\/10\/atrapallibres_10anys.pdf\" type=\"application\/pdf\" style=\"width:100%;height:600px\" aria-label=\"Incrustaci\u00f3 del fitxer atrapallibres_10anys.\"><\/object><a id=\"wp-block-file--media-707a9e5d-f6ac-4d0e-8454-525091e1b49e\" href=\"https:\/\/serveiseducatius.xtec.cat\/baixcamp\/wp-content\/uploads\/usu950\/2025\/10\/atrapallibres_10anys.pdf\">atrapallibres_10anys<\/a><a href=\"https:\/\/serveiseducatius.xtec.cat\/baixcamp\/wp-content\/uploads\/usu950\/2025\/10\/atrapallibres_10anys.pdf\" class=\"wp-block-file__button wp-element-button\" download aria-describedby=\"wp-block-file--media-707a9e5d-f6ac-4d0e-8454-525091e1b49e\">Baixa<\/a><\/div>\n<\/div><\/div>\n\n\n\n<div class=\"wp-block-getwid-tabs__nav-link\"><span class=\"wp-block-getwid-tabs__title-wrapper\"><a href=\"#\"><span class=\"wp-block-getwid-tabs__title\">11 anys<\/span><\/a><\/span><\/div><div class=\"wp-block-getwid-tabs__tab-content-wrapper\"><div class=\"wp-block-getwid-tabs__tab-content\">\n<p>Sol\u00b7licitud de pr\u00e9stec amb codi i nom:<strong> R527-C<\/strong> <strong>Atrapallibres 11<\/strong><\/p>\n\n\n\n<div data-wp-interactive=\"core\/file\" class=\"wp-block-file\"><object data-wp-bind--hidden=\"!state.hasPdfPreview\" hidden class=\"wp-block-file__embed\" data=\"https:\/\/serveiseducatius.xtec.cat\/baixcamp\/wp-content\/uploads\/usu950\/2025\/10\/atrapallibres_11anys.pdf\" type=\"application\/pdf\" style=\"width:100%;height:600px\" aria-label=\"Incrustaci\u00f3 del fitxer atrapallibres_11anys.\"><\/object><a id=\"wp-block-file--media-af8ebeeb-a1d0-4d4e-a486-e214f13b64fa\" href=\"https:\/\/serveiseducatius.xtec.cat\/baixcamp\/wp-content\/uploads\/usu950\/2025\/10\/atrapallibres_11anys.pdf\">atrapallibres_11anys<\/a><a href=\"https:\/\/serveiseducatius.xtec.cat\/baixcamp\/wp-content\/uploads\/usu950\/2025\/10\/atrapallibres_11anys.pdf\" class=\"wp-block-file__button wp-element-button\" download aria-describedby=\"wp-block-file--media-af8ebeeb-a1d0-4d4e-a486-e214f13b64fa\">Baixa<\/a><\/div>\n<\/div><\/div>\n<\/div>\n\n\n\n<div class=\"wp-block-buttons is-layout-flex wp-block-buttons-is-layout-flex\">\n<div class=\"wp-block-button\"><a class=\"wp-block-button__link wp-element-button\" href=\"https:\/\/serveiseducatius.xtec.cat\/baixcamp\/anys-anteriors-atrapallibres\/\">Edicions anteriors &gt;<\/a><\/div>\n<\/div>\n\n\n\n<div class=\"wp-block-columns is-layout-flex wp-container-core-columns-is-layout-1 wp-block-columns-is-layout-flex\">\n<div class=\"wp-block-column is-layout-flow wp-block-column-is-layout-flow\" style=\"flex-basis:40%\">\n<p><iframe loading=\"lazy\" style=\"border: 0;\" src=\"https:\/\/calendar.google.com\/calendar\/embed?src=c_6ah1tun5d3idvdrplncksnr8o0%40group.calendar.google.com&amp;ctz=Europe%2FParis\" width=\"600\" height=\"400\" frameborder=\"0\" scrolling=\"no\"><\/iframe><\/p>\n<\/div>\n\n\n\n<div class=\"wp-block-column is-layout-flow wp-block-column-is-layout-flow\" style=\"flex-basis:20%\">\n<figure class=\"wp-block-image size-full\"><a href=\"https:\/\/forms.gle\/j9jeXWbWDp6pSJdM9\"><img loading=\"lazy\" decoding=\"async\" width=\"155\" height=\"76\" src=\"https:\/\/serveiseducatius.xtec.cat\/baixcamp\/wp-content\/uploads\/usu950\/2025\/02\/image.png\" alt=\"\" class=\"wp-image-15726\"\/><\/a><\/figure>\n<\/div>\n\n\n\n<div class=\"wp-block-column is-layout-flow wp-block-column-is-layout-flow\" style=\"flex-basis:40%\">\n<p><strong>Condicions del pr\u00e9stec<\/strong><\/p>\n\n\n\n<p>Durada: 3 setmanes aproximadament<\/p>\n\n\n\n<p>Per altres per\u00edodes de pr\u00e9stec, consulteu a&nbsp;<a href=\"mailto:e3990102@xtec.cat\">e3990102@xtec.cat<\/a><\/p>\n\n\n\n<p><strong>Recollida i retorn del pr\u00e9stec:<\/strong>&nbsp;de dilluns a divendres d\u201911:00h a 14:00h i de 16:00h a 18:00h<\/p>\n\n\n\n<p><strong>Normes d\u2019\u00fas:<\/strong><\/p>\n\n\n\n<p>\u00c9s responsabilitat de l\u2019usuari assegurar-se del contingut material i bon estat dels llibres de la maleta a l\u2019inici de la reserva.<br>Qualsevol p\u00e8rdua o desperfecte del material ser\u00e0 responsabilitat del centre educatiu, que haur\u00e0 de reposar-ho.<br>Cal comunicar qualsevol incid\u00e8ncia que es produeixi durant el seu \u00fas.<\/p>\n<\/div>\n<\/div>\n","protected":false},"excerpt":{"rendered":"<p>Codi:Maleta Atrapallibres 9 anys: R527-A Atrapallibres 9Maleta Atrapallibres 10 anys: R527-B Atrapallibres 10Maleta Atrapallibres 11 anys: R527-C Atrapallibres 11 A qui s\u2019adre\u00e7a:Educaci\u00f3 b\u00e0sica (de 9 a 11 anys) Els Premis Atrapallibres i Protagonista Jove, convocats pel Consell Catal\u00e0 del Llibre Infantil i Juvenil (Ibbycat), s\u00f3n una activitat de foment de la lectura que convida els [&hellip;]<\/p>\n","protected":false},"author":122,"featured_media":0,"parent":14126,"menu_order":0,"comment_status":"closed","ping_status":"close","template":"","meta":{"_bbp_topic_count":0,"_bbp_reply_count":0,"_bbp_total_topic_count":0,"_bbp_total_reply_count":0,"_bbp_voice_count":0,"_bbp_anonymous_reply_count":0,"_bbp_topic_count_hidden":0,"_bbp_reply_count_hidden":0,"_bbp_forum_subforum_count":0,"site-sidebar-layout":"default","site-content-layout":"","ast-site-content-layout":"default","site-content-style":"default","site-sidebar-style":"default","ast-global-header-display":"","ast-banner-title-visibility":"","ast-main-header-display":"","ast-hfb-above-header-display":"","ast-hfb-below-header-display":"","ast-hfb-mobile-header-display":"","site-post-title":"","ast-breadcrumbs-content":"","ast-featured-img":"","footer-sml-layout":"","theme-transparent-header-meta":"","adv-header-id-meta":"","stick-header-meta":"","header-above-stick-meta":"","header-main-stick-meta":"","header-below-stick-meta":"","astra-migrate-meta-layouts":"set","ast-page-background-enabled":"default","ast-page-background-meta":{"desktop":{"background-color":"var(--ast-global-color-4)","background-image":"","background-repeat":"repeat","background-position":"center center","background-size":"auto","background-attachment":"scroll","background-type":"","background-media":"","overlay-type":"","overlay-color":"","overlay-opacity":"","overlay-gradient":""},"tablet":{"background-color":"","background-image":"","background-repeat":"repeat","background-position":"center center","background-size":"auto","background-attachment":"scroll","background-type":"","background-media":"","overlay-type":"","overlay-color":"","overlay-opacity":"","overlay-gradient":""},"mobile":{"background-color":"","background-image":"","background-repeat":"repeat","background-position":"center center","background-size":"auto","background-attachment":"scroll","background-type":"","background-media":"","overlay-type":"","overlay-color":"","overlay-opacity":"","overlay-gradient":""}},"ast-content-background-meta":{"desktop":{"background-color":"var(--ast-global-color-5)","background-image":"","background-repeat":"repeat","background-position":"center center","background-size":"auto","background-attachment":"scroll","background-type":"","background-media":"","overlay-type":"","overlay-color":"","overlay-opacity":"","overlay-gradient":""},"tablet":{"background-color":"var(--ast-global-color-5)","background-image":"","background-repeat":"repeat","background-position":"center center","background-size":"auto","background-attachment":"scroll","background-type":"","background-media":"","overlay-type":"","overlay-color":"","overlay-opacity":"","overlay-gradient":""},"mobile":{"background-color":"var(--ast-global-color-5)","background-image":"","background-repeat":"repeat","background-position":"center center","background-size":"auto","background-attachment":"scroll","background-type":"","background-media":"","overlay-type":"","overlay-color":"","overlay-opacity":"","overlay-gradient":""}},"footnotes":""},"class_list":["post-15655","page","type-page","status-publish","hentry"],"post_mailing_queue_ids":[],"_links":{"self":[{"href":"https:\/\/serveiseducatius.xtec.cat\/baixcamp\/wp-json\/wp\/v2\/pages\/15655","targetHints":{"allow":["GET"]}}],"collection":[{"href":"https:\/\/serveiseducatius.xtec.cat\/baixcamp\/wp-json\/wp\/v2\/pages"}],"about":[{"href":"https:\/\/serveiseducatius.xtec.cat\/baixcamp\/wp-json\/wp\/v2\/types\/page"}],"author":[{"embeddable":true,"href":"https:\/\/serveiseducatius.xtec.cat\/baixcamp\/wp-json\/wp\/v2\/users\/122"}],"replies":[{"embeddable":true,"href":"https:\/\/serveiseducatius.xtec.cat\/baixcamp\/wp-json\/wp\/v2\/comments?post=15655"}],"version-history":[{"count":6,"href":"https:\/\/serveiseducatius.xtec.cat\/baixcamp\/wp-json\/wp\/v2\/pages\/15655\/revisions"}],"predecessor-version":[{"id":16339,"href":"https:\/\/serveiseducatius.xtec.cat\/baixcamp\/wp-json\/wp\/v2\/pages\/15655\/revisions\/16339"}],"up":[{"embeddable":true,"href":"https:\/\/serveiseducatius.xtec.cat\/baixcamp\/wp-json\/wp\/v2\/pages\/14126"}],"wp:attachment":[{"href":"https:\/\/serveiseducatius.xtec.cat\/baixcamp\/wp-json\/wp\/v2\/media?parent=15655"}],"curies":[{"name":"wp","href":"https:\/\/api.w.org\/{rel}","templated":true}]}}