{"id":15564,"date":"2025-01-28T14:15:42","date_gmt":"2025-01-28T13:15:42","guid":{"rendered":"https:\/\/serveiseducatius.xtec.cat\/baixcamp\/?page_id=15564"},"modified":"2025-01-28T14:16:35","modified_gmt":"2025-01-28T13:16:35","slug":"llibres-per-parlar-del-dol-a-leducacio-infantil-i-cicle-inicial","status":"publish","type":"page","link":"https:\/\/serveiseducatius.xtec.cat\/baixcamp\/recursos-2\/ambit-linguistic\/la-maleta-del-dol\/llibres-per-parlar-del-dol-a-leducacio-infantil-i-cicle-inicial\/","title":{"rendered":"Llibres per parlar del dol a l&#8217;Educaci\u00f3 Infantil i Cicle inicial"},"content":{"rendered":"\n<div style=\"height:100px\" aria-hidden=\"true\" class=\"wp-block-spacer\"><\/div>\n\n\n\n<div class=\"wp-block-columns is-layout-flex wp-container-core-columns-is-layout-1 wp-block-columns-is-layout-flex\">\n<div class=\"wp-block-column is-vertically-aligned-top is-layout-flow wp-block-column-is-layout-flow\" style=\"flex-basis:10%\">\n<p><img loading=\"lazy\" decoding=\"async\" src=\"https:\/\/lh7-rt.googleusercontent.com\/docsz\/AD_4nXcPMJI37XAnJ4MEwecEtRMtuofUeWhUhEeVevNVva9HzVtuAtV0vXy6gXHQ8zxeGSqe_gk1LK12eZQhlQTgduBRIB0plSAAa8ATuEgk3vrdIjUVvic-YHKSMTwqpQ66vkQTR4SFxLaFVR_fh_lUBsTrR2PsC_K4b2E9KB85Yg?key=Tbw5ABPjzQoHbk3Fn3Z2Rw\" width=\"126\" height=\"69\"><\/p>\n<\/div>\n\n\n\n<div class=\"wp-block-column is-layout-flow wp-block-column-is-layout-flow\" style=\"flex-basis:40%\">\n<h4 class=\"wp-block-heading\">Caixes, caixes i m\u00e9s caixes <\/h4>\n\n\n\n<h5 class=\"wp-block-heading\"><br>Cristina H. Romero, Silvia Esp\u00edn Gonz\u00e1lez<\/h5>\n\n\n\n<p>Aquest \u00e9s un conte sobre el dolor de perdre a un igual quan encara ets massa jove per entendre-ho. \u00c9s la hist\u00f2ria de la Nola, que acaba de perdre al seu germ\u00e0 Niko. Un conte sobre el dol que no pret\u00e9n donar transcend\u00e8ncia a la mort, sin\u00f3 ajudar a lluitar amb el dolor propi i a comprendre que els nens i els adults pateixen. Un conte que proposa els records com a taula de salvaci\u00f3 d\u2019aquest sentiment.<\/p>\n<\/div>\n\n\n\n<div class=\"wp-block-column is-vertically-aligned-top is-layout-flow wp-block-column-is-layout-flow\" style=\"flex-basis:10%\">\n<p><img loading=\"lazy\" decoding=\"async\" src=\"https:\/\/lh7-rt.googleusercontent.com\/docsz\/AD_4nXfVafx7XD3AsItkGInfdyqQhmfFi2EZRSnJH9fPPtOJ6BM4oArXJjmKEb20hAtIpcXMkitaztfXmEiUQNnEz9tJMYRZdTETKb3vDlANHGlhKgF2870QYX4pMcz6x80yyHPUt0cjZ0_aYekNUwATNNG-e_KT4qxfQ1RjelL_ZQ?key=Tbw5ABPjzQoHbk3Fn3Z2Rw\" width=\"126\" height=\"112\"><\/p>\n<\/div>\n\n\n\n<div class=\"wp-block-column is-layout-flow wp-block-column-is-layout-flow\" style=\"flex-basis:40%\">\n<h4 class=\"wp-block-heading\">L\u2019illa de l\u2019avi <\/h4>\n\n\n\n<h5 class=\"wp-block-heading\"><br>Benji Davies<\/h5>\n\n\n\n<p>En Leo estima l\u2019avi. I l\u2019avi estima en Leo. I aix\u00f2 no canviar\u00e0 mai.<br>Un llibre preci\u00f3s i reconfortant que ens mostra com les persones que estimem s\u00f3n sempre a prop, perqu\u00e8 tant se val on siguin.<\/p>\n<\/div>\n<\/div>\n\n\n\n<div style=\"height:20px\" aria-hidden=\"true\" class=\"wp-block-spacer\"><\/div>\n\n\n\n<div class=\"wp-block-columns is-layout-flex wp-container-core-columns-is-layout-2 wp-block-columns-is-layout-flex\">\n<div class=\"wp-block-column is-vertically-aligned-top is-layout-flow wp-block-column-is-layout-flow\" style=\"flex-basis:10%\">\n<figure class=\"wp-block-image\"><img decoding=\"async\" src=\"https:\/\/lh7-rt.googleusercontent.com\/docsz\/AD_4nXfK4YjokprtVhtabST0kiLX5yrcLFa9OIHbS8ohTNcUxyJftvWKPOQ4tXyWk7Y1RmqMa5rVr850dF22pcdzmnnGn8w7_s7U2eZOpr_M2wkEqvUDF8S9lLUv8hwFVK0n71n4gCXSc9ms7JWQkREevepYBqjBS_ymr3mpb6Ld?key=Tbw5ABPjzQoHbk3Fn3Z2Rw\" alt=\"\"\/><\/figure>\n<\/div>\n\n\n\n<div class=\"wp-block-column is-vertically-aligned-top is-layout-flow wp-block-column-is-layout-flow\" style=\"flex-basis:40%\">\n<h4 class=\"wp-block-heading\">El cam\u00ed de la muntanya <\/h4>\n\n\n\n<h5 class=\"wp-block-heading\">Marianne Dubuc<\/h5>\n\n\n\n<p>La senyora Teix\u00f3 \u00e9s molt vella.<br>Ha vist moltes coses.<br>En t\u00e9 unes quantes a la cuina.<br>La seva casa \u00e9s al peu d\u2019una petita muntanya.<br>Tots els diumenges agafa el sender\u00f3 del fons del jard\u00ed i camina fins a arribar al cim.<br>Pel cam\u00ed, cull bolets, ajuda els seus amics i, a vegades, troba companyia\u2026<\/p>\n<\/div>\n\n\n\n<div class=\"wp-block-column is-vertically-aligned-top is-layout-flow wp-block-column-is-layout-flow\" style=\"flex-basis:10%\">\n<p><img loading=\"lazy\" decoding=\"async\" src=\"https:\/\/lh7-rt.googleusercontent.com\/docsz\/AD_4nXflNWT4bONv3lr1rv7CDBSl0Deei-c6YuzffyIunfUlvYogpciP5ktECOlKaNGj3YqDPQ-_QNcrJp_cGwPgLzELH5P68AA_HpQfoOvE8KQW9DkbJiSTxwMAFnpi_74y8TBcgL4ZFfSBEvRHAEOqTiEHUgSC1L2RQSqNeEvrlw?key=Tbw5ABPjzQoHbk3Fn3Z2Rw\" width=\"126\" height=\"127\"><\/p>\n<\/div>\n\n\n\n<div class=\"wp-block-column is-vertically-aligned-center is-layout-flow wp-block-column-is-layout-flow\" style=\"flex-basis:40%\">\n<h4 class=\"wp-block-heading\">No \u00e9s f\u00e0cil, petit esquirol!<\/h4>\n\n\n\n<h5 class=\"wp-block-heading\"><br>Elisa Ramon<\/h5>\n\n\n\n<p>L&#8217;esquirol vermell estava trist. Sentia una pena molt fonda perqu\u00e8 la seva mare s&#8217;havia mort, i pensava que no tornaria a ser feli\u00e7 mai m\u00e9s.<br>El seu pare li eixugava les ll\u00e0grimes amb tendresa, per consolar-lo. Aquesta \u00e9s una proposta liter\u00e0ria i art\u00edstica per als lectors infantils; que perceben amb naturalitat l&#8217;experi\u00e8ncia de la mort. I busquen respostes. La dist\u00e0ncia que els hi aporta la fantasia \u00e9s b\u00e0sica per ajudar-los a entendre la p\u00e8rdua d&#8217;un \u00e9sser estimat<\/p>\n<\/div>\n<\/div>\n\n\n\n<div style=\"height:20px\" aria-hidden=\"true\" class=\"wp-block-spacer\"><\/div>\n\n\n\n<div class=\"wp-block-columns is-layout-flex wp-container-core-columns-is-layout-3 wp-block-columns-is-layout-flex\">\n<div class=\"wp-block-column is-vertically-aligned-top is-layout-flow wp-block-column-is-layout-flow\" style=\"flex-basis:10%\">\n<p><img loading=\"lazy\" decoding=\"async\" src=\"https:\/\/lh7-rt.googleusercontent.com\/docsz\/AD_4nXeA2KnZUKa9UQT-pepGybg08k7R-nija_4eDw-6sir0u8fzx_baiG5GrSRZ8NTHUJV675DJaCa_eDACP1Uu6GpvD-volAU5c1jvAcX-eo6jIFbr3HLceVlvX4mkvR8lxOtQsdFS9WbKfSyuOr766lSofQQOIOpVcD1Bn3Q9_g?key=Tbw5ABPjzQoHbk3Fn3Z2Rw\" width=\"126\" height=\"127\"><\/p>\n<\/div>\n\n\n\n<div class=\"wp-block-column is-layout-flow wp-block-column-is-layout-flow\" style=\"flex-basis:40%\">\n<h4 class=\"wp-block-heading\">L\u2019arbre dels records  <\/h4>\n\n\n\n<h5 class=\"wp-block-heading\">Britta Teckentrup<\/h5>\n\n\n\n<p>La guineu havia tingut una vida llarga i feli\u00e7, per\u00f2 ara esta va cansada. Va mirar el seu bosc estimat una \u00faltima vegada i va jeure, va respirar profundament i va tancar els ulls per sempre.<\/p>\n<\/div>\n\n\n\n<div class=\"wp-block-column is-vertically-aligned-top is-layout-flow wp-block-column-is-layout-flow\" style=\"flex-basis:10%\">\n<p><img loading=\"lazy\" decoding=\"async\" src=\"https:\/\/lh7-rt.googleusercontent.com\/docsz\/AD_4nXdwi7Be6le-tLZVEwENWx9_abZsE3MdYHVLRGp7oS2-FoDn_m36SZJFewXI0AyTCLkbhh9fIFxkpMeoAml-1i9AFSB0unM7z2S4PmAlb-ldVwIrKvbIq2GnIVXrcLSZrl58Cdigric81m5RJm4EEx1ffuBorD2jdKHr8PJc?key=Tbw5ABPjzQoHbk3Fn3Z2Rw\" width=\"126\" height=\"128\"><\/p>\n<\/div>\n\n\n\n<div class=\"wp-block-column is-layout-flow wp-block-column-is-layout-flow\" style=\"flex-basis:40%\">\n<h4 class=\"wp-block-heading\">\u00c0via, on anir\u00e0s quan et moris? <\/h4>\n\n\n\n<h5 class=\"wp-block-heading\">Irene Aumedes, N\u00faria Coll<\/h5>\n\n\n\n<p>\u201c\u00c0via, on anir\u00e0s quan et moris?\u201d \u00e9s un conte que vol ajudar-nos a respondre una de les preguntes m\u00e9s dif\u00edcils. Tot i que la mort forma part de la vida, sovint ens costa donar resposta a les preguntes que ens fan els infants.<\/p>\n\n\n\n<p>Aquest conte tracta el tema de la mort d\u2019una manera senzilla i planera i, a la vegada, molt clara a trav\u00e9s de la met\u00e0fora d\u2019un globus. Les p\u00e0gines d\u2019aquest relat poden acompanyar a fam\u00edlies i mestres a fer present d\u2019una manera entenedora i po\u00e8tica, un tema tan dif\u00edcil de pair com \u00e9s la mort.<\/p>\n<\/div>\n<\/div>\n\n\n\n<div style=\"height:20px\" aria-hidden=\"true\" class=\"wp-block-spacer\"><\/div>\n\n\n\n<div class=\"wp-block-columns is-layout-flex wp-container-core-columns-is-layout-4 wp-block-columns-is-layout-flex\">\n<div class=\"wp-block-column is-vertically-aligned-top is-layout-flow wp-block-column-is-layout-flow\" style=\"flex-basis:10%\">\n<p><img loading=\"lazy\" decoding=\"async\" src=\"https:\/\/lh7-rt.googleusercontent.com\/docsz\/AD_4nXdVba_L5RoG9ztgNrcS3gOJLl-iRow34nXm9NIg7EGU82Yb0gOlLWr0VapZBbpOfyBvxwsiIOyfVmqb7_Gw3tExlrQBQMWRvNx2jMbBQG04j6J2p0CAbDd98K_lphBbk_-nK6Sop0sihXRgXl0kEfzMTNIAwllhfVEEkG_z?key=Tbw5ABPjzQoHbk3Fn3Z2Rw\" width=\"126\" height=\"140\"><\/p>\n<\/div>\n\n\n\n<div class=\"wp-block-column is-layout-flow wp-block-column-is-layout-flow\" style=\"flex-basis:40%\">\n<h4 class=\"wp-block-heading\"><strong>Per qu\u00e8 no vivim per sempre?<\/strong><\/h4>\n\n\n\n<h5 class=\"wp-block-heading\"><strong>Katie Daynes<\/strong><\/h5>\n\n\n\n<p>Un llibre per a nens que explica el cercle de la vida amb l&#8217;ajuda de simp\u00e0tics animalets.&nbsp;<\/p>\n\n\n\n<p>Explora les diferents emocions i aspectes relacionats amb la mort i respon, amb l&#8217;ajuda de finestretes, les preguntes que inquieten els nens. Podem parlar de la mort? Qu\u00e8 passa quan es mor alg\u00fa? Puc plorar i amagar-me en un rac\u00f3? Com puc deixar d&#8217;estar trist?<\/p>\n<\/div>\n\n\n\n<div class=\"wp-block-column is-vertically-aligned-top is-layout-flow wp-block-column-is-layout-flow\" style=\"flex-basis:10%\">\n<p><img loading=\"lazy\" decoding=\"async\" src=\"https:\/\/lh7-rt.googleusercontent.com\/docsz\/AD_4nXdsck22DqZQ671ZKTpLfHk6BKV3v1Cyta88t8qb9OsMAi3QME5Qz4l4nkosnxC7Qh40jtbbM9ausgS4I1NzuTX2WfuU4wYslCBu8-AkOel3qpJ-fl2AUT8YtJboDH45OSoE1lnlLSQ39l7dzHx0YZx2dUbGCXp_FHZHX2Kq?key=Tbw5ABPjzQoHbk3Fn3Z2Rw\" width=\"126\" height=\"149\"><\/p>\n<\/div>\n\n\n\n<div class=\"wp-block-column is-layout-flow wp-block-column-is-layout-flow\" style=\"flex-basis:40%\">\n<h4 class=\"wp-block-heading\"><strong>L\u2019ocell mort<\/strong> <\/h4>\n\n\n\n<h5 class=\"wp-block-heading\"><strong>Margaret Wise Brown<\/strong><\/h5>\n\n\n\n<p>Un dia, un grup de nens i nenes troben, mentre juguen al parc, un ocell recolzat amb els ulls tancats i sense batecs del cor. Compungits decideixen acomiadar-ho com fan els grans amb els seus sers estimats. Caven un clot en el s\u00f2l per a l&#8217;ocell, en un rac\u00f3 bonic i solitari i ho cobreixen amb falgueres i flors silvestres. Ho emboliquen dol\u00e7ament amb fulles de vinya. Finalment li canten una can\u00e7\u00f3 per dir-li ad\u00e9u. Durant molts dies, s&#8217;acosten a la seva petita tomba del bosc per cantar-li la seva can\u00e7\u00f3. Un excel\u00b7lent llibre per tractar el tema de la mort, en el qual tots els nens petits tenen inter\u00e8s, d&#8217;una manera natural.<\/p>\n<\/div>\n<\/div>\n\n\n\n<div style=\"height:20px\" aria-hidden=\"true\" class=\"wp-block-spacer\"><\/div>\n\n\n\n<div class=\"wp-block-columns is-layout-flex wp-container-core-columns-is-layout-5 wp-block-columns-is-layout-flex\">\n<div class=\"wp-block-column is-vertically-aligned-top is-layout-flow wp-block-column-is-layout-flow\" style=\"flex-basis:10%\">\n<p><img loading=\"lazy\" decoding=\"async\" src=\"https:\/\/lh7-rt.googleusercontent.com\/docsz\/AD_4nXcJlG4CT37LUFkipAbtqsubNkSna8-iL21tCc-5-fGUIAPZFUPujsVX1iOoYexJ4C-V46L74Pjcwl9GVqBKPRD5D_OsvLGphqH5z4FQPxGgfySS01oQ5YyOJ3wOgk3Mb6PVd4JQ0-bd9zP-gwHvPsvjwi97d_RQzVW897Rg?key=Tbw5ABPjzQoHbk3Fn3Z2Rw\" width=\"126\" height=\"129\"><\/p>\n<\/div>\n\n\n\n<div class=\"wp-block-column is-layout-flow wp-block-column-is-layout-flow\" style=\"flex-basis:40%\">\n<h4 class=\"wp-block-heading\"><strong><strong>El cor i la botella<\/strong><\/strong><\/h4>\n\n\n\n<h5 class=\"wp-block-heading\"><strong><strong>Oliver Jeffers<\/strong><\/strong><\/h5>\n\n\n\n<p>Hi havia una vegada una nena que tenia el cap ple de curiositat per totes les meravelles del m\u00f3n. Per\u00f2, un dia es va produir un fet inesperat que la va fer sentir insegura, i va decidir que el millor que podia fer era guardar el seu cor en un lloc segur, a dins d&#8217;una botella. Va passar el temps, i un bon dia va decidir que volia recuperar-lo. Podr\u00e0 trobar la forma de recuperar de nou el seu cor?<\/p>\n<\/div>\n\n\n\n<div class=\"wp-block-column is-vertically-aligned-top is-layout-flow wp-block-column-is-layout-flow\" style=\"flex-basis:10%\">\n<p><img loading=\"lazy\" decoding=\"async\" src=\"https:\/\/lh7-rt.googleusercontent.com\/docsz\/AD_4nXdhu7yTJE8CORYxzUAT7XW64Sy7bOojnkx5yd6cwzJRGLYIS4mFgNpWmkk2VQRqW23NzbFemfTAdFXwwkoy5T1PSa8fNNDG3ehoPFXOXzRgg6S4n1jB4-hFtW7aM_aVrCm_qOCtdSvRVisbbn_Hu10p7v8bVw8iurwDROzS?key=Tbw5ABPjzQoHbk3Fn3Z2Rw\" width=\"126\" height=\"185\"><\/p>\n<\/div>\n\n\n\n<div class=\"wp-block-column is-layout-flow wp-block-column-is-layout-flow\" style=\"flex-basis:40%\">\n<h4 class=\"wp-block-heading\"><strong><strong>Les coses que se\u2019n van<\/strong><\/strong> <\/h4>\n\n\n\n<h5 class=\"wp-block-heading\"><strong><strong>Beatrice Alemagna<\/strong><\/strong><\/h5>\n\n\n\n<p>A la vida hi ha moltes coses que se\u2019n van, que es transformen, que passen. Totes menys una. Un \u00e0lbum il\u00b7lustrat que ens parla amb molta sensibilitat dels canvis vitals i del pas del temps.<\/p>\n<\/div>\n<\/div>\n\n\n\n<div style=\"height:20px\" aria-hidden=\"true\" class=\"wp-block-spacer\"><\/div>\n\n\n\n<div class=\"wp-block-columns is-layout-flex wp-container-core-columns-is-layout-6 wp-block-columns-is-layout-flex\">\n<div class=\"wp-block-column is-vertically-aligned-top is-layout-flow wp-block-column-is-layout-flow\" style=\"flex-basis:10%\">\n<p><img loading=\"lazy\" decoding=\"async\" src=\"https:\/\/lh7-rt.googleusercontent.com\/docsz\/AD_4nXcJNp1nox85eJXd-unfEOOWFrV7girx8ttlxDNTm4lrlmIcsmRwNo1FpPuEUnxOYD5pzQD3wdeKtC2kYoX0_LhOPlxAI3-WUOmN8UM-7y3_qOA2hxZTr2YruPER8I6ytuGjwnJGZT3ak-u6pHV-mO-uVl1GBaNuz5C5nN32?key=Tbw5ABPjzQoHbk3Fn3Z2Rw\" width=\"126\" height=\"100\"><\/p>\n<\/div>\n\n\n\n<div class=\"wp-block-column is-layout-flow wp-block-column-is-layout-flow\" style=\"flex-basis:40%\">\n<h4 class=\"wp-block-heading\"><strong><strong><strong>Gallons de taronja<\/strong><\/strong><\/strong><\/h4>\n\n\n\n<h5 class=\"wp-block-heading\"><strong><strong><strong>Fran\u00e7oise Legendre&nbsp; i Natali Fortier<\/strong><\/strong><\/strong><\/h5>\n\n\n\n<p>Petra viu a un poble menut, al sud d\u2019Andalusia. Cada mat\u00ed el seu avi, Pepe Juanito , la desperta oferint-li una taronja acabada de collir.Despr\u00e9s la veu anar-se\u2019n cap a la escola. Cada vesprada l\u2019espera a la pla\u00e7a del poble, per\u00f2 un dia Petra no el troba assegut al banc de sempre\u2026<\/p>\n<\/div>\n\n\n\n<div class=\"wp-block-column is-vertically-aligned-top is-layout-flow wp-block-column-is-layout-flow\" style=\"flex-basis:10%\">\n<p><\/p>\n<\/div>\n\n\n\n<div class=\"wp-block-column is-layout-flow wp-block-column-is-layout-flow\" style=\"flex-basis:40%\">\n<h4 class=\"wp-block-heading\"><\/h4>\n\n\n\n<h5 class=\"wp-block-heading\"><\/h5>\n\n\n\n<p><\/p>\n<\/div>\n<\/div>\n","protected":false},"excerpt":{"rendered":"<p>Caixes, caixes i m\u00e9s caixes Cristina H. Romero, Silvia Esp\u00edn Gonz\u00e1lez Aquest \u00e9s un conte sobre el dolor de perdre a un igual quan encara ets massa jove per entendre-ho. \u00c9s la hist\u00f2ria de la Nola, que acaba de perdre al seu germ\u00e0 Niko. Un conte sobre el dol que no pret\u00e9n donar transcend\u00e8ncia a [&hellip;]<\/p>\n","protected":false},"author":122,"featured_media":0,"parent":14046,"menu_order":1,"comment_status":"closed","ping_status":"close","template":"","meta":{"_bbp_topic_count":0,"_bbp_reply_count":0,"_bbp_total_topic_count":0,"_bbp_total_reply_count":0,"_bbp_voice_count":0,"_bbp_anonymous_reply_count":0,"_bbp_topic_count_hidden":0,"_bbp_reply_count_hidden":0,"_bbp_forum_subforum_count":0,"site-sidebar-layout":"default","site-content-layout":"","ast-site-content-layout":"","site-content-style":"default","site-sidebar-style":"default","ast-global-header-display":"","ast-banner-title-visibility":"","ast-main-header-display":"","ast-hfb-above-header-display":"","ast-hfb-below-header-display":"","ast-hfb-mobile-header-display":"","site-post-title":"","ast-breadcrumbs-content":"","ast-featured-img":"","footer-sml-layout":"","theme-transparent-header-meta":"","adv-header-id-meta":"","stick-header-meta":"","header-above-stick-meta":"","header-main-stick-meta":"","header-below-stick-meta":"","astra-migrate-meta-layouts":"default","ast-page-background-enabled":"default","ast-page-background-meta":{"desktop":{"background-color":"var(--ast-global-color-4)","background-image":"","background-repeat":"repeat","background-position":"center center","background-size":"auto","background-attachment":"scroll","background-type":"","background-media":"","overlay-type":"","overlay-color":"","overlay-opacity":"","overlay-gradient":""},"tablet":{"background-color":"","background-image":"","background-repeat":"repeat","background-position":"center center","background-size":"auto","background-attachment":"scroll","background-type":"","background-media":"","overlay-type":"","overlay-color":"","overlay-opacity":"","overlay-gradient":""},"mobile":{"background-color":"","background-image":"","background-repeat":"repeat","background-position":"center center","background-size":"auto","background-attachment":"scroll","background-type":"","background-media":"","overlay-type":"","overlay-color":"","overlay-opacity":"","overlay-gradient":""}},"ast-content-background-meta":{"desktop":{"background-color":"var(--ast-global-color-5)","background-image":"","background-repeat":"repeat","background-position":"center center","background-size":"auto","background-attachment":"scroll","background-type":"","background-media":"","overlay-type":"","overlay-color":"","overlay-opacity":"","overlay-gradient":""},"tablet":{"background-color":"var(--ast-global-color-5)","background-image":"","background-repeat":"repeat","background-position":"center center","background-size":"auto","background-attachment":"scroll","background-type":"","background-media":"","overlay-type":"","overlay-color":"","overlay-opacity":"","overlay-gradient":""},"mobile":{"background-color":"var(--ast-global-color-5)","background-image":"","background-repeat":"repeat","background-position":"center center","background-size":"auto","background-attachment":"scroll","background-type":"","background-media":"","overlay-type":"","overlay-color":"","overlay-opacity":"","overlay-gradient":""}},"footnotes":""},"class_list":["post-15564","page","type-page","status-publish","hentry"],"post_mailing_queue_ids":[],"_links":{"self":[{"href":"https:\/\/serveiseducatius.xtec.cat\/baixcamp\/wp-json\/wp\/v2\/pages\/15564","targetHints":{"allow":["GET"]}}],"collection":[{"href":"https:\/\/serveiseducatius.xtec.cat\/baixcamp\/wp-json\/wp\/v2\/pages"}],"about":[{"href":"https:\/\/serveiseducatius.xtec.cat\/baixcamp\/wp-json\/wp\/v2\/types\/page"}],"author":[{"embeddable":true,"href":"https:\/\/serveiseducatius.xtec.cat\/baixcamp\/wp-json\/wp\/v2\/users\/122"}],"replies":[{"embeddable":true,"href":"https:\/\/serveiseducatius.xtec.cat\/baixcamp\/wp-json\/wp\/v2\/comments?post=15564"}],"version-history":[{"count":2,"href":"https:\/\/serveiseducatius.xtec.cat\/baixcamp\/wp-json\/wp\/v2\/pages\/15564\/revisions"}],"predecessor-version":[{"id":15605,"href":"https:\/\/serveiseducatius.xtec.cat\/baixcamp\/wp-json\/wp\/v2\/pages\/15564\/revisions\/15605"}],"up":[{"embeddable":true,"href":"https:\/\/serveiseducatius.xtec.cat\/baixcamp\/wp-json\/wp\/v2\/pages\/14046"}],"wp:attachment":[{"href":"https:\/\/serveiseducatius.xtec.cat\/baixcamp\/wp-json\/wp\/v2\/media?parent=15564"}],"curies":[{"name":"wp","href":"https:\/\/api.w.org\/{rel}","templated":true}]}}