{"id":15480,"date":"2025-01-27T13:24:05","date_gmt":"2025-01-27T12:24:05","guid":{"rendered":"https:\/\/serveiseducatius.xtec.cat\/baixcamp\/?page_id=15480"},"modified":"2026-02-04T17:15:23","modified_gmt":"2026-02-04T16:15:23","slug":"steam","status":"publish","type":"page","link":"https:\/\/serveiseducatius.xtec.cat\/baixcamp\/recursos-2\/ambit-cientific-tecnologic\/steam\/","title":{"rendered":"STEAM"},"content":{"rendered":"\n<p><strong>CODI:&nbsp;<\/strong>R612A \/ R612B<br><strong>A qui s\u2019adre\u00e7a:<\/strong> Educaci\u00f3 prim\u00e0ria<\/p>\n\n\n\n<p>Podeu consultar tot el material del<a href=\"https:\/\/serveiseducatius.xtec.cat\/baixcamp\/coeducat\/\"> projecte Coeduca\u2019t <\/a>a la web del CRP.<\/p>\n\n\n\n<p><strong>Descripci\u00f3:<\/strong><\/p>\n\n\n\n<p>Dins el marc del projecte <strong>Coeduca\u2019t<\/strong>, impulsem el <strong>kit STEAM<\/strong> amb l\u2019objectiu de fomentar una educaci\u00f3 equitativa i inclusiva a trav\u00e9s de la ci\u00e8ncia, la tecnologia, l\u2019enginyeria, l\u2019art i les matem\u00e0tiques. A trav\u00e9s d\u2019aquesta iniciativa, volem proporcionar a centres educatius i docents eines innovadores per inspirar l\u2019alumnat, despertant vocacions i habilitats en un entorn d\u2019aprenentatge cooperatiu i coeducatiu.<\/p>\n\n\n\n<p>Amb aquesta maleta podreu iniciar el vostre alumnat en el pensament computacional de forma engrescadora. <\/p>\n\n\n\n<p>El kit STEAM cont\u00e9 el seg\u00fcent:<\/p>\n\n\n\n<div class=\"wp-block-columns is-layout-flex wp-container-core-columns-is-layout-1 wp-block-columns-is-layout-flex\">\n<div class=\"wp-block-column is-layout-flow wp-block-column-is-layout-flow\" style=\"flex-basis:20%\">\n<p><img loading=\"lazy\" decoding=\"async\" src=\"https:\/\/lh7-rt.googleusercontent.com\/docsz\/AD_4nXfD2bClBjudZTLEZXJyAXnlkKK61zM2JK5BByje0rptX3Hv2Yykq2GrMVvBDtmtRJdIfJ55aj5SEUjPHTgU-lBHkc0e5IML2qCG6TamC_V4WIIvwYEMQlaRiEfQCkHJ-fRIAlZs_mdNEBC6pQRG1bKXkuaW_jn2pctwU58?key=otY7_uRkbHju_NCPDynM1Q\" width=\"173\" height=\"173\"><\/p>\n<\/div>\n\n\n\n<div class=\"wp-block-column is-layout-flow wp-block-column-is-layout-flow\" style=\"flex-basis:80%\">\n<h2 class=\"wp-block-heading\">Bits&amp;Bytes<\/h2>\n\n\n\n<p>\u00c9s un joc senzill de cartes que permet:<\/p>\n\n\n\n<ul class=\"wp-block-list\">\n<li>Enfrontar-se a un problema que hauran d\u2019anar descomponent en altres de m\u00e9s petits per arribar a la seva resoluci\u00f3.<\/li>\n\n\n\n<li>Crear seq\u00fc\u00e8ncies d\u2019instruccions, mitjan\u00e7ant les quals desenvoluparan el seu pensament logar\u00edtmic.<\/li>\n\n\n\n<li>Realitzar una execuci\u00f3 controlada del seu programa o seq\u00fc\u00e8ncia d\u2019instruccions per trobar possibles errors i resoldre\u2019ls.<\/li>\n<\/ul>\n\n\n\n<p>Tots aquests conceptes b\u00e0sics de la computaci\u00f3 ajudaran els alumnes a adquirir compet\u00e8ncies digitals \u00fatils per al seu futur. A m\u00e9s a m\u00e9s, desenvoluparan el pensament computacional i conceptes b\u00e0sics de la programaci\u00f3 sense necessitat de tecnologia.<\/p>\n\n\n\n<p><strong>Adre\u00e7at<\/strong>: 2 o m\u00e9s jugadors\/es a partir de 4 anys<br><strong>Com es juga<\/strong>: https:\/\/www.youtube.com\/watch?v=JWYtauUaWRI<br><strong>Instruccions<\/strong>: http:\/\/www.bitsandbytes.cards\/spanish\/<br><strong>Inclou<\/strong>:&nbsp;<\/p>\n\n\n\n<ul class=\"wp-block-list\">\n<li>Instruccions<\/li>\n\n\n\n<li>100 cartes (60 catres &#8220;grid&#8221;, 32 cartes amb instruccions, 4 cartes &#8220;program&#8221; i 4 cartes &#8220;planeta&#8221;)<\/li>\n<\/ul>\n<\/div>\n<\/div>\n\n\n\n<div class=\"wp-block-columns is-layout-flex wp-container-core-columns-is-layout-2 wp-block-columns-is-layout-flex\">\n<div class=\"wp-block-column is-layout-flow wp-block-column-is-layout-flow\" style=\"flex-basis:20%\">\n<p><img loading=\"lazy\" decoding=\"async\" src=\"https:\/\/lh7-rt.googleusercontent.com\/docsz\/AD_4nXeAiNr1MPDBT6YkR9ax4UNErcRjxprDFjxZpWEEhdAmy0WujQpfVWF0bXwxe1c_5re5VLpqVnc4fp-ZTZZyFrfafL5nnE4NK9ncHSQuhJ5EAn11OyeUblXcdXxWWTephof9Dk5boJeeNW_JZekGFstEf9RneoImHFciLZcA?key=otY7_uRkbHju_NCPDynM1Q\" width=\"170\" height=\"170\"><\/p>\n<\/div>\n\n\n\n<div class=\"wp-block-column is-layout-flow wp-block-column-is-layout-flow\" style=\"flex-basis:80%\">\n<h2 class=\"wp-block-heading\"><strong>Code and Go. Mouse mania<\/strong><\/h2>\n\n\n\n<p>\u00c9s un joc de taula per aprendre a programar i a seq\u00fcenciar. \u00c9s una manera d\u2019introduir la programaci\u00f3 sense l\u2019\u00fas de les pantalles.&nbsp; Proporciona un aprenentatge STEAM i una introducci\u00f3 b\u00e0sica als conceptes de programaci\u00f3:<\/p>\n\n\n\n<ul class=\"wp-block-list\">\n<li>Introducci\u00f3 a la seq\u00fcenciaci\u00f3 per passos.<\/li>\n\n\n\n<li>Plantejament de problemes de l\u00f2gica.<\/li>\n\n\n\n<li>Desenvolupament d\u2019habilitats de pensament cr\u00edtic.<\/li>\n\n\n\n<li>Augment de les habilitats de resoluci\u00f3 de problemes.<\/li>\n<\/ul>\n\n\n\n<p><strong>Adre\u00e7at:<\/strong> 2-4 jugadors\/es&nbsp; A partir de 5 anys<\/p>\n\n\n\n<p><strong>Instruccions:<\/strong> <a href=\"https:\/\/www.robotsparaninos.com\/code-and-go-robot-mouse-activity-set\/\">https:\/\/www.robotsparaninos.com\/code-and-go-robot-mouse-activity-set\/<\/a><\/p>\n\n\n\n<p><strong>Inclou<\/strong>:&nbsp;<\/p>\n\n\n\n<ul class=\"wp-block-list\">\n<li>Instruccions<\/li>\n\n\n\n<li>1 tauler<\/li>\n\n\n\n<li>84 cartes de codificaci\u00f3<\/li>\n\n\n\n<li>4 ratolins<\/li>\n\n\n\n<li>4 fitxes&nbsp;<\/li>\n\n\n\n<li>8 murs amb les seves bases<\/li>\n\n\n\n<li>12 formatgets<\/li>\n\n\n\n<li>1 dau<\/li>\n<\/ul>\n<\/div>\n<\/div>\n\n\n\n<div class=\"wp-block-columns is-layout-flex wp-container-core-columns-is-layout-3 wp-block-columns-is-layout-flex\">\n<div class=\"wp-block-column is-layout-flow wp-block-column-is-layout-flow\" style=\"flex-basis:20.1%\">\n<p><img loading=\"lazy\" decoding=\"async\" src=\"https:\/\/lh7-rt.googleusercontent.com\/docsz\/AD_4nXcMFSzdAQ6uUHk3I8WyRrul2Z2nEdh3yRtf87mS9sheR9VhJcR8shAIsev40f0kKWVdfvGa0H6aVPf4odqMSn9NtEjxQZ7yZplBm75KQ02d5rKn8bGZcsTMAtUiuHR2zOH2RJ8-_tVtxtihyPHwYveicP-0hakYTWWgljc?key=otY7_uRkbHju_NCPDynM1Q\" width=\"165\" height=\"136\"><\/p>\n<\/div>\n\n\n\n<div class=\"wp-block-column is-layout-flow wp-block-column-is-layout-flow\" style=\"flex-basis:80%\">\n<h2 class=\"wp-block-heading\">River Dragons<\/h2>\n\n\n\n<p>L\u2019objectiu del joc \u00e9s travessar el riu abans que la resta de competidors.<\/p>\n\n\n\n<p>S\u2019aconsegueix col\u00b7locant pedres sobre les quals es recolzen taulons i anar construint un pont cap a la meta. S\u2019utilitza una mec\u00e0nica de programaci\u00f3 d\u2019accions amb cartes.<\/p>\n\n\n\n<p>\u00c9s un excel\u00b7lent joc de programaci\u00f3 on tothom planifica alhora i despr\u00e9s es juga per torns. Qui hagi previst millor els moviments dels altres, traur\u00e0 avantatges per avan\u00e7ar o agafant camins alternatius.<\/p>\n\n\n\n<p><strong>Adre\u00e7at<\/strong>: 2 o m\u00e9s jugadors\/es a partir de 8 anys (Alumnes a partir de cicle mitj\u00e0)<\/p>\n\n\n\n<p><strong>Instruccions:<\/strong> <a href=\"https:\/\/entretenimientodigital.net\/reglas-del-juego-river-dragons\/\">https:\/\/entretenimientodigital.net\/reglas-del-juego-river-dragons\/<\/a><\/p>\n\n\n\n<p><strong>Inclou<\/strong>:&nbsp;<\/p>\n\n\n\n<ul class=\"wp-block-list\">\n<li>Instruccions<\/li>\n\n\n\n<li>1 tauler<\/li>\n\n\n\n<li>78 cartes d\u2019acci\u00f3<\/li>\n\n\n\n<li>6 peons (3 nois i 3 noies)<\/li>\n\n\n\n<li>36 taulons numerats\u00a0<\/li>\n\n\n\n<li>27 pedres<\/li>\n\n\n\n<li>1 carta de primer jugador<\/li>\n<\/ul>\n<\/div>\n<\/div>\n\n\n\n<div class=\"wp-block-columns is-layout-flex wp-container-core-columns-is-layout-4 wp-block-columns-is-layout-flex\">\n<div class=\"wp-block-column is-layout-flow wp-block-column-is-layout-flow\" style=\"flex-basis:20%\">\n<p><img loading=\"lazy\" decoding=\"async\" src=\"https:\/\/lh7-rt.googleusercontent.com\/docsz\/AD_4nXcKrfqtvt36LOzJxufey_Xn4epb3kjUGLkJsl2pD_Mx6x1Sm8HFIYJHWCDjO5QgHKR2QnPWjLsCgSLejjS0LO3MMpMx9eVF_oWyRP4cs4RAfQuQ3TwfAqCr5suk1oiTC-b7OgvcXcrGv8X3cqMitKzLpQSXvB1XvWz0rZs?key=otY7_uRkbHju_NCPDynM1Q\" width=\"169\" height=\"164\"><\/p>\n<\/div>\n\n\n\n<div class=\"wp-block-column is-layout-flow wp-block-column-is-layout-flow\" style=\"flex-basis:80%\">\n<h2 class=\"wp-block-heading\">Code Master<\/h2>\n\n\n\n<p>\u00c9s un joc de l\u00f2gica per posar en pr\u00e0ctica els fonaments de la programaci\u00f3. L&#8217;objectiu \u00e9s que cada avatar continu\u00ef cap a la ruta correcta fins a arribar al portal per poder passar de nivell.&nbsp;<\/p>\n\n\n\n<p>Aquest joc ensenya conceptes b\u00e0sics de programaci\u00f3 essencials, alhora que refor\u00e7a les habilitats de raonament seq\u00fcencial i de resoluci\u00f3 de problemes.<\/p>\n\n\n\n<p><strong>Adre\u00e7at<\/strong>: 1+ jugadors\/es a partir de 8 anys<\/p>\n\n\n\n<p><strong>Com es juga:<\/strong><a href=\"https:\/\/www.youtube.com\/watch?time_continue=67&amp;v=zXmyowiJvXM&amp;feature=emb_logo\"><strong> <\/strong>https:\/\/www.youtube.com\/watch?time_continue=67&amp;v=zXmyowiJvXM&amp;feature=emb_logo<\/a><\/p>\n\n\n\n<p><strong>Instruccions:<\/strong><a href=\"https:\/\/www.thinkfun.es\/wp-content\/uploads\/2018\/06\/CodeM-76345-0-IN01-International.pdf\"><strong> <\/strong>https:\/\/www.thinkfun.es\/wp-content\/uploads\/2018\/06\/CodeM-76345-0-IN01-International.pdf<\/a><\/p>\n\n\n\n<p><strong>Inclou<\/strong>:&nbsp;<\/p>\n\n\n\n<ul class=\"wp-block-list\">\n<li>1 quadern amb mapes<\/li>\n\n\n\n<li>1 full de solucions<\/li>\n\n\n\n<li>1 guia dels diferents moviments&nbsp;<\/li>\n\n\n\n<li>1 manual d&#8217;instruccions<\/li>\n\n\n\n<li>1 avatar<\/li>\n\n\n\n<li>2 cristalls<\/li>\n\n\n\n<li>1 portal<\/li>\n\n\n\n<li>12 fitxes d&#8217;acci\u00f3&nbsp;<\/li>\n\n\n\n<li>8 fitxes condicionals<\/li>\n<\/ul>\n<\/div>\n<\/div>\n\n\n\n<div class=\"wp-block-columns is-layout-flex wp-container-core-columns-is-layout-5 wp-block-columns-is-layout-flex\">\n<div class=\"wp-block-column is-layout-flow wp-block-column-is-layout-flow\" style=\"flex-basis:20%\">\n<p><img loading=\"lazy\" decoding=\"async\" src=\"https:\/\/lh7-rt.googleusercontent.com\/docsz\/AD_4nXd4uHl7JKm0hy2hMcBwxhUE3b_LVyUmz5K6NZwguK8n6_reBW-VzwPtDKpPdkWDJsfWnUWApDF1v5BCQ3812pNglnUM4kDsqcaEkJhmpsgsK6GPFj9Q4fe9qksjlKGxgUdVR6XmlfRv3J_MyO_sVR8R7fjb6A1EVAQyvkTh?key=otY7_uRkbHju_NCPDynM1Q\" width=\"168\" height=\"155\"><\/p>\n<\/div>\n\n\n\n<div class=\"wp-block-column is-layout-flow wp-block-column-is-layout-flow\" style=\"flex-basis:80%\">\n<h2 class=\"wp-block-heading\">Robot Turtles<\/h2>\n\n\n\n<p>Robot Turtles \u00e9s un joc de taula perqu\u00e8 els nens i nenes a partir de 4 anys puguin aprendre els fonaments de la programaci\u00f3. Aquest joc s\u2019adapta a l\u2019edat dels nens desbloquejant nous conceptes a mesura que els nens van agafant domini del joc.<\/p>\n\n\n\n<p>L\u2019objectiu de cada jugador \u00e9s que la seva tortuga aconsegueixi arribar fins a la gemma del seu color a trav\u00e9s de moviments i accions per tot el tauler. No \u00e9s un joc competitiu, no guanya el primer que arriba, ja que tots ho han d\u2019aconseguir.<\/p>\n\n\n\n<p><strong>Adre\u00e7at:<\/strong> 2-5 jugadors i 1 adult. A partir de 4 anys<\/p>\n\n\n\n<p><strong>Com es juga:<\/strong> <\/p>\n\n\n\n<ul class=\"wp-block-list\">\n<li><a href=\"https:\/\/www.youtube.com\/watch?v=a8URpigiXJs\">https:\/\/www.youtube.com\/watch?v=a8URpigiXJs<\/a><\/li>\n\n\n\n<li><a href=\"https:\/\/www.youtube.com\/watch?v=u2AVPjnethQ (angl\u00e8s)\">https:\/\/www.youtube.com\/watch?v=u2AVPjnethQ (angl\u00e8s)<\/a><\/li>\n<\/ul>\n\n\n\n<p><strong>Instruccions<\/strong>: <a href=\"https:\/\/www.mybotrobot.com\/robot-turtles-espanol\/\">https:\/\/www.mybotrobot.com\/robot-turtles-espanol\/<\/a><\/p>\n\n\n\n<p><strong>Inclou:<\/strong>&nbsp;<\/p>\n\n\n\n<ul class=\"wp-block-list\">\n<li>1 tauler<\/li>\n\n\n\n<li>1 manual d&#8217;instruccions<\/li>\n\n\n\n<li>1 guia r\u00e0pida<\/li>\n\n\n\n<li>4 fitxes<\/li>\n\n\n\n<li>132 cartes (44 de color rosa, 44 de color blau, 44 de color vermell i 44 de color verd)<\/li>\n\n\n\n<li>36 obstacles (20 murs de pedra, 12 murs de gel i 4 caixes)<\/li>\n<\/ul>\n<\/div>\n<\/div>\n\n\n\n<div class=\"wp-block-columns is-layout-flex wp-container-core-columns-is-layout-6 wp-block-columns-is-layout-flex\">\n<div class=\"wp-block-column is-layout-flow wp-block-column-is-layout-flow\" style=\"flex-basis:20%\">\n<p><img loading=\"lazy\" decoding=\"async\" src=\"https:\/\/lh7-rt.googleusercontent.com\/docsz\/AD_4nXdTtPBDk_4n7VMBFblXxp--MI3wd1p6Yc_ru4o0W7O3lSvq5_Msda6uQZABHmdIc-l0mvH9JtO3QLQWC7d-B3BxeNndtMeux4_6l17K_O_XVEdkASR0qZAJ2scjnRFmgvSWGxuo_P8UvCTBP63olxxtkCyyN8YVVLCzGGc5?key=otY7_uRkbHju_NCPDynM1Q\" width=\"178\" height=\"179\"><\/p>\n<\/div>\n\n\n\n<div class=\"wp-block-column is-layout-flow wp-block-column-is-layout-flow\" style=\"flex-basis:80%\">\n<h2 class=\"wp-block-heading\">Let&#8217;s go code<\/h2>\n\n\n\n<p>Aquest joc proporciona un conjunt d\u2019activitats interactives que introdueix el llenguatge posicional i les direccions a la vegada que treballen el pensament computacional. Els alumnes creen i segueixen les seq\u00fc\u00e8ncies d\u2019ordres. A m\u00e9s, aquest joc promou les habilitats de pensament cr\u00edtic i permet el treball en equip i el joc cooperatiu. A partir de les activitats de moviment que ofereix, els alumnes tamb\u00e9 desenvolupen les seves habilitats motores.<\/p>\n\n\n\n<p><strong>Adre\u00e7at: <\/strong>1+ jugadors\/es a partir de 5 anys<\/p>\n\n\n\n<p><strong>Instruccions<\/strong>: <a href=\"https:\/\/drive.google.com\/drive\/u\/0\/folders\/1_MqhKpBrmkibbF66xg4QkR0BmV0f0_vh\">https:\/\/drive.google.com\/drive\/u\/0\/folders\/1_MqhKpBrmkibbF66xg4QkR0BmV0f0_vh<\/a><\/p>\n\n\n\n<p><strong>Inclou:&nbsp;<\/strong><\/p>\n\n\n\n<ul class=\"wp-block-list\">\n<li>1 manual d&#8217;instruccions<\/li>\n\n\n\n<li>20 cartes amb codis<\/li>\n\n\n\n<li>20 catifes de diferents colors<\/li>\n\n\n\n<li>2 robots<\/li>\n\n\n\n<li>8 fitxes d&#8217;acci\u00f3<\/li>\n<\/ul>\n<\/div>\n<\/div>\n\n\n\n<div class=\"wp-block-columns is-layout-flex wp-container-core-columns-is-layout-7 wp-block-columns-is-layout-flex\">\n<div class=\"wp-block-column is-layout-flow wp-block-column-is-layout-flow\" style=\"flex-basis:50%\">\n<p><iframe loading=\"lazy\" style=\"border: 0;\" src=\"https:\/\/calendar.google.com\/calendar\/embed?src=xtec.cat_tefec1ngv759n3jpscp68jrs8o@group.calendar.google.com&amp;ctz=Europe%2FMadrid\" width=\"100%\" height=\"400px\" frameborder=\"0\" scrolling=\"no\"><\/iframe><\/p>\n<\/div>\n\n\n\n<div class=\"wp-block-column is-vertically-aligned-center is-layout-flow wp-block-column-is-layout-flow\" style=\"flex-basis:10%\">\n<figure class=\"wp-block-image\"><a href=\"https:\/\/docs.google.com\/forms\/d\/e\/1FAIpQLSeA2OYrt91PUtFERCfmUWEC9zOsOq3oST0yf_deCBrFhFRRwQ\/viewform?usp=sf_link\"><img decoding=\"async\" src=\"https:\/\/serveiseducatius.xtec.cat\/baixcamp\/wp-content\/uploads\/usu950\/2018\/10\/sol\u00b7licitud-pr\u00e9stec.png\" alt=\"\"\/><\/a><\/figure>\n<\/div>\n\n\n\n<div class=\"wp-block-column is-layout-flow wp-block-column-is-layout-flow\" style=\"flex-basis:40%\">\n<p><strong>Condicions del pr\u00e9stec<\/strong><\/p>\n\n\n\n<p>Durada: 2 setmanes aproximadament<\/p>\n\n\n\n<p>Per altres per\u00edodes de pr\u00e9stec, consulteu a&nbsp;<a href=\"mailto:e3990102@xtec.cat\">e3990102@xtec.cat<\/a><\/p>\n\n\n\n<p><strong>Recollida i retorn del pr\u00e9stec:<\/strong>&nbsp;de dilluns a divendres d\u201911:00h a 14:00h i de 16:00h a 18:00h<\/p>\n\n\n\n<p><strong>Normes d\u2019\u00fas:<\/strong><\/p>\n\n\n\n<p>\u00c9s responsabilitat de l\u2019usuari assegurar-se del contingut material del kit a l\u2019inici de la reserva.<br>Qualsevol p\u00e8rdua o desperfecte del material ser\u00e0 responsabilitat del centre educatiu, que haur\u00e0 de reposar-ho.<br>Cal comunicar qualsevol incid\u00e8ncia que es produeixi durant el seu \u00fas.<\/p>\n<\/div>\n<\/div>\n","protected":false},"excerpt":{"rendered":"<p>CODI:&nbsp;R612A \/ R612BA qui s\u2019adre\u00e7a: Educaci\u00f3 prim\u00e0ria Podeu consultar tot el material del projecte Coeduca\u2019t a la web del CRP. Descripci\u00f3: Dins el marc del projecte Coeduca\u2019t, impulsem el kit STEAM amb l\u2019objectiu de fomentar una educaci\u00f3 equitativa i inclusiva a trav\u00e9s de la ci\u00e8ncia, la tecnologia, l\u2019enginyeria, l\u2019art i les matem\u00e0tiques. A trav\u00e9s d\u2019aquesta [&hellip;]<\/p>\n","protected":false},"author":127,"featured_media":0,"parent":14114,"menu_order":0,"comment_status":"closed","ping_status":"close","template":"page-templates\/side-menu.php","meta":{"_bbp_topic_count":0,"_bbp_reply_count":0,"_bbp_total_topic_count":0,"_bbp_total_reply_count":0,"_bbp_voice_count":0,"_bbp_anonymous_reply_count":0,"_bbp_topic_count_hidden":0,"_bbp_reply_count_hidden":0,"_bbp_forum_subforum_count":0,"site-sidebar-layout":"default","site-content-layout":"","ast-site-content-layout":"default","site-content-style":"default","site-sidebar-style":"default","ast-global-header-display":"","ast-banner-title-visibility":"","ast-main-header-display":"","ast-hfb-above-header-display":"","ast-hfb-below-header-display":"","ast-hfb-mobile-header-display":"","site-post-title":"","ast-breadcrumbs-content":"","ast-featured-img":"","footer-sml-layout":"","theme-transparent-header-meta":"","adv-header-id-meta":"","stick-header-meta":"","header-above-stick-meta":"","header-main-stick-meta":"","header-below-stick-meta":"","astra-migrate-meta-layouts":"set","ast-page-background-enabled":"default","ast-page-background-meta":{"desktop":{"background-color":"var(--ast-global-color-4)","background-image":"","background-repeat":"repeat","background-position":"center center","background-size":"auto","background-attachment":"scroll","background-type":"","background-media":"","overlay-type":"","overlay-color":"","overlay-opacity":"","overlay-gradient":""},"tablet":{"background-color":"","background-image":"","background-repeat":"repeat","background-position":"center center","background-size":"auto","background-attachment":"scroll","background-type":"","background-media":"","overlay-type":"","overlay-color":"","overlay-opacity":"","overlay-gradient":""},"mobile":{"background-color":"","background-image":"","background-repeat":"repeat","background-position":"center center","background-size":"auto","background-attachment":"scroll","background-type":"","background-media":"","overlay-type":"","overlay-color":"","overlay-opacity":"","overlay-gradient":""}},"ast-content-background-meta":{"desktop":{"background-color":"var(--ast-global-color-5)","background-image":"","background-repeat":"repeat","background-position":"center center","background-size":"auto","background-attachment":"scroll","background-type":"","background-media":"","overlay-type":"","overlay-color":"","overlay-opacity":"","overlay-gradient":""},"tablet":{"background-color":"var(--ast-global-color-5)","background-image":"","background-repeat":"repeat","background-position":"center center","background-size":"auto","background-attachment":"scroll","background-type":"","background-media":"","overlay-type":"","overlay-color":"","overlay-opacity":"","overlay-gradient":""},"mobile":{"background-color":"var(--ast-global-color-5)","background-image":"","background-repeat":"repeat","background-position":"center center","background-size":"auto","background-attachment":"scroll","background-type":"","background-media":"","overlay-type":"","overlay-color":"","overlay-opacity":"","overlay-gradient":""}},"footnotes":""},"class_list":["post-15480","page","type-page","status-publish","hentry"],"post_mailing_queue_ids":[],"_links":{"self":[{"href":"https:\/\/serveiseducatius.xtec.cat\/baixcamp\/wp-json\/wp\/v2\/pages\/15480","targetHints":{"allow":["GET"]}}],"collection":[{"href":"https:\/\/serveiseducatius.xtec.cat\/baixcamp\/wp-json\/wp\/v2\/pages"}],"about":[{"href":"https:\/\/serveiseducatius.xtec.cat\/baixcamp\/wp-json\/wp\/v2\/types\/page"}],"author":[{"embeddable":true,"href":"https:\/\/serveiseducatius.xtec.cat\/baixcamp\/wp-json\/wp\/v2\/users\/127"}],"replies":[{"embeddable":true,"href":"https:\/\/serveiseducatius.xtec.cat\/baixcamp\/wp-json\/wp\/v2\/comments?post=15480"}],"version-history":[{"count":6,"href":"https:\/\/serveiseducatius.xtec.cat\/baixcamp\/wp-json\/wp\/v2\/pages\/15480\/revisions"}],"predecessor-version":[{"id":16558,"href":"https:\/\/serveiseducatius.xtec.cat\/baixcamp\/wp-json\/wp\/v2\/pages\/15480\/revisions\/16558"}],"up":[{"embeddable":true,"href":"https:\/\/serveiseducatius.xtec.cat\/baixcamp\/wp-json\/wp\/v2\/pages\/14114"}],"wp:attachment":[{"href":"https:\/\/serveiseducatius.xtec.cat\/baixcamp\/wp-json\/wp\/v2\/media?parent=15480"}],"curies":[{"name":"wp","href":"https:\/\/api.w.org\/{rel}","templated":true}]}}