{"id":15460,"date":"2025-01-22T09:16:08","date_gmt":"2025-01-22T08:16:08","guid":{"rendered":"https:\/\/serveiseducatius.xtec.cat\/baixcamp\/?page_id=15460"},"modified":"2025-01-22T09:25:28","modified_gmt":"2025-01-22T08:25:28","slug":"ambit-medi","status":"publish","type":"page","link":"https:\/\/serveiseducatius.xtec.cat\/baixcamp\/recursos-2\/ambit-medi\/","title":{"rendered":"\u00c0MBIT MEDI"},"content":{"rendered":"\n<blockquote class=\"wp-block-quote is-layout-flow wp-block-quote-is-layout-flow\"><cite>Les compet\u00e8ncies clau, que s\u00f3n els assoliments que es consideren imprescindibles perqu\u00e8 l&#8217;alumnat<br>progressi amb garanties d&#8217;\u00e8xit en el seu itinerari educatiu i afronti els principals reptes i desafiaments globals i locals. Aquestes compet\u00e8ncies s\u00f3n l&#8217;adaptaci\u00f3 de les compet\u00e8ncies clau establertes a la Recomanaci\u00f3 del Consell de la Uni\u00f3 Europea de 22 de maig de 2018 relativa a les compet\u00e8ncies clau per a l&#8217;aprenentatge permanent.<br><br><strong>DECRET 175\/2022, de 27 de setembre, d&#8217;ordenaci\u00f3 dels ensenyaments de l&#8217;educaci\u00f3 b\u00e0sica<\/strong><\/cite><\/blockquote>\n\n\n\n<p>Els \u00e0mbits s\u00f3n organitzacions did\u00e0ctiques que es constitueixen agrupant les \u00e0rees o mat\u00e8ries que es considerin per a la seva impartici\u00f3 integrada.<\/p>\n\n\n\n<p>Les compet\u00e8ncies i els sabers associats es mobilitzaran treballant de forma interdisciplin\u00e0ria.<\/p>\n\n\n\n<h3 class=\"wp-block-heading\">Els recursos proposats volen ajudar a treballar de forma m\u00e9s competencial&nbsp; les seg\u00fcents compet\u00e8ncies:<\/h3>\n\n\n\n<p>Cinquena. Compet\u00e8ncia personal, social i d&#8217;aprendre a aprendre<br>Sisena. Compet\u00e8ncia ciutadana<br>Vuitena Compet\u00e8ncia en consci\u00e8ncia i expressi\u00f3 culturals<\/p>\n","protected":false},"excerpt":{"rendered":"<p>Les compet\u00e8ncies clau, que s\u00f3n els assoliments que es consideren imprescindibles perqu\u00e8 l&#8217;alumnatprogressi amb garanties d&#8217;\u00e8xit en el seu itinerari educatiu i afronti els principals reptes i desafiaments globals i locals. Aquestes compet\u00e8ncies s\u00f3n l&#8217;adaptaci\u00f3 de les compet\u00e8ncies clau establertes a la Recomanaci\u00f3 del Consell de la Uni\u00f3 Europea de 22 de maig de 2018 [&hellip;]<\/p>\n","protected":false},"author":127,"featured_media":0,"parent":13460,"menu_order":0,"comment_status":"closed","ping_status":"close","template":"","meta":{"_bbp_topic_count":0,"_bbp_reply_count":0,"_bbp_total_topic_count":0,"_bbp_total_reply_count":0,"_bbp_voice_count":0,"_bbp_anonymous_reply_count":0,"_bbp_topic_count_hidden":0,"_bbp_reply_count_hidden":0,"_bbp_forum_subforum_count":0,"site-sidebar-layout":"default","site-content-layout":"","ast-site-content-layout":"","site-content-style":"default","site-sidebar-style":"default","ast-global-header-display":"","ast-banner-title-visibility":"","ast-main-header-display":"","ast-hfb-above-header-display":"","ast-hfb-below-header-display":"","ast-hfb-mobile-header-display":"","site-post-title":"","ast-breadcrumbs-content":"","ast-featured-img":"","footer-sml-layout":"","theme-transparent-header-meta":"","adv-header-id-meta":"","stick-header-meta":"","header-above-stick-meta":"","header-main-stick-meta":"","header-below-stick-meta":"","astra-migrate-meta-layouts":"default","ast-page-background-enabled":"default","ast-page-background-meta":{"desktop":{"background-color":"var(--ast-global-color-4)","background-image":"","background-repeat":"repeat","background-position":"center center","background-size":"auto","background-attachment":"scroll","background-type":"","background-media":"","overlay-type":"","overlay-color":"","overlay-opacity":"","overlay-gradient":""},"tablet":{"background-color":"","background-image":"","background-repeat":"repeat","background-position":"center center","background-size":"auto","background-attachment":"scroll","background-type":"","background-media":"","overlay-type":"","overlay-color":"","overlay-opacity":"","overlay-gradient":""},"mobile":{"background-color":"","background-image":"","background-repeat":"repeat","background-position":"center center","background-size":"auto","background-attachment":"scroll","background-type":"","background-media":"","overlay-type":"","overlay-color":"","overlay-opacity":"","overlay-gradient":""}},"ast-content-background-meta":{"desktop":{"background-color":"var(--ast-global-color-5)","background-image":"","background-repeat":"repeat","background-position":"center center","background-size":"auto","background-attachment":"scroll","background-type":"","background-media":"","overlay-type":"","overlay-color":"","overlay-opacity":"","overlay-gradient":""},"tablet":{"background-color":"var(--ast-global-color-5)","background-image":"","background-repeat":"repeat","background-position":"center center","background-size":"auto","background-attachment":"scroll","background-type":"","background-media":"","overlay-type":"","overlay-color":"","overlay-opacity":"","overlay-gradient":""},"mobile":{"background-color":"var(--ast-global-color-5)","background-image":"","background-repeat":"repeat","background-position":"center center","background-size":"auto","background-attachment":"scroll","background-type":"","background-media":"","overlay-type":"","overlay-color":"","overlay-opacity":"","overlay-gradient":""}},"footnotes":""},"class_list":["post-15460","page","type-page","status-publish","hentry"],"post_mailing_queue_ids":[],"_links":{"self":[{"href":"https:\/\/serveiseducatius.xtec.cat\/baixcamp\/wp-json\/wp\/v2\/pages\/15460","targetHints":{"allow":["GET"]}}],"collection":[{"href":"https:\/\/serveiseducatius.xtec.cat\/baixcamp\/wp-json\/wp\/v2\/pages"}],"about":[{"href":"https:\/\/serveiseducatius.xtec.cat\/baixcamp\/wp-json\/wp\/v2\/types\/page"}],"author":[{"embeddable":true,"href":"https:\/\/serveiseducatius.xtec.cat\/baixcamp\/wp-json\/wp\/v2\/users\/127"}],"replies":[{"embeddable":true,"href":"https:\/\/serveiseducatius.xtec.cat\/baixcamp\/wp-json\/wp\/v2\/comments?post=15460"}],"version-history":[{"count":6,"href":"https:\/\/serveiseducatius.xtec.cat\/baixcamp\/wp-json\/wp\/v2\/pages\/15460\/revisions"}],"predecessor-version":[{"id":15468,"href":"https:\/\/serveiseducatius.xtec.cat\/baixcamp\/wp-json\/wp\/v2\/pages\/15460\/revisions\/15468"}],"up":[{"embeddable":true,"href":"https:\/\/serveiseducatius.xtec.cat\/baixcamp\/wp-json\/wp\/v2\/pages\/13460"}],"wp:attachment":[{"href":"https:\/\/serveiseducatius.xtec.cat\/baixcamp\/wp-json\/wp\/v2\/media?parent=15460"}],"curies":[{"name":"wp","href":"https:\/\/api.w.org\/{rel}","templated":true}]}}