{"id":15449,"date":"2025-01-21T14:13:43","date_gmt":"2025-01-21T13:13:43","guid":{"rendered":"https:\/\/serveiseducatius.xtec.cat\/baixcamp\/?page_id=15449"},"modified":"2025-02-03T12:05:51","modified_gmt":"2025-02-03T11:05:51","slug":"ecocasa-el-gran-joc-de-leficiencia-energetica","status":"publish","type":"page","link":"https:\/\/serveiseducatius.xtec.cat\/baixcamp\/ecocasa-el-gran-joc-de-leficiencia-energetica\/","title":{"rendered":"ECOCASA. El gran joc de l\u2019efici\u00e8ncia energ\u00e8tica"},"content":{"rendered":"\n<p><strong>CODI:&nbsp;<\/strong>R70A\/705B<br><strong>A qui s\u2019adre\u00e7a:<\/strong><br>Educaci\u00f3 b\u00e0sica (a partir de 6 anys)<\/p>\n\n\n\n<p><strong>El gran joc de l\u2019efici\u00e8ncia energ\u00e8tica<\/strong>, creat per l\u2019Institut Catal\u00e0 de l\u2019Energia (ICAEN), en el marc de la Setmana de l\u2019Energia 2012.<\/p>\n\n\n\n<p><strong>Descripci\u00f3:<\/strong><\/p>\n\n\n\n<figure class=\"wp-block-image alignright is-resized\"><a href=\"http:\/\/blocs.xtec.cat\/sebaixllobregat4\/files\/2014\/02\/21.png\"><img decoding=\"async\" src=\"http:\/\/blocs.xtec.cat\/sebaixllobregat4\/files\/2014\/02\/21-300x296.png\" alt=\"2\" style=\"width:434px;height:auto\"\/><\/a><\/figure>\n\n\n\n<p>Aquest joc de taula anomenat ECOCASA va adre\u00e7at a nens i nenes d\u2019una franja d\u2019edat molt \u00e0mplia i a trav\u00e9s dels consells d\u2019estalvi energ\u00e8tic que han de col\u00b7leccionar amb les cartes del joc, al mateix temps que el nen i nena, apr\u00e8n.<\/p>\n\n\n\n<ul class=\"wp-block-list\">\n<li>Format: Joc de sobretaula.<\/li>\n\n\n\n<li>P\u00fablic: a partir de 6 anys.<\/li>\n\n\n\n<li>Objectiu: conscienciar sobre l\u2019estalvi energ\u00e8tic en l\u2019\u00e0mbit dom\u00e8stic.<\/li>\n<\/ul>\n\n\n\n<p><strong>Contingut:<\/strong><\/p>\n\n\n\n<ul class=\"wp-block-list\">\n<li>1 tauler.<\/li>\n\n\n\n<li>1 dau.<\/li>\n\n\n\n<li>4 fitxes.<\/li>\n\n\n\n<li>48 cartes de consells energ\u00e8tics.<\/li>\n<\/ul>\n\n\n\n<p><strong>Objectiu del joc:<\/strong><\/p>\n\n\n\n<p>L\u2019objectiu del joc \u00e9s aconseguir ser el primer jugador o jugadora a comprendre la seva casa amb els h\u00e0bits i les accions que permetin un estil de vida amb un consum energ\u00e8tic m\u00e9s eficient.<\/p>\n\n\n\n<p>Guanya qui aconsegueixi arribar primer al dormitori amb la seva casa eficient completada; \u00e9s a dir, qui arriba a la casella central amb un nombre exacte del dau i en possessi\u00f3 de com a m\u00ednim una carta de cada \u00e0mbit.<\/p>\n\n\n\n<h2 class=\"wp-block-heading\">IMPORTANT!<\/h2>\n\n\n\n<p>Cada vegada que llencis el dau pots triar cap a on vols anar, per\u00f2 sobretot no pots avan\u00e7ar i recular en una mateixa tirada.<\/p>\n\n\n\n<p>Aprofita sempre les oportunitats per guanyar cartes. Com m\u00e9s bons h\u00e0bits, millor pel medi ambient.<\/p>\n\n\n\n<p>A m\u00e9s a m\u00e9s, les cartes s\u00f3n molt importants per fer canvis i per reempla\u00e7ar-ne d\u2019altres que hagis perdut.<\/p>\n\n\n\n<p>Si una casella es queda sense cartes\u2026<\/p>\n\n\n\n<p>Quan alg\u00fa agafi darrera carta d\u2019un dels espais, tots els jugadors han d\u2019aportar una de les seves cartes \u2013la que vulguin- al lloc corresponent.<\/p>\n\n\n\n<p>Si cap participant omple l\u2019espai buit, s\u2019har\u00e0 de repetir aquesta operaci\u00f3 fins que s\u2019ompli.<\/p>\n\n\n\n<p><\/p>\n\n\n\n<div class=\"wp-block-columns is-layout-flex wp-container-core-columns-is-layout-1 wp-block-columns-is-layout-flex\">\n<div class=\"wp-block-column is-layout-flow wp-block-column-is-layout-flow\" style=\"flex-basis:50%\">\n<p><iframe loading=\"lazy\" style=\"border: 0;\" src=\"https:\/\/calendar.google.com\/calendar\/embed?src=c_e198c93cfab9c73ed1aa1f4e83b175bd663378a7e4691281686e1291454d08db%40group.calendar.google.com&amp;ctz=Europe%2FParis\" width=\"100%\" height=\"400px\" frameborder=\"0\" scrolling=\"no\"><\/iframe><\/p>\n<\/div>\n\n\n\n<div class=\"wp-block-column is-vertically-aligned-center is-layout-flow wp-block-column-is-layout-flow\" style=\"flex-basis:10%\">\n<figure class=\"wp-block-image\"><a href=\"https:\/\/forms.gle\/j9jeXWbWDp6pSJdM9\"><img decoding=\"async\" src=\"http:\/\/serveiseducatius.xtec.cat\/baixcamp\/wp-content\/uploads\/usu950\/2018\/09\/sol%C2%B7licitud-pr%C3%A9stec.png\" alt=\"\" class=\"wp-image-8610\"\/><\/a><\/figure>\n<\/div>\n\n\n\n<div class=\"wp-block-column is-layout-flow wp-block-column-is-layout-flow\" style=\"flex-basis:40%\">\n<h6 class=\"wp-block-heading\"><strong>Condicions del pr\u00e9stec<\/strong><\/h6>\n\n\n\n<p>Durada: 20 dies aproximadament<br>Recollida i retorn del pr\u00e9stec:&nbsp;<strong>de dilluns a divendres d\u201911h a 14h i de 16h a 18h<\/strong><br>(dins del per\u00edode del pr\u00e9stec sol\u00b7licitat).<\/p>\n\n\n\n<h6 class=\"wp-block-heading\"><strong>Normes d\u2019\u00fas<\/strong><\/h6>\n\n\n\n<ul class=\"wp-block-list\">\n<li>\u00c9s responsabilitat de l\u2019usuari assegurar-se del correcte funcionament del material, a l\u2019inici de la reserva.<\/li>\n\n\n\n<li>Qualsevol p\u00e8rdua o desperfecte del material ser\u00e0 responsabilitat del centre educatiu, que haur\u00e0 de reposar-lo.<\/li>\n\n\n\n<li>Cal comunicar qualsevol incid\u00e8ncia que es produeixi durant el seu \u00fas.<\/li>\n<\/ul>\n<\/div>\n<\/div>\n","protected":false},"excerpt":{"rendered":"<p>CODI:&nbsp;R70A\/705BA qui s\u2019adre\u00e7a:Educaci\u00f3 b\u00e0sica (a partir de 6 anys) El gran joc de l\u2019efici\u00e8ncia energ\u00e8tica, creat per l\u2019Institut Catal\u00e0 de l\u2019Energia (ICAEN), en el marc de la Setmana de l\u2019Energia 2012. Descripci\u00f3: Aquest joc de taula anomenat ECOCASA va adre\u00e7at a nens i nenes d\u2019una franja d\u2019edat molt \u00e0mplia i a trav\u00e9s dels consells d\u2019estalvi [&hellip;]<\/p>\n","protected":false},"author":122,"featured_media":0,"parent":0,"menu_order":0,"comment_status":"closed","ping_status":"close","template":"","meta":{"_bbp_topic_count":0,"_bbp_reply_count":0,"_bbp_total_topic_count":0,"_bbp_total_reply_count":0,"_bbp_voice_count":0,"_bbp_anonymous_reply_count":0,"_bbp_topic_count_hidden":0,"_bbp_reply_count_hidden":0,"_bbp_forum_subforum_count":0,"site-sidebar-layout":"default","site-content-layout":"","ast-site-content-layout":"","site-content-style":"default","site-sidebar-style":"default","ast-global-header-display":"","ast-banner-title-visibility":"","ast-main-header-display":"","ast-hfb-above-header-display":"","ast-hfb-below-header-display":"","ast-hfb-mobile-header-display":"","site-post-title":"","ast-breadcrumbs-content":"","ast-featured-img":"","footer-sml-layout":"","theme-transparent-header-meta":"","adv-header-id-meta":"","stick-header-meta":"","header-above-stick-meta":"","header-main-stick-meta":"","header-below-stick-meta":"","astra-migrate-meta-layouts":"default","ast-page-background-enabled":"default","ast-page-background-meta":{"desktop":{"background-color":"var(--ast-global-color-4)","background-image":"","background-repeat":"repeat","background-position":"center center","background-size":"auto","background-attachment":"scroll","background-type":"","background-media":"","overlay-type":"","overlay-color":"","overlay-opacity":"","overlay-gradient":""},"tablet":{"background-color":"","background-image":"","background-repeat":"repeat","background-position":"center center","background-size":"auto","background-attachment":"scroll","background-type":"","background-media":"","overlay-type":"","overlay-color":"","overlay-opacity":"","overlay-gradient":""},"mobile":{"background-color":"","background-image":"","background-repeat":"repeat","background-position":"center center","background-size":"auto","background-attachment":"scroll","background-type":"","background-media":"","overlay-type":"","overlay-color":"","overlay-opacity":"","overlay-gradient":""}},"ast-content-background-meta":{"desktop":{"background-color":"var(--ast-global-color-5)","background-image":"","background-repeat":"repeat","background-position":"center center","background-size":"auto","background-attachment":"scroll","background-type":"","background-media":"","overlay-type":"","overlay-color":"","overlay-opacity":"","overlay-gradient":""},"tablet":{"background-color":"var(--ast-global-color-5)","background-image":"","background-repeat":"repeat","background-position":"center center","background-size":"auto","background-attachment":"scroll","background-type":"","background-media":"","overlay-type":"","overlay-color":"","overlay-opacity":"","overlay-gradient":""},"mobile":{"background-color":"var(--ast-global-color-5)","background-image":"","background-repeat":"repeat","background-position":"center center","background-size":"auto","background-attachment":"scroll","background-type":"","background-media":"","overlay-type":"","overlay-color":"","overlay-opacity":"","overlay-gradient":""}},"footnotes":""},"class_list":["post-15449","page","type-page","status-publish","hentry"],"post_mailing_queue_ids":[],"_links":{"self":[{"href":"https:\/\/serveiseducatius.xtec.cat\/baixcamp\/wp-json\/wp\/v2\/pages\/15449","targetHints":{"allow":["GET"]}}],"collection":[{"href":"https:\/\/serveiseducatius.xtec.cat\/baixcamp\/wp-json\/wp\/v2\/pages"}],"about":[{"href":"https:\/\/serveiseducatius.xtec.cat\/baixcamp\/wp-json\/wp\/v2\/types\/page"}],"author":[{"embeddable":true,"href":"https:\/\/serveiseducatius.xtec.cat\/baixcamp\/wp-json\/wp\/v2\/users\/122"}],"replies":[{"embeddable":true,"href":"https:\/\/serveiseducatius.xtec.cat\/baixcamp\/wp-json\/wp\/v2\/comments?post=15449"}],"version-history":[{"count":6,"href":"https:\/\/serveiseducatius.xtec.cat\/baixcamp\/wp-json\/wp\/v2\/pages\/15449\/revisions"}],"predecessor-version":[{"id":15724,"href":"https:\/\/serveiseducatius.xtec.cat\/baixcamp\/wp-json\/wp\/v2\/pages\/15449\/revisions\/15724"}],"wp:attachment":[{"href":"https:\/\/serveiseducatius.xtec.cat\/baixcamp\/wp-json\/wp\/v2\/media?parent=15449"}],"curies":[{"name":"wp","href":"https:\/\/api.w.org\/{rel}","templated":true}]}}