{"id":15434,"date":"2025-01-21T13:18:44","date_gmt":"2025-01-21T12:18:44","guid":{"rendered":"https:\/\/serveiseducatius.xtec.cat\/baixcamp\/?page_id=15434"},"modified":"2025-02-03T12:06:26","modified_gmt":"2025-02-03T11:06:26","slug":"hidricus","status":"publish","type":"page","link":"https:\/\/serveiseducatius.xtec.cat\/baixcamp\/hidricus\/","title":{"rendered":"H\u00cdDRICUS"},"content":{"rendered":"\n<h1 class=\"wp-block-heading\">L&#8217;aventura de l&#8217;aigua<\/h1>\n\n\n\n<p><\/p>\n\n\n\n<figure class=\"wp-block-image alignright\"><a href=\"https:\/\/serveiseducatius.xtec.cat\/bergueda\/wp-content\/uploads\/usu878\/2023\/03\/hidricus-e1680098901416.jpg\"><img decoding=\"async\" src=\"https:\/\/serveiseducatius.xtec.cat\/bergueda\/wp-content\/uploads\/usu878\/2023\/03\/hidricus-e1680098901416.jpg\" alt=\"\" class=\"wp-image-16382\"\/><\/a><\/figure>\n\n\n\n<p><strong>CODI: <\/strong>R702<br><strong>A qui s\u2019adre\u00e7a:<\/strong><br>Educaci\u00f3 b\u00e0sica (8 a 13 anys)<\/p>\n\n\n\n<p><strong>Descripci\u00f3:<\/strong><br>H\u00eddricus \u00e9s un joc basat en un coneixement general sobre l\u2019aigua. Est\u00e0 format per un taulell, jocs de cartes i daus i fitxes per anar seguint les diferents caselles del taulell.<\/p>\n\n\n\n<p>El tauler reprodueix el recorregut que fa el cicle de l\u2019aigua a trav\u00e9s d\u2019un petit pa\u00eds imaginari i el mecanisme \u00e9s el cl\u00e0ssic dels jocs de persecuci\u00f3: els jugadors han de contestar un seguit de preguntes que es presenten en cartes per avan\u00e7ar sobre el tauler.<\/p>\n\n\n\n<p>Les preguntes de les cartes fan refer\u00e8ncia a q\u00fcestions relacionades amb la cultura de l\u2019aigua: el seu \u00fas, l\u2019estalvi, la hist\u00f2ria, la geografia, la gesti\u00f3\u2026 Tamb\u00e9 hi ha un grup de cartes que tracten sobre els h\u00e0bits de conducta que hem de tenir en la nostra relaci\u00f3 amb l\u2019aigua, sobretot a les llars. S\u00f3n preguntes que ens proposen un dilema d\u2019actituds en una situaci\u00f3 quotidiana. Cal pensar quina \u00e9s la resposta ambiental correcta.&nbsp; A m\u00e9s, incorpora algunes targetes en blanc perqu\u00e8 els jugadors puguin afegir preguntes al joc.<\/p>\n\n\n\n<p><strong>Contingut:<\/strong><\/p>\n\n\n\n<ul class=\"wp-block-list\">\n<li>Tauler<\/li>\n\n\n\n<li>80 targetes amb preguntes<\/li>\n\n\n\n<li>Targetes en blanc per formular-ne de noves usant retolador esborrable<\/li>\n\n\n\n<li>1 dau i 4 fitxes de colors<\/li>\n\n\n\n<li><a href=\"https:\/\/serveiseducatius.xtec.cat\/baixcamp\/wp-content\/uploads\/usu950\/2025\/01\/hidricus.jpg\" target=\"_blank\" rel=\"noreferrer noopener\">Instruccions<\/a><\/li>\n<\/ul>\n\n\n\n<p><\/p>\n\n\n\n<div class=\"wp-block-columns is-layout-flex wp-container-core-columns-is-layout-1 wp-block-columns-is-layout-flex\">\n<div class=\"wp-block-column is-layout-flow wp-block-column-is-layout-flow\" style=\"flex-basis:50%\">\n<p><iframe loading=\"lazy\" style=\"border: 0;\" src=\"https:\/\/calendar.google.com\/calendar\/embed?src=c_e198c93cfab9c73ed1aa1f4e83b175bd663378a7e4691281686e1291454d08db%40group.calendar.google.com&amp;ctz=Europe%2FParis\" width=\"100%\" height=\"400px\" frameborder=\"0\" scrolling=\"no\"><\/iframe><\/p>\n<\/div>\n\n\n\n<div class=\"wp-block-column is-vertically-aligned-center is-layout-flow wp-block-column-is-layout-flow\" style=\"flex-basis:10%\">\n<figure class=\"wp-block-image aligncenter\"><a href=\"https:\/\/forms.gle\/j9jeXWbWDp6pSJdM9\"><img decoding=\"async\" src=\"http:\/\/serveiseducatius.xtec.cat\/baixcamp\/wp-content\/uploads\/usu950\/2018\/09\/sol%C2%B7licitud-pr%C3%A9stec.png\" alt=\"\" class=\"wp-image-8610\"\/><\/a><\/figure>\n<\/div>\n\n\n\n<div class=\"wp-block-column is-layout-flow wp-block-column-is-layout-flow\" style=\"flex-basis:40%\">\n<h6 class=\"wp-block-heading\"><strong>Condicions del pr\u00e9stec<\/strong><\/h6>\n\n\n\n<p>Durada: 20 dies aproximadament<br>Recollida i retorn del pr\u00e9stec:&nbsp;<strong>de dilluns a divendres d\u201911h a 14h i de 16h a 18h<\/strong><br>(dins del per\u00edode del pr\u00e9stec sol\u00b7licitat).<\/p>\n\n\n\n<h6 class=\"wp-block-heading\"><strong>Normes d\u2019\u00fas<\/strong><\/h6>\n\n\n\n<ul class=\"wp-block-list\">\n<li>\u00c9s responsabilitat de l\u2019usuari assegurar-se del correcte funcionament del material, a l\u2019inici de la reserva.<\/li>\n\n\n\n<li>Qualsevol p\u00e8rdua o desperfecte del material ser\u00e0 responsabilitat del centre educatiu, que haur\u00e0 de reposar-lo.<\/li>\n\n\n\n<li>Cal comunicar qualsevol incid\u00e8ncia que es produeixi durant el seu \u00fas.<\/li>\n<\/ul>\n<\/div>\n<\/div>\n","protected":false},"excerpt":{"rendered":"<p>L&#8217;aventura de l&#8217;aigua CODI: R702A qui s\u2019adre\u00e7a:Educaci\u00f3 b\u00e0sica (8 a 13 anys) Descripci\u00f3:H\u00eddricus \u00e9s un joc basat en un coneixement general sobre l\u2019aigua. Est\u00e0 format per un taulell, jocs de cartes i daus i fitxes per anar seguint les diferents caselles del taulell. El tauler reprodueix el recorregut que fa el cicle de l\u2019aigua a [&hellip;]<\/p>\n","protected":false},"author":122,"featured_media":0,"parent":0,"menu_order":0,"comment_status":"closed","ping_status":"close","template":"","meta":{"_bbp_topic_count":0,"_bbp_reply_count":0,"_bbp_total_topic_count":0,"_bbp_total_reply_count":0,"_bbp_voice_count":0,"_bbp_anonymous_reply_count":0,"_bbp_topic_count_hidden":0,"_bbp_reply_count_hidden":0,"_bbp_forum_subforum_count":0,"site-sidebar-layout":"default","site-content-layout":"","ast-site-content-layout":"","site-content-style":"default","site-sidebar-style":"default","ast-global-header-display":"","ast-banner-title-visibility":"","ast-main-header-display":"","ast-hfb-above-header-display":"","ast-hfb-below-header-display":"","ast-hfb-mobile-header-display":"","site-post-title":"","ast-breadcrumbs-content":"","ast-featured-img":"","footer-sml-layout":"","theme-transparent-header-meta":"","adv-header-id-meta":"","stick-header-meta":"","header-above-stick-meta":"","header-main-stick-meta":"","header-below-stick-meta":"","astra-migrate-meta-layouts":"default","ast-page-background-enabled":"default","ast-page-background-meta":{"desktop":{"background-color":"var(--ast-global-color-4)","background-image":"","background-repeat":"repeat","background-position":"center center","background-size":"auto","background-attachment":"scroll","background-type":"","background-media":"","overlay-type":"","overlay-color":"","overlay-opacity":"","overlay-gradient":""},"tablet":{"background-color":"","background-image":"","background-repeat":"repeat","background-position":"center center","background-size":"auto","background-attachment":"scroll","background-type":"","background-media":"","overlay-type":"","overlay-color":"","overlay-opacity":"","overlay-gradient":""},"mobile":{"background-color":"","background-image":"","background-repeat":"repeat","background-position":"center center","background-size":"auto","background-attachment":"scroll","background-type":"","background-media":"","overlay-type":"","overlay-color":"","overlay-opacity":"","overlay-gradient":""}},"ast-content-background-meta":{"desktop":{"background-color":"var(--ast-global-color-5)","background-image":"","background-repeat":"repeat","background-position":"center center","background-size":"auto","background-attachment":"scroll","background-type":"","background-media":"","overlay-type":"","overlay-color":"","overlay-opacity":"","overlay-gradient":""},"tablet":{"background-color":"var(--ast-global-color-5)","background-image":"","background-repeat":"repeat","background-position":"center center","background-size":"auto","background-attachment":"scroll","background-type":"","background-media":"","overlay-type":"","overlay-color":"","overlay-opacity":"","overlay-gradient":""},"mobile":{"background-color":"var(--ast-global-color-5)","background-image":"","background-repeat":"repeat","background-position":"center center","background-size":"auto","background-attachment":"scroll","background-type":"","background-media":"","overlay-type":"","overlay-color":"","overlay-opacity":"","overlay-gradient":""}},"footnotes":""},"class_list":["post-15434","page","type-page","status-publish","hentry"],"post_mailing_queue_ids":[],"_links":{"self":[{"href":"https:\/\/serveiseducatius.xtec.cat\/baixcamp\/wp-json\/wp\/v2\/pages\/15434","targetHints":{"allow":["GET"]}}],"collection":[{"href":"https:\/\/serveiseducatius.xtec.cat\/baixcamp\/wp-json\/wp\/v2\/pages"}],"about":[{"href":"https:\/\/serveiseducatius.xtec.cat\/baixcamp\/wp-json\/wp\/v2\/types\/page"}],"author":[{"embeddable":true,"href":"https:\/\/serveiseducatius.xtec.cat\/baixcamp\/wp-json\/wp\/v2\/users\/122"}],"replies":[{"embeddable":true,"href":"https:\/\/serveiseducatius.xtec.cat\/baixcamp\/wp-json\/wp\/v2\/comments?post=15434"}],"version-history":[{"count":5,"href":"https:\/\/serveiseducatius.xtec.cat\/baixcamp\/wp-json\/wp\/v2\/pages\/15434\/revisions"}],"predecessor-version":[{"id":15725,"href":"https:\/\/serveiseducatius.xtec.cat\/baixcamp\/wp-json\/wp\/v2\/pages\/15434\/revisions\/15725"}],"wp:attachment":[{"href":"https:\/\/serveiseducatius.xtec.cat\/baixcamp\/wp-json\/wp\/v2\/media?parent=15434"}],"curies":[{"name":"wp","href":"https:\/\/api.w.org\/{rel}","templated":true}]}}