{"id":15380,"date":"2025-01-14T16:40:35","date_gmt":"2025-01-14T15:40:35","guid":{"rendered":"https:\/\/serveiseducatius.xtec.cat\/baixcamp\/?page_id=15380"},"modified":"2025-03-28T14:32:41","modified_gmt":"2025-03-28T13:32:41","slug":"maleta-prevencio-de-violencies","status":"publish","type":"page","link":"https:\/\/serveiseducatius.xtec.cat\/baixcamp\/recursos-2\/ambit-linguistic\/maleta-prevencio-de-violencies\/","title":{"rendered":"Pr\u00e9stec Maleta prevenci\u00f3 de viol\u00e8ncies"},"content":{"rendered":"\n<p>El conflicte \u00e9s un element inherent a les relacions humanes i esdev\u00e9 necess\u00e0riament una<br>oportunitat d\u2019aprenentatge. Sovint se\u2019n t\u00e9 una percepci\u00f3 negativa perqu\u00e8 s\u2019associa a viol\u00e8ncia,<br>per\u00f2 el fet que hi hagi conflicte no necess\u00e0riament implica que acabi en una situaci\u00f3 de<br>viol\u00e8ncia i, per tant, no s\u2019ha de veure com a negatiu. Des d\u2019aquesta visi\u00f3 el conflicte s\u2019ha de<br>gestionar educativament per aprendre a viure en comunitat i en relaci\u00f3 amb els altres.<br>La conviv\u00e8ncia es defineix com la possibilitat d\u2019ajudar l\u2019alumnat a desenvolupar-se com a<br>persones i, fins i tot, que esdevinguin agents transformadors de la societat en l\u2019exercici de la<br>seva ciutadania.<br>En canvi, la viol\u00e8ncia \u00e9s una vulneraci\u00f3 de drets humans i es defineix com l\u2019\u00fas de la for\u00e7a o<br>del poder per malmetre l\u2019altre.<\/p>\n\n\n\n<blockquote class=\"wp-block-quote is-layout-flow wp-block-quote-is-layout-flow\">\n<div class=\"wp-block-media-text is-stacked-on-mobile\" style=\"grid-template-columns:15% auto\"><figure class=\"wp-block-media-text__media\"><img loading=\"lazy\" decoding=\"async\" width=\"200\" height=\"600\" src=\"https:\/\/serveiseducatius.xtec.cat\/baixcamp\/wp-content\/uploads\/usu950\/2025\/01\/Separador-de-libros-frase-recortes-cafe-200x600.png\" alt=\"\" class=\"wp-image-15378 size-full\" srcset=\"https:\/\/serveiseducatius.xtec.cat\/baixcamp\/wp-content\/uploads\/usu950\/2025\/01\/Separador-de-libros-frase-recortes-cafe-200x600.png 200w, https:\/\/serveiseducatius.xtec.cat\/baixcamp\/wp-content\/uploads\/usu950\/2025\/01\/Separador-de-libros-frase-recortes-cafe-100x300.png 100w, https:\/\/serveiseducatius.xtec.cat\/baixcamp\/wp-content\/uploads\/usu950\/2025\/01\/Separador-de-libros-frase-recortes-cafe-512x1536.png 512w, https:\/\/serveiseducatius.xtec.cat\/baixcamp\/wp-content\/uploads\/usu950\/2025\/01\/Separador-de-libros-frase-recortes-cafe.png 600w\" sizes=\"auto, (max-width: 200px) 100vw, 200px\" \/><\/figure><div class=\"wp-block-media-text__content\">\n<p>Els centres educatius s\u00f3n clau en la prevenci\u00f3 de qualsevol mena de viol\u00e8ncia i tamb\u00e9 en la<br>reparaci\u00f3 integral, perqu\u00e8 poden construir garanties de no repetici\u00f3 i tenen una responsabilitat<br>cabdal en la detecci\u00f3 i intervenci\u00f3 que es produeixi en l\u2019\u00e0mbit educatiu, aix\u00ed com la detecci\u00f3 i<br>l\u2019acompanyament de l\u2019alumnat que travessa situacions de viol\u00e8ncia fora de l\u2019\u00e0mbit educatiu.<\/p>\n\n\n\n<p>Per aquest motiu, des del CRP us volem oferir &#8220;La maleta de prevenci\u00f3 de viol\u00e8ncies&#8221;.<\/p>\n\n\n\n<p>Aqu\u00ed podreu trobar diferents contes per treballar a l&#8217;aula i poder posar en marxa accions de prevenci\u00f3 contra qualsevol mena d&#8217;assetjament o viol\u00e8ncia.<\/p>\n<\/div><\/div>\n\n\n\n<div style=\"height:69px\" aria-hidden=\"true\" class=\"wp-block-spacer\"><\/div>\n<cite>Introducci\u00f3 del Marc Conceptual (punt 4) del <a href=\"https:\/\/educacio.gencat.cat\/web\/.content\/home\/departament\/publicacions\/protocols\/actuacio-davant-violencia-ambit-educatiu\/protocol-actuacio-davant-violencia.pdf\" target=\"_blank\" rel=\"noreferrer noopener\">Protocol d&#8217;actuaci\u00f3 davant de qualsevol tipus de viol\u00e8ncia en l&#8217;\u00e0mbit educatiu<\/a> (juliol 2024)<br><br><\/cite><\/blockquote>\n\n\n\n<figure class=\"wp-block-image aligncenter size-large\"><img loading=\"lazy\" decoding=\"async\" width=\"600\" height=\"535\" src=\"https:\/\/serveiseducatius.xtec.cat\/baixcamp\/wp-content\/uploads\/usu950\/2025\/03\/screenshot-educacio.gencat.cat-2023.09.16-00_19_54-600x535.png\" alt=\"\" class=\"wp-image-15914\" srcset=\"https:\/\/serveiseducatius.xtec.cat\/baixcamp\/wp-content\/uploads\/usu950\/2025\/03\/screenshot-educacio.gencat.cat-2023.09.16-00_19_54-600x535.png 600w, https:\/\/serveiseducatius.xtec.cat\/baixcamp\/wp-content\/uploads\/usu950\/2025\/03\/screenshot-educacio.gencat.cat-2023.09.16-00_19_54-300x268.png 300w, https:\/\/serveiseducatius.xtec.cat\/baixcamp\/wp-content\/uploads\/usu950\/2025\/03\/screenshot-educacio.gencat.cat-2023.09.16-00_19_54-768x685.png 768w, https:\/\/serveiseducatius.xtec.cat\/baixcamp\/wp-content\/uploads\/usu950\/2025\/03\/screenshot-educacio.gencat.cat-2023.09.16-00_19_54.png 795w\" sizes=\"auto, (max-width: 600px) 100vw, 600px\" \/><\/figure>\n\n\n\n<div style=\"height:100px\" aria-hidden=\"true\" class=\"wp-block-spacer\"><\/div>\n\n\n\n<h2 class=\"wp-block-heading\">Contingut de la maleta:<\/h2>\n\n\n\n<ul class=\"wp-block-list\">\n<li>17 exemplars de <a href=\"https:\/\/igualtat.gencat.cat\/ca\/actualitat\/campanyes\/el-club-de-la-lluita-per-la-igualtat\/index.html\" target=\"_blank\" rel=\"noreferrer noopener\">&#8220;<strong>El Club de la lluita per la igualtat&#8221;<\/strong><\/a><\/li>\n\n\n\n<li style=\"font-style:normal;font-weight:100\"><strong>&#8220;Enganxines difusi\u00f3 UsApp&#8221;<\/strong>: Aplicaci\u00f3 web del Departament d\u2019Educaci\u00f3 que permet comunicar d\u2019una forma f\u00e0cil, intu\u00eftiva i efica\u00e7 situacions de viol\u00e8ncia que pot viure tot l\u2019alumnat de Catalunya. La UsApps \u00e9s el canal de comunicaci\u00f3 i den\u00fancia que pret\u00e9n visibilitzar les viol\u00e8ncies naturalitzades als centres educatius, identificar-les i actuar-hi per protegir infants i adolescents.<\/li>\n<\/ul>\n\n\n\n<div style=\"height:13px\" aria-hidden=\"true\" class=\"wp-block-spacer\"><\/div>\n\n\n\n<ul class=\"wp-block-list\">\n<li style=\"font-style:normal;font-weight:100\"><strong>&#8220;Malena balena&#8221;<\/strong> ed. libros del zorro rojo. &#8211; A la piscina, les nenes es reien de la Malena. I \u00e9s que Malena pesava molt, massa. Tant que li deien \u00abbalena\u00bb. Per\u00f2 un dia, el monitor de nataci\u00f3 li va ensenyar un truc i la seva vida va comen\u00e7ar a canviar \u2026 Un personatge entranyable que viu la realitat de molts nens i nenes; un tema delicat tractat amb sentit de l\u2019humor, des del respecte i el foment de l\u2019autoestima.<\/li>\n\n\n\n<li style=\"font-style:normal;font-weight:100\"><a href=\"https:\/\/www.magranes.com\/materials-propis\/\" target=\"_blank\" rel=\"noreferrer noopener\"><strong>&#8220;Som Massa!&#8221;<\/strong><\/a> guia sobre grassof\u00f2bia<\/li>\n\n\n\n<li style=\"font-style:normal;font-weight:100\"><strong>&#8220;Orelles de papallona&#8221;<\/strong> La protagonista es caracteritza per la seva habilitat per a trobar bellesa en el que uns altres podrien considerar defectes. Gr\u00e0cies a aquesta hist\u00f2ria, Luisa Aguilar ens ensenya la import\u00e0ncia de l&#8217;autoacceptaci\u00f3, aix\u00ed com el poder de la imaginaci\u00f3 i ens recorda la import\u00e0ncia de celebrar la nostra singularitat i la dels altres.<\/li>\n\n\n\n<li style=\"font-style:normal;font-weight:100\"><strong>&#8220;No et fiquis amb mi&#8221;<\/strong> Un infant v\u00edctima d&#8217;assetjamentdesenvolupar\u00e0 sentiments molt forts. No deixeu que us espantin o us superin. \u00c9s un llibre infantil de l&#8217;Editorial Joventut, on ens presenta la delicada q\u00fcesti\u00f3 de l&#8217;assetjament escolar en termes senzills i tranquil\u00b7litzadors. Les pors, les preocupacions i els interrogants que planteja aquest tema es posen a l&#8217;abast dels m\u00e9s petits d&#8217;una manera accessible. Inclou una guia per a utilitzar aquest llibre, bibliografia i recursos per a nens i adults.<\/li>\n<\/ul>\n\n\n\n<div style=\"height:24px\" aria-hidden=\"true\" class=\"wp-block-spacer\"><\/div>\n\n\n\n<ul class=\"wp-block-list\">\n<li style=\"font-style:normal;font-weight:100\"><a href=\"https:\/\/la-bici-de-la-lola.mailchimpsites.com\/\" target=\"_blank\" rel=\"noreferrer noopener\"><strong>&#8220;La bici de la Lola\u00a0&#8220;<\/strong><\/a> 4 exemplars + guia did\u00e0ctica &#8211; Aquesta \u00e9s una hist\u00f2ria que ens connecta amb els recursos propis i col\u00b7lectius de resili\u00e8ncia, que anima les petites a expressar\u2013se en cas d\u2019agressi\u00f3, i les adultes a escoltar i protegir.<\/li>\n\n\n\n<li style=\"font-style:normal;font-weight:100\"><strong>&#8220;L&#8217;ombra de la Clara&#8221;<\/strong> Elisenda Pascual Mart\u00ed, psic\u00f2loga especialitzada en inf\u00e0ncia i acompanyament familiar, aconsegueix transmetre a trav\u00e9s d\u2019aquest bonic conte el malestar i la confusi\u00f3 que viuen els nens v\u00edctimes d\u2019abusos sexuals per persones de confian\u00e7a. Una hist\u00f2ria senzilla i plena de matisos simb\u00f2lics.<\/li>\n\n\n\n<li style=\"font-style:normal;font-weight:100\"><strong>&#8220;El meu cos \u00e9s meu&#8221;<\/strong> Dir que no i protegir-se de contactes desagradables no \u00e9s f\u00e0cil. Els infants que se senten segurs de si mateixos tenen m\u00e9s facilitat per dir ben clar el que volen i el que no. Per aix\u00f2 \u00e9s important que tots els nens i nenes prenguin consci\u00e8ncia dels seus sentiments i del seu cos.<\/li>\n\n\n\n<li style=\"font-style:normal;font-weight:100\"><a href=\"https:\/\/serveiocupacio.gencat.cat\/web\/.content\/01_SOC\/06_Recursos-dones-victimes-de-la-violencia-masclista\/Guia-breu-de-prevencio-de-la-violencia-masclista-amb-nois.pdf\"><strong>&#8220;Prevenci\u00f3 de la viol\u00e8ncia masclista amb grups de nois&#8221;<\/strong><\/a> En un context on la viol\u00e8ncia contra les dones est\u00e0 lluny de decr\u00e9ixer, \u00e9s especialment urgent interpel\u00b7lar els homes per poder transformar els models de comportament i les din\u00e0miques de relaci\u00f3 que la sostenen<\/li>\n\n\n\n<li style=\"font-style:normal;font-weight:100\">&#8220;<strong>Guia d&#8217;acompanyament i bon tracte a l&#8217;alumnat que verbalitza situacions de viol\u00e8ncies sexuals<\/strong>&#8220;<\/li>\n<\/ul>\n\n\n\n<div style=\"height:16px\" aria-hidden=\"true\" class=\"wp-block-spacer\"><\/div>\n\n\n\n<ul class=\"wp-block-list\">\n<li style=\"font-style:normal;font-weight:100\">&#8220;<strong>El vol de la Selva<\/strong>&#8221;\u00a0\u2013\u00a0Quan alg\u00fa desapareix de la nostra vida i se\u2019n va sobtadament sense acomiadar-se, ens genera malestar i sensacions desagradables. La hist\u00f2ria de la Selva, l\u2019\u00c0lex i la resta de companys\/es ens mostra com ens podem sentir si ens trobem en una situaci\u00f3 aix\u00ed, i ens fa pensar en com fer-ne una bona gesti\u00f3 emocional.<\/li>\n\n\n\n<li style=\"font-style:normal;font-weight:100\">&#8220;<strong>Quan m\u2019escolto<\/strong>&#8221;&nbsp;\u2013&nbsp;Quan tenim una relaci\u00f3 d\u2019amistat que ens porta m\u00e9s tristesa i neguit que il\u00b7lusi\u00f3 i alegria, potser toca revisar qu\u00e8 ens est\u00e0 passant. La hist\u00f2ria del Gael, el Marc i la Nur ens fa reflexionar sobre l\u2019amistat i el bon tracte.<\/li>\n\n\n\n<li style=\"font-style:normal;font-weight:100\">&#8220;<strong>Una nebulosa al meu pit<\/strong>&#8221;&nbsp;\u2013&nbsp;Un malent\u00e8s, fins i tot sense mala intenci\u00f3, pot provocar angoixa i confusi\u00f3 desconcertant en la persona que pateix aquesta situaci\u00f3. La Maia i l\u2019Oli ens mostren els seus sentiments i ens comparteixen aprenentatges sobre el bon tracte en la comunicaci\u00f3.<\/li>\n<\/ul>\n\n\n\n<div style=\"height:15px\" aria-hidden=\"true\" class=\"wp-block-spacer\"><\/div>\n\n\n\n<div class=\"wp-block-columns is-layout-flex wp-container-core-columns-is-layout-1 wp-block-columns-is-layout-flex\">\n<div class=\"wp-block-column is-layout-flow wp-block-column-is-layout-flow\" style=\"flex-basis:100%\"><h1 class=\"has-text-align-center wp-block-post-title\">Pr\u00e9stec Maleta prevenci\u00f3 de viol\u00e8ncies<\/h1><\/div>\n<\/div>\n\n\n<table style=\"border-collapse: collapse; width: 100%;\">\n<tbody>\n<tr>\n<td style=\"width: 600;\"><iframe loading=\"lazy\" style=\"border: 0;\" src=\"https:\/\/calendar.google.com\/calendar\/embed?src=c_5c5e9b39fccf5711d1a487e6b8d78c7f08a7ada46017ec61b2b632f71b49ef9f%40group.calendar.google.com&amp;ctz=Europe%2FParis\" width=\"600\" height=\"400\" frameborder=\"0\" scrolling=\"no\"><\/iframe><\/td>\n<td><a href=\"https:\/\/forms.gle\/1NFkPzpTM5Pomi1K6\"><img loading=\"lazy\" decoding=\"async\" class=\"aligncenter\" src=\"https:\/\/serveiseducatius.xtec.cat\/baixcamp\/wp-content\/uploads\/usu950\/2018\/10\/sol%C2%B7licitud-pr%C3%A9stec.png\" alt=\"\" width=\"155\" height=\"76\" \/><\/a><\/td>\n<td><strong>Condicions del pr\u00e9stec<\/strong>\n<p>Durada: 2 setmanes aproximadament<\/p>\n<div class=\"entry-content\">\n<div class=\"entry-content\">\n<p>Per altres per\u00edodes de pr\u00e9stec, consulteu a\u00a0<a href=\"mailto:e3990102@xtec.cat\">e3990102@xtec.cat<\/a><\/p>\n<p><strong>Recollida i retorn del pr\u00e9stec:<\/strong>\u00a0de dilluns a divendres d\u201911:00h a 14:00h i de 16:00h a 18:00h<\/p>\n<p><strong>Normes d\u2019\u00fas:<\/strong><\/p>\n<p>\u00c9s responsabilitat de l\u2019usuari assegurar-se del contingut material i bon estat dels llibres de la maleta a l\u2019inici de la reserva.<br \/>Qualsevol p\u00e8rdua o desperfecte del material ser\u00e0 responsabilitat del centre educatiu, que haur\u00e0 de reposar-ho.<br \/>Cal comunicar qualsevol incid\u00e8ncia que es produeixi durant el seu \u00fas.<\/p>\n<\/div>\n<\/div>\n<\/td>\n<\/tr>\n<\/tbody>\n<\/table>","protected":false},"excerpt":{"rendered":"<p>El conflicte \u00e9s un element inherent a les relacions humanes i esdev\u00e9 necess\u00e0riament unaoportunitat d\u2019aprenentatge. Sovint se\u2019n t\u00e9 una percepci\u00f3 negativa perqu\u00e8 s\u2019associa a viol\u00e8ncia,per\u00f2 el fet que hi hagi conflicte no necess\u00e0riament implica que acabi en una situaci\u00f3 deviol\u00e8ncia i, per tant, no s\u2019ha de veure com a negatiu. Des d\u2019aquesta visi\u00f3 el conflicte [&hellip;]<\/p>\n","protected":false},"author":122,"featured_media":0,"parent":14126,"menu_order":0,"comment_status":"closed","ping_status":"close","template":"page-templates\/side-menu.php","meta":{"_bbp_topic_count":0,"_bbp_reply_count":0,"_bbp_total_topic_count":0,"_bbp_total_reply_count":0,"_bbp_voice_count":0,"_bbp_anonymous_reply_count":0,"_bbp_topic_count_hidden":0,"_bbp_reply_count_hidden":0,"_bbp_forum_subforum_count":0,"site-sidebar-layout":"default","site-content-layout":"","ast-site-content-layout":"","site-content-style":"default","site-sidebar-style":"default","ast-global-header-display":"","ast-banner-title-visibility":"","ast-main-header-display":"","ast-hfb-above-header-display":"","ast-hfb-below-header-display":"","ast-hfb-mobile-header-display":"","site-post-title":"","ast-breadcrumbs-content":"","ast-featured-img":"","footer-sml-layout":"","theme-transparent-header-meta":"","adv-header-id-meta":"","stick-header-meta":"","header-above-stick-meta":"","header-main-stick-meta":"","header-below-stick-meta":"","astra-migrate-meta-layouts":"default","ast-page-background-enabled":"default","ast-page-background-meta":{"desktop":{"background-color":"var(--ast-global-color-4)","background-image":"","background-repeat":"repeat","background-position":"center center","background-size":"auto","background-attachment":"scroll","background-type":"","background-media":"","overlay-type":"","overlay-color":"","overlay-opacity":"","overlay-gradient":""},"tablet":{"background-color":"","background-image":"","background-repeat":"repeat","background-position":"center center","background-size":"auto","background-attachment":"scroll","background-type":"","background-media":"","overlay-type":"","overlay-color":"","overlay-opacity":"","overlay-gradient":""},"mobile":{"background-color":"","background-image":"","background-repeat":"repeat","background-position":"center center","background-size":"auto","background-attachment":"scroll","background-type":"","background-media":"","overlay-type":"","overlay-color":"","overlay-opacity":"","overlay-gradient":""}},"ast-content-background-meta":{"desktop":{"background-color":"var(--ast-global-color-5)","background-image":"","background-repeat":"repeat","background-position":"center center","background-size":"auto","background-attachment":"scroll","background-type":"","background-media":"","overlay-type":"","overlay-color":"","overlay-opacity":"","overlay-gradient":""},"tablet":{"background-color":"var(--ast-global-color-5)","background-image":"","background-repeat":"repeat","background-position":"center center","background-size":"auto","background-attachment":"scroll","background-type":"","background-media":"","overlay-type":"","overlay-color":"","overlay-opacity":"","overlay-gradient":""},"mobile":{"background-color":"var(--ast-global-color-5)","background-image":"","background-repeat":"repeat","background-position":"center center","background-size":"auto","background-attachment":"scroll","background-type":"","background-media":"","overlay-type":"","overlay-color":"","overlay-opacity":"","overlay-gradient":""}},"footnotes":""},"class_list":["post-15380","page","type-page","status-publish","hentry"],"post_mailing_queue_ids":[],"_links":{"self":[{"href":"https:\/\/serveiseducatius.xtec.cat\/baixcamp\/wp-json\/wp\/v2\/pages\/15380","targetHints":{"allow":["GET"]}}],"collection":[{"href":"https:\/\/serveiseducatius.xtec.cat\/baixcamp\/wp-json\/wp\/v2\/pages"}],"about":[{"href":"https:\/\/serveiseducatius.xtec.cat\/baixcamp\/wp-json\/wp\/v2\/types\/page"}],"author":[{"embeddable":true,"href":"https:\/\/serveiseducatius.xtec.cat\/baixcamp\/wp-json\/wp\/v2\/users\/122"}],"replies":[{"embeddable":true,"href":"https:\/\/serveiseducatius.xtec.cat\/baixcamp\/wp-json\/wp\/v2\/comments?post=15380"}],"version-history":[{"count":5,"href":"https:\/\/serveiseducatius.xtec.cat\/baixcamp\/wp-json\/wp\/v2\/pages\/15380\/revisions"}],"predecessor-version":[{"id":15921,"href":"https:\/\/serveiseducatius.xtec.cat\/baixcamp\/wp-json\/wp\/v2\/pages\/15380\/revisions\/15921"}],"up":[{"embeddable":true,"href":"https:\/\/serveiseducatius.xtec.cat\/baixcamp\/wp-json\/wp\/v2\/pages\/14126"}],"wp:attachment":[{"href":"https:\/\/serveiseducatius.xtec.cat\/baixcamp\/wp-json\/wp\/v2\/media?parent=15380"}],"curies":[{"name":"wp","href":"https:\/\/api.w.org\/{rel}","templated":true}]}}