{"id":15138,"date":"2024-10-18T13:37:43","date_gmt":"2024-10-18T11:37:43","guid":{"rendered":"https:\/\/serveiseducatius.xtec.cat\/baixcamp\/?page_id=15138"},"modified":"2025-09-26T13:42:33","modified_gmt":"2025-09-26T11:42:33","slug":"cretdic","status":"publish","type":"page","link":"https:\/\/serveiseducatius.xtec.cat\/baixcamp\/el-servei-educatiu\/cretdic\/","title":{"rendered":"CRETDIC"},"content":{"rendered":"\n<h2 class=\"wp-block-heading\"><strong>Qui som<\/strong><\/h2>\n\n\n\n<p>El&nbsp;<strong>CRETDIC<\/strong>,&nbsp;<strong>Centre de Recursos Educatius per a Alumnes amb Trastorns del Desenvolupament i la Conducta<\/strong>, \u00e9s un servei d&#8217;assessorament i de suport t\u00e8cnic a la tasca docent i a la tasca dels serveis educatius, amb la finalitat d&#8217;afavorir la inclusi\u00f3, la participaci\u00f3 i l&#8217;aprenentatge dels alumnes amb trastorns del desenvolupament i de la conducta, empoderant als docents i als centres perqu\u00e8 puguin donar resposta a les necessitats educatives especials dels alumnes&nbsp;<\/p>\n\n\n\n<p>El&nbsp;<strong>CRETDIC<\/strong>&nbsp;\u00e9s un centre de recursos a tot Catalunya distribu\u00eft en 12 equips, un per cada Servei Territorial. L&#8217;equip del&nbsp;<strong>CRETDIC&nbsp;Tarragona<\/strong>&nbsp;est\u00e0 conformat per 5 professionals de la psicopedagogia i at\u00e9n a tot el territori del SSTT Tarragona: Alt Camp, Baix Camp, Conca de Barber\u00e0, Priorat, Reus, Tarragon\u00e8s A i Tarragon\u00e8s B.<\/p>\n\n\n\n<p>La demanda de col\u00b7laboraci\u00f3 amb el&nbsp;CRETDIC&nbsp;es realitza exclusivament a trav\u00e9s de l\u2019EAP de refer\u00e8ncia de cada centre escolar.<\/p>\n\n\n\n<h2 class=\"wp-block-heading\"><strong>Professionals\u00a0CRETDIC\u00a0Tarragona<\/strong><\/h2>\n\n\n\n<ul class=\"wp-block-list\">\n<li>Neus Ferr\u00e9 &#8211; Psicopedagoga i coordinadora\u00a0<\/li>\n\n\n\n<li>Montse Talaya &#8211; Psicopedagoga i coordinadora t\u00e8cnica<\/li>\n\n\n\n<li>Oriol Garc\u00eda &#8211; Psicopedagog<\/li>\n\n\n\n<li>Paloma Remezal &#8211; Psicopedagoga\u00a0<\/li>\n\n\n\n<li>Miriam Garc\u00eda &#8211; Mestra d&#8217;Educaci\u00f3 Especial<\/li>\n<\/ul>\n\n\n\n<h2 class=\"wp-block-heading\"><strong>Funcions<\/strong><\/h2>\n\n\n\n<p>El\u00a0<strong>CRETDIC\u00a0<\/strong>t\u00e9 assignades les\u00a0<strong>funcions\u00a0<\/strong>seg\u00fcents:<\/p>\n\n\n\n<ul class=\"wp-block-list\">\n<li>Col\u00b7laboraci\u00f3 amb els equips d&#8217;assessorament i orientaci\u00f3 psicopedag\u00f2gics en la identificaci\u00f3 i l&#8217;avaluaci\u00f3 de les necessitats dels alumnes amb trastorns del desenvolupament i de la conducta, i en l&#8217;orientaci\u00f3 a les fam\u00edlies.<\/li>\n\n\n\n<li>Assessorament i formaci\u00f3 als centres, als equips docents i als serveis educatius sobre criteris organitzatius i metodol\u00f2gics que facilitin l&#8217;atenci\u00f3 de les necessitats dels alumnes amb trastorns del desenvolupament i de la conducta.<\/li>\n\n\n\n<li>Aportaci\u00f3 de suport i de criteris t\u00e8cnics a altres \u00f2rgans del Departament d&#8217;Educaci\u00f3.<\/li>\n\n\n\n<li>Altres funcions que els atribueixi el Departament d&#8217;Educaci\u00f3.<\/li>\n<\/ul>\n\n\n\n<h2 class=\"wp-block-heading\"><strong>Contacte<\/strong><\/h2>\n\n\n\n<p>CRETDIC&nbsp;Tarragona&nbsp;<\/p>\n\n\n\n<p><a href=\"mailto:e3917728@xtec.cat\" target=\"_blank\" rel=\"noreferrer noopener\">e3917728@xtec.cat<\/a><\/p>\n\n\n\n<p>977 31 40 15 (ext 6)<\/p>\n\n\n\n<h2 class=\"wp-block-heading\"><strong>Normativa<\/strong><\/h2>\n\n\n\n<p><a href=\"https:\/\/portaljuridic.gencat.cat\/eli\/es-ct\/o\/2016\/11\/14\/ens308\/cer\" target=\"_blank\" rel=\"noreferrer noopener\">Ordre ENS\/308\/2016, de 14 de novembre, per la qual es crea el Centre de Recursos Educatius per a Alumnes amb Trastorns del Desenvolupament i la Conducta (CRETDIC), (DOGC n\u00fam. 7249 de 17\/11\/2016); correcci\u00f3 d&#8217;errades al DOGC n\u00fam. 7276, de 19.12.2016)<\/a><\/p>\n\n\n\n<h2 class=\"wp-block-heading\"><strong>Enlla\u00e7 intraweb\u00a0CRETDIC\u00a0Tarragona\u00a0<\/strong><\/h2>\n\n\n\n<p><a href=\"https:\/\/sites.google.com\/xtec.cat\/cretdic-tarragona\">https:\/\/sites.google.com\/xtec.cat\/cretdic-tarragona<\/a><\/p>\n","protected":false},"excerpt":{"rendered":"<p>Qui som El&nbsp;CRETDIC,&nbsp;Centre de Recursos Educatius per a Alumnes amb Trastorns del Desenvolupament i la Conducta, \u00e9s un servei d&#8217;assessorament i de suport t\u00e8cnic a la tasca docent i a la tasca dels serveis educatius, amb la finalitat d&#8217;afavorir la inclusi\u00f3, la participaci\u00f3 i l&#8217;aprenentatge dels alumnes amb trastorns del desenvolupament i de la conducta, [&hellip;]<\/p>\n","protected":false},"author":127,"featured_media":0,"parent":806,"menu_order":4,"comment_status":"closed","ping_status":"closed","template":"page-templates\/side-menu.php","meta":{"_bbp_topic_count":0,"_bbp_reply_count":0,"_bbp_total_topic_count":0,"_bbp_total_reply_count":0,"_bbp_voice_count":0,"_bbp_anonymous_reply_count":0,"_bbp_topic_count_hidden":0,"_bbp_reply_count_hidden":0,"_bbp_forum_subforum_count":0,"site-sidebar-layout":"default","site-content-layout":"","ast-site-content-layout":"default","site-content-style":"default","site-sidebar-style":"default","ast-global-header-display":"","ast-banner-title-visibility":"","ast-main-header-display":"","ast-hfb-above-header-display":"","ast-hfb-below-header-display":"","ast-hfb-mobile-header-display":"","site-post-title":"","ast-breadcrumbs-content":"","ast-featured-img":"","footer-sml-layout":"","theme-transparent-header-meta":"","adv-header-id-meta":"","stick-header-meta":"","header-above-stick-meta":"","header-main-stick-meta":"","header-below-stick-meta":"","astra-migrate-meta-layouts":"set","ast-page-background-enabled":"default","ast-page-background-meta":{"desktop":{"background-color":"var(--ast-global-color-4)","background-image":"","background-repeat":"repeat","background-position":"center center","background-size":"auto","background-attachment":"scroll","background-type":"","background-media":"","overlay-type":"","overlay-color":"","overlay-opacity":"","overlay-gradient":""},"tablet":{"background-color":"","background-image":"","background-repeat":"repeat","background-position":"center center","background-size":"auto","background-attachment":"scroll","background-type":"","background-media":"","overlay-type":"","overlay-color":"","overlay-opacity":"","overlay-gradient":""},"mobile":{"background-color":"","background-image":"","background-repeat":"repeat","background-position":"center center","background-size":"auto","background-attachment":"scroll","background-type":"","background-media":"","overlay-type":"","overlay-color":"","overlay-opacity":"","overlay-gradient":""}},"ast-content-background-meta":{"desktop":{"background-color":"var(--ast-global-color-5)","background-image":"","background-repeat":"repeat","background-position":"center center","background-size":"auto","background-attachment":"scroll","background-type":"","background-media":"","overlay-type":"","overlay-color":"","overlay-opacity":"","overlay-gradient":""},"tablet":{"background-color":"var(--ast-global-color-5)","background-image":"","background-repeat":"repeat","background-position":"center center","background-size":"auto","background-attachment":"scroll","background-type":"","background-media":"","overlay-type":"","overlay-color":"","overlay-opacity":"","overlay-gradient":""},"mobile":{"background-color":"var(--ast-global-color-5)","background-image":"","background-repeat":"repeat","background-position":"center center","background-size":"auto","background-attachment":"scroll","background-type":"","background-media":"","overlay-type":"","overlay-color":"","overlay-opacity":"","overlay-gradient":""}},"footnotes":""},"class_list":["post-15138","page","type-page","status-publish","hentry"],"post_mailing_queue_ids":[],"_links":{"self":[{"href":"https:\/\/serveiseducatius.xtec.cat\/baixcamp\/wp-json\/wp\/v2\/pages\/15138","targetHints":{"allow":["GET"]}}],"collection":[{"href":"https:\/\/serveiseducatius.xtec.cat\/baixcamp\/wp-json\/wp\/v2\/pages"}],"about":[{"href":"https:\/\/serveiseducatius.xtec.cat\/baixcamp\/wp-json\/wp\/v2\/types\/page"}],"author":[{"embeddable":true,"href":"https:\/\/serveiseducatius.xtec.cat\/baixcamp\/wp-json\/wp\/v2\/users\/127"}],"replies":[{"embeddable":true,"href":"https:\/\/serveiseducatius.xtec.cat\/baixcamp\/wp-json\/wp\/v2\/comments?post=15138"}],"version-history":[{"count":3,"href":"https:\/\/serveiseducatius.xtec.cat\/baixcamp\/wp-json\/wp\/v2\/pages\/15138\/revisions"}],"predecessor-version":[{"id":16172,"href":"https:\/\/serveiseducatius.xtec.cat\/baixcamp\/wp-json\/wp\/v2\/pages\/15138\/revisions\/16172"}],"up":[{"embeddable":true,"href":"https:\/\/serveiseducatius.xtec.cat\/baixcamp\/wp-json\/wp\/v2\/pages\/806"}],"wp:attachment":[{"href":"https:\/\/serveiseducatius.xtec.cat\/baixcamp\/wp-json\/wp\/v2\/media?parent=15138"}],"curies":[{"name":"wp","href":"https:\/\/api.w.org\/{rel}","templated":true}]}}