{"id":15125,"date":"2024-10-01T12:24:01","date_gmt":"2024-10-01T10:24:01","guid":{"rendered":"https:\/\/serveiseducatius.xtec.cat\/baixcamp\/?page_id=15125"},"modified":"2024-10-01T12:24:01","modified_gmt":"2024-10-01T10:24:01","slug":"faig","status":"publish","type":"page","link":"https:\/\/serveiseducatius.xtec.cat\/baixcamp\/projectes\/faig\/","title":{"rendered":"FAIG"},"content":{"rendered":"\n<h2 class=\"wp-block-heading\"><em>Fent per Aprendre, Imaginant Globalment<\/em><\/h2>\n\n\n\n<p>Programa experimental destinat a centres educatius de titularitat del Departament d\u2019Educaci\u00f3&nbsp; que imparteixin els ensenyaments d&#8217;educaci\u00f3 prim\u00e0ria, d&#8217;educaci\u00f3 secund\u00e0ria obligat\u00f2ria o ambd\u00f3s.<\/p>\n\n\n\n<div class=\"wp-block-columns is-layout-flex wp-container-core-columns-is-layout-1 wp-block-columns-is-layout-flex\">\n<div class=\"wp-block-column is-layout-flow wp-block-column-is-layout-flow\">\n<figure class=\"wp-block-image size-large\"><img decoding=\"async\" src=\"https:\/\/serveiseducatius.xtec.cat\/cesire\/wp-content\/uploads\/usu2650\/2024\/01\/02-450.jpeg\" alt=\"\"\/><\/figure>\n<\/div>\n\n\n\n<div class=\"wp-block-column is-layout-flow wp-block-column-is-layout-flow\">\n<figure class=\"wp-block-image size-large\"><img decoding=\"async\" src=\"https:\/\/www.rosasensat.org\/wp-content\/uploads\/2022\/05\/metodologies-globalitzades.jpg\" alt=\"\"\/><\/figure>\n<\/div>\n<\/div>\n\n\n\n<h2 class=\"wp-block-heading\">FAIG: Qu\u00e8 \u00e9s?<\/h2>\n\n\n\n<p>FAIG \u00e9s una oferta de formaci\u00f3 i acompanyament docent destinada a crear entorns d\u2019aprenentatge amb sentit, on l\u2019alumnat es troba al centre, mitjan\u00e7ant l&#8217;aprenentatge per projectes, la creaci\u00f3 d&#8217;espais &#8220;maker&#8221; i la realitzaci\u00f3 de projectes interdisciplinaris que connectin l\u2019alumnat amb els desafiaments i els reptes socials de l&#8217;\u00e8poca.<\/p>\n\n\n\n<h2 class=\"wp-block-heading\">Finalitat i objectius<\/h2>\n\n\n\n<ul class=\"wp-block-list\">\n<li>Proporcionar l&#8217;acompanyament, la formaci\u00f3 pedag\u00f2gica i la capacitaci\u00f3 tecnol\u00f2gica necess\u00e0ries per consolidar l\u2019aprenentatge per projectes com a l\u00ednia pedag\u00f2gica de centre.<\/li>\n\n\n\n<li>Crear entorns i experi\u00e8ncies d\u2019aprenentatge significatives mitjan\u00e7ant la resoluci\u00f3 de desafiaments i reptes del m\u00f3n real a trav\u00e9s dels plantejaments de la metodologia\u00a0<em>&#8220;maker<\/em>\u201d i <em>FAIGLab<\/em>.<\/li>\n\n\n\n<li>Generar una comunitat de creaci\u00f3 i aprenentatge actiu per desenvolupar projectes amb impacte en l\u2019entorn local, , aix\u00ed com compartir i difondre els projectes d\u2019aprenentatge amb sentit FAIG mitjan\u00e7ant una xarxa de centres FAIG de Catalunya.<\/li>\n<\/ul>\n\n\n\n<h2 class=\"wp-block-heading\">Durada<\/h2>\n\n\n\n<p>Formaci\u00f3 dividida en dos itineraris:&nbsp;<\/p>\n\n\n\n<ol class=\"wp-block-list\">\n<li>Tres cursos i un darrer curs d\u2019acompanyament a la consolidaci\u00f3 (2023-2027).<\/li>\n\n\n\n<li>Quatre cursos i un darrer curs d\u2019acompanyament a la consolidaci\u00f3 (2023-2028).<\/li>\n<\/ol>\n\n\n\n<h2 class=\"wp-block-heading\">Requisits<\/h2>\n\n\n\n<ul class=\"wp-block-list\">\n<li>Impartir els ensenyaments de l\u2019educaci\u00f3 prim\u00e0ria, l\u2019Educaci\u00f3 Secund\u00e0ria Obligat\u00f2ria o ambd\u00f3s.<\/li>\n\n\n\n<li>Designar un equip motor de cinc persones que inclogui, com a m\u00ednim, un membre de l\u2019equip directiu.<\/li>\n\n\n\n<li>Presentar la sol\u00b7licitud amb la documentaci\u00f3 detallada a l\u2019apartat 2 de l&#8217;annex detallat al seg\u00fcent enlla\u00e7: (<a href=\"https:\/\/xtec.gencat.cat\/ca\/innovacio\/suport-a-la-innovacio\/programa-experimental-faig\/\">https:\/\/xtec.gencat.cat\/ca\/innovacio\/suport-a-la-innovacio\/programa-experimental-faig\/<\/a>).<\/li>\n\n\n\n<li>Presentar el certificat de la direcci\u00f3 del centre, en el qual s\u2019expliciti l\u2019aprovaci\u00f3, com a m\u00ednim del 80% del claustre i del 80% del consell escolar, en relaci\u00f3 amb la participaci\u00f3 del centre en el programa.<\/li>\n<\/ul>\n\n\n\n<div class=\"wp-block-columns is-layout-flex wp-container-core-columns-is-layout-2 wp-block-columns-is-layout-flex\">\n<div class=\"wp-block-column is-layout-flow wp-block-column-is-layout-flow\">\n<h2 class=\"wp-block-heading\">Centres participants<\/h2>\n\n\n\n<p>ESC Mari\u00e0 Fortuny<br>ESC Dr Alberich i Casas<br>ESC Prat de la Riba<br>INS Roseta Mauri<br>ESC Pompeu Fabra<br>I-E Joan Ard\u00e8vol<\/p>\n<\/div>\n\n\n\n<div class=\"wp-block-column is-layout-flow wp-block-column-is-layout-flow\">\n<figure class=\"wp-block-embed is-type-video is-provider-youtube wp-block-embed-youtube wp-embed-aspect-16-9 wp-has-aspect-ratio\"><div class=\"wp-block-embed__wrapper\">\n<div class=\"ast-oembed-container \" style=\"height: 100%;\"><iframe loading=\"lazy\" title=\"Projecte FAIG\" width=\"500\" height=\"281\" src=\"https:\/\/www.youtube.com\/embed\/3Jv36LoF-7s?feature=oembed\" frameborder=\"0\" allow=\"accelerometer; autoplay; clipboard-write; encrypted-media; gyroscope; picture-in-picture; web-share\" referrerpolicy=\"strict-origin-when-cross-origin\" allowfullscreen><\/iframe><\/div>\n<\/div><\/figure>\n<\/div>\n<\/div>\n\n\n\n<p><\/p>\n","protected":false},"excerpt":{"rendered":"<p>Fent per Aprendre, Imaginant Globalment Programa experimental destinat a centres educatius de titularitat del Departament d\u2019Educaci\u00f3&nbsp; que imparteixin els ensenyaments d&#8217;educaci\u00f3 prim\u00e0ria, d&#8217;educaci\u00f3 secund\u00e0ria obligat\u00f2ria o ambd\u00f3s. FAIG: Qu\u00e8 \u00e9s? FAIG \u00e9s una oferta de formaci\u00f3 i acompanyament docent destinada a crear entorns d\u2019aprenentatge amb sentit, on l\u2019alumnat es troba al centre, mitjan\u00e7ant l&#8217;aprenentatge per [&hellip;]<\/p>\n","protected":false},"author":127,"featured_media":0,"parent":13463,"menu_order":14,"comment_status":"closed","ping_status":"closed","template":"","meta":{"_bbp_topic_count":0,"_bbp_reply_count":0,"_bbp_total_topic_count":0,"_bbp_total_reply_count":0,"_bbp_voice_count":0,"_bbp_anonymous_reply_count":0,"_bbp_topic_count_hidden":0,"_bbp_reply_count_hidden":0,"_bbp_forum_subforum_count":0,"site-sidebar-layout":"default","site-content-layout":"","ast-site-content-layout":"","site-content-style":"default","site-sidebar-style":"default","ast-global-header-display":"","ast-banner-title-visibility":"","ast-main-header-display":"","ast-hfb-above-header-display":"","ast-hfb-below-header-display":"","ast-hfb-mobile-header-display":"","site-post-title":"","ast-breadcrumbs-content":"","ast-featured-img":"","footer-sml-layout":"","theme-transparent-header-meta":"","adv-header-id-meta":"","stick-header-meta":"","header-above-stick-meta":"","header-main-stick-meta":"","header-below-stick-meta":"","astra-migrate-meta-layouts":"default","ast-page-background-enabled":"default","ast-page-background-meta":{"desktop":{"background-color":"var(--ast-global-color-4)","background-image":"","background-repeat":"repeat","background-position":"center center","background-size":"auto","background-attachment":"scroll","background-type":"","background-media":"","overlay-type":"","overlay-color":"","overlay-opacity":"","overlay-gradient":""},"tablet":{"background-color":"","background-image":"","background-repeat":"repeat","background-position":"center center","background-size":"auto","background-attachment":"scroll","background-type":"","background-media":"","overlay-type":"","overlay-color":"","overlay-opacity":"","overlay-gradient":""},"mobile":{"background-color":"","background-image":"","background-repeat":"repeat","background-position":"center center","background-size":"auto","background-attachment":"scroll","background-type":"","background-media":"","overlay-type":"","overlay-color":"","overlay-opacity":"","overlay-gradient":""}},"ast-content-background-meta":{"desktop":{"background-color":"var(--ast-global-color-5)","background-image":"","background-repeat":"repeat","background-position":"center center","background-size":"auto","background-attachment":"scroll","background-type":"","background-media":"","overlay-type":"","overlay-color":"","overlay-opacity":"","overlay-gradient":""},"tablet":{"background-color":"var(--ast-global-color-5)","background-image":"","background-repeat":"repeat","background-position":"center center","background-size":"auto","background-attachment":"scroll","background-type":"","background-media":"","overlay-type":"","overlay-color":"","overlay-opacity":"","overlay-gradient":""},"mobile":{"background-color":"var(--ast-global-color-5)","background-image":"","background-repeat":"repeat","background-position":"center center","background-size":"auto","background-attachment":"scroll","background-type":"","background-media":"","overlay-type":"","overlay-color":"","overlay-opacity":"","overlay-gradient":""}},"footnotes":""},"class_list":["post-15125","page","type-page","status-publish","hentry"],"post_mailing_queue_ids":[],"_links":{"self":[{"href":"https:\/\/serveiseducatius.xtec.cat\/baixcamp\/wp-json\/wp\/v2\/pages\/15125","targetHints":{"allow":["GET"]}}],"collection":[{"href":"https:\/\/serveiseducatius.xtec.cat\/baixcamp\/wp-json\/wp\/v2\/pages"}],"about":[{"href":"https:\/\/serveiseducatius.xtec.cat\/baixcamp\/wp-json\/wp\/v2\/types\/page"}],"author":[{"embeddable":true,"href":"https:\/\/serveiseducatius.xtec.cat\/baixcamp\/wp-json\/wp\/v2\/users\/127"}],"replies":[{"embeddable":true,"href":"https:\/\/serveiseducatius.xtec.cat\/baixcamp\/wp-json\/wp\/v2\/comments?post=15125"}],"version-history":[{"count":6,"href":"https:\/\/serveiseducatius.xtec.cat\/baixcamp\/wp-json\/wp\/v2\/pages\/15125\/revisions"}],"predecessor-version":[{"id":15135,"href":"https:\/\/serveiseducatius.xtec.cat\/baixcamp\/wp-json\/wp\/v2\/pages\/15125\/revisions\/15135"}],"up":[{"embeddable":true,"href":"https:\/\/serveiseducatius.xtec.cat\/baixcamp\/wp-json\/wp\/v2\/pages\/13463"}],"wp:attachment":[{"href":"https:\/\/serveiseducatius.xtec.cat\/baixcamp\/wp-json\/wp\/v2\/media?parent=15125"}],"curies":[{"name":"wp","href":"https:\/\/api.w.org\/{rel}","templated":true}]}}