{"id":15112,"date":"2024-09-18T12:23:25","date_gmt":"2024-09-18T10:23:25","guid":{"rendered":"https:\/\/serveiseducatius.xtec.cat\/baixcamp\/?page_id=15112"},"modified":"2024-10-28T17:33:26","modified_gmt":"2024-10-28T16:33:26","slug":"lespai-la-proxima-frontera","status":"publish","type":"page","link":"https:\/\/serveiseducatius.xtec.cat\/baixcamp\/dinamitzacions\/lespai-la-proxima-frontera\/","title":{"rendered":"L&#8217;espai, la pr\u00f2xima frontera"},"content":{"rendered":"\n<h2 class=\"wp-block-heading\">Xerrada i taula rodona adre\u00e7ada a alumnes<\/h2>\n\n\n\n<p><strong>6 de novembre de 2024&nbsp;<\/strong>coincidint amb la Setmana de la Ci\u00e8ncia&nbsp;a l&#8217;<strong>auditori principal de firaReus-Tecnoparc.<\/strong><\/p>\n\n\n\n<h2 class=\"wp-block-heading\">Programa de la Jornada<\/h2>\n\n\n\n<figure class=\"wp-block-table is-style-stripes\"><table><tbody><tr><td class=\"has-text-align-right\" data-align=\"right\">9.45h<\/td><td>Benvinguda institucional<\/td><\/tr><tr><td class=\"has-text-align-right\" data-align=\"right\">10.00h<\/td><td>Joan Anton Catal\u00e0. \u201c<strong>La batalla pel domini de l\u2019espai<\/strong>\u201d <\/td><\/tr><tr><td class=\"has-text-align-right\" data-align=\"right\">10.30h<\/td><td>Hypatia. \u201c<strong>La maleta d\u2019un astronauta<\/strong>\u201d <\/td><\/tr><tr><td class=\"has-text-align-right\" data-align=\"right\">11.00h<\/td><td>Ignasi Ribas. \u201c<strong>Nanosat\u00e8l\u00b7lits i exoplanetes catalans<\/strong>\u201d<\/td><\/tr><tr><td class=\"has-text-align-right\" data-align=\"right\">11.30h<\/td><td>Taula rodona dinamitzada per les preguntes del p\u00fablic, recollides durant la sessi\u00f3. <\/td><\/tr><tr><td class=\"has-text-align-right\" data-align=\"right\">12.00h<\/td><td>Final<\/td><\/tr><\/tbody><\/table><\/figure>\n\n\n\n<div class=\"wp-block-columns is-layout-flex wp-container-core-columns-is-layout-1 wp-block-columns-is-layout-flex\">\n<div class=\"wp-block-column is-layout-flow wp-block-column-is-layout-flow\">\n<figure class=\"wp-block-image size-large\"><img loading=\"lazy\" decoding=\"async\" width=\"600\" height=\"360\" src=\"https:\/\/serveiseducatius.xtec.cat\/baixcamp\/wp-content\/uploads\/usu950\/2024\/02\/joan-anton-catala-amigo-600x360.jpg\" alt=\"\" class=\"wp-image-14958\" style=\"aspect-ratio:1;object-fit:cover\" srcset=\"https:\/\/serveiseducatius.xtec.cat\/baixcamp\/wp-content\/uploads\/usu950\/2024\/02\/joan-anton-catala-amigo-600x360.jpg 600w, https:\/\/serveiseducatius.xtec.cat\/baixcamp\/wp-content\/uploads\/usu950\/2024\/02\/joan-anton-catala-amigo-300x180.jpg 300w, https:\/\/serveiseducatius.xtec.cat\/baixcamp\/wp-content\/uploads\/usu950\/2024\/02\/joan-anton-catala-amigo.jpg 750w\" sizes=\"auto, (max-width: 600px) 100vw, 600px\" \/><\/figure>\n\n\n\n<p><strong>Joan Anton Catal\u00e0 Amig\u00f3<\/strong> \u00e9s un divulgador cient\u00edfic en diferents mitjans de comunicaci\u00f3 (televisi\u00f3, r\u00e0dio, i premsa), escriptor i conferenciant, especialitzat en astronomia i astrof\u00edsica. El seu programa de divulgaci\u00f3 a Catalunya R\u00e0dio, anomenat La Terra \u00e9s plana s&#8217;emet setmanalment dins del magaz\u00edn radiof\u00f2nic El Suplement. \u00c9s el principal astr\u00f2nom divulgador de l&#8217;Observatori Fabra. Col\u00b7labora amb diversos programes de r\u00e0dio i televisi\u00f3 en la divulgaci\u00f3 cient\u00edfica del cosmos com Catalunya R\u00e0dio, TV3, RAC1, R\u00e0dio Euskadi, Betev\u00e9, 8TV, Radio Estel i tamb\u00e9 amb la revista S\u00e0piens. \u00c9s autor de sis assajos sobre astronomia i una novel\u00b7la, Projecte Galileu, orientada al p\u00fablic jove.<\/p>\n<\/div>\n\n\n\n<div class=\"wp-block-column is-layout-flow wp-block-column-is-layout-flow\">\n<figure class=\"wp-block-image size-large\"><img loading=\"lazy\" decoding=\"async\" width=\"600\" height=\"400\" src=\"https:\/\/serveiseducatius.xtec.cat\/baixcamp\/wp-content\/uploads\/usu950\/2024\/02\/3affa2f3-1e0c-4ea7-aacc-0b72675c9a39_source-aspect-ratio_default_0-600x400.jpg\" alt=\"\" class=\"wp-image-14959\" style=\"aspect-ratio:1;object-fit:cover\" srcset=\"https:\/\/serveiseducatius.xtec.cat\/baixcamp\/wp-content\/uploads\/usu950\/2024\/02\/3affa2f3-1e0c-4ea7-aacc-0b72675c9a39_source-aspect-ratio_default_0-600x400.jpg 600w, https:\/\/serveiseducatius.xtec.cat\/baixcamp\/wp-content\/uploads\/usu950\/2024\/02\/3affa2f3-1e0c-4ea7-aacc-0b72675c9a39_source-aspect-ratio_default_0-300x200.jpg 300w, https:\/\/serveiseducatius.xtec.cat\/baixcamp\/wp-content\/uploads\/usu950\/2024\/02\/3affa2f3-1e0c-4ea7-aacc-0b72675c9a39_source-aspect-ratio_default_0-768x512.jpg 768w, https:\/\/serveiseducatius.xtec.cat\/baixcamp\/wp-content\/uploads\/usu950\/2024\/02\/3affa2f3-1e0c-4ea7-aacc-0b72675c9a39_source-aspect-ratio_default_0-1536x1024.jpg 1536w, https:\/\/serveiseducatius.xtec.cat\/baixcamp\/wp-content\/uploads\/usu950\/2024\/02\/3affa2f3-1e0c-4ea7-aacc-0b72675c9a39_source-aspect-ratio_default_0.jpg 2000w\" sizes=\"auto, (max-width: 600px) 100vw, 600px\" \/><\/figure>\n\n\n\n<p>L&#8217;<strong>Associaci\u00f3&nbsp;Hypatia Mars<\/strong>&nbsp;va portar nou cient\u00edfiques catalanes a la Mars Desert Research Station de Utah (Mars Society) l\u2019abril del 2023, per fer diversos experiments i fomentar les vocacions cient\u00edfiques de dones en el sector espacial. La tripulaci\u00f3 estava formada per: la comandant&nbsp;<strong>Mariona Badenas<\/strong>, doctora en Ci\u00e8ncies Planet\u00e0ries pel MIT;&nbsp;<strong>Carla Conejo<\/strong>, bi\u00f2loga i&nbsp;Strategic Projects Officer a la University of Toronto;&nbsp;<strong>Neus Sabat\u00e9<\/strong>, investigadora ICREA a l\u2019Institut de Microelectr\u00f2nica de Barcelona;&nbsp;<strong>Ariadna Farr\u00e9s<\/strong>, investigadora de la NASA;&nbsp;<strong>Laia Ribas,<\/strong>&nbsp;investigadora&nbsp;de l\u2019Institut de Ci\u00e8ncies del Mar;&nbsp;<strong>Cesca Cuf\u00ed<\/strong>, enginyera a Airbus;&nbsp;<strong>N\u00faria Jar<\/strong>, periodista freelance;&nbsp;<strong>Anna Bach<\/strong>, analista de dades a Scopely, i&nbsp;<strong>Helena Arias<\/strong>, estudiant de f\u00edsica i enginyeria.&nbsp;L\u2019\u00e8xit de la primera missi\u00f3 ha obert la porta a la continu\u00eftat d\u2019aquest projecte amb una segona missi\u00f3 Hypatia II, formada per una nova tripulaci\u00f3 \u00edntegrament femenina, multidisciplinar i intergeneracional que realitzar\u00e0 una expedici\u00f3 a l&#8217;estaci\u00f3 MDRS al febrer de 2025.<\/p>\n<\/div>\n\n\n\n<div class=\"wp-block-column is-layout-flow wp-block-column-is-layout-flow\">\n<figure class=\"wp-block-image size-large\"><img loading=\"lazy\" decoding=\"async\" width=\"600\" height=\"585\" src=\"https:\/\/serveiseducatius.xtec.cat\/baixcamp\/wp-content\/uploads\/usu950\/2024\/02\/229-entrevista-600x585.webp\" alt=\"\" class=\"wp-image-14960\" style=\"aspect-ratio:1;object-fit:cover\" srcset=\"https:\/\/serveiseducatius.xtec.cat\/baixcamp\/wp-content\/uploads\/usu950\/2024\/02\/229-entrevista-600x585.webp 600w, https:\/\/serveiseducatius.xtec.cat\/baixcamp\/wp-content\/uploads\/usu950\/2024\/02\/229-entrevista-300x292.webp 300w, https:\/\/serveiseducatius.xtec.cat\/baixcamp\/wp-content\/uploads\/usu950\/2024\/02\/229-entrevista-768x748.webp 768w, https:\/\/serveiseducatius.xtec.cat\/baixcamp\/wp-content\/uploads\/usu950\/2024\/02\/229-entrevista.webp 1400w\" sizes=\"auto, (max-width: 600px) 100vw, 600px\" \/><\/figure>\n\n\n\n<p><strong>Ignasi Ribas<\/strong> \u00e9s el director de l\u2019Institut d\u2019Estudis Espacials de Catalunya (IEEC) i investigador a l\u2019Institut de Ci\u00e8ncies de l\u2019Espai (ICE) del CSIC. \u00c9s expert en la recerca sobre els <strong>exoplanetes<\/strong> i participa activament en projectes d\u2019instrumentaci\u00f3 per a la descoberta i la caracteritzaci\u00f3 de nous planetes semblants a la Terra, com CARMENES, del qual \u00e9s l\u2019investigador principal, i en les missions espacials CHEOPS, PLATO i ARIEL, de l\u2019Ag\u00e8ncia Espacial Europea. Ha estat president de la Divisi\u00f3 d\u2019Estrelles i F\u00edsica Estel\u00b7lar de la Uni\u00f3 Astron\u00f2mica Internacional. Ha publicat m\u00e9s de 300 treballs de recerca en revistes internacionals, incloent-hi les prestigioses Nature i Science.<\/p>\n<\/div>\n<\/div>\n\n\n\n<h2 class=\"wp-block-heading\">Col\u00b7laboren<\/h2>\n\n\n\n<div class=\"wp-block-columns is-layout-flex wp-container-core-columns-is-layout-2 wp-block-columns-is-layout-flex\">\n<div class=\"wp-block-column is-layout-flow wp-block-column-is-layout-flow\">\n<figure class=\"wp-block-image size-large\"><img loading=\"lazy\" decoding=\"async\" width=\"600\" height=\"426\" src=\"https:\/\/serveiseducatius.xtec.cat\/baixcamp\/wp-content\/uploads\/usu950\/2024\/10\/Marca-V-Promocio\u2560u-Econo\u2560Cmica-Innovacio\u2560u-i-Coneixement-granat-600x426.png\" alt=\"\" class=\"wp-image-15165\" srcset=\"https:\/\/serveiseducatius.xtec.cat\/baixcamp\/wp-content\/uploads\/usu950\/2024\/10\/Marca-V-Promocio\u2560u-Econo\u2560Cmica-Innovacio\u2560u-i-Coneixement-granat-600x426.png 600w, https:\/\/serveiseducatius.xtec.cat\/baixcamp\/wp-content\/uploads\/usu950\/2024\/10\/Marca-V-Promocio\u2560u-Econo\u2560Cmica-Innovacio\u2560u-i-Coneixement-granat-300x213.png 300w, https:\/\/serveiseducatius.xtec.cat\/baixcamp\/wp-content\/uploads\/usu950\/2024\/10\/Marca-V-Promocio\u2560u-Econo\u2560Cmica-Innovacio\u2560u-i-Coneixement-granat-768x545.png 768w, https:\/\/serveiseducatius.xtec.cat\/baixcamp\/wp-content\/uploads\/usu950\/2024\/10\/Marca-V-Promocio\u2560u-Econo\u2560Cmica-Innovacio\u2560u-i-Coneixement-granat.png 908w\" sizes=\"auto, (max-width: 600px) 100vw, 600px\" \/><\/figure>\n<\/div>\n\n\n\n<div class=\"wp-block-column is-layout-flow wp-block-column-is-layout-flow\">\n<figure class=\"wp-block-image size-large\"><img loading=\"lazy\" decoding=\"async\" width=\"600\" height=\"172\" src=\"https:\/\/serveiseducatius.xtec.cat\/baixcamp\/wp-content\/uploads\/usu950\/2024\/10\/logo_redessa_negatiu_negre-600x172.png\" alt=\"\" class=\"wp-image-15166\" srcset=\"https:\/\/serveiseducatius.xtec.cat\/baixcamp\/wp-content\/uploads\/usu950\/2024\/10\/logo_redessa_negatiu_negre-600x172.png 600w, https:\/\/serveiseducatius.xtec.cat\/baixcamp\/wp-content\/uploads\/usu950\/2024\/10\/logo_redessa_negatiu_negre-300x86.png 300w, https:\/\/serveiseducatius.xtec.cat\/baixcamp\/wp-content\/uploads\/usu950\/2024\/10\/logo_redessa_negatiu_negre-768x220.png 768w, https:\/\/serveiseducatius.xtec.cat\/baixcamp\/wp-content\/uploads\/usu950\/2024\/10\/logo_redessa_negatiu_negre.png 1500w\" sizes=\"auto, (max-width: 600px) 100vw, 600px\" \/><\/figure>\n<\/div>\n\n\n\n<div class=\"wp-block-column is-layout-flow wp-block-column-is-layout-flow\">\n<figure class=\"wp-block-image size-full\"><img loading=\"lazy\" decoding=\"async\" width=\"583\" height=\"320\" src=\"https:\/\/serveiseducatius.xtec.cat\/baixcamp\/wp-content\/uploads\/usu950\/2024\/10\/fundacio-reddis-logo.png\" alt=\"\" class=\"wp-image-15167\" srcset=\"https:\/\/serveiseducatius.xtec.cat\/baixcamp\/wp-content\/uploads\/usu950\/2024\/10\/fundacio-reddis-logo.png 583w, https:\/\/serveiseducatius.xtec.cat\/baixcamp\/wp-content\/uploads\/usu950\/2024\/10\/fundacio-reddis-logo-300x165.png 300w\" sizes=\"auto, (max-width: 583px) 100vw, 583px\" \/><\/figure>\n<\/div>\n<\/div>\n","protected":false},"excerpt":{"rendered":"<p>Xerrada i taula rodona adre\u00e7ada a alumnes 6 de novembre de 2024&nbsp;coincidint amb la Setmana de la Ci\u00e8ncia&nbsp;a l&#8217;auditori principal de firaReus-Tecnoparc. Programa de la Jornada 9.45h Benvinguda institucional 10.00h Joan Anton Catal\u00e0. \u201cLa batalla pel domini de l\u2019espai\u201d 10.30h Hypatia. \u201cLa maleta d\u2019un astronauta\u201d 11.00h Ignasi Ribas. \u201cNanosat\u00e8l\u00b7lits i exoplanetes catalans\u201d 11.30h Taula rodona [&hellip;]<\/p>\n","protected":false},"author":127,"featured_media":0,"parent":13543,"menu_order":0,"comment_status":"closed","ping_status":"close","template":"","meta":{"_bbp_topic_count":0,"_bbp_reply_count":0,"_bbp_total_topic_count":0,"_bbp_total_reply_count":0,"_bbp_voice_count":0,"_bbp_anonymous_reply_count":0,"_bbp_topic_count_hidden":0,"_bbp_reply_count_hidden":0,"_bbp_forum_subforum_count":0,"site-sidebar-layout":"default","site-content-layout":"","ast-site-content-layout":"","site-content-style":"default","site-sidebar-style":"default","ast-global-header-display":"","ast-banner-title-visibility":"","ast-main-header-display":"","ast-hfb-above-header-display":"","ast-hfb-below-header-display":"","ast-hfb-mobile-header-display":"","site-post-title":"","ast-breadcrumbs-content":"","ast-featured-img":"","footer-sml-layout":"","theme-transparent-header-meta":"","adv-header-id-meta":"","stick-header-meta":"","header-above-stick-meta":"","header-main-stick-meta":"","header-below-stick-meta":"","astra-migrate-meta-layouts":"default","ast-page-background-enabled":"default","ast-page-background-meta":{"desktop":{"background-color":"var(--ast-global-color-4)","background-image":"","background-repeat":"repeat","background-position":"center center","background-size":"auto","background-attachment":"scroll","background-type":"","background-media":"","overlay-type":"","overlay-color":"","overlay-opacity":"","overlay-gradient":""},"tablet":{"background-color":"","background-image":"","background-repeat":"repeat","background-position":"center center","background-size":"auto","background-attachment":"scroll","background-type":"","background-media":"","overlay-type":"","overlay-color":"","overlay-opacity":"","overlay-gradient":""},"mobile":{"background-color":"","background-image":"","background-repeat":"repeat","background-position":"center center","background-size":"auto","background-attachment":"scroll","background-type":"","background-media":"","overlay-type":"","overlay-color":"","overlay-opacity":"","overlay-gradient":""}},"ast-content-background-meta":{"desktop":{"background-color":"var(--ast-global-color-5)","background-image":"","background-repeat":"repeat","background-position":"center center","background-size":"auto","background-attachment":"scroll","background-type":"","background-media":"","overlay-type":"","overlay-color":"","overlay-opacity":"","overlay-gradient":""},"tablet":{"background-color":"var(--ast-global-color-5)","background-image":"","background-repeat":"repeat","background-position":"center center","background-size":"auto","background-attachment":"scroll","background-type":"","background-media":"","overlay-type":"","overlay-color":"","overlay-opacity":"","overlay-gradient":""},"mobile":{"background-color":"var(--ast-global-color-5)","background-image":"","background-repeat":"repeat","background-position":"center center","background-size":"auto","background-attachment":"scroll","background-type":"","background-media":"","overlay-type":"","overlay-color":"","overlay-opacity":"","overlay-gradient":""}},"footnotes":""},"class_list":["post-15112","page","type-page","status-publish","hentry"],"post_mailing_queue_ids":[],"_links":{"self":[{"href":"https:\/\/serveiseducatius.xtec.cat\/baixcamp\/wp-json\/wp\/v2\/pages\/15112","targetHints":{"allow":["GET"]}}],"collection":[{"href":"https:\/\/serveiseducatius.xtec.cat\/baixcamp\/wp-json\/wp\/v2\/pages"}],"about":[{"href":"https:\/\/serveiseducatius.xtec.cat\/baixcamp\/wp-json\/wp\/v2\/types\/page"}],"author":[{"embeddable":true,"href":"https:\/\/serveiseducatius.xtec.cat\/baixcamp\/wp-json\/wp\/v2\/users\/127"}],"replies":[{"embeddable":true,"href":"https:\/\/serveiseducatius.xtec.cat\/baixcamp\/wp-json\/wp\/v2\/comments?post=15112"}],"version-history":[{"count":5,"href":"https:\/\/serveiseducatius.xtec.cat\/baixcamp\/wp-json\/wp\/v2\/pages\/15112\/revisions"}],"predecessor-version":[{"id":15170,"href":"https:\/\/serveiseducatius.xtec.cat\/baixcamp\/wp-json\/wp\/v2\/pages\/15112\/revisions\/15170"}],"up":[{"embeddable":true,"href":"https:\/\/serveiseducatius.xtec.cat\/baixcamp\/wp-json\/wp\/v2\/pages\/13543"}],"wp:attachment":[{"href":"https:\/\/serveiseducatius.xtec.cat\/baixcamp\/wp-json\/wp\/v2\/media?parent=15112"}],"curies":[{"name":"wp","href":"https:\/\/api.w.org\/{rel}","templated":true}]}}