{"id":15074,"date":"2024-09-13T09:44:03","date_gmt":"2024-09-13T07:44:03","guid":{"rendered":"https:\/\/serveiseducatius.xtec.cat\/baixcamp\/?page_id=15074"},"modified":"2025-01-21T12:36:28","modified_gmt":"2025-01-21T11:36:28","slug":"lab-0-6","status":"publish","type":"page","link":"https:\/\/serveiseducatius.xtec.cat\/baixcamp\/recursos-2\/ambit-cientific-tecnologic\/lab-0-6\/","title":{"rendered":"Lab 0-6"},"content":{"rendered":"<p>El\u00a0\u00a0<a href=\"https:\/\/lab06.umanresa.cat\/\" target=\"_blank\" rel=\"noopener\"><strong>LAB 0-6<\/strong><\/a>, \u00e9s un\u00a0<strong>centre de descoberta<\/strong>,<strong>\u00a0recerca i documentaci\u00f3 per a l\u2019educaci\u00f3 cient\u00edfica a les primeres edats<\/strong>\u00a0obert a escoles i fam\u00edlies, de la Universitat de Manresa.<\/p>\n<p><span id=\"snippet-text\" class=\"style-scope ytd-text-inline-expander\"><span id=\"plain-snippet-text\" class=\"style-scope ytd-text-inline-expander\">El seu programa educatiu va dirigit a un p\u00fablic familiar on nens i nenes de fins a 6 anys participen en experiments cient\u00edfics: crear colors, atrapar la llum, fer volar un aparell sense motor, etc.<br \/>\n<\/span><\/span><\/p>\n<p>Han publicat una\u00a0<strong><a href=\"https:\/\/www.youtube.com\/playlist?list=PLpzrPTMJNSCQxodmYDkMoKxMdNJOVCzu4\" target=\"_blank\" rel=\"noopener\">Col\u00b7lecci\u00f3 de 20 v\u00eddeos curts.\u00a0<\/a><\/strong>Hi trobareu propostes molt interessants i pr\u00e0ctiques.<\/p>\n<p><img loading=\"lazy\" decoding=\"async\" class=\"size-full wp-image-15076 alignleft\" src=\"https:\/\/serveiseducatius.xtec.cat\/baixcamp\/wp-content\/uploads\/usu950\/2024\/09\/lab.png\" alt=\"\" width=\"256\" height=\"197\" \/><\/p>\n<p>Al final de cada cap\u00edtol, una cient\u00edfica explica el fenomen de forma pedag\u00f2gica.<\/p>\n<p>Una altra col\u00b7laboraci\u00f3 important \u00e9s la que ens ofereix el programa &#8220;Experiments a Casa&#8221; de la Universitat de les Illes Balears.<\/p>\n<p><a href=\"https:\/\/seras.uib.cat\/ciencia\/experiments_casa\/\"><img loading=\"lazy\" decoding=\"async\" class=\" wp-image-15078 aligncenter\" src=\"https:\/\/serveiseducatius.xtec.cat\/baixcamp\/wp-content\/uploads\/usu950\/2024\/09\/expe-300x98.png\" alt=\"\" width=\"422\" height=\"138\" srcset=\"https:\/\/serveiseducatius.xtec.cat\/baixcamp\/wp-content\/uploads\/usu950\/2024\/09\/expe-300x98.png 300w, https:\/\/serveiseducatius.xtec.cat\/baixcamp\/wp-content\/uploads\/usu950\/2024\/09\/expe-600x195.png 600w, https:\/\/serveiseducatius.xtec.cat\/baixcamp\/wp-content\/uploads\/usu950\/2024\/09\/expe-768x250.png 768w, https:\/\/serveiseducatius.xtec.cat\/baixcamp\/wp-content\/uploads\/usu950\/2024\/09\/expe.png 1166w\" sizes=\"auto, (max-width: 422px) 100vw, 422px\" \/><\/a><\/p>\n<blockquote><p>Els experiments d&#8217;aquest espai web ajudaran els infants a comprendre molts de fen\u00f2mens que observem en el dia a dia. S\u00f3n experiments senzills pensats perqu\u00e8 els facin els alumnes de prim\u00e0ria a ca seva i amb materials que segur que tenen a l&#8217;abast.<\/p><\/blockquote>\n<h4 style=\"text-align: center;\">La millor manera d&#8217;acostar la ci\u00e8ncia als infants \u00e9s experimentant.<\/h4>\n<p><a href=\"https:\/\/seras.uib.cat\/ciencia\/experiments_casa\/fulletons\/\"><img loading=\"lazy\" decoding=\"async\" class=\"size-large aligncenter\" src=\"https:\/\/seras.uib.cat\/digitalAssets\/731\/thumbnail_540_540_731680_IconaUIB-ExperimentesACasa-Fulletons.png\" width=\"540\" height=\"304\" \/><\/a><\/p>\n<p><a href=\"https:\/\/www.youtube.com\/playlist?list=PLnXFIHWLWQXH52PPB1byw2F2k-1BKaZs8\"><img loading=\"lazy\" decoding=\"async\" class=\"size-large aligncenter\" src=\"https:\/\/seras.uib.cat\/digitalAssets\/731\/thumbnail_540_540_731679_IconaUIB-ExperimentesACasa-Videos.png\" width=\"540\" height=\"304\" \/><\/a><\/p>\n<p>Des del <a href=\"https:\/\/serveiseducatius.xtec.cat\/cesire\/prestec\/projecte-ciencia-6-12\/\" target=\"_blank\" rel=\"noopener\">CESIRE<\/a> tamb\u00e9 us ofereixen la possibilitat de crear materials de ci\u00e8ncies seguint els passos de la <a href=\"https:\/\/agora.xtec.cat\/cesire\/wp-content\/uploads\/usu397\/2020\/03\/Fabricaci%C3%B3-materials.pdf\" target=\"_blank\" rel=\"noopener\">guia del Projecte de Ci\u00e8ncies 6-12 de materials did\u00e0ctics.<\/a><\/p>\n","protected":false},"excerpt":{"rendered":"<p>El\u00a0\u00a0LAB 0-6, \u00e9s un\u00a0centre de descoberta,\u00a0recerca i documentaci\u00f3 per a l\u2019educaci\u00f3 cient\u00edfica a les primeres edats\u00a0obert a escoles i fam\u00edlies, de la Universitat de Manresa. El seu programa educatiu va dirigit a un p\u00fablic familiar on nens i nenes de fins a 6 anys participen en experiments cient\u00edfics: crear colors, atrapar la llum, fer volar [&hellip;]<\/p>\n","protected":false},"author":122,"featured_media":0,"parent":14114,"menu_order":22,"comment_status":"closed","ping_status":"closed","template":"","meta":{"_bbp_topic_count":0,"_bbp_reply_count":0,"_bbp_total_topic_count":0,"_bbp_total_reply_count":0,"_bbp_voice_count":0,"_bbp_anonymous_reply_count":0,"_bbp_topic_count_hidden":0,"_bbp_reply_count_hidden":0,"_bbp_forum_subforum_count":0,"site-sidebar-layout":"default","site-content-layout":"","ast-site-content-layout":"","site-content-style":"default","site-sidebar-style":"default","ast-global-header-display":"","ast-banner-title-visibility":"","ast-main-header-display":"","ast-hfb-above-header-display":"","ast-hfb-below-header-display":"","ast-hfb-mobile-header-display":"","site-post-title":"","ast-breadcrumbs-content":"","ast-featured-img":"","footer-sml-layout":"","theme-transparent-header-meta":"","adv-header-id-meta":"","stick-header-meta":"","header-above-stick-meta":"","header-main-stick-meta":"","header-below-stick-meta":"","astra-migrate-meta-layouts":"default","ast-page-background-enabled":"default","ast-page-background-meta":{"desktop":{"background-color":"var(--ast-global-color-4)","background-image":"","background-repeat":"repeat","background-position":"center center","background-size":"auto","background-attachment":"scroll","background-type":"","background-media":"","overlay-type":"","overlay-color":"","overlay-opacity":"","overlay-gradient":""},"tablet":{"background-color":"","background-image":"","background-repeat":"repeat","background-position":"center center","background-size":"auto","background-attachment":"scroll","background-type":"","background-media":"","overlay-type":"","overlay-color":"","overlay-opacity":"","overlay-gradient":""},"mobile":{"background-color":"","background-image":"","background-repeat":"repeat","background-position":"center center","background-size":"auto","background-attachment":"scroll","background-type":"","background-media":"","overlay-type":"","overlay-color":"","overlay-opacity":"","overlay-gradient":""}},"ast-content-background-meta":{"desktop":{"background-color":"var(--ast-global-color-5)","background-image":"","background-repeat":"repeat","background-position":"center center","background-size":"auto","background-attachment":"scroll","background-type":"","background-media":"","overlay-type":"","overlay-color":"","overlay-opacity":"","overlay-gradient":""},"tablet":{"background-color":"var(--ast-global-color-5)","background-image":"","background-repeat":"repeat","background-position":"center center","background-size":"auto","background-attachment":"scroll","background-type":"","background-media":"","overlay-type":"","overlay-color":"","overlay-opacity":"","overlay-gradient":""},"mobile":{"background-color":"var(--ast-global-color-5)","background-image":"","background-repeat":"repeat","background-position":"center center","background-size":"auto","background-attachment":"scroll","background-type":"","background-media":"","overlay-type":"","overlay-color":"","overlay-opacity":"","overlay-gradient":""}},"footnotes":""},"class_list":["post-15074","page","type-page","status-publish","hentry"],"post_mailing_queue_ids":[],"_links":{"self":[{"href":"https:\/\/serveiseducatius.xtec.cat\/baixcamp\/wp-json\/wp\/v2\/pages\/15074","targetHints":{"allow":["GET"]}}],"collection":[{"href":"https:\/\/serveiseducatius.xtec.cat\/baixcamp\/wp-json\/wp\/v2\/pages"}],"about":[{"href":"https:\/\/serveiseducatius.xtec.cat\/baixcamp\/wp-json\/wp\/v2\/types\/page"}],"author":[{"embeddable":true,"href":"https:\/\/serveiseducatius.xtec.cat\/baixcamp\/wp-json\/wp\/v2\/users\/122"}],"replies":[{"embeddable":true,"href":"https:\/\/serveiseducatius.xtec.cat\/baixcamp\/wp-json\/wp\/v2\/comments?post=15074"}],"version-history":[{"count":5,"href":"https:\/\/serveiseducatius.xtec.cat\/baixcamp\/wp-json\/wp\/v2\/pages\/15074\/revisions"}],"predecessor-version":[{"id":15419,"href":"https:\/\/serveiseducatius.xtec.cat\/baixcamp\/wp-json\/wp\/v2\/pages\/15074\/revisions\/15419"}],"up":[{"embeddable":true,"href":"https:\/\/serveiseducatius.xtec.cat\/baixcamp\/wp-json\/wp\/v2\/pages\/14114"}],"wp:attachment":[{"href":"https:\/\/serveiseducatius.xtec.cat\/baixcamp\/wp-json\/wp\/v2\/media?parent=15074"}],"curies":[{"name":"wp","href":"https:\/\/api.w.org\/{rel}","templated":true}]}}