{"id":14328,"date":"2023-02-09T16:25:30","date_gmt":"2023-02-09T15:25:30","guid":{"rendered":"https:\/\/serveiseducatius.xtec.cat\/baixcamp\/?page_id=14328"},"modified":"2025-01-21T13:54:13","modified_gmt":"2025-01-21T12:54:13","slug":"kits-energies-renovables","status":"publish","type":"page","link":"https:\/\/serveiseducatius.xtec.cat\/baixcamp\/recursos-2\/ambit-cientific-tecnologic\/kits-energies-renovables\/","title":{"rendered":"Kits Energies renovables"},"content":{"rendered":"<p>Quan anomenem energies renovables sol, vent i aigua s\u00f3n les tres paraules que m\u00e9s ens venen al cap. Tot i que no s\u00f3n les \u00faniques fonts d&#8217;energies netes, cal tenir present que s\u00f3n l\u2019alternativa m\u00e9s sostenible, neta i inesgotable que existeix per substituir les fonts no renovables com el petroli o el carb\u00f3.<\/p>\n<p>Les energies renovables; s\u00f3n aquelles fonts d\u2019energia basades en la utilitzaci\u00f3 de recursos naturals com: el sol, el vent, l\u2019aigua o la biomassa vegetal o animal. Es caracteritzen per no utilitzar combustibles f\u00f2ssils, sin\u00f3 recursos naturals capa\u00e7os de renovar-se il\u00b7limitadament.<\/p>\n<p>Un dels seus punts forts \u00e9s que tenen un impacte ambiental molt esc\u00e0s, ja que, a m\u00e9s a m\u00e9s de no emprar recursos finits, no generen contaminants. Tamb\u00e9, se\u2019ls coneix com a <a href=\"https:\/\/icaen.gencat.cat\/ca\/energia\/renovables\/\" target=\"_blank\" rel=\"noopener\">energies alternatives o\u00a0energies verdes.<\/a><\/p>\n<div><\/div>\n<div><\/div>\n<blockquote>\n<h4 style=\"text-align: center;\">ODS 7. Garantir l\u2019acc\u00e9s a una energia assequible, segura, sostenible i moderna per a totes les persones<\/h4>\n<\/blockquote>\n<div>\n<p><img loading=\"lazy\" decoding=\"async\" class=\"alignnone size-full wp-image-15437 aligncenter\" src=\"https:\/\/serveiseducatius.xtec.cat\/baixcamp\/wp-content\/uploads\/usu950\/2025\/01\/ods7.png\" alt=\"\" width=\"465\" height=\"108\" srcset=\"https:\/\/serveiseducatius.xtec.cat\/baixcamp\/wp-content\/uploads\/usu950\/2025\/01\/ods7.png 465w, https:\/\/serveiseducatius.xtec.cat\/baixcamp\/wp-content\/uploads\/usu950\/2025\/01\/ods7-300x70.png 300w\" sizes=\"auto, (max-width: 465px) 100vw, 465px\" \/><\/p>\n<p>Es tracta de garantir que totes les persones tinguin acc\u00e9s als serveis energ\u00e8tics i d\u2019incrementar el flux d\u2019energia verda.<\/p>\n<\/div>\n<p><iframe loading=\"lazy\" title=\"YouTube video player\" src=\"https:\/\/www.youtube.com\/embed\/53AoDdw4-uE?si=EByFYpNpm6oACGpa\" width=\"700\" height=\"400\" frameborder=\"0\" allowfullscreen=\"allowfullscreen\"><\/iframe><\/p>\n<div>\n<p>Aquest objectiu aborda aspectes relacionats amb garantir l\u2019acc\u00e9s universal a serveis d\u2019energia nets, assequibles, fiables i moderns. D\u2019altra banda, i considerant l\u2019actual context de canvi clim\u00e0tic, aquests aspectes han de sumar-se, necess\u00e0riament, a l\u2019augment de la proporci\u00f3 d\u2019energies renovables, l\u2019efici\u00e8ncia energ\u00e8tica, la investigaci\u00f3 i la promoci\u00f3 de la inversi\u00f3 en infraestructures energ\u00e8tiques i tecnologies netes.<\/p>\n<\/div>\n<p>Des del nostre servei educatiu posem a\u00a0 la vostra disposici\u00f3 aquests nous<span style=\"color: #339966;\"><strong> kits d&#8217;energies renovables,<\/strong><\/span> perqu\u00e8 pugueu treballar i experimentar amb els seus materials des de l&#8217;aula.<\/p>\n<p>Treballem competencialment, experimentem de forma vivencial les diferents fonts per produir energies netes alineant-nos amb els<strong> objectius del nou curr\u00edculum i els ODS 2030 <\/strong><\/p>\n<p><a href=\"https:\/\/icaen.gencat.cat\/web\/.content\/10_ICAEN\/17_publicacions_informes\/11_altres_publicacions\/arxius\/Curriculum_Operatiu_ICAEN_access_DEF.pdf\" target=\"_blank\" rel=\"noopener\"><span style=\"color: #339966;\"><strong>(Curr\u00edculum operatiu per a l&#8217;ensenyament de l&#8217;energia: Clarificaci\u00f3 conceptual i did\u00e0ctica)<\/strong><\/span><\/a><\/p>\n<div><\/div>\n<div><\/div>\n<h2><a href=\"https:\/\/drive.google.com\/drive\/u\/0\/folders\/1hS4zGYtBOOFuKzMVV31L-507mA7NpkEY\" target=\"_blank\" rel=\"noopener\">Energia e\u00f2lica<\/a>:<\/h2>\n<table style=\"border-collapse: collapse; width: 100%;\">\n<tbody>\n<tr>\n<td style=\"width: 16.8969%;\">VENTILADOR AMB CORRETJA<\/td>\n<td style=\"width: 16.6967%; text-align: center;\">AEROGENERADOR 1W<\/td>\n<td style=\"width: 13.4935%;\">ANEM\u00d2METRE DIGITAL<\/td>\n<td style=\"width: 12.1071%;\">GENERADOR E\u00d2LIC D&#8217;EIX VERTICAL<\/td>\n<td style=\"width: 10.8058%;\">2 MOLINETS DE VENT<\/td>\n<\/tr>\n<tr>\n<td style=\"width: 16.8969%;\"><a href=\"https:\/\/fadisel.com\/ca\/index.php?controller=attachment&amp;id_attachment=1922\" target=\"_blank\" rel=\"noopener\"><img loading=\"lazy\" decoding=\"async\" class=\"alignnone\" src=\"https:\/\/fadisel.com\/6333-medium_default\/ventilador-amb-corretja-kit-escolar-de-muntatge.jpg\" alt=\"VENTILADOR AMB CORRETJA\" width=\"452\" height=\"452\" \/><\/a><\/td>\n<td style=\"width: 16.6967%;\"><a href=\"https:\/\/fadisel.com\/es\/index.php?controller=attachment&amp;id_attachment=1929\" target=\"_blank\" rel=\"noopener\"><img loading=\"lazy\" decoding=\"async\" class=\"alignnone\" src=\"https:\/\/fadisel.com\/6188-medium_default\/aerogenerador-1-w-en-kit-cebekit.jpg\" alt=\"AEROGENERADOR 1 W\" width=\"452\" height=\"452\" \/><\/a><\/td>\n<td style=\"width: 13.4935%;\"><img loading=\"lazy\" decoding=\"async\" class=\"alignnone size-large\" src=\"https:\/\/fadisel.com\/6564-medium_default\/madu-03-motxilla-energetica.jpg\" width=\"452\" height=\"452\" \/><\/td>\n<td style=\"width: 12.1071%;\"><img decoding=\"async\" src=\"https:\/\/encrypted-tbn0.gstatic.com\/images?q=tbn:ANd9GcTVvhHEz8d52W2QAaOvh1sdLmX05OnSwmci0CejRVABQkEpcvVTGzlwoUdCyo3OFRx1E_Q&amp;usqp=CAU\" alt=\"Modelo de turbina e\u00f3lica de eje Vertical, generador de energ\u00eda e\u00f3lica trif\u00e1sico, generador de im\u00e1n permanente, molino de viento, juguete, fabricaci\u00f3n de luz nocturna|Accesorios para herramientas el\u00e9ctricas| - AliExpress\" \/><\/td>\n<td style=\"width: 10.8058%;\"><img loading=\"lazy\" decoding=\"async\" class=\"alignnone size-large\" src=\"https:\/\/t4.ftcdn.net\/jpg\/00\/12\/98\/37\/360_F_12983786_p3k1Qpay9YzFThKzqyY98KBazyq0IjWx.jpg\" width=\"542\" height=\"360\" \/><\/td>\n<\/tr>\n<\/tbody>\n<\/table>\n<ul>\n<li>MESURADOR ENCAPSULAT voltatge\/intensitat<\/li>\n<li>joc de 10 cables de colors amb pinces cocodril<\/li>\n<li>Pack 4 c\u00e8l\u00b7lules solars 1,5V 75mA<\/li>\n<\/ul>\n<h2>Energia hidr\u00e0ulica:<\/h2>\n<table style=\"border-collapse: collapse; width: 25.0181%; height: 50px;\">\n<tbody>\n<tr>\n<td style=\"width: 100%;\">HYDRO POWER Generador hidr\u00e0ulic<\/td>\n<\/tr>\n<tr>\n<td style=\"width: 100%;\"><img loading=\"lazy\" decoding=\"async\" class=\"alignnone size-large wp-image-15432\" src=\"https:\/\/serveiseducatius.xtec.cat\/baixcamp\/wp-content\/uploads\/usu950\/2025\/01\/hydropower-hands-on-thames-and-kosmos-565-600x600.webp\" alt=\"\" width=\"600\" height=\"600\" srcset=\"https:\/\/serveiseducatius.xtec.cat\/baixcamp\/wp-content\/uploads\/usu950\/2025\/01\/hydropower-hands-on-thames-and-kosmos-565-600x600.webp 600w, https:\/\/serveiseducatius.xtec.cat\/baixcamp\/wp-content\/uploads\/usu950\/2025\/01\/hydropower-hands-on-thames-and-kosmos-565-300x300.webp 300w, https:\/\/serveiseducatius.xtec.cat\/baixcamp\/wp-content\/uploads\/usu950\/2025\/01\/hydropower-hands-on-thames-and-kosmos-565-150x150.webp 150w, https:\/\/serveiseducatius.xtec.cat\/baixcamp\/wp-content\/uploads\/usu950\/2025\/01\/hydropower-hands-on-thames-and-kosmos-565-768x768.webp 768w, https:\/\/serveiseducatius.xtec.cat\/baixcamp\/wp-content\/uploads\/usu950\/2025\/01\/hydropower-hands-on-thames-and-kosmos-565.webp 1000w\" sizes=\"auto, (max-width: 600px) 100vw, 600px\" \/><\/td>\n<\/tr>\n<\/tbody>\n<\/table>\n<h2><a href=\"https:\/\/drive.google.com\/drive\/u\/0\/folders\/1VropmnVZlNtqJ1lSJNHP7iAUWFpOFT_x\" target=\"_blank\" rel=\"noopener\">Energia solar<\/a>:<\/h2>\n<table style=\"border-collapse: collapse; width: 100%; height: 555px;\">\n<tbody>\n<tr style=\"height: 79px;\">\n<td style=\"width: 18.9189%; height: 79px;\">PLACA SOLAR\u00a0 FOTOVOLTAICA DE SILICI CRISTAL\u00b7L\u00cd 12V 4W<\/td>\n<td style=\"width: 19.8198%; height: 79px;\">PIRAN\u00d2METRE DIGITAL<\/td>\n<td style=\"width: 22.7728%; height: 79px;\">TERM\u00d2METRE D&#8217;INFRAROIGS<\/td>\n<td style=\"width: 19.945%; height: 79px;\">MINI MONITOR CONTROL DE CONSUM EL\u00c8CTRIC<\/td>\n<td style=\"width: 18.5436%; height: 79px;\">BATERIA SOLAR AGM 12V 3,2A<\/td>\n<\/tr>\n<tr style=\"height: 229px;\">\n<td style=\"width: 18.9189%; height: 229px;\"><img loading=\"lazy\" decoding=\"async\" class=\"alignnone size-large\" src=\"https:\/\/fadisel.com\/2736-medium_default\/panel-solar-monocristali-de-12vcc-4w-c-0153b.jpg\" width=\"452\" height=\"452\" \/><\/td>\n<td style=\"width: 19.8198%; height: 229px;\"><img loading=\"lazy\" decoding=\"async\" class=\"alignnone size-large\" src=\"https:\/\/fadisel.com\/6563-medium_default\/madu-03-motxilla-energetica.jpg\" width=\"452\" height=\"452\" \/><\/td>\n<td style=\"width: 22.7728%; height: 229px;\"><img loading=\"lazy\" decoding=\"async\" class=\"alignnone size-large\" src=\"https:\/\/fadisel.com\/6566-medium_default\/madu-03-motxilla-energetica.jpg\" width=\"452\" height=\"452\" \/><\/td>\n<td style=\"width: 19.945%; height: 229px;\"><img loading=\"lazy\" decoding=\"async\" class=\"alignnone size-large\" src=\"https:\/\/fadisel.com\/6565-medium_default\/madu-03-motxilla-energetica.jpg\" width=\"452\" height=\"452\" \/><\/td>\n<td style=\"width: 18.5436%; height: 229px;\"><img loading=\"lazy\" decoding=\"async\" class=\"alignnone size-large\" src=\"https:\/\/fadisel.com\/3482-home_default\/bateria-solar-agm-12v-32-ah-c-0350.jpg\" width=\"250\" height=\"250\" \/><\/td>\n<\/tr>\n<tr style=\"height: 48px;\">\n<td style=\"width: 18.9189%; height: 48px;\">CONVERTIDOR DE 12 Vcc A 180W<\/td>\n<td style=\"width: 19.8198%; height: 48px;\">PACK DE 12 C\u00c8L\u00b7LULES SOLARS 1,5V 75mA<\/td>\n<td style=\"width: 22.7728%; height: 48px;\">MESURADOR ENCAPSULAT voltatge\/intesitat<\/td>\n<td style=\"width: 19.945%; height: 48px;\">joc de 10 CABLES DE COLORS amb pinces cocodril<\/td>\n<td style=\"width: 18.5436%; height: 48px;\">REGULADOR DE C\u00c0RREGA DE BATERIES 12V-4A-55W<\/td>\n<\/tr>\n<tr style=\"height: 199px;\">\n<td style=\"width: 18.9189%; height: 199px;\"><img loading=\"lazy\" decoding=\"async\" class=\"alignnone size-large\" src=\"https:\/\/fadisel.com\/4344-home_default\/convertidor-de-12vcc-a-180w-fadisol-c-0301t.jpg\" width=\"250\" height=\"250\" \/><\/td>\n<td style=\"width: 19.8198%; height: 199px;\"><img loading=\"lazy\" decoding=\"async\" class=\"alignnone size-large\" src=\"https:\/\/fadisel.com\/4713-medium_default\/pack-de-4-panels-solars-15-v-170-ma.jpg\" width=\"452\" height=\"452\" \/><\/td>\n<td style=\"width: 22.7728%; height: 199px;\"><img loading=\"lazy\" decoding=\"async\" class=\"alignnone size-large\" src=\"https:\/\/fadisel.com\/6562-medium_default\/madu-03-motxilla-energetica.jpg\" width=\"452\" height=\"452\" \/><\/td>\n<td style=\"width: 19.945%; height: 199px;\"><img loading=\"lazy\" decoding=\"async\" class=\"aligncenter\" src=\"https:\/\/fadisel.com\/1144-home_default\/joc-10-cables-colors-amb-pinces-cocodril.jpg\" alt=\"C-6091 Joc 10 cables...\" width=\"131\" height=\"131\" \/><\/td>\n<td style=\"width: 18.5436%; height: 199px;\"><img loading=\"lazy\" decoding=\"async\" class=\"alignnone size-large\" src=\"https:\/\/fadisel.com\/3481-home_default\/regulador-de-carrega-de-bateries-12v-4a-55w.jpg\" width=\"250\" height=\"250\" \/><\/td>\n<\/tr>\n<tr>\n<td style=\"width: 18.9189%;\">PACK 3 FILTRES DE COLORS<\/td>\n<td style=\"width: 19.8198%;\"><\/td>\n<td style=\"width: 22.7728%;\"><\/td>\n<td style=\"width: 19.945%;\"><\/td>\n<td style=\"width: 18.5436%;\"><\/td>\n<\/tr>\n<tr>\n<td style=\"width: 18.9189%;\"><img loading=\"lazy\" decoding=\"async\" class=\"alignnone size-medium wp-image-14420\" src=\"https:\/\/serveiseducatius.xtec.cat\/baixcamp\/wp-content\/uploads\/usu950\/2023\/03\/FILTRES-COLORS-235x300.jpg\" alt=\"\" width=\"235\" height=\"300\" srcset=\"https:\/\/serveiseducatius.xtec.cat\/baixcamp\/wp-content\/uploads\/usu950\/2023\/03\/FILTRES-COLORS-235x300.jpg 235w, https:\/\/serveiseducatius.xtec.cat\/baixcamp\/wp-content\/uploads\/usu950\/2023\/03\/FILTRES-COLORS.jpg 360w\" sizes=\"auto, (max-width: 235px) 100vw, 235px\" \/><\/td>\n<td style=\"width: 19.8198%;\"><\/td>\n<td style=\"width: 22.7728%;\"><\/td>\n<td style=\"width: 19.945%;\"><\/td>\n<td style=\"width: 18.5436%;\"><\/td>\n<\/tr>\n<\/tbody>\n<\/table>\n<h3>Per saber-ne m\u00e9s&#8230;<\/h3>\n<p><a href=\"https:\/\/drive.google.com\/file\/d\/16piPqME-KjE4YvfpSIGcuu5-Lc2FOEzK\/view\" target=\"_blank\" rel=\"noopener\">Renawable Energy: Science Educational Manual<\/a><\/p>\n<p><a href=\"https:\/\/www.diba.cat\/documents\/167993676\/374920548\/Els+OD+al+mo%CC%81n+local_7_ACORDIO%CC%81_WEB.pdf\/4c762f8a-7af9-fa1c-3cbb-77e48802b7c3?t=1662975355398\" target=\"_blank\" rel=\"noopener\">ODS 7 Energia neta i assequible<\/a><\/p>\n<p><a href=\"https:\/\/drive.google.com\/drive\/folders\/1NTWiAxD_03B7NC7Lyh7wbw3FHHlranwg?usp=share_link\" target=\"_blank\" rel=\"noopener\">Manuals i guies did\u00e0ctiques dels materials<\/a><\/p>\n<p><a href=\"https:\/\/fadisel.com\/ca\/3_cebekit\" target=\"_blank\" rel=\"noopener\">Cebekits<\/a><\/p>\n<p><a href=\"https:\/\/www.dipta.cat\/temes\/sostenibilitat\/escape-room-emergencia-climatica\" target=\"_blank\" rel=\"noopener\">Escape room emerg\u00e8ncia clim\u00e0tica<\/a><\/p>\n<p><a href=\"https:\/\/www.cilma.cat\/tu-tens-lenergia-amb-installacions-denergia-solar-fotovoltaica-i-biomassa\/\" target=\"_blank\" rel=\"noopener\">Tu tens l&#8217;energia (activitats pedag\u00f2giques amb energia solar i biomassa)<\/a><\/p>\n<p><a href=\"https:\/\/escolesverdeslleida.fundesplai.org\/propostes-recursos-educatius\/recursosdidactics-dia-mundial-energia\/\" target=\"_blank\" rel=\"noopener\">Recursos did\u00e0ctics per celebrar el dia mundial de l&#8217;energia (14 de febrer)<\/a><\/p>\n<p><a href=\"https:\/\/icaen.gencat.cat\/web\/.content\/10_ICAEN\/17_publicacions_informes\/11_altres_publicacions\/arxius\/Curriculum_Operatiu_ICAEN_access_DEF.pdf\" target=\"_blank\" rel=\"noopener\">Curr\u00edculum operatiu per l&#8217;ensenyament de l&#8217;energia<\/a><\/p>\n<table>\n<tbody>\n<tr>\n<td><iframe loading=\"lazy\" style=\"border: 0;\" src=\"https:\/\/calendar.google.com\/calendar\/embed?src=c_ed12eb49384cddc9f30b4643d8f900fb4f46c37e1079f0fd725aa295d146efcc%40group.calendar.google.com&amp;ctz=Europe%2FParis\" width=\"600\" height=\"400\" frameborder=\"0\" scrolling=\"no\"><span data-mce-type=\"bookmark\" style=\"display: inline-block; width: 0px; overflow: hidden; line-height: 0;\" class=\"mce_SELRES_start\">\ufeff<\/span><\/iframe><\/td>\n<td><a href=\"https:\/\/forms.gle\/HmJBEH4smz6vfLJP8\"><img loading=\"lazy\" decoding=\"async\" class=\"alignleft wp-image-8610\" src=\"http:\/\/serveiseducatius.xtec.cat\/baixcamp\/wp-content\/uploads\/usu950\/2018\/09\/sol%C2%B7licitud-pr%C3%A9stec.png\" alt=\"\" width=\"181\" height=\"89\" \/><\/a><\/td>\n<td><strong>Condicions del pr\u00e9stec<\/strong><\/p>\n<div class=\"entry-content\">\n<div class=\"entry-content\">\n<p>Durada: 2 setmanes aproximadament<\/p>\n<p>Per altres per\u00edodes de pr\u00e9stec, consulteu a\u00a0<a href=\"mailto:e3990102@xtec.cat\">e3990102@xtec.cat<\/a><\/p>\n<p><strong>Recollida i retorn del pr\u00e9stec:<\/strong>\u00a0de dilluns a divendres d\u201911:00h a 14:00h i de 16:00h a 18:00h<\/p>\n<p><strong>Normes d\u2019\u00fas:<\/strong><\/p>\n<p>\u00c9s responsabilitat de l\u2019usuari assegurar-se del correcte funcionament del material, a l\u2019inici de la reserva.<br \/>\nQualsevol p\u00e8rdua o desperfecte del material ser\u00e0 responsabilitat del centre educatiu, que haur\u00e0 de reposar-ho.<br \/>\nCal comunicar qualsevol incid\u00e8ncia que es produeixi durant el seu \u00fas.<\/p>\n<\/div>\n<\/div>\n<\/td>\n<\/tr>\n<\/tbody>\n<\/table>\n<div class=\"entry-content\">\n<\/div>\n","protected":false},"excerpt":{"rendered":"<p>Quan anomenem energies renovables sol, vent i aigua s\u00f3n les tres paraules que m\u00e9s ens venen al cap. Tot i que no s\u00f3n les \u00faniques fonts d&#8217;energies netes, cal tenir present que s\u00f3n l\u2019alternativa m\u00e9s sostenible, neta i inesgotable que existeix per substituir les fonts no renovables com el petroli o el carb\u00f3. Les energies [&hellip;]<\/p>\n","protected":false},"author":122,"featured_media":0,"parent":14114,"menu_order":0,"comment_status":"closed","ping_status":"closed","template":"page-templates\/side-menu.php","meta":{"_bbp_topic_count":0,"_bbp_reply_count":0,"_bbp_total_topic_count":0,"_bbp_total_reply_count":0,"_bbp_voice_count":0,"_bbp_anonymous_reply_count":0,"_bbp_topic_count_hidden":0,"_bbp_reply_count_hidden":0,"_bbp_forum_subforum_count":0,"site-sidebar-layout":"default","site-content-layout":"","ast-site-content-layout":"","site-content-style":"default","site-sidebar-style":"default","ast-global-header-display":"","ast-banner-title-visibility":"","ast-main-header-display":"","ast-hfb-above-header-display":"","ast-hfb-below-header-display":"","ast-hfb-mobile-header-display":"","site-post-title":"","ast-breadcrumbs-content":"","ast-featured-img":"","footer-sml-layout":"","theme-transparent-header-meta":"","adv-header-id-meta":"","stick-header-meta":"","header-above-stick-meta":"","header-main-stick-meta":"","header-below-stick-meta":"","astra-migrate-meta-layouts":"default","ast-page-background-enabled":"default","ast-page-background-meta":{"desktop":{"background-color":"var(--ast-global-color-4)","background-image":"","background-repeat":"repeat","background-position":"center center","background-size":"auto","background-attachment":"scroll","background-type":"","background-media":"","overlay-type":"","overlay-color":"","overlay-opacity":"","overlay-gradient":""},"tablet":{"background-color":"","background-image":"","background-repeat":"repeat","background-position":"center center","background-size":"auto","background-attachment":"scroll","background-type":"","background-media":"","overlay-type":"","overlay-color":"","overlay-opacity":"","overlay-gradient":""},"mobile":{"background-color":"","background-image":"","background-repeat":"repeat","background-position":"center center","background-size":"auto","background-attachment":"scroll","background-type":"","background-media":"","overlay-type":"","overlay-color":"","overlay-opacity":"","overlay-gradient":""}},"ast-content-background-meta":{"desktop":{"background-color":"var(--ast-global-color-5)","background-image":"","background-repeat":"repeat","background-position":"center center","background-size":"auto","background-attachment":"scroll","background-type":"","background-media":"","overlay-type":"","overlay-color":"","overlay-opacity":"","overlay-gradient":""},"tablet":{"background-color":"var(--ast-global-color-5)","background-image":"","background-repeat":"repeat","background-position":"center center","background-size":"auto","background-attachment":"scroll","background-type":"","background-media":"","overlay-type":"","overlay-color":"","overlay-opacity":"","overlay-gradient":""},"mobile":{"background-color":"var(--ast-global-color-5)","background-image":"","background-repeat":"repeat","background-position":"center center","background-size":"auto","background-attachment":"scroll","background-type":"","background-media":"","overlay-type":"","overlay-color":"","overlay-opacity":"","overlay-gradient":""}},"footnotes":""},"class_list":["post-14328","page","type-page","status-publish","hentry"],"post_mailing_queue_ids":[],"_links":{"self":[{"href":"https:\/\/serveiseducatius.xtec.cat\/baixcamp\/wp-json\/wp\/v2\/pages\/14328","targetHints":{"allow":["GET"]}}],"collection":[{"href":"https:\/\/serveiseducatius.xtec.cat\/baixcamp\/wp-json\/wp\/v2\/pages"}],"about":[{"href":"https:\/\/serveiseducatius.xtec.cat\/baixcamp\/wp-json\/wp\/v2\/types\/page"}],"author":[{"embeddable":true,"href":"https:\/\/serveiseducatius.xtec.cat\/baixcamp\/wp-json\/wp\/v2\/users\/122"}],"replies":[{"embeddable":true,"href":"https:\/\/serveiseducatius.xtec.cat\/baixcamp\/wp-json\/wp\/v2\/comments?post=14328"}],"version-history":[{"count":6,"href":"https:\/\/serveiseducatius.xtec.cat\/baixcamp\/wp-json\/wp\/v2\/pages\/14328\/revisions"}],"predecessor-version":[{"id":15438,"href":"https:\/\/serveiseducatius.xtec.cat\/baixcamp\/wp-json\/wp\/v2\/pages\/14328\/revisions\/15438"}],"up":[{"embeddable":true,"href":"https:\/\/serveiseducatius.xtec.cat\/baixcamp\/wp-json\/wp\/v2\/pages\/14114"}],"wp:attachment":[{"href":"https:\/\/serveiseducatius.xtec.cat\/baixcamp\/wp-json\/wp\/v2\/media?parent=14328"}],"curies":[{"name":"wp","href":"https:\/\/api.w.org\/{rel}","templated":true}]}}