{"id":14308,"date":"2023-02-03T17:22:54","date_gmt":"2023-02-03T16:22:54","guid":{"rendered":"https:\/\/serveiseducatius.xtec.cat\/baixcamp\/?page_id=14308"},"modified":"2023-02-03T17:22:54","modified_gmt":"2023-02-03T16:22:54","slug":"un-dia-del-1900","status":"publish","type":"page","link":"https:\/\/serveiseducatius.xtec.cat\/baixcamp\/dinamitzacions\/2023dim-una-provocacio-a-laprenentatge\/un-dia-del-1900\/","title":{"rendered":"Un dia del 1900"},"content":{"rendered":"<h6 class=\"_04xlpA direction-ltr align-center para-style-body\"><span class=\"S1PPyQ\">Proposta educativa destinada a l&#8217;alumnat de prim\u00e0ria i secund\u00e0ria<img loading=\"lazy\" decoding=\"async\" class=\"alignright wp-image-14309\" src=\"https:\/\/serveiseducatius.xtec.cat\/baixcamp\/wp-content\/uploads\/usu950\/2023\/02\/Ambit-linguistic-Coneixement-del-medi-natural-social-i-cultural.png\" alt=\"\" width=\"200\" height=\"200\" srcset=\"https:\/\/serveiseducatius.xtec.cat\/baixcamp\/wp-content\/uploads\/usu950\/2023\/02\/Ambit-linguistic-Coneixement-del-medi-natural-social-i-cultural.png 400w, https:\/\/serveiseducatius.xtec.cat\/baixcamp\/wp-content\/uploads\/usu950\/2023\/02\/Ambit-linguistic-Coneixement-del-medi-natural-social-i-cultural-300x300.png 300w, https:\/\/serveiseducatius.xtec.cat\/baixcamp\/wp-content\/uploads\/usu950\/2023\/02\/Ambit-linguistic-Coneixement-del-medi-natural-social-i-cultural-150x150.png 150w\" sizes=\"auto, (max-width: 200px) 100vw, 200px\" \/><\/span><\/h6>\n<h6 class=\"_04xlpA direction-ltr align-center para-style-body\"><span class=\"S1PPyQ\">Material per al professorat<\/span><\/h6>\n<p>Organitza: <strong>Museus de Reus, Biblioteques de Reus<\/strong><\/p>\n<p class=\"_04xlpA direction-ltr align-justify para-style-body\"><span class=\"S1PPyQ\">El <\/span><span class=\"S1PPyQ\">modernisme<\/span><span class=\"S1PPyQ\"> \u00e9s m\u00e9s que un estil arquitect\u00f2nic, \u00e9s un <\/span><span class=\"S1PPyQ\">estil de vida<\/span><span class=\"S1PPyQ\"> i d&#8217;entendre el m\u00f3n.<\/span><\/p>\n<p class=\"_04xlpA direction-ltr align-justify para-style-body\"><span class=\"S1PPyQ\">Sota aquesta perspectiva es far\u00e0 una <strong>proposta de <\/strong><\/span><strong><span class=\"S1PPyQ\">creaci\u00f3 liter\u00e0ria<\/span><\/strong><span class=\"S1PPyQ\"> on l&#8217;alumnat podr\u00e0 participar en tres modalitats: <\/span><strong><span class=\"S1PPyQ\">narrativa, auca o poema visual<\/span><\/strong><span class=\"S1PPyQ\"><strong> contextualitzat<\/strong> en el dia a dia de l&#8217;\u00e8poca de Llu\u00eds Dom\u00e8nech i Montaner.<\/span><\/p>\n<p class=\"_04xlpA direction-ltr align-justify para-style-body\"><span class=\"S1PPyQ\">Per dur a terme l&#8217;activitat des del Centre de Lectura i les Biblioteques Municipals es facilitaran uns <\/span><strong><span class=\"S1PPyQ\">guions d&#8217;elaboraci\u00f3<\/span><\/strong><span class=\"S1PPyQ\"> amb les pautes per la creaci\u00f3 d&#8217;aquests escrits i obres.<\/span><\/p>\n<p class=\"_04xlpA direction-ltr align-justify para-style-body\"><span class=\"S1PPyQ\">Des dels Museus de Reus s&#8217;ofereix als centres educatius una <\/span><strong><span class=\"S1PPyQ\">visita inspiradora<\/span><\/strong><span class=\"S1PPyQ\"> per tal d&#8217;impregnar-se de l&#8217;esperit de l&#8217;\u00e8poca.<\/span><\/p>\n<p class=\"_04xlpA direction-ltr align-justify para-style-body\"><span class=\"S1PPyQ\">El mes de <\/span><strong><span class=\"S1PPyQ\">juny<\/span><\/strong><span class=\"S1PPyQ\"> es far\u00e0 un recull dels textos creats i s&#8217;elaborar\u00e0 un <\/span><strong><span class=\"S1PPyQ\">llibre digital<\/span><\/strong><span class=\"S1PPyQ\"> disponible a la ciutadania.<\/span><\/p>\n<p>Presentaci\u00f3 de la proposta did\u00e0ctica:<br \/>\n<iframe loading=\"lazy\" title=\"YouTube video player\" src=\"https:\/\/www.youtube.com\/embed\/iqPJm-tAgUo\" width=\"800\" height=\"450\" frameborder=\"0\" allowfullscreen=\"allowfullscreen\"><span data-mce-type=\"bookmark\" style=\"display: inline-block; width: 0px; overflow: hidden; line-height: 0;\" class=\"mce_SELRES_start\">\ufeff<\/span><\/iframe><\/p>\n","protected":false},"excerpt":{"rendered":"<p>Proposta educativa destinada a l&#8217;alumnat de prim\u00e0ria i secund\u00e0ria Material per al professorat Organitza: Museus de Reus, Biblioteques de Reus El modernisme \u00e9s m\u00e9s que un estil arquitect\u00f2nic, \u00e9s un estil de vida i d&#8217;entendre el m\u00f3n. Sota aquesta perspectiva es far\u00e0 una proposta de creaci\u00f3 liter\u00e0ria on l&#8217;alumnat podr\u00e0 participar en tres modalitats: narrativa, [&hellip;]<\/p>\n","protected":false},"author":1,"featured_media":0,"parent":14285,"menu_order":1,"comment_status":"closed","ping_status":"closed","template":"page-templates\/side-menu.php","meta":{"_bbp_topic_count":0,"_bbp_reply_count":0,"_bbp_total_topic_count":0,"_bbp_total_reply_count":0,"_bbp_voice_count":0,"_bbp_anonymous_reply_count":0,"_bbp_topic_count_hidden":0,"_bbp_reply_count_hidden":0,"_bbp_forum_subforum_count":0,"site-sidebar-layout":"default","site-content-layout":"","ast-site-content-layout":"","site-content-style":"default","site-sidebar-style":"default","ast-global-header-display":"","ast-banner-title-visibility":"","ast-main-header-display":"","ast-hfb-above-header-display":"","ast-hfb-below-header-display":"","ast-hfb-mobile-header-display":"","site-post-title":"","ast-breadcrumbs-content":"","ast-featured-img":"","footer-sml-layout":"","theme-transparent-header-meta":"","adv-header-id-meta":"","stick-header-meta":"","header-above-stick-meta":"","header-main-stick-meta":"","header-below-stick-meta":"","astra-migrate-meta-layouts":"default","ast-page-background-enabled":"default","ast-page-background-meta":{"desktop":{"background-color":"var(--ast-global-color-4)","background-image":"","background-repeat":"repeat","background-position":"center center","background-size":"auto","background-attachment":"scroll","background-type":"","background-media":"","overlay-type":"","overlay-color":"","overlay-opacity":"","overlay-gradient":""},"tablet":{"background-color":"","background-image":"","background-repeat":"repeat","background-position":"center center","background-size":"auto","background-attachment":"scroll","background-type":"","background-media":"","overlay-type":"","overlay-color":"","overlay-opacity":"","overlay-gradient":""},"mobile":{"background-color":"","background-image":"","background-repeat":"repeat","background-position":"center center","background-size":"auto","background-attachment":"scroll","background-type":"","background-media":"","overlay-type":"","overlay-color":"","overlay-opacity":"","overlay-gradient":""}},"ast-content-background-meta":{"desktop":{"background-color":"var(--ast-global-color-5)","background-image":"","background-repeat":"repeat","background-position":"center center","background-size":"auto","background-attachment":"scroll","background-type":"","background-media":"","overlay-type":"","overlay-color":"","overlay-opacity":"","overlay-gradient":""},"tablet":{"background-color":"var(--ast-global-color-5)","background-image":"","background-repeat":"repeat","background-position":"center center","background-size":"auto","background-attachment":"scroll","background-type":"","background-media":"","overlay-type":"","overlay-color":"","overlay-opacity":"","overlay-gradient":""},"mobile":{"background-color":"var(--ast-global-color-5)","background-image":"","background-repeat":"repeat","background-position":"center center","background-size":"auto","background-attachment":"scroll","background-type":"","background-media":"","overlay-type":"","overlay-color":"","overlay-opacity":"","overlay-gradient":""}},"footnotes":""},"class_list":["post-14308","page","type-page","status-publish","hentry"],"post_mailing_queue_ids":[],"_links":{"self":[{"href":"https:\/\/serveiseducatius.xtec.cat\/baixcamp\/wp-json\/wp\/v2\/pages\/14308","targetHints":{"allow":["GET"]}}],"collection":[{"href":"https:\/\/serveiseducatius.xtec.cat\/baixcamp\/wp-json\/wp\/v2\/pages"}],"about":[{"href":"https:\/\/serveiseducatius.xtec.cat\/baixcamp\/wp-json\/wp\/v2\/types\/page"}],"author":[{"embeddable":true,"href":"https:\/\/serveiseducatius.xtec.cat\/baixcamp\/wp-json\/wp\/v2\/users\/1"}],"replies":[{"embeddable":true,"href":"https:\/\/serveiseducatius.xtec.cat\/baixcamp\/wp-json\/wp\/v2\/comments?post=14308"}],"version-history":[{"count":1,"href":"https:\/\/serveiseducatius.xtec.cat\/baixcamp\/wp-json\/wp\/v2\/pages\/14308\/revisions"}],"predecessor-version":[{"id":14310,"href":"https:\/\/serveiseducatius.xtec.cat\/baixcamp\/wp-json\/wp\/v2\/pages\/14308\/revisions\/14310"}],"up":[{"embeddable":true,"href":"https:\/\/serveiseducatius.xtec.cat\/baixcamp\/wp-json\/wp\/v2\/pages\/14285"}],"wp:attachment":[{"href":"https:\/\/serveiseducatius.xtec.cat\/baixcamp\/wp-json\/wp\/v2\/media?parent=14308"}],"curies":[{"name":"wp","href":"https:\/\/api.w.org\/{rel}","templated":true}]}}