{"id":14301,"date":"2023-02-03T17:07:00","date_gmt":"2023-02-03T16:07:00","guid":{"rendered":"https:\/\/serveiseducatius.xtec.cat\/baixcamp\/?page_id=14301"},"modified":"2023-02-03T17:07:00","modified_gmt":"2023-02-03T16:07:00","slug":"fes-la-teva-casa-modernista","status":"publish","type":"page","link":"https:\/\/serveiseducatius.xtec.cat\/baixcamp\/dinamitzacions\/2023dim-una-provocacio-a-laprenentatge\/fes-la-teva-casa-modernista\/","title":{"rendered":"Fes la teva casa modernista!"},"content":{"rendered":"<h6 class=\"_04xlpA direction-ltr align-center para-style-body\"><span class=\"S1PPyQ\">Proposta educativa destinada a l&#8217;alumnat de prim\u00e0ria i secund\u00e0ria<img loading=\"lazy\" decoding=\"async\" class=\"alignright wp-image-14303\" src=\"https:\/\/serveiseducatius.xtec.cat\/baixcamp\/wp-content\/uploads\/usu950\/2023\/02\/Educaio-artistica-plastica-visual-i-audiovisual.png\" alt=\"\" width=\"200\" height=\"200\" srcset=\"https:\/\/serveiseducatius.xtec.cat\/baixcamp\/wp-content\/uploads\/usu950\/2023\/02\/Educaio-artistica-plastica-visual-i-audiovisual.png 400w, https:\/\/serveiseducatius.xtec.cat\/baixcamp\/wp-content\/uploads\/usu950\/2023\/02\/Educaio-artistica-plastica-visual-i-audiovisual-300x300.png 300w, https:\/\/serveiseducatius.xtec.cat\/baixcamp\/wp-content\/uploads\/usu950\/2023\/02\/Educaio-artistica-plastica-visual-i-audiovisual-150x150.png 150w\" sizes=\"auto, (max-width: 200px) 100vw, 200px\" \/><\/span><\/h6>\n<h6 class=\"_04xlpA direction-ltr align-center para-style-body\"><span class=\"S1PPyQ\">Formaci\u00f3 per al professorat<\/span><\/h6>\n<p>Organitza: <strong>Casa Nav\u00e0s<\/strong><\/p>\n<p class=\"_04xlpA direction-ltr align-justify para-style-body\"><span class=\"S1PPyQ\">L&#8217;objectiu \u00e9s que els <\/span><span class=\"S1PPyQ\">alumnes <\/span><span class=\"S1PPyQ\">es posin a la pell de Dom\u00e8nech i Montaner, que es converteixin en arquitectes i que <\/span><strong><span class=\"S1PPyQ\">dissenyin el seu propi edifici modernista de manera col\u00b7lectiva<\/span><\/strong><span class=\"S1PPyQ\">. Com passava amb aquest moviment art\u00edstic, no hi ha l\u00edmits a l\u2019hora de crear, nom\u00e9s els de la imaginaci\u00f3. Aix\u00f2 s\u00ed, s\u2019hi han de veure reflectides algunes <\/span><strong><span class=\"S1PPyQ\">caracter\u00edstiques de l\u2019arquitectura <\/span><span class=\"S1PPyQ\">i les<\/span><span class=\"S1PPyQ\"> arts aplicades\/decoratives del Modernisme<\/span><\/strong><span class=\"S1PPyQ\">.<\/span><\/p>\n<p class=\"_04xlpA direction-ltr align-justify para-style-body\"><span class=\"S1PPyQ\">Per tal de facilitar les coses, des de la Casa Nav\u00e0s es<\/span> <span class=\"S1PPyQ\">fan <\/span><strong><span class=\"S1PPyQ\">tres propostes<\/span><\/strong><span class=\"S1PPyQ\"> que poden servir d\u2019inspiraci\u00f3 als docents a l\u2019hora d\u2019enfocar els projectes i\/o les activitats: <\/span><strong><span class=\"S1PPyQ\">mural, maqueta o muntatge audiovisual o fotogr\u00e0fic<\/span><\/strong><span class=\"S1PPyQ\">. S\u2019ha de tenir en compte que el m\u00e9s important no \u00e9s el resultat final, sin\u00f3 el proc\u00e9s de creaci\u00f3 i l\u2019aprenentatge per arribar-hi.<\/span><\/p>\n<p class=\"_04xlpA direction-ltr align-justify para-style-body\"><span class=\"S1PPyQ\">Tots els treballs presentats <strong>s\u2019<\/strong><\/span><strong><span class=\"S1PPyQ\">exposaran<\/span><span class=\"S1PPyQ\"> durant el mes de <\/span><span class=\"S1PPyQ\">juny<\/span><span class=\"S1PPyQ\"> a l\u2019<\/span><span class=\"S1PPyQ\">antiga botiga t\u00e8xtil de la Casa Nav\u00e0s<\/span><\/strong><span class=\"S1PPyQ\">.<\/span><\/p>\n<p class=\"_04xlpA direction-ltr align-justify para-style-body\"><span class=\"S1PPyQ\">Per tal d&#8217;acompanyar al professorat en el proc\u00e9s de les t\u00e8cniques art\u00edstiques, <strong>es realitzar\u00e0 una <\/strong><\/span><strong><span class=\"S1PPyQ\">formaci\u00f3 associada<\/span><\/strong><span class=\"S1PPyQ\"> que s&#8217;iniciar\u00e0 el 8 de febrer: <\/span><a href=\"https:\/\/forms.gle\/nvPgM5X5kKYcxuCr5\"><span class=\"S1PPyQ\">Mestres modernistes<\/span><\/a><span class=\"S1PPyQ\">.<\/span><\/p>\n<p>Presentaci\u00f3 de la proposta did\u00e0ctica:<br \/>\n<iframe loading=\"lazy\" title=\"YouTube video player\" src=\"https:\/\/www.youtube.com\/embed\/6OJT_zR52lQ\" width=\"800\" height=\"450\" frameborder=\"0\" allowfullscreen=\"allowfullscreen\"><span data-mce-type=\"bookmark\" style=\"display: inline-block; width: 0px; overflow: hidden; line-height: 0;\" class=\"mce_SELRES_start\">\ufeff<\/span><\/iframe><\/p>\n","protected":false},"excerpt":{"rendered":"<p>Proposta educativa destinada a l&#8217;alumnat de prim\u00e0ria i secund\u00e0ria Formaci\u00f3 per al professorat Organitza: Casa Nav\u00e0s L&#8217;objectiu \u00e9s que els alumnes es posin a la pell de Dom\u00e8nech i Montaner, que es converteixin en arquitectes i que dissenyin el seu propi edifici modernista de manera col\u00b7lectiva. Com passava amb aquest moviment art\u00edstic, no hi ha [&hellip;]<\/p>\n","protected":false},"author":1,"featured_media":0,"parent":14285,"menu_order":1,"comment_status":"closed","ping_status":"closed","template":"page-templates\/side-menu.php","meta":{"_bbp_topic_count":0,"_bbp_reply_count":0,"_bbp_total_topic_count":0,"_bbp_total_reply_count":0,"_bbp_voice_count":0,"_bbp_anonymous_reply_count":0,"_bbp_topic_count_hidden":0,"_bbp_reply_count_hidden":0,"_bbp_forum_subforum_count":0,"site-sidebar-layout":"default","site-content-layout":"","ast-site-content-layout":"","site-content-style":"default","site-sidebar-style":"default","ast-global-header-display":"","ast-banner-title-visibility":"","ast-main-header-display":"","ast-hfb-above-header-display":"","ast-hfb-below-header-display":"","ast-hfb-mobile-header-display":"","site-post-title":"","ast-breadcrumbs-content":"","ast-featured-img":"","footer-sml-layout":"","theme-transparent-header-meta":"","adv-header-id-meta":"","stick-header-meta":"","header-above-stick-meta":"","header-main-stick-meta":"","header-below-stick-meta":"","astra-migrate-meta-layouts":"default","ast-page-background-enabled":"default","ast-page-background-meta":{"desktop":{"background-color":"var(--ast-global-color-4)","background-image":"","background-repeat":"repeat","background-position":"center center","background-size":"auto","background-attachment":"scroll","background-type":"","background-media":"","overlay-type":"","overlay-color":"","overlay-opacity":"","overlay-gradient":""},"tablet":{"background-color":"","background-image":"","background-repeat":"repeat","background-position":"center center","background-size":"auto","background-attachment":"scroll","background-type":"","background-media":"","overlay-type":"","overlay-color":"","overlay-opacity":"","overlay-gradient":""},"mobile":{"background-color":"","background-image":"","background-repeat":"repeat","background-position":"center center","background-size":"auto","background-attachment":"scroll","background-type":"","background-media":"","overlay-type":"","overlay-color":"","overlay-opacity":"","overlay-gradient":""}},"ast-content-background-meta":{"desktop":{"background-color":"var(--ast-global-color-5)","background-image":"","background-repeat":"repeat","background-position":"center center","background-size":"auto","background-attachment":"scroll","background-type":"","background-media":"","overlay-type":"","overlay-color":"","overlay-opacity":"","overlay-gradient":""},"tablet":{"background-color":"var(--ast-global-color-5)","background-image":"","background-repeat":"repeat","background-position":"center center","background-size":"auto","background-attachment":"scroll","background-type":"","background-media":"","overlay-type":"","overlay-color":"","overlay-opacity":"","overlay-gradient":""},"mobile":{"background-color":"var(--ast-global-color-5)","background-image":"","background-repeat":"repeat","background-position":"center center","background-size":"auto","background-attachment":"scroll","background-type":"","background-media":"","overlay-type":"","overlay-color":"","overlay-opacity":"","overlay-gradient":""}},"footnotes":""},"class_list":["post-14301","page","type-page","status-publish","hentry"],"post_mailing_queue_ids":[],"_links":{"self":[{"href":"https:\/\/serveiseducatius.xtec.cat\/baixcamp\/wp-json\/wp\/v2\/pages\/14301","targetHints":{"allow":["GET"]}}],"collection":[{"href":"https:\/\/serveiseducatius.xtec.cat\/baixcamp\/wp-json\/wp\/v2\/pages"}],"about":[{"href":"https:\/\/serveiseducatius.xtec.cat\/baixcamp\/wp-json\/wp\/v2\/types\/page"}],"author":[{"embeddable":true,"href":"https:\/\/serveiseducatius.xtec.cat\/baixcamp\/wp-json\/wp\/v2\/users\/1"}],"replies":[{"embeddable":true,"href":"https:\/\/serveiseducatius.xtec.cat\/baixcamp\/wp-json\/wp\/v2\/comments?post=14301"}],"version-history":[{"count":1,"href":"https:\/\/serveiseducatius.xtec.cat\/baixcamp\/wp-json\/wp\/v2\/pages\/14301\/revisions"}],"predecessor-version":[{"id":14304,"href":"https:\/\/serveiseducatius.xtec.cat\/baixcamp\/wp-json\/wp\/v2\/pages\/14301\/revisions\/14304"}],"up":[{"embeddable":true,"href":"https:\/\/serveiseducatius.xtec.cat\/baixcamp\/wp-json\/wp\/v2\/pages\/14285"}],"wp:attachment":[{"href":"https:\/\/serveiseducatius.xtec.cat\/baixcamp\/wp-json\/wp\/v2\/media?parent=14301"}],"curies":[{"name":"wp","href":"https:\/\/api.w.org\/{rel}","templated":true}]}}