{"id":14285,"date":"2023-02-02T18:54:23","date_gmt":"2023-02-02T17:54:23","guid":{"rendered":"https:\/\/serveiseducatius.xtec.cat\/baixcamp\/?page_id=14285"},"modified":"2023-03-13T17:41:49","modified_gmt":"2023-03-13T16:41:49","slug":"2023dim-una-provocacio-a-laprenentatge","status":"publish","type":"page","link":"https:\/\/serveiseducatius.xtec.cat\/baixcamp\/dinamitzacions\/2023dim-una-provocacio-a-laprenentatge\/","title":{"rendered":"2023DiM. Una provocaci\u00f3 a l&#8217;aprenentatge"},"content":{"rendered":"<p><img loading=\"lazy\" decoding=\"async\" class=\"alignnone wp-image-14427 size-full\" src=\"https:\/\/serveiseducatius.xtec.cat\/baixcamp\/wp-content\/uploads\/usu950\/2023\/03\/2023_Una-provocacio-a-laprenentatge-Banner-1920-\u00d7-400-px1.png\" alt=\"\" width=\"1920\" height=\"400\" srcset=\"https:\/\/serveiseducatius.xtec.cat\/baixcamp\/wp-content\/uploads\/usu950\/2023\/03\/2023_Una-provocacio-a-laprenentatge-Banner-1920-\u00d7-400-px1.png 1920w, https:\/\/serveiseducatius.xtec.cat\/baixcamp\/wp-content\/uploads\/usu950\/2023\/03\/2023_Una-provocacio-a-laprenentatge-Banner-1920-\u00d7-400-px1-300x63.png 300w, https:\/\/serveiseducatius.xtec.cat\/baixcamp\/wp-content\/uploads\/usu950\/2023\/03\/2023_Una-provocacio-a-laprenentatge-Banner-1920-\u00d7-400-px1-600x125.png 600w, https:\/\/serveiseducatius.xtec.cat\/baixcamp\/wp-content\/uploads\/usu950\/2023\/03\/2023_Una-provocacio-a-laprenentatge-Banner-1920-\u00d7-400-px1-768x160.png 768w, https:\/\/serveiseducatius.xtec.cat\/baixcamp\/wp-content\/uploads\/usu950\/2023\/03\/2023_Una-provocacio-a-laprenentatge-Banner-1920-\u00d7-400-px1-1536x320.png 1536w\" sizes=\"auto, (max-width: 1920px) 100vw, 1920px\" \/><\/p>\n<p class=\"_04xlpA direction-ltr align-justify para-style-body\"><span class=\"S1PPyQ\">L&#8217;any 2023, en el marc de la commemoraci\u00f3 del centenari de la mort de l\u2019arquitecte catal\u00e0 Llu\u00eds Dom\u00e8nech i Montaner, el CRP est\u00e0 implicat en la dinamitzaci\u00f3 d&#8217;<\/span><span class=\"S1PPyQ\">activitats dirigides a la comunitat educativa. <\/span><span class=\"S1PPyQ\">En aquesta iniciativa comptem amb la participaci\u00f3 de les entitats de Reus:<\/span><\/p>\n<ul>\n<li><a href=\"https:\/\/casanavas.cat\/ca\/\"><span class=\"S1PPyQ\">Casa Nav\u00e0s<\/span><\/a><\/li>\n<li><a href=\"https:\/\/iesdimreus.cat\/\"><span class=\"S1PPyQ\">Institut Dom\u00e8nech i Montaner<\/span><\/a><\/li>\n<li><a href=\"https:\/\/xac.gencat.cat\/ca\/llista_arxius_comarcals\/baix_camp\/\"><span class=\"S1PPyQ\">Arxiu Municipal de Reus i Comarcal del Baix Camp<\/span><\/a><\/li>\n<li><a href=\"http:\/\/www.centrelectura.cat\/\"><span class=\"S1PPyQ\">Centre de Lectura<\/span><\/a><\/li>\n<li><a href=\"https:\/\/www.museudereus.cat\/\"><span class=\"S1PPyQ\">Museus de Reus<\/span><\/a><\/li>\n<li><a href=\"https:\/\/biblioteques.reus.cat\/\"><span class=\"S1PPyQ\">Biblioteques municipals de Reus<\/span><\/a><\/li>\n<li><a href=\"https:\/\/www.reus.cat\/serveis\/pla-educatiu-dentorn\">PEE de la Regidoria d&#8217;Educaci\u00f3 de l&#8217;Ajuntament de Reus<\/a><\/li>\n<li><a href=\"https:\/\/www.urv.cat\/ca\/\">Universitat Rovira i Virgili<\/a><\/li>\n<li><a href=\"https:\/\/serveiseducatius.xtec.cat\/baixcamp\/\"><span class=\"S1PPyQ\">Servei educatiu del Baix Camp<\/span><\/a><\/li>\n<\/ul>\n<p class=\"_04xlpA direction-ltr align-justify para-style-body\"><span class=\"S1PPyQ\"><strong>2023DiM. Una provocaci\u00f3 a l&#8217;aprenentatge<\/strong> consta de cinc propostes educatives:<\/span><\/p>\n<ul>\n<li style=\"list-style-type: none;\">\n<ul>\n<li style=\"list-style-type: none;\">\n<ul>\n<li><a href=\"https:\/\/serveiseducatius.xtec.cat\/baixcamp\/dinamitzacions\/2023dim-una-provocacio-a-laprenentatge\/museitzem-i-gamifiquem-linstitut\/\">Muse\u00eftzem i gamifiquem l&#8217;institut<\/a><\/li>\n<li><a href=\"https:\/\/serveiseducatius.xtec.cat\/baixcamp\/dinamitzacions\/2023dim-una-provocacio-a-laprenentatge\/fes-la-teva-casa-modernista\/\">Fes la teva casa modernista!<\/a><\/li>\n<li><a href=\"https:\/\/serveiseducatius.xtec.cat\/baixcamp\/dinamitzacions\/2023dim-una-provocacio-a-laprenentatge\/escalem-domenech-i-montaner\/\">Escalem Dom\u00e8nech i Montaner<\/a><\/li>\n<li><a href=\"https:\/\/serveiseducatius.xtec.cat\/baixcamp\/dinamitzacions\/2023dim-una-provocacio-a-laprenentatge\/un-dia-del-1900\/\">Un dia del 1900<\/a><\/li>\n<li><a href=\"https:\/\/serveiseducatius.xtec.cat\/baixcamp\/dinamitzacions\/2023dim-una-provocacio-a-laprenentatge\/educadomenech\/\">EducaDom\u00e8nech<\/a><\/li>\n<\/ul>\n<\/li>\n<\/ul>\n<\/li>\n<\/ul>\n<p><span class=\"S1PPyQ\">Des dels centres educatius es pot participar <strong>en la totalitat de les activitats o nom\u00e9s en aquelles<\/strong> que estiguin interessats.<\/span><\/p>\n<p><img loading=\"lazy\" decoding=\"async\" class=\"aligncenter wp-image-14315 size-full\" src=\"https:\/\/serveiseducatius.xtec.cat\/baixcamp\/wp-content\/uploads\/usu950\/2023\/02\/2023_Una-provocacio-a-laprenentatge-Instagram-Presentacio-1693-e1675442499398.png\" alt=\"\" width=\"1920\" height=\"710\" srcset=\"https:\/\/serveiseducatius.xtec.cat\/baixcamp\/wp-content\/uploads\/usu950\/2023\/02\/2023_Una-provocacio-a-laprenentatge-Instagram-Presentacio-1693-e1675442499398.png 1920w, https:\/\/serveiseducatius.xtec.cat\/baixcamp\/wp-content\/uploads\/usu950\/2023\/02\/2023_Una-provocacio-a-laprenentatge-Instagram-Presentacio-1693-e1675442499398-300x111.png 300w, https:\/\/serveiseducatius.xtec.cat\/baixcamp\/wp-content\/uploads\/usu950\/2023\/02\/2023_Una-provocacio-a-laprenentatge-Instagram-Presentacio-1693-e1675442499398-600x222.png 600w, https:\/\/serveiseducatius.xtec.cat\/baixcamp\/wp-content\/uploads\/usu950\/2023\/02\/2023_Una-provocacio-a-laprenentatge-Instagram-Presentacio-1693-e1675442499398-768x284.png 768w, https:\/\/serveiseducatius.xtec.cat\/baixcamp\/wp-content\/uploads\/usu950\/2023\/02\/2023_Una-provocacio-a-laprenentatge-Instagram-Presentacio-1693-e1675442499398-1536x568.png 1536w\" sizes=\"auto, (max-width: 1920px) 100vw, 1920px\" \/><\/p>\n<p>&nbsp;<\/p>\n","protected":false},"excerpt":{"rendered":"<p>L&#8217;any 2023, en el marc de la commemoraci\u00f3 del centenari de la mort de l\u2019arquitecte catal\u00e0 Llu\u00eds Dom\u00e8nech i Montaner, el CRP est\u00e0 implicat en la dinamitzaci\u00f3 d&#8217;activitats dirigides a la comunitat educativa. En aquesta iniciativa comptem amb la participaci\u00f3 de les entitats de Reus: Casa Nav\u00e0s Institut Dom\u00e8nech i Montaner Arxiu Municipal de Reus [&hellip;]<\/p>\n","protected":false},"author":1,"featured_media":0,"parent":13543,"menu_order":0,"comment_status":"closed","ping_status":"closed","template":"page-templates\/side-menu.php","meta":{"_bbp_topic_count":0,"_bbp_reply_count":0,"_bbp_total_topic_count":0,"_bbp_total_reply_count":0,"_bbp_voice_count":0,"_bbp_anonymous_reply_count":0,"_bbp_topic_count_hidden":0,"_bbp_reply_count_hidden":0,"_bbp_forum_subforum_count":0,"site-sidebar-layout":"default","site-content-layout":"","ast-site-content-layout":"","site-content-style":"default","site-sidebar-style":"default","ast-global-header-display":"","ast-banner-title-visibility":"","ast-main-header-display":"","ast-hfb-above-header-display":"","ast-hfb-below-header-display":"","ast-hfb-mobile-header-display":"","site-post-title":"","ast-breadcrumbs-content":"","ast-featured-img":"","footer-sml-layout":"","theme-transparent-header-meta":"","adv-header-id-meta":"","stick-header-meta":"","header-above-stick-meta":"","header-main-stick-meta":"","header-below-stick-meta":"","astra-migrate-meta-layouts":"default","ast-page-background-enabled":"default","ast-page-background-meta":{"desktop":{"background-color":"var(--ast-global-color-4)","background-image":"","background-repeat":"repeat","background-position":"center center","background-size":"auto","background-attachment":"scroll","background-type":"","background-media":"","overlay-type":"","overlay-color":"","overlay-opacity":"","overlay-gradient":""},"tablet":{"background-color":"","background-image":"","background-repeat":"repeat","background-position":"center center","background-size":"auto","background-attachment":"scroll","background-type":"","background-media":"","overlay-type":"","overlay-color":"","overlay-opacity":"","overlay-gradient":""},"mobile":{"background-color":"","background-image":"","background-repeat":"repeat","background-position":"center center","background-size":"auto","background-attachment":"scroll","background-type":"","background-media":"","overlay-type":"","overlay-color":"","overlay-opacity":"","overlay-gradient":""}},"ast-content-background-meta":{"desktop":{"background-color":"var(--ast-global-color-5)","background-image":"","background-repeat":"repeat","background-position":"center center","background-size":"auto","background-attachment":"scroll","background-type":"","background-media":"","overlay-type":"","overlay-color":"","overlay-opacity":"","overlay-gradient":""},"tablet":{"background-color":"var(--ast-global-color-5)","background-image":"","background-repeat":"repeat","background-position":"center center","background-size":"auto","background-attachment":"scroll","background-type":"","background-media":"","overlay-type":"","overlay-color":"","overlay-opacity":"","overlay-gradient":""},"mobile":{"background-color":"var(--ast-global-color-5)","background-image":"","background-repeat":"repeat","background-position":"center center","background-size":"auto","background-attachment":"scroll","background-type":"","background-media":"","overlay-type":"","overlay-color":"","overlay-opacity":"","overlay-gradient":""}},"footnotes":""},"class_list":["post-14285","page","type-page","status-publish","hentry"],"post_mailing_queue_ids":[],"_links":{"self":[{"href":"https:\/\/serveiseducatius.xtec.cat\/baixcamp\/wp-json\/wp\/v2\/pages\/14285","targetHints":{"allow":["GET"]}}],"collection":[{"href":"https:\/\/serveiseducatius.xtec.cat\/baixcamp\/wp-json\/wp\/v2\/pages"}],"about":[{"href":"https:\/\/serveiseducatius.xtec.cat\/baixcamp\/wp-json\/wp\/v2\/types\/page"}],"author":[{"embeddable":true,"href":"https:\/\/serveiseducatius.xtec.cat\/baixcamp\/wp-json\/wp\/v2\/users\/1"}],"replies":[{"embeddable":true,"href":"https:\/\/serveiseducatius.xtec.cat\/baixcamp\/wp-json\/wp\/v2\/comments?post=14285"}],"version-history":[{"count":3,"href":"https:\/\/serveiseducatius.xtec.cat\/baixcamp\/wp-json\/wp\/v2\/pages\/14285\/revisions"}],"predecessor-version":[{"id":14428,"href":"https:\/\/serveiseducatius.xtec.cat\/baixcamp\/wp-json\/wp\/v2\/pages\/14285\/revisions\/14428"}],"up":[{"embeddable":true,"href":"https:\/\/serveiseducatius.xtec.cat\/baixcamp\/wp-json\/wp\/v2\/pages\/13543"}],"wp:attachment":[{"href":"https:\/\/serveiseducatius.xtec.cat\/baixcamp\/wp-json\/wp\/v2\/media?parent=14285"}],"curies":[{"name":"wp","href":"https:\/\/api.w.org\/{rel}","templated":true}]}}