{"id":14132,"date":"2022-11-15T17:26:38","date_gmt":"2022-11-15T16:26:38","guid":{"rendered":"https:\/\/serveiseducatius.xtec.cat\/baixcamp\/?page_id=14132"},"modified":"2025-01-21T12:41:46","modified_gmt":"2025-01-21T11:41:46","slug":"el-cotxe-dhidrogen","status":"publish","type":"page","link":"https:\/\/serveiseducatius.xtec.cat\/baixcamp\/recursos-2\/ambit-cientific-tecnologic\/el-cotxe-dhidrogen\/","title":{"rendered":"El Cotxe d&#8217;Hidrogen"},"content":{"rendered":"<p><img loading=\"lazy\" decoding=\"async\" class=\"alignleft\" src=\"https:\/\/static.viaaurea.eu\/t\/horizoneducational.com\/images\/1306.png\/o-h:600\/s-2545906713ff?_ts=1589453758\" alt=\"FCJJ-20 Hydrocar\" width=\"595\" height=\"595\" \/><\/p>\n<p id=\"tw-target-text\" class=\"tw-data-text tw-text-large tw-ta\" dir=\"ltr\" data-placeholder=\"Traducci\u00f3\"><span class=\"Y2IQFc\" lang=\"ca\">El kit de ci\u00e8ncia per a cotxes d&#8217;hidrogen Hydrocar FCJJ-20), presenta als estudiants la tecnologia h\u00edbrida que est\u00e0 alimentant la revoluci\u00f3 de l&#8217;automoci\u00f3 actual.<\/span><\/p>\n<p class=\"tw-data-text tw-text-large tw-ta\" dir=\"ltr\" data-placeholder=\"Traducci\u00f3\"><span class=\"Y2IQFc\" lang=\"ca\"> Hydrocar \u00e9s una maqueta d&#8217;un sistema complet d&#8217;energia neta amb generaci\u00f3 d&#8217;energia solar per hidrogen. <\/span><\/p>\n<p class=\"tw-data-text tw-text-large tw-ta\" dir=\"ltr\" data-placeholder=\"Traducci\u00f3\"><span class=\"Y2IQFc\" lang=\"ca\">La pila de combustible reversible alimentada per l&#8217;electricitat generada per la llum solar, il\u00b7lustra els principis de l&#8217;electr\u00f2lisi de l&#8217;aigua, separant-ne l&#8217;hidrogen i recombinant aquests elements per crear energia en un proc\u00e9s extremadament eficient.<\/span><\/p>\n<p class=\"tw-data-text tw-text-large tw-ta\" dir=\"ltr\" data-placeholder=\"Traducci\u00f3\"><span class=\"Y2IQFc\" lang=\"ca\"> A m\u00e9s, el cotxe es condueix de manera aut\u00f2noma per evitar topar amb obstacles.\u00a0<\/span><\/p>\n<h4 dir=\"ltr\" data-placeholder=\"Traducci\u00f3\"><\/h4>\n<h4 dir=\"ltr\" data-placeholder=\"Traducci\u00f3\"><\/h4>\n<h4 dir=\"ltr\" data-placeholder=\"Traducci\u00f3\"><\/h4>\n<h4 dir=\"ltr\" data-placeholder=\"Traducci\u00f3\"><\/h4>\n<h4 dir=\"ltr\" style=\"text-align: center;\" data-placeholder=\"Traducci\u00f3\"><\/h4>\n<h4 dir=\"ltr\" data-placeholder=\"Traducci\u00f3\"><\/h4>\n<h4 dir=\"ltr\" data-placeholder=\"Traducci\u00f3\"><\/h4>\n<h4 dir=\"ltr\" data-placeholder=\"Traducci\u00f3\"><\/h4>\n<h4 dir=\"ltr\" data-placeholder=\"Traducci\u00f3\"><\/h4>\n<h4 dir=\"ltr\" data-placeholder=\"Traducci\u00f3\"><\/h4>\n<h4 dir=\"ltr\" data-placeholder=\"Traducci\u00f3\"><\/h4>\n<h4 dir=\"ltr\" data-placeholder=\"Traducci\u00f3\"><\/h4>\n<h4 dir=\"ltr\" data-placeholder=\"Traducci\u00f3\"><\/h4>\n<h4 dir=\"ltr\" data-placeholder=\"Traducci\u00f3\"><\/h4>\n<h4 dir=\"ltr\" data-placeholder=\"Traducci\u00f3\"><\/h4>\n<h4 dir=\"ltr\" data-placeholder=\"Traducci\u00f3\"><\/h4>\n<h4 dir=\"ltr\" data-placeholder=\"Traducci\u00f3\"><\/h4>\n<h4 dir=\"ltr\" data-placeholder=\"Traducci\u00f3\"><\/h4>\n<h4 dir=\"ltr\" data-placeholder=\"Traducci\u00f3\"><\/h4>\n<h4 dir=\"ltr\" data-placeholder=\"Traducci\u00f3\"><\/h4>\n<h4 dir=\"ltr\" data-placeholder=\"Traducci\u00f3\"><\/h4>\n<h4 dir=\"ltr\" data-placeholder=\"Traducci\u00f3\"><\/h4>\n<h4 dir=\"ltr\" data-placeholder=\"Traducci\u00f3\"><\/h4>\n<h4 dir=\"ltr\" data-placeholder=\"Traducci\u00f3\"><\/h4>\n<h4 dir=\"ltr\" data-placeholder=\"Traducci\u00f3\"><\/h4>\n<h4 dir=\"ltr\" data-placeholder=\"Traducci\u00f3\"><\/h4>\n<h4 dir=\"ltr\" data-placeholder=\"Traducci\u00f3\"><\/h4>\n<h4 dir=\"ltr\" data-placeholder=\"Traducci\u00f3\"><\/h4>\n<h4 dir=\"ltr\" data-placeholder=\"Traducci\u00f3\"><\/h4>\n<h4 dir=\"ltr\" data-placeholder=\"Traducci\u00f3\"><\/h4>\n<h4 dir=\"ltr\" data-placeholder=\"Traducci\u00f3\"><\/h4>\n<h4 dir=\"ltr\" data-placeholder=\"Traducci\u00f3\"><\/h4>\n<h4 dir=\"ltr\" data-placeholder=\"Traducci\u00f3\"><\/h4>\n<h4 dir=\"ltr\" data-placeholder=\"Traducci\u00f3\"><\/h4>\n<h4 dir=\"ltr\" data-placeholder=\"Traducci\u00f3\"><\/h4>\n<table style=\"border-collapse: collapse; width: 100%;\">\n<tbody>\n<tr>\n<td style=\"width: 100%; background-color: #bdb7b7;\">\n<h4 id=\"tw-target-text\" class=\"tw-data-text tw-text-large tw-ta\" dir=\"ltr\" data-placeholder=\"Traducci\u00f3\"><span class=\"Y2IQFc\" lang=\"ca\" style=\"color: #ffffff;\">El kit inclou:<\/span><\/h4>\n<\/td>\n<\/tr>\n<\/tbody>\n<\/table>\n<ul style=\"list-style-type: circle;\">\n<li class=\"tw-data-text tw-text-large tw-ta\" dir=\"ltr\" data-placeholder=\"Traducci\u00f3\"><span class=\"Y2IQFc\" lang=\"ca\">Xass\u00eds amb llum LED i motor<\/span><\/li>\n<li class=\"tw-data-text tw-text-large tw-ta\" dir=\"ltr\" data-placeholder=\"Traducci\u00f3\"><span class=\"Y2IQFc\" lang=\"ca\">Pila de combustible reversible (PEM). <\/span><\/li>\n<li class=\"tw-data-text tw-text-large tw-ta\" dir=\"ltr\" data-placeholder=\"Traducci\u00f3\"><span class=\"Y2IQFc\" lang=\"ca\">Placa fotovoltaica de 0,75 watts <\/span><\/li>\n<li class=\"tw-data-text tw-text-large tw-ta\" dir=\"ltr\" data-placeholder=\"Traducci\u00f3\"><span class=\"Y2IQFc\" lang=\"ca\">2 cables de connexi\u00f3 de 2 mm <\/span><\/li>\n<li class=\"tw-data-text tw-text-large tw-ta\" dir=\"ltr\" data-placeholder=\"Traducci\u00f3\"><span class=\"Y2IQFc\" lang=\"ca\">Paquet de bateries amb cables de connexi\u00f3<\/span><\/li>\n<li class=\"tw-data-text tw-text-large tw-ta\" dir=\"ltr\" data-placeholder=\"Traducci\u00f3\"><span class=\"Y2IQFc\" lang=\"ca\">Dip\u00f2sit d&#8217;hidrogen<\/span><\/li>\n<li class=\"tw-data-text tw-text-large tw-ta\" dir=\"ltr\" data-placeholder=\"Traducci\u00f3\"><span class=\"Y2IQFc\" lang=\"ca\">T<\/span><span class=\"Y2IQFc\" lang=\"ca\">anc d&#8217;oxigen <\/span><\/li>\n<li class=\"tw-data-text tw-text-large tw-ta\" dir=\"ltr\" data-placeholder=\"Traducci\u00f3\"><span class=\"Y2IQFc\" lang=\"ca\"> Contenidors interiors de gas<\/span><\/li>\n<li class=\"tw-data-text tw-text-large tw-ta\" dir=\"ltr\" data-placeholder=\"Traducci\u00f3\"><span class=\"Y2IQFc\" lang=\"ca\">Pins de pl\u00e0stic per a pila de combustible <\/span><\/li>\n<li class=\"tw-data-text tw-text-large tw-ta\" dir=\"ltr\" data-placeholder=\"Traducci\u00f3\"><span class=\"Y2IQFc\" lang=\"ca\">Tub de silicona transparent <\/span><\/li>\n<li class=\"tw-data-text tw-text-large tw-ta\" dir=\"ltr\" data-placeholder=\"Traducci\u00f3\"><span class=\"Y2IQFc\" lang=\"ca\">Xeringa <\/span><\/li>\n<li class=\"tw-data-text tw-text-large tw-ta\" dir=\"ltr\" data-placeholder=\"Traducci\u00f3\"><span class=\"Y2IQFc\" lang=\"ca\">Instruccions de muntatge <\/span><\/li>\n<li class=\"tw-data-text tw-text-large tw-ta\" dir=\"ltr\" data-placeholder=\"Traducci\u00f3\"><span class=\"Y2IQFc\" lang=\"ca\">CD-ROM amb manuals curriculars<\/span><\/li>\n<\/ul>\n<h4><\/h4>\n<h4><\/h4>\n<h4 style=\"text-align: center;\"><iframe loading=\"lazy\" title=\"YouTube video player\" src=\"https:\/\/www.youtube.com\/embed\/Wf7vGYRrSRU\" width=\"600\" height=\"400 \" frameborder=\"0\" allowfullscreen=\"allowfullscreen\"><span data-mce-type=\"bookmark\" style=\"display: inline-block; width: 0px; overflow: hidden; line-height: 0;\" class=\"mce_SELRES_start\">\ufeff<\/span><\/iframe><\/h4>\n<h4><\/h4>\n<h4>Per saber-ne m\u00e9s\u2026<\/h4>\n<p><a href=\"https:\/\/drive.google.com\/file\/d\/16piPqME-KjE4YvfpSIGcuu5-Lc2FOEzK\/view\" target=\"_blank\" rel=\"noopener\">Renewable Energy: Science Education Manual<\/a><\/p>\n<p><a href=\"https:\/\/www.horizoneducational.com\/hydrocar\/p1226?isList=1\" target=\"_blank\" rel=\"noopener\">Horizon educational Hydrocar<\/a><\/p>\n<p dir=\"ltr\" data-placeholder=\"Traducci\u00f3\">\u00a0<span style=\"color: #4d4d4d; font-size: 0.875em; font-family: inherit;\">FCJJ-20 Datasheet<\/span><span style=\"font-family: inherit; font-size: 1em; color: #222222;\">\u00a0<\/span><a href=\"https:\/\/drive.google.com\/file\/d\/1TlMPQtZzyYd0XzlbuXDN9Y35c5FdvF8U\/view?usp=share_link\" target=\"_blank\" rel=\"noopener\">pdf [2.68 MB]<\/a><\/p>\n<p dir=\"ltr\" data-placeholder=\"Traducci\u00f3\">\u00a0<span style=\"color: #4d4d4d; font-size: 0.875em; font-family: inherit;\">FCJJ-20 User Manual <\/span><span style=\"font-family: inherit; font-size: 1em; color: #222222;\">\u00a0<\/span><a style=\"font-family: inherit; font-size: 1em;\" href=\"https:\/\/www.horizoneducational.com\/document\/download?ids=3804\" target=\"_blank\" rel=\"noopener\">pdf [953.96 kB]<\/a><\/p>\n<p dir=\"ltr\" data-placeholder=\"Traducci\u00f3\"><a href=\"https:\/\/blocs.xtec.cat\/cienciaentretots\/1-funcionament-dun-cotxe-dhidrogen-per-pila-de-combustible\/\" target=\"_blank\" rel=\"noopener\">Funcionament d&#8217;un cotxe d&#8217;hidrogen<\/a><\/p>\n<p><a href=\"https:\/\/drive.google.com\/file\/d\/11LbCagllWmL1N1S6Q_1BnH75t51_c_8B\/view?usp=share_link\" target=\"_blank\" rel=\"noopener\">Manual cotxe<\/a>\u00a0 (castell\u00e0)<\/p>\n<p class=\"entry-title\"><a href=\"https:\/\/infotransit.blog.gencat.cat\/2018\/09\/14\/el-cotxe-dhidrogen-piles-de-combustible-per-a-una-autonomia-de-600-km\/\" target=\"_blank\" rel=\"noopener\">El cotxe d\u2019hidrogen: piles de combustible per a una autonomia de 600 km<\/a><\/p>\n<table>\n<tbody>\n<tr>\n<td><iframe loading=\"lazy\" style=\"border: 0;\" src=\"https:\/\/calendar.google.com\/calendar\/embed?src=c_901062b9a96fefc0f95f6e1c625ede80a3a6331c57bf53f9c1f3c8590b8e3ef6%40group.calendar.google.com&amp;ctz=Europe%2FParis\" width=\"600\" height=\"400\" frameborder=\"0\" scrolling=\"no\"><span data-mce-type=\"bookmark\" style=\"display: inline-block; width: 0px; overflow: hidden; line-height: 0;\" class=\"mce_SELRES_start\">\ufeff<\/span><\/iframe><\/td>\n<td><a href=\"https:\/\/docs.google.com\/forms\/d\/e\/1FAIpQLSfMOi-buKM2Lz7Qwe2UxLZ2Ot3Ou1bBjeo2h3W6zDFo-hsVhQ\/viewform?usp=sf_link\"><img loading=\"lazy\" decoding=\"async\" class=\"alignleft wp-image-8610\" src=\"http:\/\/serveiseducatius.xtec.cat\/baixcamp\/wp-content\/uploads\/usu950\/2018\/09\/sol%C2%B7licitud-pr%C3%A9stec.png\" alt=\"\" width=\"181\" height=\"89\" \/><\/a><\/td>\n<td>\n<div class=\"entry-content\">\n<h6><strong>Condicions del pr\u00e9stec<\/strong><\/h6>\n<p><strong>Durada:<\/strong>\u00a0 3 setmanes<\/p>\n<p>Per altres per\u00edodes o modificacions del pr\u00e9stec, consulteu a\u00a0<a href=\"mailto:e3990102@xtec.cat\">e3990102@xtec.cat<\/a><\/p>\n<p><strong>Recollida i retorn del pr\u00e9stec<\/strong>: de dilluns a divendres d\u201911h a 14h i de 16h a 18h<\/p>\n<p>(durant les dates del per\u00edode de pr\u00e9stec sol\u00b7licitat)<\/p>\n<h6><strong>Normes d\u2019\u00fas<\/strong><\/h6>\n<ul>\n<li>\u00a0\u00c9s responsabilitat de l\u2019usuari assegurar-se del material que se li lliura a l\u2019inici de la reserva.<\/li>\n<li>\u00a0Qualsevol p\u00e8rdua o desperfecte del material ser\u00e0 responsabilitat del centre educatiu, que haur\u00e0 de reposar-lo.<\/li>\n<li>\u00a0Cal retornar el kit complet i en bon estat; se\u2019n far\u00e0 la comprovaci\u00f3.<\/li>\n<li>\u00a0Cal comunicar qualsevol incid\u00e8ncia que es produeixi durant el seu \u00fas.<\/li>\n<\/ul>\n<\/div>\n<\/td>\n<\/tr>\n<\/tbody>\n<\/table>\n<p dir=\"ltr\" data-placeholder=\"Traducci\u00f3\">\n","protected":false},"excerpt":{"rendered":"<p>El kit de ci\u00e8ncia per a cotxes d&#8217;hidrogen Hydrocar FCJJ-20), presenta als estudiants la tecnologia h\u00edbrida que est\u00e0 alimentant la revoluci\u00f3 de l&#8217;automoci\u00f3 actual. Hydrocar \u00e9s una maqueta d&#8217;un sistema complet d&#8217;energia neta amb generaci\u00f3 d&#8217;energia solar per hidrogen. La pila de combustible reversible alimentada per l&#8217;electricitat generada per la llum solar, il\u00b7lustra els principis [&hellip;]<\/p>\n","protected":false},"author":122,"featured_media":0,"parent":14114,"menu_order":200,"comment_status":"closed","ping_status":"closed","template":"page-templates\/side-menu.php","meta":{"_bbp_topic_count":0,"_bbp_reply_count":0,"_bbp_total_topic_count":0,"_bbp_total_reply_count":0,"_bbp_voice_count":0,"_bbp_anonymous_reply_count":0,"_bbp_topic_count_hidden":0,"_bbp_reply_count_hidden":0,"_bbp_forum_subforum_count":0,"site-sidebar-layout":"default","site-content-layout":"","ast-site-content-layout":"","site-content-style":"default","site-sidebar-style":"default","ast-global-header-display":"","ast-banner-title-visibility":"","ast-main-header-display":"","ast-hfb-above-header-display":"","ast-hfb-below-header-display":"","ast-hfb-mobile-header-display":"","site-post-title":"","ast-breadcrumbs-content":"","ast-featured-img":"","footer-sml-layout":"","theme-transparent-header-meta":"","adv-header-id-meta":"","stick-header-meta":"","header-above-stick-meta":"","header-main-stick-meta":"","header-below-stick-meta":"","astra-migrate-meta-layouts":"default","ast-page-background-enabled":"default","ast-page-background-meta":{"desktop":{"background-color":"var(--ast-global-color-4)","background-image":"","background-repeat":"repeat","background-position":"center center","background-size":"auto","background-attachment":"scroll","background-type":"","background-media":"","overlay-type":"","overlay-color":"","overlay-opacity":"","overlay-gradient":""},"tablet":{"background-color":"","background-image":"","background-repeat":"repeat","background-position":"center center","background-size":"auto","background-attachment":"scroll","background-type":"","background-media":"","overlay-type":"","overlay-color":"","overlay-opacity":"","overlay-gradient":""},"mobile":{"background-color":"","background-image":"","background-repeat":"repeat","background-position":"center center","background-size":"auto","background-attachment":"scroll","background-type":"","background-media":"","overlay-type":"","overlay-color":"","overlay-opacity":"","overlay-gradient":""}},"ast-content-background-meta":{"desktop":{"background-color":"var(--ast-global-color-5)","background-image":"","background-repeat":"repeat","background-position":"center center","background-size":"auto","background-attachment":"scroll","background-type":"","background-media":"","overlay-type":"","overlay-color":"","overlay-opacity":"","overlay-gradient":""},"tablet":{"background-color":"var(--ast-global-color-5)","background-image":"","background-repeat":"repeat","background-position":"center center","background-size":"auto","background-attachment":"scroll","background-type":"","background-media":"","overlay-type":"","overlay-color":"","overlay-opacity":"","overlay-gradient":""},"mobile":{"background-color":"var(--ast-global-color-5)","background-image":"","background-repeat":"repeat","background-position":"center center","background-size":"auto","background-attachment":"scroll","background-type":"","background-media":"","overlay-type":"","overlay-color":"","overlay-opacity":"","overlay-gradient":""}},"footnotes":""},"class_list":["post-14132","page","type-page","status-publish","hentry"],"post_mailing_queue_ids":[],"_links":{"self":[{"href":"https:\/\/serveiseducatius.xtec.cat\/baixcamp\/wp-json\/wp\/v2\/pages\/14132","targetHints":{"allow":["GET"]}}],"collection":[{"href":"https:\/\/serveiseducatius.xtec.cat\/baixcamp\/wp-json\/wp\/v2\/pages"}],"about":[{"href":"https:\/\/serveiseducatius.xtec.cat\/baixcamp\/wp-json\/wp\/v2\/types\/page"}],"author":[{"embeddable":true,"href":"https:\/\/serveiseducatius.xtec.cat\/baixcamp\/wp-json\/wp\/v2\/users\/122"}],"replies":[{"embeddable":true,"href":"https:\/\/serveiseducatius.xtec.cat\/baixcamp\/wp-json\/wp\/v2\/comments?post=14132"}],"version-history":[{"count":4,"href":"https:\/\/serveiseducatius.xtec.cat\/baixcamp\/wp-json\/wp\/v2\/pages\/14132\/revisions"}],"predecessor-version":[{"id":15421,"href":"https:\/\/serveiseducatius.xtec.cat\/baixcamp\/wp-json\/wp\/v2\/pages\/14132\/revisions\/15421"}],"up":[{"embeddable":true,"href":"https:\/\/serveiseducatius.xtec.cat\/baixcamp\/wp-json\/wp\/v2\/pages\/14114"}],"wp:attachment":[{"href":"https:\/\/serveiseducatius.xtec.cat\/baixcamp\/wp-json\/wp\/v2\/media?parent=14132"}],"curies":[{"name":"wp","href":"https:\/\/api.w.org\/{rel}","templated":true}]}}