{"id":14121,"date":"2022-11-15T12:48:50","date_gmt":"2022-11-15T11:48:50","guid":{"rendered":"https:\/\/serveiseducatius.xtec.cat\/baixcamp\/?page_id=14121"},"modified":"2022-11-15T12:48:50","modified_gmt":"2022-11-15T11:48:50","slug":"ambit-artistic-i-matematic","status":"publish","type":"page","link":"https:\/\/serveiseducatius.xtec.cat\/baixcamp\/recursos-2\/ambit-artistic-i-matematic\/","title":{"rendered":"\u00c0MBIT ART\u00cdSTIC I MATEM\u00c0TIC"},"content":{"rendered":"<blockquote><p>Les compet\u00e8ncies clau, que s\u00f3n els assoliments que es consideren imprescindibles perqu\u00e8 l&#8217;alumnat<br \/>\nprogressi amb garanties d&#8217;\u00e8xit en el seu itinerari educatiu i afronti els principals reptes i desafiaments globals i<br \/>\nlocals. Aquestes compet\u00e8ncies s\u00f3n l&#8217;adaptaci\u00f3 de les compet\u00e8ncies clau establertes a la Recomanaci\u00f3 del<br \/>\nConsell de la Uni\u00f3 Europea de 22 de maig de 2018 relativa a les compet\u00e8ncies clau per a l&#8217;aprenentatge<br \/>\npermanent.<\/p>\n<p><a href=\"https:\/\/portaldogc.gencat.cat\/utilsEADOP\/PDF\/8762\/1928585.pdf#page=9\"><strong>DECRET 175\/2022, de 27 de setembre, d&#8217;ordenaci\u00f3 dels ensenyaments de l&#8217;educaci\u00f3 b\u00e0sica<\/strong><\/a><\/p><\/blockquote>\n<p>Els \u00e0mbits s\u00f3n organitzacions did\u00e0ctiques que es constitueixen agrupant les \u00e0rees o mat\u00e8ries que es considerin per a la seva impartici\u00f3 integrada.<\/p>\n<p>Les compet\u00e8ncies i els sabers associats es mobilitzaran treballant de forma interdisciplin\u00e0ria.<\/p>\n<h3>Els recursos proposats volen ajudar a treballar de forma m\u00e9s competencial\u00a0 les seg\u00fcents compet\u00e8ncies:<\/h3>\n<p><strong>Tercera. Compet\u00e8ncia matem\u00e0tica i compet\u00e8ncia en ci\u00e8ncia, tecnologia i enginyeria<\/strong><\/p>\n<p><strong>Vuitena. Compet\u00e8ncia en consci\u00e8ncia i expressi\u00f3 culturals<\/strong><\/p>\n","protected":false},"excerpt":{"rendered":"<p>Les compet\u00e8ncies clau, que s\u00f3n els assoliments que es consideren imprescindibles perqu\u00e8 l&#8217;alumnat progressi amb garanties d&#8217;\u00e8xit en el seu itinerari educatiu i afronti els principals reptes i desafiaments globals i locals. Aquestes compet\u00e8ncies s\u00f3n l&#8217;adaptaci\u00f3 de les compet\u00e8ncies clau establertes a la Recomanaci\u00f3 del Consell de la Uni\u00f3 Europea de 22 de maig de [&hellip;]<\/p>\n","protected":false},"author":122,"featured_media":0,"parent":13460,"menu_order":2,"comment_status":"closed","ping_status":"closed","template":"page-templates\/side-menu.php","meta":{"_bbp_topic_count":0,"_bbp_reply_count":0,"_bbp_total_topic_count":0,"_bbp_total_reply_count":0,"_bbp_voice_count":0,"_bbp_anonymous_reply_count":0,"_bbp_topic_count_hidden":0,"_bbp_reply_count_hidden":0,"_bbp_forum_subforum_count":0,"site-sidebar-layout":"default","site-content-layout":"","ast-site-content-layout":"","site-content-style":"default","site-sidebar-style":"default","ast-global-header-display":"","ast-banner-title-visibility":"","ast-main-header-display":"","ast-hfb-above-header-display":"","ast-hfb-below-header-display":"","ast-hfb-mobile-header-display":"","site-post-title":"","ast-breadcrumbs-content":"","ast-featured-img":"","footer-sml-layout":"","theme-transparent-header-meta":"","adv-header-id-meta":"","stick-header-meta":"","header-above-stick-meta":"","header-main-stick-meta":"","header-below-stick-meta":"","astra-migrate-meta-layouts":"default","ast-page-background-enabled":"default","ast-page-background-meta":{"desktop":{"background-color":"var(--ast-global-color-4)","background-image":"","background-repeat":"repeat","background-position":"center center","background-size":"auto","background-attachment":"scroll","background-type":"","background-media":"","overlay-type":"","overlay-color":"","overlay-opacity":"","overlay-gradient":""},"tablet":{"background-color":"","background-image":"","background-repeat":"repeat","background-position":"center center","background-size":"auto","background-attachment":"scroll","background-type":"","background-media":"","overlay-type":"","overlay-color":"","overlay-opacity":"","overlay-gradient":""},"mobile":{"background-color":"","background-image":"","background-repeat":"repeat","background-position":"center center","background-size":"auto","background-attachment":"scroll","background-type":"","background-media":"","overlay-type":"","overlay-color":"","overlay-opacity":"","overlay-gradient":""}},"ast-content-background-meta":{"desktop":{"background-color":"var(--ast-global-color-5)","background-image":"","background-repeat":"repeat","background-position":"center center","background-size":"auto","background-attachment":"scroll","background-type":"","background-media":"","overlay-type":"","overlay-color":"","overlay-opacity":"","overlay-gradient":""},"tablet":{"background-color":"var(--ast-global-color-5)","background-image":"","background-repeat":"repeat","background-position":"center center","background-size":"auto","background-attachment":"scroll","background-type":"","background-media":"","overlay-type":"","overlay-color":"","overlay-opacity":"","overlay-gradient":""},"mobile":{"background-color":"var(--ast-global-color-5)","background-image":"","background-repeat":"repeat","background-position":"center center","background-size":"auto","background-attachment":"scroll","background-type":"","background-media":"","overlay-type":"","overlay-color":"","overlay-opacity":"","overlay-gradient":""}},"footnotes":""},"class_list":["post-14121","page","type-page","status-publish","hentry"],"post_mailing_queue_ids":[],"_links":{"self":[{"href":"https:\/\/serveiseducatius.xtec.cat\/baixcamp\/wp-json\/wp\/v2\/pages\/14121","targetHints":{"allow":["GET"]}}],"collection":[{"href":"https:\/\/serveiseducatius.xtec.cat\/baixcamp\/wp-json\/wp\/v2\/pages"}],"about":[{"href":"https:\/\/serveiseducatius.xtec.cat\/baixcamp\/wp-json\/wp\/v2\/types\/page"}],"author":[{"embeddable":true,"href":"https:\/\/serveiseducatius.xtec.cat\/baixcamp\/wp-json\/wp\/v2\/users\/122"}],"replies":[{"embeddable":true,"href":"https:\/\/serveiseducatius.xtec.cat\/baixcamp\/wp-json\/wp\/v2\/comments?post=14121"}],"version-history":[{"count":2,"href":"https:\/\/serveiseducatius.xtec.cat\/baixcamp\/wp-json\/wp\/v2\/pages\/14121\/revisions"}],"predecessor-version":[{"id":14123,"href":"https:\/\/serveiseducatius.xtec.cat\/baixcamp\/wp-json\/wp\/v2\/pages\/14121\/revisions\/14123"}],"up":[{"embeddable":true,"href":"https:\/\/serveiseducatius.xtec.cat\/baixcamp\/wp-json\/wp\/v2\/pages\/13460"}],"wp:attachment":[{"href":"https:\/\/serveiseducatius.xtec.cat\/baixcamp\/wp-json\/wp\/v2\/media?parent=14121"}],"curies":[{"name":"wp","href":"https:\/\/api.w.org\/{rel}","templated":true}]}}