{"id":14046,"date":"2022-10-05T13:38:06","date_gmt":"2022-10-05T11:38:06","guid":{"rendered":"https:\/\/serveiseducatius.xtec.cat\/baixcamp\/?page_id=14046"},"modified":"2025-01-30T11:40:30","modified_gmt":"2025-01-30T10:40:30","slug":"la-maleta-del-dol","status":"publish","type":"page","link":"https:\/\/serveiseducatius.xtec.cat\/baixcamp\/recursos-2\/ambit-linguistic\/la-maleta-del-dol\/","title":{"rendered":"La Maleta del DOL"},"content":{"rendered":"\n<p><strong>CODI:&nbsp;<\/strong>R509<br><strong>A qui s\u2019adre\u00e7a:<\/strong><br>Educaci\u00f3 Infantil i Prim\u00e0ria <\/p>\n\n\n\n<p>Si volem&nbsp;<strong>educar els infants de manera integral<\/strong>, no podem evitar parlar de la&nbsp;<strong>mort i el dol<\/strong>, ja que formen part de la vida.<\/p>\n\n\n\n<p>En general, als nens no els agraden els canvis. Les rutines els donen tranquil\u00b7litat i els garanteixen l&#8217;equilibri que necessiten. Tenint aix\u00f2 present, \u00e9s comprensible fins a quin punt els pot afectar una p\u00e8rdua. El dol \u00e9s un proc\u00e9s natural d&#8217;adaptaci\u00f3 a aquesta, al trencament d&#8217;un vincle.<\/p>\n\n\n\n<blockquote class=\"wp-block-quote is-layout-flow wp-block-quote-is-layout-flow\">\n<p>&#8220;Tots els infants i joves han de tenir la possibilitat de tenir una visi\u00f3 ampla del m\u00f3n i sabem que la lectura ens la pot proporcionar. No hi ha tema en el m\u00f3n real que no es toqui des dels llibres i tant de bo tots els infants poguessin tenir referents literaris que els permetin avan\u00e7ar-se a la realitat i poder estar a la pell d\u2019un personatge que hagi patit una p\u00e8rdua, que hagi reflexionat entorn la mort, o que hagi viscut el garbuix d\u2019emocions i sentiments que pot significar.&#8221;<\/p>\n<cite>Grup de mestres Rosa Sensat<\/cite><\/blockquote>\n\n\n\n<p>Per aquest motiu us proposem una selecci\u00f3 de llibres que ens permetin llegir, pensar i parlar de la p\u00e8rdua.<\/p>\n\n\n\n<div style=\"height:21px\" aria-hidden=\"true\" class=\"wp-block-spacer\"><\/div>\n\n\n\n<div class=\"wp-block-media-text is-stacked-on-mobile is-image-fill\" style=\"grid-template-columns:15% auto\"><figure class=\"wp-block-media-text__media\" style=\"background-image:url(https:\/\/serveiseducatius.xtec.cat\/baixcamp\/wp-content\/uploads\/usu950\/2022\/10\/dol-200x600.png);background-position:50% 50%\"><img loading=\"lazy\" decoding=\"async\" width=\"200\" height=\"600\" src=\"https:\/\/serveiseducatius.xtec.cat\/baixcamp\/wp-content\/uploads\/usu950\/2022\/10\/dol-200x600.png\" alt=\"\" class=\"wp-image-14050 size-full\" srcset=\"https:\/\/serveiseducatius.xtec.cat\/baixcamp\/wp-content\/uploads\/usu950\/2022\/10\/dol-200x600.png 200w, https:\/\/serveiseducatius.xtec.cat\/baixcamp\/wp-content\/uploads\/usu950\/2022\/10\/dol-100x300.png 100w, https:\/\/serveiseducatius.xtec.cat\/baixcamp\/wp-content\/uploads\/usu950\/2022\/10\/dol-512x1536.png 512w, https:\/\/serveiseducatius.xtec.cat\/baixcamp\/wp-content\/uploads\/usu950\/2022\/10\/dol.png 600w\" sizes=\"auto, (max-width: 200px) 100vw, 200px\" \/><\/figure><div class=\"wp-block-media-text__content\">\n<div class=\"wp-block-columns is-layout-flex wp-container-core-columns-is-layout-1 wp-block-columns-is-layout-flex\">\n<div class=\"wp-block-column is-layout-flow wp-block-column-is-layout-flow\" style=\"flex-basis:40%\">\n<div class=\"wp-block-buttons is-content-justification-center is-layout-flex wp-container-core-buttons-is-layout-1 wp-block-buttons-is-layout-flex\">\n<div class=\"wp-block-button\"><a class=\"wp-block-button__link has-white-color has-cyan-bluish-gray-background-color has-text-color has-background has-link-color wp-element-button\" href=\"https:\/\/serveiseducatius.xtec.cat\/baixcamp\/recursos-2\/ambit-linguistic\/la-maleta-del-dol\/llibres-per-parlar-del-dol-a-leducacio-infantil-i-cicle-inicial\/\">e. infantil i cicle inicial<\/a><\/div>\n<\/div>\n<\/div>\n\n\n\n<div class=\"wp-block-column is-layout-flow wp-block-column-is-layout-flow\" style=\"flex-basis:40%\">\n<div class=\"wp-block-buttons is-content-justification-center is-layout-flex wp-container-core-buttons-is-layout-2 wp-block-buttons-is-layout-flex\">\n<div class=\"wp-block-button\"><a class=\"wp-block-button__link has-white-color has-cyan-bluish-gray-background-color has-text-color has-background has-link-color wp-element-button\" href=\"https:\/\/serveiseducatius.xtec.cat\/baixcamp\/recursos-2\/ambit-linguistic\/la-maleta-del-dol\/llibres-per-parlar-del-dol-al-cicle-mitja-i-el-cicle-superior\/\">cicle mitj\u00e0 i cicle superior<\/a><\/div>\n<\/div>\n<\/div>\n<\/div>\n<\/div><\/div>\n\n\n\n<div style=\"height:18px\" aria-hidden=\"true\" class=\"wp-block-spacer\"><\/div>\n\n\n\n<p>Al llarg de la vida es viuen moltes p\u00e8rdues, algunes d\u2019evolutives com la de la&nbsp;infantesa o l\u2019adolesc\u00e8ncia i d\u2019altres sobrevingudes. En el cas dels fills, poden viure processos de dol per situacions com la separaci\u00f3 dels pares, un canvi d\u2019escola, el trencament d\u2019una amistat, la mort d\u2019un familiar, etc.<\/p>\n\n\n\n<p>Podeu aprofitar contes, llibres, pel\u00b7l\u00edcules en qu\u00e8 aparegui el tema, o tamb\u00e9 altres situacions m\u00e9s properes com la mort d\u2019una mascota.<\/p>\n\n\n\n<p>Cal normalitzar aquestes viv\u00e8ncies dins de l\u2019aula per tal d\u2019acompanyar a infants i joves en aquest proc\u00e9s. L\u2019escola ha de ser capa\u00e7 de trencar els mites i les&nbsp;<a href=\"https:\/\/educacio.gencat.cat\/ca\/arees-actuacio\/families\/ajudem-fills\/dol\/idees-falses\/\" target=\"_blank\" rel=\"noreferrer noopener\">idees falses<\/a>&nbsp;que es generen quan l\u2019alumnat est\u00e0 immers dins d\u2019una d\u2019aquestes situacions.<\/p>\n\n\n\n<div style=\"height:18px\" aria-hidden=\"true\" class=\"wp-block-spacer\"><\/div>\n\n\n\n<div class=\"wp-block-columns is-layout-flex wp-container-core-columns-is-layout-2 wp-block-columns-is-layout-flex\">\n<div class=\"wp-block-column is-layout-flow wp-block-column-is-layout-flow\" style=\"flex-basis:40%\">\n<p><iframe loading=\"lazy\" style=\"border: 0;\" src=\"https:\/\/calendar.google.com\/calendar\/embed?src=c_5c5e9b39fccf5711d1a487e6b8d78c7f08a7ada46017ec61b2b632f71b49ef9f%40group.calendar.google.com&amp;ctz=Europe%2FParis\" width=\"100%\" height=\"400px\" frameborder=\"0\" scrolling=\"no\"><\/iframe><\/p>\n<\/div>\n\n\n\n<div class=\"wp-block-column is-vertically-aligned-center is-layout-flow wp-block-column-is-layout-flow\" style=\"flex-basis:20%\">\n<figure class=\"wp-block-image aligncenter is-resized\"><a href=\"https:\/\/docs.google.com\/forms\/d\/e\/1FAIpQLSd6Li4i2WDM0wj2PjB5omH_NZok7y76ycMcOZUluZJUpbUwsw\/viewform?usp=sf_link\"><img decoding=\"async\" src=\"https:\/\/serveiseducatius.xtec.cat\/baixcamp\/wp-content\/uploads\/usu950\/2018\/10\/sol%C2%B7licitud-pr%C3%A9stec.png\" alt=\"\" style=\"width:151px;height:auto\"\/><\/a><\/figure>\n<\/div>\n\n\n\n<div class=\"wp-block-column is-layout-flow wp-block-column-is-layout-flow\" style=\"flex-basis:30%\">\n<p><strong>Condicions del pr\u00e9stec<\/strong><\/p>\n\n\n\n<p>Durada: 2 setmanes aproximadament<\/p>\n\n\n\n<p>Per altres per\u00edodes de pr\u00e9stec, consulteu a&nbsp;<a href=\"mailto:e3990102@xtec.cat\">e3990102@xtec.cat<\/a><\/p>\n\n\n\n<p><strong>Recollida i retorn del pr\u00e9stec:<\/strong>&nbsp;de dilluns a divendres d\u201911:00h a 14:00h i de 16:00h a 18:00h<\/p>\n\n\n\n<p><strong>Normes d\u2019\u00fas:<\/strong><\/p>\n\n\n\n<p>\u00c9s responsabilitat de l\u2019usuari assegurar-se del contingut material i bon estat dels llibres de la maleta a l\u2019inici de la reserva.<br>Qualsevol p\u00e8rdua o desperfecte del material ser\u00e0 responsabilitat del centre educatiu, que haur\u00e0 de reposar-ho.<br>Cal comunicar qualsevol incid\u00e8ncia que es produeixi durant el seu \u00fas.<\/p>\n<\/div>\n<\/div>\n\n\n\n<h2 class=\"wp-block-heading\">Per saber-ne m\u00e9s&#8230;<\/h2>\n\n\n\n<ul class=\"wp-block-list\">\n<li>Podeu consultar la informaci\u00f3 que el&nbsp;<a href=\"https:\/\/educacio.gencat.cat\/ca\/arees-actuacio\/families\/ajudem-fills\/dol\/recursos-eines\/\" target=\"_blank\" rel=\"noreferrer noopener\">Departament d\u2019Educaci\u00f3<\/a>&nbsp;posa a disposici\u00f3 de mestres i fam\u00edlies.<\/li>\n\n\n\n<li><a href=\"https:\/\/fundacionlacaixa.org\/documents\/10280\/1482003\/guia-dacompanyament-en-el-dol.pdf\" target=\"_blank\" rel=\"noreferrer noopener\">Guia d\u2019acompanyament del dol<\/a><\/li>\n\n\n\n<li>Video Rosa Sensat:&nbsp;<a href=\"https:\/\/www.rosasensat.org\/video-xusa-serra-salut-emocional-dinfants-i-joves-en-la-mort-i-el-dol-comprendre-acompanyar-i-compartir-moments-que-no-sobliden\/\" target=\"_blank\" rel=\"noreferrer noopener\">Xusa Serra: Salut emocional d\u2019infants i joves en la mort i el dol.<\/a><\/li>\n<\/ul>\n\n\n\n<div class=\"wp-block-media-text is-stacked-on-mobile\" style=\"grid-template-columns:29% auto\"><figure class=\"wp-block-media-text__media\"><img loading=\"lazy\" decoding=\"async\" width=\"429\" height=\"600\" src=\"https:\/\/serveiseducatius.xtec.cat\/baixcamp\/wp-content\/uploads\/usu950\/2024\/01\/centre-eduactiu-dol-429x600.jpg\" alt=\"\" class=\"wp-image-14867 size-full\" srcset=\"https:\/\/serveiseducatius.xtec.cat\/baixcamp\/wp-content\/uploads\/usu950\/2024\/01\/centre-eduactiu-dol-429x600.jpg 429w, https:\/\/serveiseducatius.xtec.cat\/baixcamp\/wp-content\/uploads\/usu950\/2024\/01\/centre-eduactiu-dol-214x300.jpg 214w, https:\/\/serveiseducatius.xtec.cat\/baixcamp\/wp-content\/uploads\/usu950\/2024\/01\/centre-eduactiu-dol-768x1075.jpg 768w, https:\/\/serveiseducatius.xtec.cat\/baixcamp\/wp-content\/uploads\/usu950\/2024\/01\/centre-eduactiu-dol.jpg 1000w\" sizes=\"auto, (max-width: 429px) 100vw, 429px\" \/><\/figure><div class=\"wp-block-media-text__content\">\n<p>Com &#8220;viure&#8221; la mort quan toca a les portes d&#8217;un centre educatiu? Aquesta publicaci\u00f3 \u00e9s una guia per al professorat, equips directius i altres professionals que treballen amb infants i adolescents<\/p>\n\n\n\n<p>Amb aquesta guia que podeu demanar en pr\u00e9stec a la <a href=\"https:\/\/serveiseducatius.xtec.cat\/baixcamp\/recursos-2\/ambit-linguistic\/biblioteca-docent\/\">Biblioteca docent<\/a> del CRP del Baix Camp, hi trobareu orientacions sobre com afrontar la mort i altres p\u00e8rdues significatives amb el vostre alumnat a trav\u00e9s d&#8217;experi\u00e8ncies.<\/p>\n\n\n\n<p>El llibre pret\u00e9n ser un complement m\u00e9s a les lectures proposades dins d&#8217;aquesta maleta.<\/p>\n<\/div><\/div>\n","protected":false},"excerpt":{"rendered":"<p>CODI:&nbsp;R509A qui s\u2019adre\u00e7a:Educaci\u00f3 Infantil i Prim\u00e0ria Si volem&nbsp;educar els infants de manera integral, no podem evitar parlar de la&nbsp;mort i el dol, ja que formen part de la vida. En general, als nens no els agraden els canvis. Les rutines els donen tranquil\u00b7litat i els garanteixen l&#8217;equilibri que necessiten. Tenint aix\u00f2 present, \u00e9s comprensible fins [&hellip;]<\/p>\n","protected":false},"author":122,"featured_media":0,"parent":14126,"menu_order":1,"comment_status":"closed","ping_status":"closed","template":"page-templates\/side-menu.php","meta":{"_bbp_topic_count":0,"_bbp_reply_count":0,"_bbp_total_topic_count":0,"_bbp_total_reply_count":0,"_bbp_voice_count":0,"_bbp_anonymous_reply_count":0,"_bbp_topic_count_hidden":0,"_bbp_reply_count_hidden":0,"_bbp_forum_subforum_count":0,"site-sidebar-layout":"default","site-content-layout":"","ast-site-content-layout":"","site-content-style":"default","site-sidebar-style":"default","ast-global-header-display":"","ast-banner-title-visibility":"","ast-main-header-display":"","ast-hfb-above-header-display":"","ast-hfb-below-header-display":"","ast-hfb-mobile-header-display":"","site-post-title":"","ast-breadcrumbs-content":"","ast-featured-img":"","footer-sml-layout":"","theme-transparent-header-meta":"","adv-header-id-meta":"","stick-header-meta":"","header-above-stick-meta":"","header-main-stick-meta":"","header-below-stick-meta":"","astra-migrate-meta-layouts":"default","ast-page-background-enabled":"default","ast-page-background-meta":{"desktop":{"background-color":"var(--ast-global-color-4)","background-image":"","background-repeat":"repeat","background-position":"center center","background-size":"auto","background-attachment":"scroll","background-type":"","background-media":"","overlay-type":"","overlay-color":"","overlay-opacity":"","overlay-gradient":""},"tablet":{"background-color":"","background-image":"","background-repeat":"repeat","background-position":"center center","background-size":"auto","background-attachment":"scroll","background-type":"","background-media":"","overlay-type":"","overlay-color":"","overlay-opacity":"","overlay-gradient":""},"mobile":{"background-color":"","background-image":"","background-repeat":"repeat","background-position":"center center","background-size":"auto","background-attachment":"scroll","background-type":"","background-media":"","overlay-type":"","overlay-color":"","overlay-opacity":"","overlay-gradient":""}},"ast-content-background-meta":{"desktop":{"background-color":"var(--ast-global-color-5)","background-image":"","background-repeat":"repeat","background-position":"center center","background-size":"auto","background-attachment":"scroll","background-type":"","background-media":"","overlay-type":"","overlay-color":"","overlay-opacity":"","overlay-gradient":""},"tablet":{"background-color":"var(--ast-global-color-5)","background-image":"","background-repeat":"repeat","background-position":"center center","background-size":"auto","background-attachment":"scroll","background-type":"","background-media":"","overlay-type":"","overlay-color":"","overlay-opacity":"","overlay-gradient":""},"mobile":{"background-color":"var(--ast-global-color-5)","background-image":"","background-repeat":"repeat","background-position":"center center","background-size":"auto","background-attachment":"scroll","background-type":"","background-media":"","overlay-type":"","overlay-color":"","overlay-opacity":"","overlay-gradient":""}},"footnotes":""},"class_list":["post-14046","page","type-page","status-publish","hentry"],"post_mailing_queue_ids":[],"_links":{"self":[{"href":"https:\/\/serveiseducatius.xtec.cat\/baixcamp\/wp-json\/wp\/v2\/pages\/14046","targetHints":{"allow":["GET"]}}],"collection":[{"href":"https:\/\/serveiseducatius.xtec.cat\/baixcamp\/wp-json\/wp\/v2\/pages"}],"about":[{"href":"https:\/\/serveiseducatius.xtec.cat\/baixcamp\/wp-json\/wp\/v2\/types\/page"}],"author":[{"embeddable":true,"href":"https:\/\/serveiseducatius.xtec.cat\/baixcamp\/wp-json\/wp\/v2\/users\/122"}],"replies":[{"embeddable":true,"href":"https:\/\/serveiseducatius.xtec.cat\/baixcamp\/wp-json\/wp\/v2\/comments?post=14046"}],"version-history":[{"count":5,"href":"https:\/\/serveiseducatius.xtec.cat\/baixcamp\/wp-json\/wp\/v2\/pages\/14046\/revisions"}],"predecessor-version":[{"id":15647,"href":"https:\/\/serveiseducatius.xtec.cat\/baixcamp\/wp-json\/wp\/v2\/pages\/14046\/revisions\/15647"}],"up":[{"embeddable":true,"href":"https:\/\/serveiseducatius.xtec.cat\/baixcamp\/wp-json\/wp\/v2\/pages\/14126"}],"wp:attachment":[{"href":"https:\/\/serveiseducatius.xtec.cat\/baixcamp\/wp-json\/wp\/v2\/media?parent=14046"}],"curies":[{"name":"wp","href":"https:\/\/api.w.org\/{rel}","templated":true}]}}