{"id":13902,"date":"2022-06-14T14:17:12","date_gmt":"2022-06-14T12:17:12","guid":{"rendered":"https:\/\/serveiseducatius.xtec.cat\/baixcamp\/?page_id=13902"},"modified":"2025-12-04T13:48:59","modified_gmt":"2025-12-04T12:48:59","slug":"maleta-de-la-pau","status":"publish","type":"page","link":"https:\/\/serveiseducatius.xtec.cat\/baixcamp\/recursos-2\/ambit-linguistic\/maleta-de-la-pau\/","title":{"rendered":"Maleta de la Pau"},"content":{"rendered":"<p>El\u00a0<b>Dia Escolar de la No-viol\u00e8ncia i la Pau<\/b>\u00a0<sup id=\"cite_ref-1\" class=\"reference\"><\/sup>(o el seu acr\u00f2nim\u00a0<b>DENIP<\/b>), conegut tamb\u00e9 com a\u00a0<b>Dia Mundial o Internacional de la No-viol\u00e8ncia i la Pau<\/b>, fou fundat l&#8217;any\u00a01964\u00a0pel\u00a0poeta\u00a0i\u00a0educador\u00a0mallorqu\u00ed\u00a0Lloren\u00e7 Vidal Vidal, i \u00e9s una iniciativa d&#8217;Educaci\u00f3 No-violenta i Pacificadora, difosa internacionalment.<sup id=\"cite_ref-2\" class=\"reference\"><\/sup><\/p>\n<p>Se celebra a escoles de tot el m\u00f3n el dia <strong>30 de gener <\/strong>(dia que tamb\u00e9 commemora l&#8217;aniversari de la mort de <a class=\"mw-redirect\" title=\"Mohandas Karamchand\" href=\"https:\/\/ca.wikipedia.org\/wiki\/Mohandas_Karamchand\" target=\"_blank\" rel=\"noopener\">Mahatma Gandhi<\/a>). Des del Departament podeu consultar els actes i celebracions escolars al seg\u00fcent<\/p>\n<h2><a href=\"https:\/\/xtec.gencat.cat\/ca\/centres\/celebracions\/\" target=\"_blank\" rel=\"noopener\">calendari<\/a><\/h2>\n<p><img loading=\"lazy\" decoding=\"async\" class=\"alignleft\" src=\"https:\/\/encrypted-tbn0.gstatic.com\/images?q=tbn:ANd9GcRNpjm3MN6ATk_koCDbGFWqrnmL5C96HaR33w&amp;usqp=CAU\" width=\"440\" height=\"220\" \/><\/p>\n<h2>Pau, Just\u00edcia i Institucions S\u00f2lides, els ODS i la seva vinculaci\u00f3 al nou curr\u00edculum.<\/h2>\n<p>L\u2019Agenda 2030 \u00e9s el nou full de ruta global per avan\u00e7ar vers el desenvolupament sostenible. Aprovada per Nacions Unides el 2015, inclou 17 Objectius de Desenvolupament Sostenible (ODS) a assolir el 2030.\u00a0Els ODS cobreixen la dimensi\u00f3 social, econ\u00f2mica i ambiental de la sostenibilitat i aborden cinc grans \u00e0mbits: planeta, persones, prosperitat, pau i aliances.<\/p>\n<h5>Objectiu 16. Promoure societats pac\u00edfiques i inclusives per tal d\u2019aconseguir un desenvolupament sostenible, proporcionar acc\u00e9s a la just\u00edcia per a totes les persones i desenvolupar institucions eficaces, responsables i inclusives a tots els nivells<\/h5>\n<p><img loading=\"lazy\" decoding=\"async\" class=\"img-responsive pull-left alignleft\" src=\"https:\/\/www.diba.cat\/documents\/167993676\/170794330\/16.jpg\/d35fd5f1-5da5-43ed-a2d5-17273cb902d1?t=1519913487195\" alt=\"Pau, just\u00edcia i institucions s\u00f2lides\" width=\"282\" height=\"282\" \/><\/p>\n<p>L\u2019ODS 16 remarca que el benestar de les persones, la prosperitat de les societats, l\u2019equitat de la ciutadania i el desenvolupament sostenible nom\u00e9s es poden assolir en un marc de pau i de respecte als drets fonamentals. Una fita clau \u00e9s reduir la incid\u00e8ncia dels delictes i dels actes violents de qualsevol tipus, erradicant completament els que afectin els infants. Aix\u00f2 passa per intensificar la lluita contra el crim, especialment el terrorisme i la delinq\u00fc\u00e8ncia organitzada que trafica amb armes, diners i persones.<\/p>\n<p>Aquest ODS tamb\u00e9 ens diu que s\u2019ha d\u2019aprofundir en l\u2019enfortiment de les institucions p\u00fabliques: han de ser eficaces, responsables i transparents, plenament compromeses amb la lluita contra la corrupci\u00f3 i afavoridores d\u2019una democr\u00e0cia inclusiva, participativa i representativa. Aquestes institucions han de protegir les llibertats fonamentals i garantir un acc\u00e9s universal a la just\u00edcia, en condicions d\u2019igualtat.<\/p>\n<h2>Recursos<\/h2>\n<p>Per aquest motiu, des del CRP us volem oferir el recurs de:<\/p>\n<h3 style=\"text-align: center;\"><a href=\"https:\/\/docs.google.com\/document\/d\/1rA4ijkkCKrk6WWZ34SAJnYMROXBVm-Q3\/edit?usp=sharing&amp;ouid=112247057627214544002&amp;rtpof=true&amp;sd=true\" target=\"_blank\" rel=\"noopener\">Consulteu els llibres de la maleta aqu\u00ed \u2192La Maleta de la Pau.<\/a><\/h3>\n<p>Aquest recurs \u00e9s un conjunt de lectures amb les quals tractar el conflicte, un fet tan quotidi\u00e0 a la vida de les persones i que es pot presentar en diferents contextos, i que molt sovint \u00e9s tan dif\u00edcil d\u2019abordar des d\u2019una perspectiva emocional i\/o racional.<\/p>\n<p><img loading=\"lazy\" decoding=\"async\" class=\" wp-image-13917 aligncenter\" src=\"https:\/\/serveiseducatius.xtec.cat\/baixcamp\/wp-content\/uploads\/usu950\/2022\/06\/maleta-pau-600x510.jpg\" alt=\"\" width=\"487\" height=\"414\" srcset=\"https:\/\/serveiseducatius.xtec.cat\/baixcamp\/wp-content\/uploads\/usu950\/2022\/06\/maleta-pau-600x510.jpg 600w, https:\/\/serveiseducatius.xtec.cat\/baixcamp\/wp-content\/uploads\/usu950\/2022\/06\/maleta-pau-300x255.jpg 300w, https:\/\/serveiseducatius.xtec.cat\/baixcamp\/wp-content\/uploads\/usu950\/2022\/06\/maleta-pau-768x653.jpg 768w, https:\/\/serveiseducatius.xtec.cat\/baixcamp\/wp-content\/uploads\/usu950\/2022\/06\/maleta-pau.jpg 1024w\" sizes=\"auto, (max-width: 487px) 100vw, 487px\" \/><\/p>\n<p>A trav\u00e9s d&#8217;aquestes propostes, pretenem facilitar eines per la resoluci\u00f3 assertiva dels problemes i de noves estrat\u00e8gies on les emocions i els sentiments positius cap als altres tinguin cabuda.<\/p>\n<table style=\"width: 100.435%;\">\n<tbody>\n<tr>\n<td style=\"width: 44.8331%;\"><iframe loading=\"lazy\" style=\"border: 0;\" src=\"https:\/\/calendar.google.com\/calendar\/embed?src=c_5c5e9b39fccf5711d1a487e6b8d78c7f08a7ada46017ec61b2b632f71b49ef9f%40group.calendar.google.com&amp;ctz=Europe%2FParis\" width=\"600\" height=\"400\" frameborder=\"0\" scrolling=\"no\"><\/iframe><\/td>\n<td style=\"width: 13.6859%;\"><a href=\"https:\/\/docs.google.com\/forms\/d\/e\/1FAIpQLSckYLYpzM5o19EYQ0MJmst5VxuQwTGPLRGwT_wCHJt0qIgDrA\/viewform?usp=sf_link\"><img loading=\"lazy\" decoding=\"async\" class=\"aligncenter\" src=\"https:\/\/serveiseducatius.xtec.cat\/baixcamp\/wp-content\/uploads\/usu950\/2018\/10\/sol%C2%B7licitud-pr%C3%A9stec.png\" alt=\"\" width=\"157\" height=\"77\" \/><\/a><\/td>\n<td style=\"width: 41.0407%;\"><strong>Condicions del pr\u00e9stec<\/strong>Durada: 2 setmanes aproximadament<\/p>\n<div class=\"entry-content\">\n<div class=\"entry-content\">\n<p>Per altres per\u00edodes de pr\u00e9stec, consulteu a\u00a0<a href=\"mailto:e3990102@xtec.cat\">e3990102@xtec.cat<\/a><\/p>\n<p><strong>Recollida i retorn del pr\u00e9stec:<\/strong>\u00a0de dilluns a divendres d\u201911:00h a 14:00h i de 16:00h a 18:00h<\/p>\n<p><strong>Normes d\u2019\u00fas:<\/strong><\/p>\n<p>\u00c9s responsabilitat de l\u2019usuari assegurar-se del contingut material i bon estat dels llibres de la maleta a l\u2019inici de la reserva.<br \/>\nQualsevol p\u00e8rdua o desperfecte del material ser\u00e0 responsabilitat del centre educatiu, que haur\u00e0 de reposar-ho.<br \/>\nCal comunicar qualsevol incid\u00e8ncia que es produeixi durant el seu \u00fas.<\/p>\n<\/div>\n<\/div>\n<\/td>\n<\/tr>\n<\/tbody>\n<\/table>\n<h4><\/h4>\n<h4>M\u00e9s propostes did\u00e0ctiques per treballar el dia Escolar de la No-viol\u00e8ncia i la Pau:<\/h4>\n<ul>\n<li>Proposta UNICEF\u00a0<a href=\"https:\/\/www.unicef.es\/cat\/educa\/trols\" target=\"_blank\" rel=\"noopener\">https:\/\/www.unicef.es\/cat\/educa\/trols<\/a><\/li>\n<li>Proposta Campanya DENIP\u00a0<a href=\"https:\/\/denip.cat\/activitats2022\/\" target=\"_blank\" rel=\"noopener\">https:\/\/denip.cat\/activitats2022\/<\/a><\/li>\n<li>Cultura de la pau <a href=\"https:\/\/xtec.gencat.cat\/ca\/recursos\/culturavalors\/dimensio-interpersonal\/cultura-de-la-pau\/\" target=\"_blank\" rel=\"noopener\">https:\/\/xtec.gencat.cat\/ca\/recursos\/culturavalors\/dimensio-interpersonal\/cultura-de-la-pau\/<\/a><\/li>\n<li>Descarrega\u00a0<a href=\"https:\/\/www.diba.cat\/documents\/167993676\/345154369\/Els+OD+al+mo%E2%95%A0%C3%BCn+local_16_ACORDIO%E2%95%A0%C3%BC_WEB.pdf\/ec96c6e5-ef70-ca84-6855-e6c724930a9b?t=1607245135301\" target=\"_blank\" rel=\"noopener\">tota la informaci\u00f3 de l&#8217;ODS_16<\/a><strong>\u00a0<\/strong>[format PDF]<\/li>\n<\/ul>\n","protected":false},"excerpt":{"rendered":"<p>El\u00a0Dia Escolar de la No-viol\u00e8ncia i la Pau\u00a0(o el seu acr\u00f2nim\u00a0DENIP), conegut tamb\u00e9 com a\u00a0Dia Mundial o Internacional de la No-viol\u00e8ncia i la Pau, fou fundat l&#8217;any\u00a01964\u00a0pel\u00a0poeta\u00a0i\u00a0educador\u00a0mallorqu\u00ed\u00a0Lloren\u00e7 Vidal Vidal, i \u00e9s una iniciativa d&#8217;Educaci\u00f3 No-violenta i Pacificadora, difosa internacionalment. Se celebra a escoles de tot el m\u00f3n el dia 30 de gener (dia que tamb\u00e9 [&hellip;]<\/p>\n","protected":false},"author":122,"featured_media":0,"parent":14126,"menu_order":3,"comment_status":"closed","ping_status":"closed","template":"page-templates\/side-menu.php","meta":{"_bbp_topic_count":0,"_bbp_reply_count":0,"_bbp_total_topic_count":0,"_bbp_total_reply_count":0,"_bbp_voice_count":0,"_bbp_anonymous_reply_count":0,"_bbp_topic_count_hidden":0,"_bbp_reply_count_hidden":0,"_bbp_forum_subforum_count":0,"site-sidebar-layout":"default","site-content-layout":"","ast-site-content-layout":"default","site-content-style":"default","site-sidebar-style":"default","ast-global-header-display":"","ast-banner-title-visibility":"","ast-main-header-display":"","ast-hfb-above-header-display":"","ast-hfb-below-header-display":"","ast-hfb-mobile-header-display":"","site-post-title":"","ast-breadcrumbs-content":"","ast-featured-img":"","footer-sml-layout":"","theme-transparent-header-meta":"","adv-header-id-meta":"","stick-header-meta":"","header-above-stick-meta":"","header-main-stick-meta":"","header-below-stick-meta":"","astra-migrate-meta-layouts":"set","ast-page-background-enabled":"default","ast-page-background-meta":{"desktop":{"background-color":"var(--ast-global-color-4)","background-image":"","background-repeat":"repeat","background-position":"center center","background-size":"auto","background-attachment":"scroll","background-type":"","background-media":"","overlay-type":"","overlay-color":"","overlay-opacity":"","overlay-gradient":""},"tablet":{"background-color":"","background-image":"","background-repeat":"repeat","background-position":"center center","background-size":"auto","background-attachment":"scroll","background-type":"","background-media":"","overlay-type":"","overlay-color":"","overlay-opacity":"","overlay-gradient":""},"mobile":{"background-color":"","background-image":"","background-repeat":"repeat","background-position":"center center","background-size":"auto","background-attachment":"scroll","background-type":"","background-media":"","overlay-type":"","overlay-color":"","overlay-opacity":"","overlay-gradient":""}},"ast-content-background-meta":{"desktop":{"background-color":"var(--ast-global-color-5)","background-image":"","background-repeat":"repeat","background-position":"center center","background-size":"auto","background-attachment":"scroll","background-type":"","background-media":"","overlay-type":"","overlay-color":"","overlay-opacity":"","overlay-gradient":""},"tablet":{"background-color":"var(--ast-global-color-5)","background-image":"","background-repeat":"repeat","background-position":"center center","background-size":"auto","background-attachment":"scroll","background-type":"","background-media":"","overlay-type":"","overlay-color":"","overlay-opacity":"","overlay-gradient":""},"mobile":{"background-color":"var(--ast-global-color-5)","background-image":"","background-repeat":"repeat","background-position":"center center","background-size":"auto","background-attachment":"scroll","background-type":"","background-media":"","overlay-type":"","overlay-color":"","overlay-opacity":"","overlay-gradient":""}},"footnotes":""},"class_list":["post-13902","page","type-page","status-publish","hentry"],"post_mailing_queue_ids":[],"_links":{"self":[{"href":"https:\/\/serveiseducatius.xtec.cat\/baixcamp\/wp-json\/wp\/v2\/pages\/13902","targetHints":{"allow":["GET"]}}],"collection":[{"href":"https:\/\/serveiseducatius.xtec.cat\/baixcamp\/wp-json\/wp\/v2\/pages"}],"about":[{"href":"https:\/\/serveiseducatius.xtec.cat\/baixcamp\/wp-json\/wp\/v2\/types\/page"}],"author":[{"embeddable":true,"href":"https:\/\/serveiseducatius.xtec.cat\/baixcamp\/wp-json\/wp\/v2\/users\/122"}],"replies":[{"embeddable":true,"href":"https:\/\/serveiseducatius.xtec.cat\/baixcamp\/wp-json\/wp\/v2\/comments?post=13902"}],"version-history":[{"count":6,"href":"https:\/\/serveiseducatius.xtec.cat\/baixcamp\/wp-json\/wp\/v2\/pages\/13902\/revisions"}],"predecessor-version":[{"id":16422,"href":"https:\/\/serveiseducatius.xtec.cat\/baixcamp\/wp-json\/wp\/v2\/pages\/13902\/revisions\/16422"}],"up":[{"embeddable":true,"href":"https:\/\/serveiseducatius.xtec.cat\/baixcamp\/wp-json\/wp\/v2\/pages\/14126"}],"wp:attachment":[{"href":"https:\/\/serveiseducatius.xtec.cat\/baixcamp\/wp-json\/wp\/v2\/media?parent=13902"}],"curies":[{"name":"wp","href":"https:\/\/api.w.org\/{rel}","templated":true}]}}