{"id":13876,"date":"2022-05-27T14:01:34","date_gmt":"2022-05-27T12:01:34","guid":{"rendered":"https:\/\/serveiseducatius.xtec.cat\/baixcamp\/?page_id=13876"},"modified":"2025-02-04T09:24:19","modified_gmt":"2025-02-04T08:24:19","slug":"capsa-pedagogica-passeig-de-la-boca-de-la-mina","status":"publish","type":"page","link":"https:\/\/serveiseducatius.xtec.cat\/baixcamp\/cataleg-servei-prestec\/capsa-pedagogica-passeig-de-la-boca-de-la-mina\/","title":{"rendered":"Capsa Pedag\u00f2gica: Passeig de la Boca de la Mina"},"content":{"rendered":"\n<p><strong>CODI:\u00a0<\/strong>R801<br><strong>A qui s\u2019adre\u00e7a:<\/strong><br>Educaci\u00f3 Infantil (0-6)<\/p>\n\n\n\n<h4 class=\"wp-block-heading\">Descripci\u00f3:<\/h4>\n\n\n\n<p>La capsa pedag\u00f2gica \u201cPasseig de la Boca de la Mina\u201d ha estat creada amb la col\u00b7laboraci\u00f3 de l&#8217;Ajuntament de Reus i Cel Rogent. Aquesta capsa est\u00e0 formada per diversos materials did\u00e0ctics\u00a0dirigits a l\u2019alumnat de primer i segon cicle d\u2019Educaci\u00f3 Infantil.<\/p>\n\n\n\n<div style=\"height:24px\" aria-hidden=\"true\" class=\"wp-block-spacer\"><\/div>\n\n\n\n<div class=\"wp-block-columns is-layout-flex wp-container-core-columns-is-layout-1 wp-block-columns-is-layout-flex\">\n<div class=\"wp-block-column is-layout-flow wp-block-column-is-layout-flow\" style=\"flex-basis:55%\">\n<figure class=\"wp-block-image alignleft is-resized\"><img loading=\"lazy\" decoding=\"async\" width=\"600\" height=\"450\" src=\"https:\/\/serveiseducatius.xtec.cat\/baixcamp\/wp-content\/uploads\/usu950\/2022\/05\/capsa1-600x450.png\" alt=\"\" class=\"wp-image-13881\" style=\"width:606px;height:auto\" srcset=\"https:\/\/serveiseducatius.xtec.cat\/baixcamp\/wp-content\/uploads\/usu950\/2022\/05\/capsa1-600x450.png 600w, https:\/\/serveiseducatius.xtec.cat\/baixcamp\/wp-content\/uploads\/usu950\/2022\/05\/capsa1-300x225.png 300w, https:\/\/serveiseducatius.xtec.cat\/baixcamp\/wp-content\/uploads\/usu950\/2022\/05\/capsa1-768x576.png 768w, https:\/\/serveiseducatius.xtec.cat\/baixcamp\/wp-content\/uploads\/usu950\/2022\/05\/capsa1-200x150.png 200w, https:\/\/serveiseducatius.xtec.cat\/baixcamp\/wp-content\/uploads\/usu950\/2022\/05\/capsa1.png 900w\" sizes=\"auto, (max-width: 600px) 100vw, 600px\" \/><\/figure>\n<\/div>\n\n\n\n<div class=\"wp-block-column is-vertically-aligned-center is-layout-flow wp-block-column-is-layout-flow\" style=\"flex-basis:45%\">\n<p>A l&#8217;interior podreu trobar diferents materials relacionats amb la unitat did\u00e0ctica creada per a infants&nbsp; d&#8217;entre 1 a 6 anys.<\/p>\n\n\n\n<p>Aquests materials estan preparats per portar a terme les activitats que recull la guia&nbsp; did\u00e0ctica i acompanyar la visita al passeig de la Boca de la Mina.<\/p>\n<\/div>\n<\/div>\n\n\n\n<div style=\"height:21px\" aria-hidden=\"true\" class=\"wp-block-spacer\"><\/div>\n\n\n\n<h4 class=\"wp-block-heading\">Contingut:<\/h4>\n\n\n\n<ul class=\"wp-block-list\">\n<li>4 cistells de v\u00edmet<\/li>\n\n\n\n<li>Grapat de garrofes<\/li>\n\n\n\n<li>1 ocell de peluix amb so (mallerenga carbonera)<\/li>\n\n\n\n<li>1 joc de fitxes plastificades del cicle de la granota <\/li>\n\n\n\n<li>1 joc de figures de goma del cicle de la granota<\/li>\n\n\n\n<li>1 sonall de fusta per imitar el so d&#8217;una granota<\/li>\n\n\n\n<li>1 joc de saquets d&#8217;olor amb imatges plastificades<\/li>\n\n\n\n<li>1 joc de cartes plastificades dels arbres i els seus fruits i fulles del passeig<\/li>\n\n\n\n<li>Tr\u00edptic &#8220;Passeig de la Boca de la Mina&#8221; Paisatge viu<\/li>\n\n\n\n<li>Tr\u00edptic &#8220;Passeig de la Boca de la Mina&#8221; Ruta de l&#8217;aigua<\/li>\n\n\n\n<li>Tr\u00edptic &#8220;Passeig de la Boca de la Mina&#8221; Ruta cultural<\/li>\n<\/ul>\n\n\n\n<div style=\"height:33px\" aria-hidden=\"true\" class=\"wp-block-spacer\"><\/div>\n\n\n\n<h4 class=\"wp-block-heading\">Per saber-ne m\u00e9s&#8230;<\/h4>\n\n\n\n<div class=\"wp-block-columns is-layout-flex wp-container-core-columns-is-layout-2 wp-block-columns-is-layout-flex\">\n<div class=\"wp-block-column is-layout-flow wp-block-column-is-layout-flow\" style=\"flex-basis:35%\">\n<figure class=\"wp-block-image aligncenter is-resized\"><img loading=\"lazy\" decoding=\"async\" width=\"600\" height=\"450\" src=\"https:\/\/serveiseducatius.xtec.cat\/baixcamp\/wp-content\/uploads\/usu950\/2022\/05\/capsa2-600x450.png\" alt=\"\" class=\"wp-image-13880\" style=\"width:372px;height:auto\" srcset=\"https:\/\/serveiseducatius.xtec.cat\/baixcamp\/wp-content\/uploads\/usu950\/2022\/05\/capsa2-600x450.png 600w, https:\/\/serveiseducatius.xtec.cat\/baixcamp\/wp-content\/uploads\/usu950\/2022\/05\/capsa2-300x225.png 300w, https:\/\/serveiseducatius.xtec.cat\/baixcamp\/wp-content\/uploads\/usu950\/2022\/05\/capsa2-768x576.png 768w, https:\/\/serveiseducatius.xtec.cat\/baixcamp\/wp-content\/uploads\/usu950\/2022\/05\/capsa2-200x150.png 200w, https:\/\/serveiseducatius.xtec.cat\/baixcamp\/wp-content\/uploads\/usu950\/2022\/05\/capsa2.png 800w\" sizes=\"auto, (max-width: 600px) 100vw, 600px\" \/><\/figure>\n<\/div>\n\n\n\n<div class=\"wp-block-column is-vertically-aligned-center is-layout-flow wp-block-column-is-layout-flow\" style=\"flex-basis:66.66%\">\n<p>La Mallerenga, el personatge que us donar\u00e0 la benvinguda i&nbsp;&nbsp;acompanyar\u00e0 durant la passejada pot viatjar dins d&#8217;un dels cistellets de v\u00edmet.<\/p>\n<\/div>\n<\/div>\n\n\n\n<div class=\"wp-block-columns is-layout-flex wp-container-core-columns-is-layout-3 wp-block-columns-is-layout-flex\">\n<div class=\"wp-block-column is-vertically-aligned-center is-layout-flow wp-block-column-is-layout-flow\" style=\"flex-basis:65%\">\n<p>Les garrofes, com a element introductori als arbres i&nbsp;&nbsp;vegetaci\u00f3 que podem trobar al passeig: plataners, oliveres,&nbsp;&nbsp;garrofer\u2026&nbsp;<\/p>\n<\/div>\n\n\n\n<div class=\"wp-block-column is-layout-flow wp-block-column-is-layout-flow\" style=\"flex-basis:35%\">\n<figure class=\"wp-block-image alignleft is-resized\"><img loading=\"lazy\" decoding=\"async\" width=\"600\" height=\"450\" src=\"https:\/\/serveiseducatius.xtec.cat\/baixcamp\/wp-content\/uploads\/usu950\/2022\/05\/capsa3-600x450.png\" alt=\"\" class=\"wp-image-13879\" style=\"width:344px;height:auto\" srcset=\"https:\/\/serveiseducatius.xtec.cat\/baixcamp\/wp-content\/uploads\/usu950\/2022\/05\/capsa3-600x450.png 600w, https:\/\/serveiseducatius.xtec.cat\/baixcamp\/wp-content\/uploads\/usu950\/2022\/05\/capsa3-300x225.png 300w, https:\/\/serveiseducatius.xtec.cat\/baixcamp\/wp-content\/uploads\/usu950\/2022\/05\/capsa3-768x576.png 768w, https:\/\/serveiseducatius.xtec.cat\/baixcamp\/wp-content\/uploads\/usu950\/2022\/05\/capsa3-200x150.png 200w, https:\/\/serveiseducatius.xtec.cat\/baixcamp\/wp-content\/uploads\/usu950\/2022\/05\/capsa3.png 800w\" sizes=\"auto, (max-width: 600px) 100vw, 600px\" \/><\/figure>\n<\/div>\n<\/div>\n\n\n\n<div class=\"wp-block-columns is-layout-flex wp-container-core-columns-is-layout-4 wp-block-columns-is-layout-flex\">\n<div class=\"wp-block-column is-layout-flow wp-block-column-is-layout-flow\" style=\"flex-basis:35%\">\n<figure class=\"wp-block-image aligncenter\"><img loading=\"lazy\" decoding=\"async\" width=\"600\" height=\"450\" src=\"https:\/\/serveiseducatius.xtec.cat\/baixcamp\/wp-content\/uploads\/usu950\/2022\/05\/capsa5-600x450.png\" alt=\"\" class=\"wp-image-13877\" srcset=\"https:\/\/serveiseducatius.xtec.cat\/baixcamp\/wp-content\/uploads\/usu950\/2022\/05\/capsa5-600x450.png 600w, https:\/\/serveiseducatius.xtec.cat\/baixcamp\/wp-content\/uploads\/usu950\/2022\/05\/capsa5-300x225.png 300w, https:\/\/serveiseducatius.xtec.cat\/baixcamp\/wp-content\/uploads\/usu950\/2022\/05\/capsa5-768x576.png 768w, https:\/\/serveiseducatius.xtec.cat\/baixcamp\/wp-content\/uploads\/usu950\/2022\/05\/capsa5-200x150.png 200w, https:\/\/serveiseducatius.xtec.cat\/baixcamp\/wp-content\/uploads\/usu950\/2022\/05\/capsa5.png 800w\" sizes=\"auto, (max-width: 600px) 100vw, 600px\" \/><\/figure>\n<\/div>\n\n\n\n<div class=\"wp-block-column is-vertically-aligned-center is-layout-flow wp-block-column-is-layout-flow\" style=\"flex-basis:66.66%\">\n<p>Els saquets d\u2019olor d\u2019herbes arom\u00e0tiques, que es podran\u00a0\u00a0con\u00e8ixer mentre visiten el camp i descobreixen les herbes\u00a0\u00a0plantades.<\/p>\n<\/div>\n<\/div>\n\n\n\n<div style=\"height:60px\" aria-hidden=\"true\" class=\"wp-block-spacer\"><\/div>\n\n\n\n<div class=\"wp-block-buttons is-content-justification-center is-layout-flex wp-container-core-buttons-is-layout-1 wp-block-buttons-is-layout-flex\">\n<div class=\"wp-block-button\"><a class=\"wp-block-button__link has-white-color has-cyan-bluish-gray-background-color has-text-color has-background has-link-color wp-element-button\" href=\"https:\/\/bocadelamina.reus.cat\/espai-educatiu\" target=\"_blank\" rel=\"noreferrer noopener\">Guies did\u00e0ctiques del programa educatiu<\/a><\/div>\n<\/div>\n\n\n\n<div style=\"height:33px\" aria-hidden=\"true\" class=\"wp-block-spacer\"><\/div>\n\n\n\n<div class=\"wp-block-columns is-layout-flex wp-container-core-columns-is-layout-5 wp-block-columns-is-layout-flex\">\n<div class=\"wp-block-column is-layout-flow wp-block-column-is-layout-flow\" style=\"flex-basis:50%\">\n<p><iframe loading=\"lazy\" style=\"border: 0;\" src=\"https:\/\/calendar.google.com\/calendar\/embed?src=c_e198c93cfab9c73ed1aa1f4e83b175bd663378a7e4691281686e1291454d08db%40group.calendar.google.com&amp;ctz=Europe%2FParis\" width=\"100%\" height=\"400px\" frameborder=\"0\" scrolling=\"no\"><\/iframe><\/p>\n<\/div>\n\n\n\n<div class=\"wp-block-column is-vertically-aligned-center is-layout-flow wp-block-column-is-layout-flow\" style=\"flex-basis:10%\">\n<figure class=\"wp-block-image aligncenter\"><a href=\"https:\/\/forms.gle\/j9jeXWbWDp6pSJdM9\"><img decoding=\"async\" src=\"http:\/\/serveiseducatius.xtec.cat\/baixcamp\/wp-content\/uploads\/usu950\/2018\/09\/sol%C2%B7licitud-pr%C3%A9stec.png\" alt=\"\" class=\"wp-image-8610\"\/><\/a><\/figure>\n<\/div>\n\n\n\n<div class=\"wp-block-column is-layout-flow wp-block-column-is-layout-flow\" style=\"flex-basis:40%\">\n<h6 class=\"wp-block-heading\"><strong>Condicions del pr\u00e9stec<\/strong><\/h6>\n\n\n\n<p>Durada: 15 dies aproximadament<br>Recollida i retorn del pr\u00e9stec:\u00a0<strong>de dilluns a divendres d\u201911h a 14h i de 16h a 18h<\/strong><br>(dins del per\u00edode del pr\u00e9stec sol\u00b7licitat).<\/p>\n\n\n\n<h6 class=\"wp-block-heading\"><strong>Normes d\u2019\u00fas<\/strong><\/h6>\n\n\n\n<ul class=\"wp-block-list\">\n<li>\u00c9s responsabilitat de l\u2019usuari assegurar-se del correcte funcionament del material, a l\u2019inici de la reserva.<\/li>\n\n\n\n<li>Qualsevol p\u00e8rdua o desperfecte del material ser\u00e0 responsabilitat del centre educatiu, que haur\u00e0 de reposar-lo.<\/li>\n\n\n\n<li>Cal comunicar qualsevol incid\u00e8ncia que es produeixi durant el seu \u00fas.<\/li>\n<\/ul>\n<\/div>\n<\/div>\n\n\n\n<div style=\"height:33px\" aria-hidden=\"true\" class=\"wp-block-spacer\"><\/div>\n\n\n\n<h3 class=\"wp-block-heading\">Aquest recurs est\u00e0 disponible en pr\u00e9stec al CRP del Baix Camp gr\u00e0cies a la Coordinadora Pedag\u00f2gica de les EBM.<\/h3>\n\n\n\n<p>Si necessiteu m\u00e9s informaci\u00f3 sobre els materials i la descoberta per al 1r cicle d&#8217;Educaci\u00f3 Infantil, podeu contactar amb:<\/p>\n\n\n\n<p><strong>Judit Bruno Mas<\/strong><\/p>\n\n\n\n<p>Regidoria d&#8217;Educaci\u00f3 &#8211; Ajuntament de Reus<\/p>\n\n\n\n<p>Tel\u00e8fon: 977010046 \/\/ 662334549<\/p>\n\n\n\n<p>Extensions: Ajuntament 2055 \/\/ FES 44022<\/p>\n\n\n\n<p>Aquests elements ajudaran els infants a con\u00e8ixer l\u2019espai amb detall, creant complicitats entre les&nbsp; propostes i els materials fent-los m\u00e9s entenedors i propers.<\/p>\n","protected":false},"excerpt":{"rendered":"<p>CODI:\u00a0R801A qui s\u2019adre\u00e7a:Educaci\u00f3 Infantil (0-6) Descripci\u00f3: La capsa pedag\u00f2gica \u201cPasseig de la Boca de la Mina\u201d ha estat creada amb la col\u00b7laboraci\u00f3 de l&#8217;Ajuntament de Reus i Cel Rogent. Aquesta capsa est\u00e0 formada per diversos materials did\u00e0ctics\u00a0dirigits a l\u2019alumnat de primer i segon cicle d\u2019Educaci\u00f3 Infantil. A l&#8217;interior podreu trobar diferents materials relacionats amb la [&hellip;]<\/p>\n","protected":false},"author":122,"featured_media":0,"parent":2968,"menu_order":0,"comment_status":"closed","ping_status":"closed","template":"page-templates\/side-menu.php","meta":{"_bbp_topic_count":0,"_bbp_reply_count":0,"_bbp_total_topic_count":0,"_bbp_total_reply_count":0,"_bbp_voice_count":0,"_bbp_anonymous_reply_count":0,"_bbp_topic_count_hidden":0,"_bbp_reply_count_hidden":0,"_bbp_forum_subforum_count":0,"site-sidebar-layout":"default","site-content-layout":"","ast-site-content-layout":"","site-content-style":"default","site-sidebar-style":"default","ast-global-header-display":"","ast-banner-title-visibility":"","ast-main-header-display":"","ast-hfb-above-header-display":"","ast-hfb-below-header-display":"","ast-hfb-mobile-header-display":"","site-post-title":"","ast-breadcrumbs-content":"","ast-featured-img":"","footer-sml-layout":"","theme-transparent-header-meta":"","adv-header-id-meta":"","stick-header-meta":"","header-above-stick-meta":"","header-main-stick-meta":"","header-below-stick-meta":"","astra-migrate-meta-layouts":"default","ast-page-background-enabled":"default","ast-page-background-meta":{"desktop":{"background-color":"var(--ast-global-color-4)","background-image":"","background-repeat":"repeat","background-position":"center center","background-size":"auto","background-attachment":"scroll","background-type":"","background-media":"","overlay-type":"","overlay-color":"","overlay-opacity":"","overlay-gradient":""},"tablet":{"background-color":"","background-image":"","background-repeat":"repeat","background-position":"center center","background-size":"auto","background-attachment":"scroll","background-type":"","background-media":"","overlay-type":"","overlay-color":"","overlay-opacity":"","overlay-gradient":""},"mobile":{"background-color":"","background-image":"","background-repeat":"repeat","background-position":"center center","background-size":"auto","background-attachment":"scroll","background-type":"","background-media":"","overlay-type":"","overlay-color":"","overlay-opacity":"","overlay-gradient":""}},"ast-content-background-meta":{"desktop":{"background-color":"var(--ast-global-color-5)","background-image":"","background-repeat":"repeat","background-position":"center center","background-size":"auto","background-attachment":"scroll","background-type":"","background-media":"","overlay-type":"","overlay-color":"","overlay-opacity":"","overlay-gradient":""},"tablet":{"background-color":"var(--ast-global-color-5)","background-image":"","background-repeat":"repeat","background-position":"center center","background-size":"auto","background-attachment":"scroll","background-type":"","background-media":"","overlay-type":"","overlay-color":"","overlay-opacity":"","overlay-gradient":""},"mobile":{"background-color":"var(--ast-global-color-5)","background-image":"","background-repeat":"repeat","background-position":"center center","background-size":"auto","background-attachment":"scroll","background-type":"","background-media":"","overlay-type":"","overlay-color":"","overlay-opacity":"","overlay-gradient":""}},"footnotes":""},"class_list":["post-13876","page","type-page","status-publish","hentry"],"post_mailing_queue_ids":[],"_links":{"self":[{"href":"https:\/\/serveiseducatius.xtec.cat\/baixcamp\/wp-json\/wp\/v2\/pages\/13876","targetHints":{"allow":["GET"]}}],"collection":[{"href":"https:\/\/serveiseducatius.xtec.cat\/baixcamp\/wp-json\/wp\/v2\/pages"}],"about":[{"href":"https:\/\/serveiseducatius.xtec.cat\/baixcamp\/wp-json\/wp\/v2\/types\/page"}],"author":[{"embeddable":true,"href":"https:\/\/serveiseducatius.xtec.cat\/baixcamp\/wp-json\/wp\/v2\/users\/122"}],"replies":[{"embeddable":true,"href":"https:\/\/serveiseducatius.xtec.cat\/baixcamp\/wp-json\/wp\/v2\/comments?post=13876"}],"version-history":[{"count":6,"href":"https:\/\/serveiseducatius.xtec.cat\/baixcamp\/wp-json\/wp\/v2\/pages\/13876\/revisions"}],"predecessor-version":[{"id":15778,"href":"https:\/\/serveiseducatius.xtec.cat\/baixcamp\/wp-json\/wp\/v2\/pages\/13876\/revisions\/15778"}],"up":[{"embeddable":true,"href":"https:\/\/serveiseducatius.xtec.cat\/baixcamp\/wp-json\/wp\/v2\/pages\/2968"}],"wp:attachment":[{"href":"https:\/\/serveiseducatius.xtec.cat\/baixcamp\/wp-json\/wp\/v2\/media?parent=13876"}],"curies":[{"name":"wp","href":"https:\/\/api.w.org\/{rel}","templated":true}]}}