{"id":13745,"date":"2022-03-14T12:24:21","date_gmt":"2022-03-14T11:24:21","guid":{"rendered":"https:\/\/serveiseducatius.xtec.cat\/baixcamp\/?page_id=13745"},"modified":"2022-03-14T12:25:02","modified_gmt":"2022-03-14T11:25:02","slug":"ins-gabriel-ferrater-i-soler","status":"publish","type":"page","link":"https:\/\/serveiseducatius.xtec.cat\/baixcamp\/projectes\/erasmus\/ins-gabriel-ferrater-i-soler\/","title":{"rendered":"Ins Gabriel Ferrater i Soler"},"content":{"rendered":"<p><span style=\"font-weight: 400;\">L\u2019institut Gabriel Ferrater participa en el projecte europeu <a href=\"https:\/\/www.desireproject.eu\/train-the-trainer-event-and-3rd-transnational-meeting\/\">DESIRE<\/a>, que t\u00e9 com a objectiu desenvolupar el sentit de l\u2019emprenedoria social en estudiants d\u2019ESO.<\/span><\/p>\n<p><span style=\"font-weight: 400;\">Els centre educatius que participem en aquest projecte hem elaborat material (teoria i exercicis, amb suport de lectures i v\u00eddeos), en castell\u00e0 i en angl\u00e8s, que podeu consultar a la <a href=\"https:\/\/app.babele.co\/login\">plataforma d\u2019aprenentatge col\u00b7laboratiu Babele<\/a>, que est\u00e0 avalada per la Uni\u00f3 Europea.<\/span><\/p>\n<ul>\n<li style=\"font-weight: 400;\" aria-level=\"1\"><span style=\"font-weight: 400;\">El primer m\u00f2dul ens ajuda a entendre qu\u00e8 \u00e9s l\u2019emprenedoria social i a esbrinar com pot ajudar a resoldre els problemes de la societat.<\/span><\/li>\n<li style=\"font-weight: 400;\" aria-level=\"1\"><span style=\"font-weight: 400;\">El segon m\u00f2dul ens explica qu\u00e8 \u00e9s una idea i ens descobreix diferents formes i habilitats que s\u00f3n imprescindibles per generar i dur a terme idees de negoci social.<\/span><\/li>\n<li style=\"font-weight: 400;\" aria-level=\"1\"><span style=\"font-weight: 400;\">Amb el tercer m\u00f2dul aprenem a identificar quins s\u00f3n els clients potencials i entenem quines s\u00f3n les millors estrat\u00e8gies per satisfer les seves necessitats.<\/span><\/li>\n<li style=\"font-weight: 400;\" aria-level=\"1\"><span style=\"font-weight: 400;\">Al quart m\u00f2dul aprendrem a convertir una idea en quelcom m\u00e9s tangible, gr\u00e0cies a la planificaci\u00f3, a la creaci\u00f3 de prototips i a la realitzaci\u00f3 de nombroses proves.<\/span><\/li>\n<li style=\"font-weight: 400;\" aria-level=\"1\"><span style=\"font-weight: 400;\">El cinqu\u00e8 m\u00f2dul ens dona idees per aconseguir que una empresa social sigui sostenible des del punt de vista financer.<\/span><\/li>\n<li style=\"font-weight: 400;\" aria-level=\"1\"><span style=\"font-weight: 400;\">Al sis\u00e8 m\u00f2dul aprenem a dissenyar i a promocionar el nostre producte o servei segons les necessitats del mercat.<\/span><\/li>\n<li style=\"font-weight: 400;\" aria-level=\"1\"><span style=\"font-weight: 400;\">El set\u00e8 m\u00f2dul ens detalla la import\u00e0ncia dels recursos humans i del treball en xarxa.<\/span><\/li>\n<li style=\"font-weight: 400;\" aria-level=\"1\"><span style=\"font-weight: 400;\">Al darrer m\u00f2dul aprenem quina forma jur\u00eddica s\u2019adequa m\u00e9s al nostre projecte; com podem obtenir fons i a avaluar i mesurar l\u2019impacte social d\u2019una organitzaci\u00f3.<\/span><\/li>\n<\/ul>\n<p>&nbsp;<\/p>\n<p><span class=\"gmail_default\">Des del CRP del Baix Camp col\u00b7laborem en la difusi\u00f3 del projecte Erasmus+ realitzat des de l&#8217;INS Gabriel Ferrater i Sole\u200b<\/span><\/p>\n<blockquote class=\"wp-embedded-content\" data-secret=\"EoGmi3HaqV\"><p><a href=\"https:\/\/agora.xtec.cat\/iesgabrielferrater\/portada\/projecte-erasmus-plus-collaboracio-amb-el-centre-de-recursos-pedagogics\/\">Projecte Erasmus Plus: col\u00b7laboraci\u00f3 amb el Centre de Recursos Pedag\u00f2gics<\/a><\/p><\/blockquote>\n<p><iframe loading=\"lazy\" class=\"wp-embedded-content\" sandbox=\"allow-scripts\" security=\"restricted\" style=\"position: absolute; clip: rect(1px, 1px, 1px, 1px);\" title=\"&#8220;Projecte Erasmus Plus: col\u00b7laboraci\u00f3 amb el Centre de Recursos Pedag\u00f2gics&#8221; &#8212; INS Gabriel Ferrater i Soler\" src=\"https:\/\/agora.xtec.cat\/iesgabrielferrater\/portada\/projecte-erasmus-plus-collaboracio-amb-el-centre-de-recursos-pedagogics\/embed\/#?secret=rskXAtV2Vo#?secret=EoGmi3HaqV\" data-secret=\"EoGmi3HaqV\" width=\"500\" height=\"282\" frameborder=\"0\" marginwidth=\"0\" marginheight=\"0\" scrolling=\"no\"><\/iframe><\/p>\n<p>Per saber-ne m\u00e9s&#8230;<\/p>\n<p>web <a href=\"https:\/\/agora.xtec.cat\/iesgabrielferrater\/categoria\/erasmus\/\">Erasmus+ INS Gabriel Ferrater i Soler<\/a><\/p>\n<p>&nbsp;<\/p>\n<p>&nbsp;<\/p>\n","protected":false},"excerpt":{"rendered":"<p>L\u2019institut Gabriel Ferrater participa en el projecte europeu DESIRE, que t\u00e9 com a objectiu desenvolupar el sentit de l\u2019emprenedoria social en estudiants d\u2019ESO. Els centre educatius que participem en aquest projecte hem elaborat material (teoria i exercicis, amb suport de lectures i v\u00eddeos), en castell\u00e0 i en angl\u00e8s, que podeu consultar a la plataforma d\u2019aprenentatge [&hellip;]<\/p>\n","protected":false},"author":122,"featured_media":0,"parent":13743,"menu_order":0,"comment_status":"closed","ping_status":"closed","template":"","meta":{"_bbp_topic_count":0,"_bbp_reply_count":0,"_bbp_total_topic_count":0,"_bbp_total_reply_count":0,"_bbp_voice_count":0,"_bbp_anonymous_reply_count":0,"_bbp_topic_count_hidden":0,"_bbp_reply_count_hidden":0,"_bbp_forum_subforum_count":0,"site-sidebar-layout":"default","site-content-layout":"","ast-site-content-layout":"","site-content-style":"default","site-sidebar-style":"default","ast-global-header-display":"","ast-banner-title-visibility":"","ast-main-header-display":"","ast-hfb-above-header-display":"","ast-hfb-below-header-display":"","ast-hfb-mobile-header-display":"","site-post-title":"","ast-breadcrumbs-content":"","ast-featured-img":"","footer-sml-layout":"","theme-transparent-header-meta":"","adv-header-id-meta":"","stick-header-meta":"","header-above-stick-meta":"","header-main-stick-meta":"","header-below-stick-meta":"","astra-migrate-meta-layouts":"default","ast-page-background-enabled":"default","ast-page-background-meta":{"desktop":{"background-color":"var(--ast-global-color-4)","background-image":"","background-repeat":"repeat","background-position":"center center","background-size":"auto","background-attachment":"scroll","background-type":"","background-media":"","overlay-type":"","overlay-color":"","overlay-opacity":"","overlay-gradient":""},"tablet":{"background-color":"","background-image":"","background-repeat":"repeat","background-position":"center center","background-size":"auto","background-attachment":"scroll","background-type":"","background-media":"","overlay-type":"","overlay-color":"","overlay-opacity":"","overlay-gradient":""},"mobile":{"background-color":"","background-image":"","background-repeat":"repeat","background-position":"center center","background-size":"auto","background-attachment":"scroll","background-type":"","background-media":"","overlay-type":"","overlay-color":"","overlay-opacity":"","overlay-gradient":""}},"ast-content-background-meta":{"desktop":{"background-color":"var(--ast-global-color-5)","background-image":"","background-repeat":"repeat","background-position":"center center","background-size":"auto","background-attachment":"scroll","background-type":"","background-media":"","overlay-type":"","overlay-color":"","overlay-opacity":"","overlay-gradient":""},"tablet":{"background-color":"var(--ast-global-color-5)","background-image":"","background-repeat":"repeat","background-position":"center center","background-size":"auto","background-attachment":"scroll","background-type":"","background-media":"","overlay-type":"","overlay-color":"","overlay-opacity":"","overlay-gradient":""},"mobile":{"background-color":"var(--ast-global-color-5)","background-image":"","background-repeat":"repeat","background-position":"center center","background-size":"auto","background-attachment":"scroll","background-type":"","background-media":"","overlay-type":"","overlay-color":"","overlay-opacity":"","overlay-gradient":""}},"footnotes":""},"class_list":["post-13745","page","type-page","status-publish","hentry"],"post_mailing_queue_ids":[],"_links":{"self":[{"href":"https:\/\/serveiseducatius.xtec.cat\/baixcamp\/wp-json\/wp\/v2\/pages\/13745","targetHints":{"allow":["GET"]}}],"collection":[{"href":"https:\/\/serveiseducatius.xtec.cat\/baixcamp\/wp-json\/wp\/v2\/pages"}],"about":[{"href":"https:\/\/serveiseducatius.xtec.cat\/baixcamp\/wp-json\/wp\/v2\/types\/page"}],"author":[{"embeddable":true,"href":"https:\/\/serveiseducatius.xtec.cat\/baixcamp\/wp-json\/wp\/v2\/users\/122"}],"replies":[{"embeddable":true,"href":"https:\/\/serveiseducatius.xtec.cat\/baixcamp\/wp-json\/wp\/v2\/comments?post=13745"}],"version-history":[{"count":1,"href":"https:\/\/serveiseducatius.xtec.cat\/baixcamp\/wp-json\/wp\/v2\/pages\/13745\/revisions"}],"predecessor-version":[{"id":13746,"href":"https:\/\/serveiseducatius.xtec.cat\/baixcamp\/wp-json\/wp\/v2\/pages\/13745\/revisions\/13746"}],"up":[{"embeddable":true,"href":"https:\/\/serveiseducatius.xtec.cat\/baixcamp\/wp-json\/wp\/v2\/pages\/13743"}],"wp:attachment":[{"href":"https:\/\/serveiseducatius.xtec.cat\/baixcamp\/wp-json\/wp\/v2\/media?parent=13745"}],"curies":[{"name":"wp","href":"https:\/\/api.w.org\/{rel}","templated":true}]}}