{"id":13743,"date":"2022-03-14T12:13:01","date_gmt":"2022-03-14T11:13:01","guid":{"rendered":"https:\/\/serveiseducatius.xtec.cat\/baixcamp\/?page_id=13743"},"modified":"2022-03-14T12:34:34","modified_gmt":"2022-03-14T11:34:34","slug":"erasmus","status":"publish","type":"page","link":"https:\/\/serveiseducatius.xtec.cat\/baixcamp\/projectes\/erasmus\/","title":{"rendered":"ERASMUS+"},"content":{"rendered":"<h3>Qu\u00e8 \u00e9s l&#8217;Erasmus+ ?<\/h3>\n<p id=\"tw-target-text\" class=\"tw-data-text tw-text-large tw-ta\" dir=\"ltr\" data-placeholder=\"Traducci\u00f3\"><span class=\"Y2IQFc\" lang=\"ca\"><strong><a href=\"https:\/\/erasmus-plus.ec.europa.eu\/about-erasmus\/what-is-erasmus\">Erasmus+<\/a><\/strong> \u00e9s un programa de la UE per donar suport a <strong>l&#8217;educaci\u00f3, la formaci\u00f3, la joventut i l&#8217;esport<\/strong> a Europa.<br \/>\nEl seu pressupost estimat \u00e9s de 26.200 milions d&#8217;euros (gaireb\u00e9 el doble del finan\u00e7ament del seu programa predecessor 2014-2020). <\/span><\/p>\n<p class=\"tw-data-text tw-text-large tw-ta\" dir=\"ltr\" data-placeholder=\"Traducci\u00f3\"><span class=\"Y2IQFc\" lang=\"ca\">la convocat\u00f2ria <strong>2021-2027<\/strong>, destaca per un fort enfocament en la <strong>inclusi\u00f3 social, les transicions ecol\u00f2giques i digitals i la promoci\u00f3 de la participaci\u00f3 dels joves en la vida democr\u00e0tica<\/strong>. Dona suport a les prioritats i activitats establertes a l&#8217;Espai Europeu d&#8217;Educaci\u00f3, el Pla d&#8217;Acci\u00f3 d&#8217;Educaci\u00f3 Digital i l&#8217;Agenda Europea de Compet\u00e8ncies. El programa tamb\u00e9 d\u00f3na suport al pilar europeu dels drets socials implementa l&#8217;Estrat\u00e8gia de la UE per a la joventut 2019-2027 desenvolupa la dimensi\u00f3 europea de l&#8217;esport<\/span><\/p>\n<h5 dir=\"ltr\" data-placeholder=\"Traducci\u00f3\">Centres Participants en Projectes Erasmus+<\/h5>\n<table style=\"height: 64px; width: 100%; border-collapse: collapse; border-color: #540461; background-color: #c708b7;\">\n<tbody>\n<tr style=\"height: 32px;\">\n<td style=\"width: 50%; height: 32px;\"><span style=\"color: #ffffff;\"><strong>CENTRE EDUCATIU<\/strong><\/span><\/td>\n<td style=\"width: 50%; height: 32px;\"><span style=\"color: #ffffff;\"><strong>PROJECTE<\/strong><\/span><\/td>\n<\/tr>\n<tr style=\"height: 32px;\">\n<td style=\"width: 50%; height: 32px;\"><a href=\"https:\/\/serveiseducatius.xtec.cat\/baixcamp\/projectes\/erasmus\/ins-gabriel-ferrater-i-soler\/\">INS Gabriel Ferrater i Soler<\/a><\/td>\n<td style=\"width: 50%; height: 32px;\"><a href=\"https:\/\/www.desireproject.eu\/\">DESIRE<\/a><\/td>\n<\/tr>\n<\/tbody>\n<\/table>\n<h3><strong>Per saber-ne m\u00e9s&#8230;<\/strong><\/h3>\n<blockquote><p>The Erasmus+ Programme Guide is essential to understanding Erasmus+. It provides participating organisations and individuals a comprehensive list of opportunities supported by the programme.<\/p>\n<p>The 2022 Programme Guide is available as an\u00a0<a href=\"https:\/\/erasmus-plus.ec.europa.eu\/programme-guide\/introduction\">online version<\/a>, with a more user-friendly, accessible format to make it easier to find information, as well as a\u00a0<a title=\"Erasmus+ Programme Guide 2022 (version 2)\" href=\"https:\/\/erasmus-plus.ec.europa.eu\/document\/erasmus-programme-guide-2022-version-2\">PDF version<\/a>\u00a0(available in all languages).<\/p><\/blockquote>\n<p>&nbsp;<\/p>\n","protected":false},"excerpt":{"rendered":"<p>Qu\u00e8 \u00e9s l&#8217;Erasmus+ ? Erasmus+ \u00e9s un programa de la UE per donar suport a l&#8217;educaci\u00f3, la formaci\u00f3, la joventut i l&#8217;esport a Europa. El seu pressupost estimat \u00e9s de 26.200 milions d&#8217;euros (gaireb\u00e9 el doble del finan\u00e7ament del seu programa predecessor 2014-2020). la convocat\u00f2ria 2021-2027, destaca per un fort enfocament en la inclusi\u00f3 social, [&hellip;]<\/p>\n","protected":false},"author":122,"featured_media":0,"parent":13463,"menu_order":0,"comment_status":"closed","ping_status":"closed","template":"page-templates\/side-menu.php","meta":{"_bbp_topic_count":0,"_bbp_reply_count":0,"_bbp_total_topic_count":0,"_bbp_total_reply_count":0,"_bbp_voice_count":0,"_bbp_anonymous_reply_count":0,"_bbp_topic_count_hidden":0,"_bbp_reply_count_hidden":0,"_bbp_forum_subforum_count":0,"site-sidebar-layout":"default","site-content-layout":"","ast-site-content-layout":"","site-content-style":"default","site-sidebar-style":"default","ast-global-header-display":"","ast-banner-title-visibility":"","ast-main-header-display":"","ast-hfb-above-header-display":"","ast-hfb-below-header-display":"","ast-hfb-mobile-header-display":"","site-post-title":"","ast-breadcrumbs-content":"","ast-featured-img":"","footer-sml-layout":"","theme-transparent-header-meta":"","adv-header-id-meta":"","stick-header-meta":"","header-above-stick-meta":"","header-main-stick-meta":"","header-below-stick-meta":"","astra-migrate-meta-layouts":"default","ast-page-background-enabled":"default","ast-page-background-meta":{"desktop":{"background-color":"var(--ast-global-color-4)","background-image":"","background-repeat":"repeat","background-position":"center center","background-size":"auto","background-attachment":"scroll","background-type":"","background-media":"","overlay-type":"","overlay-color":"","overlay-opacity":"","overlay-gradient":""},"tablet":{"background-color":"","background-image":"","background-repeat":"repeat","background-position":"center center","background-size":"auto","background-attachment":"scroll","background-type":"","background-media":"","overlay-type":"","overlay-color":"","overlay-opacity":"","overlay-gradient":""},"mobile":{"background-color":"","background-image":"","background-repeat":"repeat","background-position":"center center","background-size":"auto","background-attachment":"scroll","background-type":"","background-media":"","overlay-type":"","overlay-color":"","overlay-opacity":"","overlay-gradient":""}},"ast-content-background-meta":{"desktop":{"background-color":"var(--ast-global-color-5)","background-image":"","background-repeat":"repeat","background-position":"center center","background-size":"auto","background-attachment":"scroll","background-type":"","background-media":"","overlay-type":"","overlay-color":"","overlay-opacity":"","overlay-gradient":""},"tablet":{"background-color":"var(--ast-global-color-5)","background-image":"","background-repeat":"repeat","background-position":"center center","background-size":"auto","background-attachment":"scroll","background-type":"","background-media":"","overlay-type":"","overlay-color":"","overlay-opacity":"","overlay-gradient":""},"mobile":{"background-color":"var(--ast-global-color-5)","background-image":"","background-repeat":"repeat","background-position":"center center","background-size":"auto","background-attachment":"scroll","background-type":"","background-media":"","overlay-type":"","overlay-color":"","overlay-opacity":"","overlay-gradient":""}},"footnotes":""},"class_list":["post-13743","page","type-page","status-publish","hentry"],"post_mailing_queue_ids":[],"_links":{"self":[{"href":"https:\/\/serveiseducatius.xtec.cat\/baixcamp\/wp-json\/wp\/v2\/pages\/13743","targetHints":{"allow":["GET"]}}],"collection":[{"href":"https:\/\/serveiseducatius.xtec.cat\/baixcamp\/wp-json\/wp\/v2\/pages"}],"about":[{"href":"https:\/\/serveiseducatius.xtec.cat\/baixcamp\/wp-json\/wp\/v2\/types\/page"}],"author":[{"embeddable":true,"href":"https:\/\/serveiseducatius.xtec.cat\/baixcamp\/wp-json\/wp\/v2\/users\/122"}],"replies":[{"embeddable":true,"href":"https:\/\/serveiseducatius.xtec.cat\/baixcamp\/wp-json\/wp\/v2\/comments?post=13743"}],"version-history":[{"count":4,"href":"https:\/\/serveiseducatius.xtec.cat\/baixcamp\/wp-json\/wp\/v2\/pages\/13743\/revisions"}],"predecessor-version":[{"id":13752,"href":"https:\/\/serveiseducatius.xtec.cat\/baixcamp\/wp-json\/wp\/v2\/pages\/13743\/revisions\/13752"}],"up":[{"embeddable":true,"href":"https:\/\/serveiseducatius.xtec.cat\/baixcamp\/wp-json\/wp\/v2\/pages\/13463"}],"wp:attachment":[{"href":"https:\/\/serveiseducatius.xtec.cat\/baixcamp\/wp-json\/wp\/v2\/media?parent=13743"}],"curies":[{"name":"wp","href":"https:\/\/api.w.org\/{rel}","templated":true}]}}