{"id":13304,"date":"2021-11-18T16:19:40","date_gmt":"2021-11-18T15:19:40","guid":{"rendered":"https:\/\/serveiseducatius.xtec.cat\/baixcamp\/?page_id=13304"},"modified":"2025-01-27T17:53:52","modified_gmt":"2025-01-27T16:53:52","slug":"laventura-de-fer-2","status":"publish","type":"page","link":"https:\/\/serveiseducatius.xtec.cat\/baixcamp\/recursos-2\/ambit-cientific-tecnologic\/laventura-de-fer-2\/","title":{"rendered":"L&#8217;aventura de FER"},"content":{"rendered":"<header>\n<h3><\/h3>\n<h3><\/h3>\n<p><img loading=\"lazy\" decoding=\"async\" class=\"alignleft\" src=\"https:\/\/www.futursemprenedors.cat\/@@images\/image\/preview\" alt=\"Escut Futurs Emprenedors Rurals.\" width=\"244\" height=\"252\" \/>Aquest un projecte d&#8217;emprenedoria dirigit a 5\u00e8 i 6\u00e8 de prim\u00e0ria per a escoles ubicades en zones rurals, per\u00f2 que pot treballar-se a qualsevol centre educatiu que tingui ganes d&#8217;engrescar els seus alumnes com a futurs emprenedors.<\/p>\n<p>FER, una abella creativa i emprenedora, \u00e9s la protagonista d\u2019aquesta aventura.<br \/>\nAmb l\u2019ajuda de la seva \u00e0via, la senyora Remei (una abella reina amb molta experi\u00e8ncia), i els seus companys Zanga, Work i Labora, haur\u00e0 de buscar solucions per fer m\u00e9s viable el rusc.<\/p>\n<\/header>\n<h5><strong style=\"font-size: 1.4375em;\">Un projecte de cooperaci\u00f3 Ensenyant a emprendre a les escoles rurals<\/strong><\/h5>\n<header>\n<h3><\/h3>\n<\/header>\n<div id=\"content-core\" class=\"clearfix\">\n<div id=\"parent-fieldname-text\" class=\"\">\n<p>FER.Cat pret\u00e9n despertar el talent emprenedor, la creativitat i la curiositat per les oportunitats que genera el m\u00f3n rural als alumnes de prim\u00e0ria, per tal de contribuir en un futur a afrontar dos dels reptes del m\u00f3n rural: evitar el despoblament i afavorir la diversificaci\u00f3 econ\u00f2mica. FER.Cat \u00e9s un projecte de cooperaci\u00f3 interterritorial, coordinat pel Consorci Grup d\u2019Acci\u00f3 Local Noguera Segri\u00e0 Nord i impulsat conjuntament per altres Grups d\u2019Acci\u00f3 Local de Catalunya.<br \/>\nFER.Cat est\u00e0 finan\u00e7at pel Departament d\u2019Agricultura, Ramaderia, Pesca i Alimentaci\u00f3 de la Generalitat de Catalunya i pel Fons Europeu Agr\u00edcola de Desenvolupament Rural.<br \/>\nFER.Cat parteix d\u2019un projecte de cooperaci\u00f3 interterritorial amb GALs espanyols, durant el per\u00edode 2007-2013 (http:\/\/www.futurosemprendedores.com).<\/p>\n<h3 style=\"text-align: center;\"><iframe loading=\"lazy\" src=\"\/\/www.youtube.com\/embed\/0bGdrlBCYIs\" width=\"560\" height=\"314\" allowfullscreen=\"allowfullscreen\"><\/iframe><\/h3>\n<h3><\/h3>\n<h3 class=\"documentFirstHeading mt-0\">EL PROJECTE <strong>FER.cat<\/strong>\u00a0t\u00e9 com a objectius espec\u00edfics:<\/h3>\n<ul>\n<li style=\"list-style-type: none;\">\n<ul>\n<li style=\"list-style-type: none;\">\n<ul>\n<li style=\"list-style-type: none;\">\n<ul>\n<li style=\"list-style-type: none;\">\n<ul>\n<li><span style=\"font-family: inherit; font-size: 1em;\">Despertar el talent emprenedor entre els m\u00e9s joves mentre s&#8217;estan formant en l&#8217;entorn rural; treballar la seva creativitat i la seva capacitat d&#8217;innovar, fomentar la confian\u00e7a en ells mateixos, el pensament cr\u00edtic i la capacitat de resoldre problemes concrets.<\/span><\/li>\n<li>Facilitar que aprenguin a cercar oportunitats i aprofitar els recursos que els ofereix el m\u00f3n rural; donar a con\u00e8ixer les empreses i les oportunitats del territori.<\/li>\n<li>Difondre la cultura emprenedora als centres educatius; incorporar els valors relacionats amb l&#8217;emprenedoria als centres de prim\u00e0ria, relacionar-los amb mat\u00e8ries curriculars existents, com matem\u00e0tiques, pl\u00e0stica, llengua, etc.; a la vegada que s\u2019implica la comunitat educativa en la transmissi\u00f3 de la cultura emprenedora, m\u00e9s enll\u00e0 d\u2019explicar com funciona una empresa.<\/li>\n<li>Fomentar el treball en equip, el debat i les relacions entre l&#8217;alumnat.<\/li>\n<li>Introduir de forma b\u00e0sica la cultura financera a les escoles.<\/li>\n<\/ul>\n<\/li>\n<\/ul>\n<\/li>\n<\/ul>\n<\/li>\n<\/ul>\n<\/li>\n<\/ul>\n<\/div>\n<\/div>\n<p>M\u00e9s informaci\u00f3 del <a href=\"https:\/\/www.futursemprenedors.cat\/infografies-def-logos.pdf\" target=\"_blank\" rel=\"noopener\">projecte FER<\/a><\/p>\n<h4>M\u00c9S RECURSOS&#8230;<\/h4>\n<h5 class=\"documentFirstHeading mt-0\" style=\"text-align: center;\">El mapa BeeBot FER<\/h5>\n<div id=\"content-core\" class=\"clearfix\">\n<div id=\"parent-fieldname-text\" class=\"\">\n<p><a href=\"https:\/\/www.futursemprenedors.cat\/recursos\/mapa-bee-bot-fer\"><img loading=\"lazy\" decoding=\"async\" class=\"size-large wp-image-15427 aligncenter\" src=\"https:\/\/serveiseducatius.xtec.cat\/baixcamp\/wp-content\/uploads\/usu950\/2025\/01\/mapa_fer-600x598.png\" alt=\"\" width=\"600\" height=\"598\" srcset=\"https:\/\/serveiseducatius.xtec.cat\/baixcamp\/wp-content\/uploads\/usu950\/2025\/01\/mapa_fer-600x598.png 600w, https:\/\/serveiseducatius.xtec.cat\/baixcamp\/wp-content\/uploads\/usu950\/2025\/01\/mapa_fer-300x300.png 300w, https:\/\/serveiseducatius.xtec.cat\/baixcamp\/wp-content\/uploads\/usu950\/2025\/01\/mapa_fer-150x150.png 150w, https:\/\/serveiseducatius.xtec.cat\/baixcamp\/wp-content\/uploads\/usu950\/2025\/01\/mapa_fer.png 768w\" sizes=\"auto, (max-width: 600px) 100vw, 600px\" \/><\/a><\/p>\n<p><strong>QUIN MATERIAL COMPLEMENTARI ES NECESSITA PER TREBALLAR-LO?<\/strong><\/p>\n<ul>\n<li><span class=\"JsGRdQ\">Robot BeeBot (<strong>no disponible al CRP<\/strong>)<\/span><\/li>\n<li><span class=\"JsGRdQ\"><span class=\"JsGRdQ\">Mapa <\/span><\/span>(<strong>2,60 x 2,60 m<\/strong>)<\/li>\n<li><span class=\"JsGRdQ\">Tauleta t\u00e0ctil\/ Ordinador <a href=\"https:\/\/serveiseducatius.xtec.cat\/baixcamp\/cataleg-servei-prestec\/maleta-tauletes-i-ipads\/\">(kits de tauletes en pr\u00e9stec)<\/a><\/span><\/li>\n<li><span class=\"JsGRdQ\">Bloc 3: &#8220;Hist\u00f2ries d&#8217;Empreses de la Catalunya Rural&#8221; (disponible a www.futursemprenedors.cat)<\/span><\/li>\n<li><span class=\"JsGRdQ\">Instruccions<\/span>\u00a0(adjuntes amb el mapa)<\/li>\n<\/ul>\n<p><span style=\"color: #993366;\"><strong><em>**Per dur a terme l&#8217;activitat, no \u00e9s necessari executar el projecte FER a l&#8217;aula, per\u00f2 s\u00ed que \u00e9s recomanable.<\/em><\/strong><\/span><\/p>\n<\/div>\n<\/div>\n<table>\n<tbody>\n<tr>\n<td><iframe loading=\"lazy\" style=\"border: 0;\" src=\"https:\/\/calendar.google.com\/calendar\/embed?src=c_3pt85spq0lk8cu3cn16gvp06ds%40group.calendar.google.com&amp;ctz=Europe%2FParis\" width=\"600\" height=\"400\" frameborder=\"0\" scrolling=\"no\"><span data-mce-type=\"bookmark\" style=\"display: inline-block; width: 0px; overflow: hidden; line-height: 0;\" class=\"mce_SELRES_start\">\ufeff<\/span><\/iframe><\/td>\n<td><a href=\"https:\/\/docs.google.com\/forms\/d\/e\/1FAIpQLScH3EB3bOgIEny06uvgjGsBje06G-ChCjXCbMgS5D3BzvoMPQ\/viewform?usp=sf_link\"><img loading=\"lazy\" decoding=\"async\" class=\"alignleft wp-image-8610\" src=\"http:\/\/serveiseducatius.xtec.cat\/baixcamp\/wp-content\/uploads\/usu950\/2018\/09\/sol%C2%B7licitud-pr%C3%A9stec.png\" alt=\"\" width=\"181\" height=\"89\" \/><\/a><\/td>\n<td><strong>Condicions del pr\u00e9stec<\/strong><\/p>\n<div class=\"entry-content\">\n<div class=\"entry-content\">\n<p><strong>Durada: <\/strong>El projecte L&#8217;Aventura de Fer t\u00e9 una durada de pr\u00e9stec recomanada de 2 trimestres escolars\u00a0 (<a href=\"https:\/\/www.futursemprenedors.cat\/\" target=\"_blank\" rel=\"noopener\">consultar web del projecte<\/a>)<\/p>\n<p>El mapa BeeBot FER\u00a0 es recomana un pr\u00e9stec de 2 setmanes aproximadament<\/p>\n<p>Per altres per\u00edodes de pr\u00e9stec, consulteu a\u00a0<a href=\"mailto:e3990102@xtec.cat\">e3990102@xtec.cat<\/a><\/p>\n<p><strong>Recollida i retorn del pr\u00e9stec:<\/strong>\u00a0de dilluns a divendres d\u201911:00h a 14:00h i de 16:00h a 18:00h<\/p>\n<p><strong>Normes d\u2019\u00fas:<\/strong><\/p>\n<p>\u00c9s responsabilitat de l\u2019usuari assegurar-se del correcte funcionament del material, a l\u2019inici de la reserva.<br \/>\nQualsevol p\u00e8rdua o desperfecte del material ser\u00e0 responsabilitat del centre educatiu, que haur\u00e0 de reposar-ho.<br \/>\nCal comunicar qualsevol incid\u00e8ncia que es produeixi durant el seu \u00fas.<\/p>\n<\/div>\n<\/div>\n<\/td>\n<\/tr>\n<\/tbody>\n<\/table>\n<h5><\/h5>\n","protected":false},"excerpt":{"rendered":"<p>Aquest un projecte d&#8217;emprenedoria dirigit a 5\u00e8 i 6\u00e8 de prim\u00e0ria per a escoles ubicades en zones rurals, per\u00f2 que pot treballar-se a qualsevol centre educatiu que tingui ganes d&#8217;engrescar els seus alumnes com a futurs emprenedors. FER, una abella creativa i emprenedora, \u00e9s la protagonista d\u2019aquesta aventura. Amb l\u2019ajuda de la seva \u00e0via, la [&hellip;]<\/p>\n","protected":false},"author":122,"featured_media":0,"parent":14114,"menu_order":133,"comment_status":"closed","ping_status":"closed","template":"page-templates\/side-menu.php","meta":{"_bbp_topic_count":0,"_bbp_reply_count":0,"_bbp_total_topic_count":0,"_bbp_total_reply_count":0,"_bbp_voice_count":0,"_bbp_anonymous_reply_count":0,"_bbp_topic_count_hidden":0,"_bbp_reply_count_hidden":0,"_bbp_forum_subforum_count":0,"site-sidebar-layout":"default","site-content-layout":"","ast-site-content-layout":"","site-content-style":"default","site-sidebar-style":"default","ast-global-header-display":"","ast-banner-title-visibility":"","ast-main-header-display":"","ast-hfb-above-header-display":"","ast-hfb-below-header-display":"","ast-hfb-mobile-header-display":"","site-post-title":"","ast-breadcrumbs-content":"","ast-featured-img":"","footer-sml-layout":"","theme-transparent-header-meta":"","adv-header-id-meta":"","stick-header-meta":"","header-above-stick-meta":"","header-main-stick-meta":"","header-below-stick-meta":"","astra-migrate-meta-layouts":"default","ast-page-background-enabled":"default","ast-page-background-meta":{"desktop":{"background-color":"var(--ast-global-color-4)","background-image":"","background-repeat":"repeat","background-position":"center center","background-size":"auto","background-attachment":"scroll","background-type":"","background-media":"","overlay-type":"","overlay-color":"","overlay-opacity":"","overlay-gradient":""},"tablet":{"background-color":"","background-image":"","background-repeat":"repeat","background-position":"center center","background-size":"auto","background-attachment":"scroll","background-type":"","background-media":"","overlay-type":"","overlay-color":"","overlay-opacity":"","overlay-gradient":""},"mobile":{"background-color":"","background-image":"","background-repeat":"repeat","background-position":"center center","background-size":"auto","background-attachment":"scroll","background-type":"","background-media":"","overlay-type":"","overlay-color":"","overlay-opacity":"","overlay-gradient":""}},"ast-content-background-meta":{"desktop":{"background-color":"var(--ast-global-color-5)","background-image":"","background-repeat":"repeat","background-position":"center center","background-size":"auto","background-attachment":"scroll","background-type":"","background-media":"","overlay-type":"","overlay-color":"","overlay-opacity":"","overlay-gradient":""},"tablet":{"background-color":"var(--ast-global-color-5)","background-image":"","background-repeat":"repeat","background-position":"center center","background-size":"auto","background-attachment":"scroll","background-type":"","background-media":"","overlay-type":"","overlay-color":"","overlay-opacity":"","overlay-gradient":""},"mobile":{"background-color":"var(--ast-global-color-5)","background-image":"","background-repeat":"repeat","background-position":"center center","background-size":"auto","background-attachment":"scroll","background-type":"","background-media":"","overlay-type":"","overlay-color":"","overlay-opacity":"","overlay-gradient":""}},"footnotes":""},"class_list":["post-13304","page","type-page","status-publish","hentry"],"post_mailing_queue_ids":[],"_links":{"self":[{"href":"https:\/\/serveiseducatius.xtec.cat\/baixcamp\/wp-json\/wp\/v2\/pages\/13304","targetHints":{"allow":["GET"]}}],"collection":[{"href":"https:\/\/serveiseducatius.xtec.cat\/baixcamp\/wp-json\/wp\/v2\/pages"}],"about":[{"href":"https:\/\/serveiseducatius.xtec.cat\/baixcamp\/wp-json\/wp\/v2\/types\/page"}],"author":[{"embeddable":true,"href":"https:\/\/serveiseducatius.xtec.cat\/baixcamp\/wp-json\/wp\/v2\/users\/122"}],"replies":[{"embeddable":true,"href":"https:\/\/serveiseducatius.xtec.cat\/baixcamp\/wp-json\/wp\/v2\/comments?post=13304"}],"version-history":[{"count":6,"href":"https:\/\/serveiseducatius.xtec.cat\/baixcamp\/wp-json\/wp\/v2\/pages\/13304\/revisions"}],"predecessor-version":[{"id":15431,"href":"https:\/\/serveiseducatius.xtec.cat\/baixcamp\/wp-json\/wp\/v2\/pages\/13304\/revisions\/15431"}],"up":[{"embeddable":true,"href":"https:\/\/serveiseducatius.xtec.cat\/baixcamp\/wp-json\/wp\/v2\/pages\/14114"}],"wp:attachment":[{"href":"https:\/\/serveiseducatius.xtec.cat\/baixcamp\/wp-json\/wp\/v2\/media?parent=13304"}],"curies":[{"name":"wp","href":"https:\/\/api.w.org\/{rel}","templated":true}]}}