{"id":13135,"date":"2021-10-05T14:20:22","date_gmt":"2021-10-05T12:20:22","guid":{"rendered":"https:\/\/serveiseducatius.xtec.cat\/baixcamp\/?page_id=13135"},"modified":"2025-01-27T17:50:45","modified_gmt":"2025-01-27T16:50:45","slug":"kits-gaudi-les-matematiques-entren-per-les-mans","status":"publish","type":"page","link":"https:\/\/serveiseducatius.xtec.cat\/baixcamp\/recursos-2\/ambit-artistic-i-matematic\/kits-gaudi-les-matematiques-entren-per-les-mans\/","title":{"rendered":"Kits Gaud\u00ed: les matem\u00e0tiques entren per les mans"},"content":{"rendered":"<p><img loading=\"lazy\" decoding=\"async\" class=\"size-large wp-image-13117 alignright\" src=\"https:\/\/serveiseducatius.xtec.cat\/baixcamp\/wp-content\/uploads\/usu950\/2021\/10\/IMG_20211005_1233339392-600x449.jpg\" alt=\"\" width=\"600\" height=\"449\" srcset=\"https:\/\/serveiseducatius.xtec.cat\/baixcamp\/wp-content\/uploads\/usu950\/2021\/10\/IMG_20211005_1233339392-600x449.jpg 600w, https:\/\/serveiseducatius.xtec.cat\/baixcamp\/wp-content\/uploads\/usu950\/2021\/10\/IMG_20211005_1233339392-300x224.jpg 300w, https:\/\/serveiseducatius.xtec.cat\/baixcamp\/wp-content\/uploads\/usu950\/2021\/10\/IMG_20211005_1233339392-768x574.jpg 768w, https:\/\/serveiseducatius.xtec.cat\/baixcamp\/wp-content\/uploads\/usu950\/2021\/10\/IMG_20211005_1233339392-200x150.jpg 200w, https:\/\/serveiseducatius.xtec.cat\/baixcamp\/wp-content\/uploads\/usu950\/2021\/10\/IMG_20211005_1233339392.jpg 800w\" sizes=\"auto, (max-width: 600px) 100vw, 600px\" \/><\/p>\n<blockquote><p>\u201cEm van preguntar per qu\u00e8 feia columnes inclinades, al que vaig contestar: per la mateixa ra\u00f3<br \/>\nque el caminant cansat, en aturar, s\u2019apuntala amb el bast\u00f3 inclinat, ja que si es pos\u00e9s vertical,<br \/>\nno descansaria.\u201d<br \/>\n<strong>ANTONI GAUD\u00cd.<\/strong><\/p><\/blockquote>\n<p>El MMACA amb el seu lema <strong><span style=\"color: #ff6600;\"><em>&#8220;Les Matem\u00e0tiques entren per les ma<span style=\"color: #ff6600;\">ns!<\/span><\/em>&#8220;<\/span> <\/strong>ens acosta amb algunes de les seves propostes did\u00e0ctiques al treball de la geometria de manera vivencial.<\/p>\n<p><img loading=\"lazy\" decoding=\"async\" class=\" wp-image-13113 aligncenter\" src=\"https:\/\/serveiseducatius.xtec.cat\/baixcamp\/wp-content\/uploads\/usu950\/2021\/10\/MMACA.jpg\" alt=\"\" width=\"556\" height=\"240\" srcset=\"https:\/\/serveiseducatius.xtec.cat\/baixcamp\/wp-content\/uploads\/usu950\/2021\/10\/MMACA.jpg 313w, https:\/\/serveiseducatius.xtec.cat\/baixcamp\/wp-content\/uploads\/usu950\/2021\/10\/MMACA-300x129.jpg 300w\" sizes=\"auto, (max-width: 556px) 100vw, 556px\" \/><\/p>\n<blockquote><\/blockquote>\n<h5>ARC CATENARI<\/h5>\n<p>Les forces actuen a tot arreu, per\u00f2 la natura ha trobat la manera de compensar-ho. <strong>L&#8217;arc catenari<\/strong> no necessita contraforts per poder erigir-se.<\/p>\n<p style=\"font-family: 'Helvetica Neue', Helvetica, Helvetica, Arial, sans-serif; font-size: 16px;\"><img loading=\"lazy\" decoding=\"async\" class=\" wp-image-13118 alignright\" src=\"https:\/\/serveiseducatius.xtec.cat\/baixcamp\/wp-content\/uploads\/usu950\/2021\/10\/IMG_20211005_123526892_MP2-449x600.jpg\" alt=\"\" width=\"328\" height=\"438\" srcset=\"https:\/\/serveiseducatius.xtec.cat\/baixcamp\/wp-content\/uploads\/usu950\/2021\/10\/IMG_20211005_123526892_MP2-449x600.jpg 449w, https:\/\/serveiseducatius.xtec.cat\/baixcamp\/wp-content\/uploads\/usu950\/2021\/10\/IMG_20211005_123526892_MP2-225x300.jpg 225w, https:\/\/serveiseducatius.xtec.cat\/baixcamp\/wp-content\/uploads\/usu950\/2021\/10\/IMG_20211005_123526892_MP2-768x1026.jpg 768w, https:\/\/serveiseducatius.xtec.cat\/baixcamp\/wp-content\/uploads\/usu950\/2021\/10\/IMG_20211005_123526892_MP2.jpg 800w\" sizes=\"auto, (max-width: 328px) 100vw, 328px\" \/><span style=\"font-family: inherit; font-size: 1em;\">A<\/span><span style=\"font-family: inherit; font-size: 1em;\">quest arc pren el seu nom de la caten\u00e0ria o corba que descriu una <\/span><span style=\"font-family: inherit; font-size: 1em;\">cadena suspesa entre dos punts situats a id\u00e8ntica altura i que no aguanta altre pes <\/span><span style=\"font-family: inherit; font-size: 1em;\">que el seu propi. Voleu experimentar de primera m\u00e0 l&#8217;experi\u00e8ncia de la seva construcci\u00f3?<\/span><\/p>\n<p>Al CRP disposem de Kits en pr\u00e9stec perqu\u00e8 ho pugueu treballar a l&#8217;aula.<\/p>\n<h5>EL PARABOLOIDE<\/h5>\n<p>Paraboloide hiperb\u00f2lic: \u00e9s una de les superf\u00edcies regalades m\u00e9s utilitzades pel Antoni Gaud\u00ed, el podem trobar a teulades i construccions de l&#8217;arquitecte arreu, per\u00f2 us hav\u00edeu plantejat la<\/p>\n<p>p<img loading=\"lazy\" decoding=\"async\" class=\" wp-image-13122 alignleft\" src=\"https:\/\/serveiseducatius.xtec.cat\/baixcamp\/wp-content\/uploads\/usu950\/2021\/10\/IMG_20211005_123048157_HDR2-449x600.jpg\" alt=\"\" width=\"304\" height=\"406\" srcset=\"https:\/\/serveiseducatius.xtec.cat\/baixcamp\/wp-content\/uploads\/usu950\/2021\/10\/IMG_20211005_123048157_HDR2-449x600.jpg 449w, https:\/\/serveiseducatius.xtec.cat\/baixcamp\/wp-content\/uploads\/usu950\/2021\/10\/IMG_20211005_123048157_HDR2-225x300.jpg 225w, https:\/\/serveiseducatius.xtec.cat\/baixcamp\/wp-content\/uploads\/usu950\/2021\/10\/IMG_20211005_123048157_HDR2-768x1026.jpg 768w, https:\/\/serveiseducatius.xtec.cat\/baixcamp\/wp-content\/uploads\/usu950\/2021\/10\/IMG_20211005_123048157_HDR2.jpg 800w\" sizes=\"auto, (max-width: 304px) 100vw, 304px\" \/><span style=\"font-family: inherit; font-size: 1em;\">ossibilitat de construir un model de <\/span><strong style=\"font-family: inherit; font-size: 1em;\">taules de multiplicar 3D<\/strong><span style=\"font-family: inherit; font-size: 1em;\"> amb un d&#8217;ells?<\/span><\/p>\n<p>Amb la <a href=\"https:\/\/drive.google.com\/file\/d\/16tVte7bOLp-s6mjsmjpR53d9DGBcjlFn\/view?usp=sharing\" target=\"_blank\" rel=\"noopener\">Guia Did\u00e0ctica<\/a> que us enllacem trobareu aquesta i altres propostes per poder aplicar aquests models a les vostres activitats d&#8217;aula.<\/p>\n<h5><\/h5>\n<h5><\/h5>\n<h5><\/h5>\n<h5 style=\"text-align: right;\">L&#8217;HIPERBOLOIDE<\/h5>\n<h5><img loading=\"lazy\" decoding=\"async\" class=\"wp-image-13130 size-large alignright\" style=\"font-size: 16px; font-weight: 400;\" src=\"https:\/\/serveiseducatius.xtec.cat\/baixcamp\/wp-content\/uploads\/usu950\/2021\/10\/IMG_20211005_123803057_HDR2-449x600.jpg\" alt=\"\" width=\"449\" height=\"600\" srcset=\"https:\/\/serveiseducatius.xtec.cat\/baixcamp\/wp-content\/uploads\/usu950\/2021\/10\/IMG_20211005_123803057_HDR2-449x600.jpg 449w, https:\/\/serveiseducatius.xtec.cat\/baixcamp\/wp-content\/uploads\/usu950\/2021\/10\/IMG_20211005_123803057_HDR2-225x300.jpg 225w, https:\/\/serveiseducatius.xtec.cat\/baixcamp\/wp-content\/uploads\/usu950\/2021\/10\/IMG_20211005_123803057_HDR2-768x1025.jpg 768w, https:\/\/serveiseducatius.xtec.cat\/baixcamp\/wp-content\/uploads\/usu950\/2021\/10\/IMG_20211005_123803057_HDR2.jpg 800w\" sizes=\"auto, (max-width: 449px) 100vw, 449px\" \/><\/h5>\n<h5><\/h5>\n<h5><\/h5>\n<h5><\/h5>\n<h5><\/h5>\n<h5>Per saber-ne m\u00e9s&#8230;<\/h5>\n<p>El <a href=\"https:\/\/mmaca.cat\/\" target=\"_blank\" rel=\"noopener\">MMACA (Museu de les Matem\u00e0tiques de Catalunya)<\/a> us ofereix <a href=\"https:\/\/mmaca.cat\/recursos\/descarregues\/\">g<\/a><a href=\"https:\/\/mmaca.cat\/recursos\/descarregues\/\" target=\"_blank\" rel=\"noopener\">uies did\u00e0ctiques<\/a> per poder &#8220;<span style=\"color: #ff6600;\"><em><strong>Gaudi<\/strong><\/em><\/span>r&#8221; amb l&#8217;alumnat del vostre centre i aplicar les matem\u00e0tiques manipulatives en el treball de l&#8217;\u00e0rea.<\/p>\n<h5 style=\"text-align: right;\"><\/h5>\n<p>Tenim altres materials matem\u00e0tics en pr\u00e9stec al nostre <a href=\"https:\/\/serveiseducatius.xtec.cat\/baixcamp\/recursos-2\/cataleg-servei-prestec\/\">Cat\u00e0leg de pr\u00e9stec<\/a><\/p>\n<h6><strong>Condicions del pr\u00e9stec<\/strong><\/h6>\n<p><a href=\"https:\/\/docs.google.com\/forms\/d\/e\/1FAIpQLSeiqVv1PUUf81MY7i6Tap5qQyg3N9sw4Ic1EA7EnDeTdf6rMw\/viewform?usp=sf_link\"><img loading=\"lazy\" decoding=\"async\" class=\"alignleft wp-image-8976 size-full\" src=\"https:\/\/serveiseducatius.xtec.cat\/baixcamp\/wp-content\/uploads\/usu950\/2018\/10\/sol\u00b7licitud-pr\u00e9stec.png\" alt=\"\" width=\"155\" height=\"76\" \/><\/a>Durada: m\u00e0xim <span style=\"text-decoration: underline;\">3 setmanes per centre al llarg del curs escolar<\/span><\/p>\n<p><strong>Recollida i retorn del pr\u00e9stec<\/strong>: de dilluns a divendres d\u201911h a 14h i de 16h a 18h<\/p>\n<p>(durant les dates del per\u00edode de pr\u00e9stec sol\u00b7licitat)<\/p>\n<p>Per altres per\u00edodes o modificacions del pr\u00e9stec, consulteu a <a href=\"mailto:e3990102@xtec.cat\">e3990102@xtec.cat<\/a><\/p>\n<h6><strong>Normes d\u2019\u00fas<\/strong><\/h6>\n<ul>\n<li>\u00a0\u00c9s responsabilitat de l\u2019usuari assegurar-se del material que se li lliura a l\u2019inici de la reserva.<\/li>\n<li>\u00a0Qualsevol p\u00e8rdua o desperfecte del material ser\u00e0 responsabilitat del centre educatiu, que haur\u00e0 de reposar-lo.<\/li>\n<li>\u00a0Cal retornar correcte el material; se\u2019n far\u00e0 la comprovaci\u00f3.<\/li>\n<li>\u00a0Cal comunicar qualsevol incid\u00e8ncia que es produeixi durant el seu \u00fas.<\/li>\n<\/ul>\n<p><iframe loading=\"lazy\" style=\"border: 0;\" src=\"https:\/\/calendar.google.com\/calendar\/embed?src=c_hn6qvhogasv4jnubcsoofmmjhs%40group.calendar.google.com&amp;ctz=Europe%2FParis\" width=\"600\" height=\"600\" frameborder=\"0\" scrolling=\"no\"><\/iframe><\/p>\n","protected":false},"excerpt":{"rendered":"<p>\u201cEm van preguntar per qu\u00e8 feia columnes inclinades, al que vaig contestar: per la mateixa ra\u00f3 que el caminant cansat, en aturar, s\u2019apuntala amb el bast\u00f3 inclinat, ja que si es pos\u00e9s vertical, no descansaria.\u201d ANTONI GAUD\u00cd. El MMACA amb el seu lema &#8220;Les Matem\u00e0tiques entren per les mans!&#8220; ens acosta amb algunes de les [&hellip;]<\/p>\n","protected":false},"author":122,"featured_media":0,"parent":14121,"menu_order":0,"comment_status":"closed","ping_status":"closed","template":"page-templates\/side-menu.php","meta":{"_bbp_topic_count":0,"_bbp_reply_count":0,"_bbp_total_topic_count":0,"_bbp_total_reply_count":0,"_bbp_voice_count":0,"_bbp_anonymous_reply_count":0,"_bbp_topic_count_hidden":0,"_bbp_reply_count_hidden":0,"_bbp_forum_subforum_count":0,"site-sidebar-layout":"default","site-content-layout":"","ast-site-content-layout":"","site-content-style":"default","site-sidebar-style":"default","ast-global-header-display":"","ast-banner-title-visibility":"","ast-main-header-display":"","ast-hfb-above-header-display":"","ast-hfb-below-header-display":"","ast-hfb-mobile-header-display":"","site-post-title":"","ast-breadcrumbs-content":"","ast-featured-img":"","footer-sml-layout":"","theme-transparent-header-meta":"","adv-header-id-meta":"","stick-header-meta":"","header-above-stick-meta":"","header-main-stick-meta":"","header-below-stick-meta":"","astra-migrate-meta-layouts":"default","ast-page-background-enabled":"default","ast-page-background-meta":{"desktop":{"background-color":"var(--ast-global-color-4)","background-image":"","background-repeat":"repeat","background-position":"center center","background-size":"auto","background-attachment":"scroll","background-type":"","background-media":"","overlay-type":"","overlay-color":"","overlay-opacity":"","overlay-gradient":""},"tablet":{"background-color":"","background-image":"","background-repeat":"repeat","background-position":"center center","background-size":"auto","background-attachment":"scroll","background-type":"","background-media":"","overlay-type":"","overlay-color":"","overlay-opacity":"","overlay-gradient":""},"mobile":{"background-color":"","background-image":"","background-repeat":"repeat","background-position":"center center","background-size":"auto","background-attachment":"scroll","background-type":"","background-media":"","overlay-type":"","overlay-color":"","overlay-opacity":"","overlay-gradient":""}},"ast-content-background-meta":{"desktop":{"background-color":"var(--ast-global-color-5)","background-image":"","background-repeat":"repeat","background-position":"center center","background-size":"auto","background-attachment":"scroll","background-type":"","background-media":"","overlay-type":"","overlay-color":"","overlay-opacity":"","overlay-gradient":""},"tablet":{"background-color":"var(--ast-global-color-5)","background-image":"","background-repeat":"repeat","background-position":"center center","background-size":"auto","background-attachment":"scroll","background-type":"","background-media":"","overlay-type":"","overlay-color":"","overlay-opacity":"","overlay-gradient":""},"mobile":{"background-color":"var(--ast-global-color-5)","background-image":"","background-repeat":"repeat","background-position":"center center","background-size":"auto","background-attachment":"scroll","background-type":"","background-media":"","overlay-type":"","overlay-color":"","overlay-opacity":"","overlay-gradient":""}},"footnotes":""},"class_list":["post-13135","page","type-page","status-publish","hentry"],"post_mailing_queue_ids":[],"_links":{"self":[{"href":"https:\/\/serveiseducatius.xtec.cat\/baixcamp\/wp-json\/wp\/v2\/pages\/13135","targetHints":{"allow":["GET"]}}],"collection":[{"href":"https:\/\/serveiseducatius.xtec.cat\/baixcamp\/wp-json\/wp\/v2\/pages"}],"about":[{"href":"https:\/\/serveiseducatius.xtec.cat\/baixcamp\/wp-json\/wp\/v2\/types\/page"}],"author":[{"embeddable":true,"href":"https:\/\/serveiseducatius.xtec.cat\/baixcamp\/wp-json\/wp\/v2\/users\/122"}],"replies":[{"embeddable":true,"href":"https:\/\/serveiseducatius.xtec.cat\/baixcamp\/wp-json\/wp\/v2\/comments?post=13135"}],"version-history":[{"count":3,"href":"https:\/\/serveiseducatius.xtec.cat\/baixcamp\/wp-json\/wp\/v2\/pages\/13135\/revisions"}],"predecessor-version":[{"id":15506,"href":"https:\/\/serveiseducatius.xtec.cat\/baixcamp\/wp-json\/wp\/v2\/pages\/13135\/revisions\/15506"}],"up":[{"embeddable":true,"href":"https:\/\/serveiseducatius.xtec.cat\/baixcamp\/wp-json\/wp\/v2\/pages\/14121"}],"wp:attachment":[{"href":"https:\/\/serveiseducatius.xtec.cat\/baixcamp\/wp-json\/wp\/v2\/media?parent=13135"}],"curies":[{"name":"wp","href":"https:\/\/api.w.org\/{rel}","templated":true}]}}