{"id":13036,"date":"2021-09-30T17:59:13","date_gmt":"2021-09-30T15:59:13","guid":{"rendered":"https:\/\/serveiseducatius.xtec.cat\/baixcamp\/?page_id=13036"},"modified":"2025-01-21T12:35:13","modified_gmt":"2025-01-21T11:35:13","slug":"kits-esero-european-space-education-resource-office","status":"publish","type":"page","link":"https:\/\/serveiseducatius.xtec.cat\/baixcamp\/recursos-2\/ambit-cientific-tecnologic\/kits-esero-european-space-education-resource-office\/","title":{"rendered":"KITS Esero: European Space Education Resource Office"},"content":{"rendered":"<p id=\"tw-target-text\" class=\"tw-data-text tw-text-large XcVN5d tw-ta\" dir=\"ltr\" data-placeholder=\"Traducci\u00f3\"><span class=\"Y2IQFc\" lang=\"ca\">Els Kits de mat<\/span><span class=\"Y2IQFc\" lang=\"ca\">erials ESERO Spain s\u00f3n una eina destinada al docent, per tal de dur a terme a l&#8217;aula activitats pr\u00e0ctiques <strong>basades en la indagaci\u00f3 (metodologia IBSE).<\/strong><\/span><\/p>\n<p><img loading=\"lazy\" decoding=\"async\" class=\"wp-image-13042 alignnone\" src=\"https:\/\/serveiseducatius.xtec.cat\/baixcamp\/wp-content\/uploads\/usu950\/2021\/09\/esero.jpg\" alt=\"\" width=\"623\" height=\"499\" srcset=\"https:\/\/serveiseducatius.xtec.cat\/baixcamp\/wp-content\/uploads\/usu950\/2021\/09\/esero.jpg 508w, https:\/\/serveiseducatius.xtec.cat\/baixcamp\/wp-content\/uploads\/usu950\/2021\/09\/esero-300x240.jpg 300w\" sizes=\"auto, (max-width: 623px) 100vw, 623px\" \/><\/p>\n<p class=\"tw-data-text tw-text-large XcVN5d tw-ta\" dir=\"ltr\" data-placeholder=\"Traducci\u00f3\"><span class=\"Y2IQFc\" lang=\"ca\">Els Kits estan formats per un conjunt de materials que permeten dur a terme experiments, relacionats amb els continguts dels <a href=\"https:\/\/esero.es\/tipo-recurso\/guia\/\" target=\"_blank\" rel=\"noopener\">quadernets did\u00e0ctics<\/a>. Aquests kits estan a disposici\u00f3 el professorat que participa en programes d&#8217;innovaci\u00f3 educativa i formacions coordinades pels Serveis Educatius a cada Comunitat Aut\u00f2noma.<\/span><\/p>\n<h4 dir=\"ltr\" data-placeholder=\"Traducci\u00f3\"><\/h4>\n<h4 dir=\"ltr\" data-placeholder=\"Traducci\u00f3\"><\/h4>\n<h4 id=\"tw-target-text\" class=\"tw-data-text tw-text-large XcVN5d tw-ta\" dir=\"ltr\" data-placeholder=\"Traducci\u00f3\"><span class=\"Y2IQFc\" lang=\"ca\"><img loading=\"lazy\" decoding=\"async\" class=\"alignleft\" src=\"https:\/\/esero.es\/wp-content\/uploads\/2021\/04\/esero-kit-deteccion-exoplanetas.png\" width=\"314\" height=\"253\" \/><a href=\"https:\/\/esero.es\/recursos\/kits\/kit-deteccion-de-exoplanetas\/\" target=\"_blank\" rel=\"noopener\">Kit de Detecci\u00f3 d&#8217;exoplanetes<\/a><\/span><\/h4>\n<h6 class=\"tw-data-text tw-text-large XcVN5d tw-ta\" dir=\"ltr\" data-placeholder=\"Traducci\u00f3\"><span class=\"Y2IQFc\" lang=\"ca\">Quines eines necessitem per detectar exoplanetes?<\/span><\/h6>\n<p><span class=\"Y2IQFc\" lang=\"ca\" style=\"font-family: inherit; font-size: 1em;\">En aquest kit trobar\u00e0s experi\u00e8ncies senzilles (m\u00e8tode del tr\u00e0nsit, cromatografia b\u00e0sica per detectar components de l&#8217;atmosfera, detecci\u00f3 de<\/span><span style=\"font-family: inherit; font-size: 1em;\">l camp magn\u00e8tic, vida en condicions extremes, etc.) que permetran a l&#8217;alumnat realitzar hip\u00f2tesis sobre la possible exist\u00e8ncia de vida en altres sistemes planetaris reals.\u00a0<\/span><\/p>\n<p><img loading=\"lazy\" decoding=\"async\" class=\"aligncenter\" src=\"https:\/\/esero.es\/wp-content\/uploads\/2019\/09\/0009_exoplanetas_tema1-1300x974.jpg\" width=\"471\" height=\"353\" \/><\/p>\n<p><span style=\"font-family: inherit; font-size: 1em;\">.<\/span><\/p>\n<h4 dir=\"ltr\" data-placeholder=\"Traducci\u00f3\"><\/h4>\n<h4 dir=\"ltr\" data-placeholder=\"Traducci\u00f3\"><\/h4>\n<h4 dir=\"ltr\" data-placeholder=\"Traducci\u00f3\"><\/h4>\n<h4 dir=\"ltr\" data-placeholder=\"Traducci\u00f3\"><\/h4>\n<h4 dir=\"ltr\" data-placeholder=\"Traducci\u00f3\"><\/h4>\n<h4 dir=\"ltr\" data-placeholder=\"Traducci\u00f3\"><\/h4>\n<h4 dir=\"ltr\" data-placeholder=\"Traducci\u00f3\"><\/h4>\n<h4 dir=\"ltr\" data-placeholder=\"Traducci\u00f3\"><\/h4>\n<h4 dir=\"ltr\" data-placeholder=\"Traducci\u00f3\"><\/h4>\n<h4 dir=\"ltr\" data-placeholder=\"Traducci\u00f3\"><\/h4>\n<h4 dir=\"ltr\" data-placeholder=\"Traducci\u00f3\"><\/h4>\n<h4 id=\"tw-target-text\" class=\"tw-data-text tw-text-large XcVN5d tw-ta\" dir=\"ltr\" style=\"text-align: right;\" data-placeholder=\"Traducci\u00f3\"><span class=\"Y2IQFc\" lang=\"ca\"><a href=\"https:\/\/esero.es\/recursos\/kits\/kit-ingenieria-de-astronaves\/\" target=\"_blank\" rel=\"noopener\">Kit d&#8217;enginyeria d&#8217;astronaus<\/a><img loading=\"lazy\" decoding=\"async\" class=\"alignright\" src=\"https:\/\/esero.es\/wp-content\/uploads\/2021\/04\/esero-kit-ingenieria-astronaves.png\" alt=\"esero-kit-ingenieria-astronaves\" width=\"341\" height=\"276\" \/><\/span><\/h4>\n<p id=\"tw-target-text\" class=\"tw-data-text tw-text-large XcVN5d tw-ta\" dir=\"ltr\" style=\"text-align: right;\" data-placeholder=\"Traducci\u00f3\"><span class=\"Y2IQFc\" lang=\"ca\">Aquest equip de treball cont\u00e9 diversos kits de materials i components per experimentar amb les seves propietats f\u00edsiques,<\/span><\/p>\n<p class=\"tw-data-text tw-text-large XcVN5d tw-ta\" dir=\"ltr\" style=\"text-align: right;\" data-placeholder=\"Traducci\u00f3\"><span class=\"Y2IQFc\" lang=\"ca\">per tal de descobrir quins s\u00f3n m\u00e9s adequats per construir una astronau.<\/span><\/p>\n<h4 dir=\"ltr\" data-placeholder=\"Traducci\u00f3\"><img loading=\"lazy\" decoding=\"async\" class=\"aligncenter\" src=\"https:\/\/esero.es\/wp-content\/uploads\/2019\/09\/0002_astronaves_03-1300x975.jpg\" width=\"457\" height=\"343\" \/><\/h4>\n<h4 id=\"tw-target-text\" class=\"tw-data-text tw-text-large XcVN5d tw-ta\" dir=\"ltr\" data-placeholder=\"Traducci\u00f3\"><\/h4>\n<blockquote>\n<p id=\"tw-target-text\" class=\"tw-data-text tw-text-large XcVN5d tw-ta\" dir=\"ltr\" data-placeholder=\"Traducci\u00f3\"><span class=\"Y2IQFc\" lang=\"ca\">La missi\u00f3 ORION est\u00e0 a punt de completar-se, l&#8217;any que ve veurem les primeres proves sense tripulaci\u00f3&#8230;..<\/span><\/p>\n<\/blockquote>\n<p class=\"tw-data-text tw-text-large XcVN5d tw-ta\" dir=\"ltr\" data-placeholder=\"Traducci\u00f3\"><span class=\"Y2IQFc\" lang=\"ca\">La nau que permetr\u00e0 viatjar per l&#8217;espai profund a una nova generaci\u00f3 d&#8217;astronautes ja est\u00e0 en marxa. Pots ajudar-nos a seleccionar els millors materials per acabar de construir-la?<\/span><\/p>\n<blockquote>\n<p class=\"tw-data-text tw-text-large XcVN5d tw-ta\" dir=\"ltr\" data-placeholder=\"Traducci\u00f3\"><span style=\"color: #000000;\"><strong><span class=\"Y2IQFc\" lang=\"ca\">A m\u00e9s cont\u00e9 un kit de materials reals del Sat\u00e8l\u00b7lit Cheops!<\/span><\/strong><\/span><\/p>\n<p><span class=\"Y2IQFc\" lang=\"ca\" style=\"color: #000000;\">Els materials que es van utilitzar per a la construcci\u00f3 del sat\u00e8l\u00b7lit que va ser llan\u00e7at al desembre de 2019 i que ens ajudar\u00e0 a caracteritzar exoplanetes. Serem capa\u00e7os de que Ori\u00f3 i Cheops orbitin junts?<\/span><\/p><\/blockquote>\n<h4>Per saber-ne m\u00e9s&#8230;<\/h4>\n<p>Tots els materials tenen propostes did\u00e0ctiques per prim\u00e0ria i secund\u00e0ria que podreu descarregar de la <a href=\"https:\/\/esero.es\/recursos\/\" target=\"_blank\" rel=\"noopener\">web de Esero Spain<\/a><\/p>\n<p dir=\"ltr\" style=\"text-align: left;\" data-placeholder=\"Traducci\u00f3\"><a style=\"color: #2795b6;\" href=\"https:\/\/projectes.xtec.cat\/exelearning\/\"><img loading=\"lazy\" decoding=\"async\" class=\"alignleft\" src=\"https:\/\/projectes.xtec.cat\/exelearning\/wp-content\/uploads\/usu2529\/2021\/05\/exelearning_155.png\" width=\"137\" height=\"123\" \/><\/a>A la mateixa web podreu trobar activitats i guies d&#8217;<a href=\"https:\/\/exelearning.net\/ca\/\" target=\"_blank\" rel=\"noopener\">eXeLearning<\/a><\/p>\n<p dir=\"ltr\" style=\"text-align: left;\" data-placeholder=\"Traducci\u00f3\">Un editor de recursos educatius que compta amb el suport del Departament d&#8217;Educaci\u00f3.<\/p>\n<p style=\"font-family: 'Helvetica Neue', Helvetica, Helvetica, Arial, sans-serif; font-size: 16px;\"><a href=\"https:\/\/esero.es\/recursos\/practicas-en-abierto\/\"><img loading=\"lazy\" decoding=\"async\" class=\"alignright\" src=\"https:\/\/esero.es\/wp-content\/uploads\/2021\/05\/esero-practicas.png\" alt=\"\" width=\"281\" height=\"187\" \/><\/a><\/p>\n<p><span style=\"font-family: inherit; font-size: 1em;\">Al seu<a href=\"https:\/\/projectes.xtec.cat\/exelearning\/\"> Nodes<\/a> podreu trobar <\/span><span style=\"font-family: inherit; font-size: 1em;\">guies i articles del vostre inter\u00e8s.<\/span><\/p>\n<table style=\"border-collapse: collapse; width: 100%;\">\n<tbody>\n<tr>\n<td style=\"width: 53.5654%;\"><iframe loading=\"lazy\" style=\"border: 0;\" src=\"https:\/\/calendar.google.com\/calendar\/embed?src=c_dmn67lcpgcci2nun5a3lo7vcd0%40group.calendar.google.com&amp;ctz=Europe%2FParis\" width=\"600\" height=\"400\" frameborder=\"0\" scrolling=\"no\"><\/iframe><\/td>\n<td style=\"width: 14.4065%;\"><a href=\"https:\/\/docs.google.com\/forms\/d\/e\/1FAIpQLSck62gjJrz-CUlyw46VVJ6PTDQ8W3O5aTszVVq-k0tvrFUzJA\/viewform?usp=sf_link\"><img loading=\"lazy\" decoding=\"async\" class=\"alignleft wp-image-8610\" src=\"http:\/\/serveiseducatius.xtec.cat\/baixcamp\/wp-content\/uploads\/usu950\/2018\/09\/sol\u00b7licitud-pr\u00e9stec.png\" alt=\"\" width=\"181\" height=\"89\" \/><\/a><\/td>\n<td style=\"width: 32.028%;\">\n<div class=\"entry-content\">\n<h6><strong>Condicions del pr\u00e9stec<\/strong><\/h6>\n<p><strong>Durada:<\/strong>\u00a0 2 setmanes<\/p>\n<p>Per altres per\u00edodes o modificacions del pr\u00e9stec, consulteu a\u00a0<a href=\"mailto:e3990102@xtec.cat\">e3990102@xtec.cat<\/a><\/p>\n<p><strong>Recollida i retorn del pr\u00e9stec<\/strong>: de dilluns a divendres d\u201911h a 14h i de 16h a 18h<\/p>\n<p>(durant les dates del per\u00edode de pr\u00e9stec sol\u00b7licitat)<\/p>\n<h6><strong>Normes d\u2019\u00fas<\/strong><\/h6>\n<ul>\n<li>\u00a0\u00c9s responsabilitat de l\u2019usuari assegurar-se del material que se li lliura a l\u2019inici de la reserva.<\/li>\n<li>\u00a0Qualsevol p\u00e8rdua o desperfecte del material ser\u00e0 responsabilitat del centre educatiu, que haur\u00e0 de reposar-lo.<\/li>\n<li>\u00a0Cal retornar el kit complet i en bon estat; se\u2019n far\u00e0 la comprovaci\u00f3.<\/li>\n<li>\u00a0Cal comunicar qualsevol incid\u00e8ncia que es produeixi durant el seu \u00fas.<\/li>\n<\/ul>\n<\/div>\n<footer class=\"entry-footer\">\n<div class=\"edit-link\"><a class=\"post-edit-link\" href=\"https:\/\/serveiseducatius.xtec.cat\/baixcamp\/wp-admin\/post.php?post=13135&amp;action=edit\">Edita<\/a><\/div>\n<\/footer>\n<\/td>\n<\/tr>\n<\/tbody>\n<\/table>\n","protected":false},"excerpt":{"rendered":"<p>Els Kits de materials ESERO Spain s\u00f3n una eina destinada al docent, per tal de dur a terme a l&#8217;aula activitats pr\u00e0ctiques basades en la indagaci\u00f3 (metodologia IBSE). Els Kits estan formats per un conjunt de materials que permeten dur a terme experiments, relacionats amb els continguts dels quadernets did\u00e0ctics. Aquests kits estan a disposici\u00f3 [&hellip;]<\/p>\n","protected":false},"author":122,"featured_media":0,"parent":14114,"menu_order":132,"comment_status":"closed","ping_status":"closed","template":"page-templates\/side-menu.php","meta":{"_bbp_topic_count":0,"_bbp_reply_count":0,"_bbp_total_topic_count":0,"_bbp_total_reply_count":0,"_bbp_voice_count":0,"_bbp_anonymous_reply_count":0,"_bbp_topic_count_hidden":0,"_bbp_reply_count_hidden":0,"_bbp_forum_subforum_count":0,"site-sidebar-layout":"default","site-content-layout":"","ast-site-content-layout":"","site-content-style":"default","site-sidebar-style":"default","ast-global-header-display":"","ast-banner-title-visibility":"","ast-main-header-display":"","ast-hfb-above-header-display":"","ast-hfb-below-header-display":"","ast-hfb-mobile-header-display":"","site-post-title":"","ast-breadcrumbs-content":"","ast-featured-img":"","footer-sml-layout":"","theme-transparent-header-meta":"","adv-header-id-meta":"","stick-header-meta":"","header-above-stick-meta":"","header-main-stick-meta":"","header-below-stick-meta":"","astra-migrate-meta-layouts":"default","ast-page-background-enabled":"default","ast-page-background-meta":{"desktop":{"background-color":"var(--ast-global-color-4)","background-image":"","background-repeat":"repeat","background-position":"center center","background-size":"auto","background-attachment":"scroll","background-type":"","background-media":"","overlay-type":"","overlay-color":"","overlay-opacity":"","overlay-gradient":""},"tablet":{"background-color":"","background-image":"","background-repeat":"repeat","background-position":"center center","background-size":"auto","background-attachment":"scroll","background-type":"","background-media":"","overlay-type":"","overlay-color":"","overlay-opacity":"","overlay-gradient":""},"mobile":{"background-color":"","background-image":"","background-repeat":"repeat","background-position":"center center","background-size":"auto","background-attachment":"scroll","background-type":"","background-media":"","overlay-type":"","overlay-color":"","overlay-opacity":"","overlay-gradient":""}},"ast-content-background-meta":{"desktop":{"background-color":"var(--ast-global-color-5)","background-image":"","background-repeat":"repeat","background-position":"center center","background-size":"auto","background-attachment":"scroll","background-type":"","background-media":"","overlay-type":"","overlay-color":"","overlay-opacity":"","overlay-gradient":""},"tablet":{"background-color":"var(--ast-global-color-5)","background-image":"","background-repeat":"repeat","background-position":"center center","background-size":"auto","background-attachment":"scroll","background-type":"","background-media":"","overlay-type":"","overlay-color":"","overlay-opacity":"","overlay-gradient":""},"mobile":{"background-color":"var(--ast-global-color-5)","background-image":"","background-repeat":"repeat","background-position":"center center","background-size":"auto","background-attachment":"scroll","background-type":"","background-media":"","overlay-type":"","overlay-color":"","overlay-opacity":"","overlay-gradient":""}},"footnotes":""},"class_list":["post-13036","page","type-page","status-publish","hentry"],"post_mailing_queue_ids":[],"_links":{"self":[{"href":"https:\/\/serveiseducatius.xtec.cat\/baixcamp\/wp-json\/wp\/v2\/pages\/13036","targetHints":{"allow":["GET"]}}],"collection":[{"href":"https:\/\/serveiseducatius.xtec.cat\/baixcamp\/wp-json\/wp\/v2\/pages"}],"about":[{"href":"https:\/\/serveiseducatius.xtec.cat\/baixcamp\/wp-json\/wp\/v2\/types\/page"}],"author":[{"embeddable":true,"href":"https:\/\/serveiseducatius.xtec.cat\/baixcamp\/wp-json\/wp\/v2\/users\/122"}],"replies":[{"embeddable":true,"href":"https:\/\/serveiseducatius.xtec.cat\/baixcamp\/wp-json\/wp\/v2\/comments?post=13036"}],"version-history":[{"count":3,"href":"https:\/\/serveiseducatius.xtec.cat\/baixcamp\/wp-json\/wp\/v2\/pages\/13036\/revisions"}],"predecessor-version":[{"id":15418,"href":"https:\/\/serveiseducatius.xtec.cat\/baixcamp\/wp-json\/wp\/v2\/pages\/13036\/revisions\/15418"}],"up":[{"embeddable":true,"href":"https:\/\/serveiseducatius.xtec.cat\/baixcamp\/wp-json\/wp\/v2\/pages\/14114"}],"wp:attachment":[{"href":"https:\/\/serveiseducatius.xtec.cat\/baixcamp\/wp-json\/wp\/v2\/media?parent=13036"}],"curies":[{"name":"wp","href":"https:\/\/api.w.org\/{rel}","templated":true}]}}