{"id":13010,"date":"2021-09-23T13:51:02","date_gmt":"2021-09-23T11:51:02","guid":{"rendered":"https:\/\/serveiseducatius.xtec.cat\/baixcamp\/?page_id=13010"},"modified":"2025-11-13T10:44:56","modified_gmt":"2025-11-13T09:44:56","slug":"maleta-de-lhort-a-casa","status":"publish","type":"page","link":"https:\/\/serveiseducatius.xtec.cat\/baixcamp\/cataleg-servei-prestec\/maleta-de-lhort-a-casa\/","title":{"rendered":"Maleta de l&#8217;hort a casa"},"content":{"rendered":"\n<p><strong>Codi:<\/strong><br>Maleta &#8220;De l&#8217;hort a casa&#8221;: <strong>R703 De l&#8217;hort a casa<\/strong><\/p>\n\n\n\n<p><strong>A qui s\u2019adre\u00e7a:<\/strong><br>Educaci\u00f3 prim\u00e0ria i secund\u00e0ria<\/p>\n\n\n<p><img decoding=\"async\" class=\"alignleft\" src=\"https:\/\/serveiseducatius.xtec.cat\/baixebre\/wp-content\/uploads\/usu624\/2017\/12\/hort_a_casa.jpg\" alt=\"De l&amp;#39;hort a casa | Servei Educatiu del Baix Ebre\" \/><\/p>\n<p>La maleta pedag\u00f2gica &#8220;De l\u2019hort a casa&#8221;, realitzada amb la intervenci\u00f3 de <a href=\"http:\/\/www.vidasana.org\/\" target=\"_blank\" rel=\"noopener\">l\u2019associaci\u00f3 Vida Sana<\/a>\u00a0est\u00e0 formada per diversos materials did\u00e0ctics per a alumnat i professorat de Prim\u00e0ria i Secund\u00e0ria. Ofereix els recursos pedag\u00f2gics necessaris per con\u00e8ixer qu\u00e8 \u00e9s l\u2019agricultura ecol\u00f2gica i poder portar-la a la pr\u00e0ctica. A l\u2019interior de la maleta es troben propostes d\u2019activitats f\u00e0cils d\u2019integrar en projectes escolars destinats a desenvolupar compet\u00e8ncies orientades a fer un \u00fas responsable dels recursos naturals i tenir cura del medi ambient.<\/p>\n<p>La maleta consta de:<\/p>\n<ul>\n<li aria-level=\"1\"><a href=\"https:\/\/drive.google.com\/file\/d\/1sYBOIgKNGLdNj872ONBPIKP7jo8BYQkm\/view?usp=sharing\" target=\"_blank\" rel=\"noopener\">Guia Did\u00e0ctica del professorat.<\/a><\/li>\n<\/ul>\n<ul>\n<li aria-level=\"1\"><a href=\"http:\/\/merli.xtec.cat\/merli\/cerca\/fitxaRecurs.jsp?idRecurs=\/91486&amp;sheetId=null&amp;nomUsuari=null&amp;inxtec=0\" target=\"_blank\" rel=\"noopener\">Guia de les esp\u00e8cies d\u2019horta m\u00e9s comunes a Catalunya.<\/a> \u00c9s un llibre de coneixements que recull un conjunt de fitxes, seleccionades a partir d\u2019entrevistes realitzades a avis i \u00e0vies de Catalunya. Cadascuna de les\u00a0<b>fitxes cont\u00e9 una imatge, informaci\u00f3 espec\u00edfica de l\u2019esp\u00e8cie i consells pr\u00e0ctics per aconseguir bons productes ecol\u00f2gics<\/b>. La informaci\u00f3 espec\u00edfica s\u2019organitza en diferents camps com ara el s\u00f2l, clima, sembra, reg, fertilitzaci\u00f3, plagues i malalties.<\/li>\n<\/ul>\n<p><img loading=\"lazy\" decoding=\"async\" class=\"size-full wp-image-13012 alignright\" src=\"https:\/\/serveiseducatius.xtec.cat\/baixcamp\/wp-content\/uploads\/usu950\/2021\/09\/Maleta-de-lhort-a-casa-1.jpg\" alt=\"\" width=\"600\" height=\"449\" srcset=\"https:\/\/serveiseducatius.xtec.cat\/baixcamp\/wp-content\/uploads\/usu950\/2021\/09\/Maleta-de-lhort-a-casa-1.jpg 600w, https:\/\/serveiseducatius.xtec.cat\/baixcamp\/wp-content\/uploads\/usu950\/2021\/09\/Maleta-de-lhort-a-casa-1-300x225.jpg 300w, https:\/\/serveiseducatius.xtec.cat\/baixcamp\/wp-content\/uploads\/usu950\/2021\/09\/Maleta-de-lhort-a-casa-1-200x150.jpg 200w\" sizes=\"auto, (max-width: 600px) 100vw, 600px\" \/><\/p>\n<ul>\n<li aria-level=\"1\">Llibre\u00a0Qu\u00e8 \u00e9s l\u2019agricultura ecol\u00f2gica?\u00a0D\u00f3na a con\u00e8ixer, amb un llenguatge planer i entenedor,\u00a0<b>els principis fonamentals de l\u2019agricultura ecol\u00f2gica.<\/b><\/li>\n<\/ul>\n<ul>\n<li aria-level=\"1\">Llibre\u00a0<a href=\"http:\/\/merli.xtec.cat\/merli\/cerca\/fitxaRecurs.jsp?idRecurs=\/10545&amp;sheetId=null&amp;nomUsuari=null&amp;inxtec=0\" target=\"_blank\" rel=\"noopener\">L\u2019hort escolar ecol\u00f2gic<\/a>.\u00a0<b>\u00c9<\/b><b>s un manual que combina els coneixements relacionats amb l\u2019hort amb lectures i propostes did\u00e0ctiques.<\/b><\/li>\n<\/ul>\n<ul>\n<li aria-level=\"1\">Joc de la Bioca. De col a col avan\u00e7a el caragol.\u00a0<b>Joc de preguntes i respostes que t\u00e9 com a objectiu passar una bona estona compartint reflexions al voltant de l\u2018hort ecol\u00f2gic i el respecte pel medi ambient<\/b>. Per aquest motiu, els continguts proposats s\u00f3n molt amplis i abasten aspectes relacionats amb el coneixement del calendari de l\u2018hort, la sostenibilitat, el compost o el reciclatge. Es tracta d\u2018una adaptaci\u00f3 del popular joc de l\u2018oca amb una nova cantarella: de col en col avan\u00e7a el cargol.<\/li>\n<\/ul>\n<ul>\n<li aria-level=\"1\">Joc D\u00f3na la cara.\u00a0<b>Es<\/b>\u00a0<b>tracta d\u2018un joc motriu de persecuci\u00f3 que simula les relacions aliment\u00e0ries\u00a0<\/b>que es poden donar en un hort ecol\u00f2gic per comparar-les amb les que es donen en un hort en qu\u00e8 es practica l\u2018agricultura intensiva.<\/li>\n<\/ul>\n<ul>\n<li aria-level=\"1\">Materials per experimentar amb el s\u00f2l.\u00a0A trav\u00e9s d\u2018aquest joc es pret\u00e9n donar a\u00a0<b>con\u00e8ixer les propietats del s\u00f2l\u00a0<\/b>per tal de tenir una idea m\u00e9s clara de com \u00e9s el nostre s\u00f2l per tal d\u2018iniciar amb m\u00e9s \u00e8xit el nostre hort ecol\u00f2gic.<\/li>\n<\/ul>\n<ul>\n<li aria-level=\"1\"><a href=\"https:\/\/drive.google.com\/file\/d\/1psQq9WAeVhV1bgFYo-qgQf_GeUX-DTVO\/view?usp=sharing\" target=\"_blank\" rel=\"noopener\"><strong>Calendari de l\u2019hort escolar<\/strong><\/a>.\u00a0Amb aquest calendari es pret\u00e9n\u00a0<b>diferenciar amb facilitat les esp\u00e8cies pr\u00f2pies de l\u2018hort de tardor- hivern, les de l\u2018hort de primavera-estiu\u00a0<\/b>i les que es poden conrear tot l\u2018any. D\u2018altra banda, tamb\u00e9 s\u2018indica si la sembra s\u2018ha de fer directament amb les llavors o si s\u2018ha d\u2018iniciar amb planter. Les 26 esp\u00e8cies d\u2018horta que es presenten s\u00f3n les m\u00e9s cl\u00e0ssiques dels horts i estan ordenades segons la part de la planta que es menja. El calendari es complementa amb tota una s\u00e8rie de suggeriments per treballar a l\u2018hort i una justificaci\u00f3 de l\u2018agricultura ecol\u00f2gica que poden donar peu a debats constructius.<\/li>\n<\/ul>\n<ul>\n<li aria-level=\"1\"><a href=\"http:\/\/merli.xtec.cat\/merli\/cerca\/fitxaRecurs.jsp?idRecurs=\/91484&amp;sheetId=null&amp;nomUsuari=null&amp;inxtec=0\" target=\"_blank\" rel=\"noopener\">HorTAC<\/a>. HorTAC \u00e9s un\u00a0<b>CD-ROM que pret\u00e9n desenvolupar un conjunt d\u2018habilitats que s\u00f3n necess\u00e0ries per resoldre una s\u00e8rie de reptes mitjan\u00e7ant l\u2018experimentaci\u00f3 digital.<\/b>\u00a0El seu contingut s\u2018estructura en tres apartats:\n<ul>\n<li aria-level=\"1\"><b>El calaix d\u2018informaci\u00f3<\/b>: permet l\u2018acc\u00e9s a un conjunt d\u2018arxius que contenen els originals del materials did\u00e0ctics que composen la maleta ecol\u00f2gica. Va adre\u00e7at al professorat.<\/li>\n<li aria-level=\"1\"><b>L\u2018hort pas a pas:\u00a0<\/b>l\u2018entrada a aquest apartat es realitza a trav\u00e9s d\u2018una animaci\u00f3 que d\u00f3na pas a 12\u00a0activitats que tenen com a fil conductor l\u2018hort escolar ecol\u00f2gic.<\/li>\n<li aria-level=\"1\"><b>Jocs:\u00a0<\/b>set propostes l\u00fadiques ambientades en l\u2018hort, que permeten jugar i, alhora, aprendre.<\/li>\n<\/ul>\n<\/li>\n<\/ul>\n<h6><strong>Condicions del pr\u00e9stec<\/strong><\/h6>\n\n\n<div class=\"wp-block-columns is-layout-flex wp-container-core-columns-is-layout-1 wp-block-columns-is-layout-flex\">\n<div class=\"wp-block-column is-layout-flow wp-block-column-is-layout-flow\" style=\"flex-basis:40%\">\n<p><iframe loading=\"lazy\" style=\"border: 0;\" src=\"https:\/\/calendar.google.com\/calendar\/embed?src=c_e198c93cfab9c73ed1aa1f4e83b175bd663378a7e4691281686e1291454d08db%40group.calendar.google.com&amp;ctz=Europe%2FParis\" width=\"600\" height=\"400\" frameborder=\"0\" scrolling=\"no\"><\/iframe><\/p>\n<\/div>\n\n\n\n<div class=\"wp-block-column is-layout-flow wp-block-column-is-layout-flow\" style=\"flex-basis:20%\">\n<figure class=\"wp-block-image\"><a href=\"https:\/\/forms.gle\/j9jeXWbWDp6pSJdM9\"><img loading=\"lazy\" decoding=\"async\" width=\"155\" height=\"76\" src=\"https:\/\/serveiseducatius.xtec.cat\/baixcamp\/wp-content\/uploads\/usu950\/2025\/02\/image.png\" alt=\"\" class=\"wp-image-15726\"\/><\/a><\/figure>\n<\/div>\n\n\n\n<div class=\"wp-block-column is-layout-flow wp-block-column-is-layout-flow\" style=\"flex-basis:40%\">\n<p><strong>Condicions del pr\u00e9stec<\/strong><\/p>\n\n\n\n<p>Durada: 3 setmanes aproximadament<\/p>\n\n\n\n<p>Per altres per\u00edodes de pr\u00e9stec, consulteu a&nbsp;<a href=\"mailto:e3990102@xtec.cat\">e3990102@xtec.cat<\/a><\/p>\n\n\n\n<p><strong>Recollida i retorn del pr\u00e9stec:<\/strong>\u00a0de dilluns a divendres d&#8217;11.00 h a 14.00 h i de dilluns a dijous de 16.00 h a 18.00 h.<\/p>\n\n\n\n<p><strong>Normes d\u2019\u00fas:<\/strong><\/p>\n\n\n\n<p>\u00c9s responsabilitat de l\u2019usuari assegurar-se del contingut material i bon estat dels llibres de la maleta a l\u2019inici de la reserva.<br>Qualsevol p\u00e8rdua o desperfecte del material ser\u00e0 responsabilitat del centre educatiu, que haur\u00e0 de reposar-ho.<br>Cal comunicar qualsevol incid\u00e8ncia que es produeixi durant el seu \u00fas.<\/p>\n<\/div>\n<\/div>\n\n\n\n<h6 class=\"wp-block-heading\"><strong>Per saber-ne m\u00e9s<\/strong><\/h6>\n\n\n\n<p>A la p\u00e0gina <a href=\"http:\/\/pae.gencat.cat\/ca\/publicacions-materials-referencia\/material-educatiu\/#FW_bloc_054dc499-c4a4-11e3-8540-000c296817af_5\" target=\"_blank\" rel=\"noreferrer noopener\">Producci\u00f3 agroaliment\u00e0ria ecol\u00f2gica (PAE)<\/a>&nbsp;de la Generalitat de Catalunya podreu consultar i descarregar alguns dels materials did\u00e0ctics continguts a la maleta pedag\u00f2gica, aix\u00ed com altres publicacions i materials que poden ser del vostre inter\u00e8s.<\/p>\n","protected":false},"excerpt":{"rendered":"<p>Codi:Maleta &#8220;De l&#8217;hort a casa&#8221;: R703 De l&#8217;hort a casa A qui s\u2019adre\u00e7a:Educaci\u00f3 prim\u00e0ria i secund\u00e0ria La maleta pedag\u00f2gica &#8220;De l\u2019hort a casa&#8221;, realitzada amb la intervenci\u00f3 de l\u2019associaci\u00f3 Vida Sana\u00a0est\u00e0 formada per diversos materials did\u00e0ctics per a alumnat i professorat de Prim\u00e0ria i Secund\u00e0ria. Ofereix els recursos pedag\u00f2gics necessaris per con\u00e8ixer qu\u00e8 \u00e9s l\u2019agricultura [&hellip;]<\/p>\n","protected":false},"author":122,"featured_media":0,"parent":2968,"menu_order":0,"comment_status":"closed","ping_status":"closed","template":"page-templates\/side-menu.php","meta":{"_bbp_topic_count":0,"_bbp_reply_count":0,"_bbp_total_topic_count":0,"_bbp_total_reply_count":0,"_bbp_voice_count":0,"_bbp_anonymous_reply_count":0,"_bbp_topic_count_hidden":0,"_bbp_reply_count_hidden":0,"_bbp_forum_subforum_count":0,"site-sidebar-layout":"default","site-content-layout":"","ast-site-content-layout":"default","site-content-style":"default","site-sidebar-style":"default","ast-global-header-display":"","ast-banner-title-visibility":"","ast-main-header-display":"","ast-hfb-above-header-display":"","ast-hfb-below-header-display":"","ast-hfb-mobile-header-display":"","site-post-title":"","ast-breadcrumbs-content":"","ast-featured-img":"","footer-sml-layout":"","theme-transparent-header-meta":"","adv-header-id-meta":"","stick-header-meta":"","header-above-stick-meta":"","header-main-stick-meta":"","header-below-stick-meta":"","astra-migrate-meta-layouts":"set","ast-page-background-enabled":"default","ast-page-background-meta":{"desktop":{"background-color":"var(--ast-global-color-4)","background-image":"","background-repeat":"repeat","background-position":"center center","background-size":"auto","background-attachment":"scroll","background-type":"","background-media":"","overlay-type":"","overlay-color":"","overlay-opacity":"","overlay-gradient":""},"tablet":{"background-color":"","background-image":"","background-repeat":"repeat","background-position":"center center","background-size":"auto","background-attachment":"scroll","background-type":"","background-media":"","overlay-type":"","overlay-color":"","overlay-opacity":"","overlay-gradient":""},"mobile":{"background-color":"","background-image":"","background-repeat":"repeat","background-position":"center center","background-size":"auto","background-attachment":"scroll","background-type":"","background-media":"","overlay-type":"","overlay-color":"","overlay-opacity":"","overlay-gradient":""}},"ast-content-background-meta":{"desktop":{"background-color":"var(--ast-global-color-5)","background-image":"","background-repeat":"repeat","background-position":"center center","background-size":"auto","background-attachment":"scroll","background-type":"","background-media":"","overlay-type":"","overlay-color":"","overlay-opacity":"","overlay-gradient":""},"tablet":{"background-color":"var(--ast-global-color-5)","background-image":"","background-repeat":"repeat","background-position":"center center","background-size":"auto","background-attachment":"scroll","background-type":"","background-media":"","overlay-type":"","overlay-color":"","overlay-opacity":"","overlay-gradient":""},"mobile":{"background-color":"var(--ast-global-color-5)","background-image":"","background-repeat":"repeat","background-position":"center center","background-size":"auto","background-attachment":"scroll","background-type":"","background-media":"","overlay-type":"","overlay-color":"","overlay-opacity":"","overlay-gradient":""}},"footnotes":""},"class_list":["post-13010","page","type-page","status-publish","hentry"],"post_mailing_queue_ids":[],"_links":{"self":[{"href":"https:\/\/serveiseducatius.xtec.cat\/baixcamp\/wp-json\/wp\/v2\/pages\/13010","targetHints":{"allow":["GET"]}}],"collection":[{"href":"https:\/\/serveiseducatius.xtec.cat\/baixcamp\/wp-json\/wp\/v2\/pages"}],"about":[{"href":"https:\/\/serveiseducatius.xtec.cat\/baixcamp\/wp-json\/wp\/v2\/types\/page"}],"author":[{"embeddable":true,"href":"https:\/\/serveiseducatius.xtec.cat\/baixcamp\/wp-json\/wp\/v2\/users\/122"}],"replies":[{"embeddable":true,"href":"https:\/\/serveiseducatius.xtec.cat\/baixcamp\/wp-json\/wp\/v2\/comments?post=13010"}],"version-history":[{"count":6,"href":"https:\/\/serveiseducatius.xtec.cat\/baixcamp\/wp-json\/wp\/v2\/pages\/13010\/revisions"}],"predecessor-version":[{"id":16359,"href":"https:\/\/serveiseducatius.xtec.cat\/baixcamp\/wp-json\/wp\/v2\/pages\/13010\/revisions\/16359"}],"up":[{"embeddable":true,"href":"https:\/\/serveiseducatius.xtec.cat\/baixcamp\/wp-json\/wp\/v2\/pages\/2968"}],"wp:attachment":[{"href":"https:\/\/serveiseducatius.xtec.cat\/baixcamp\/wp-json\/wp\/v2\/media?parent=13010"}],"curies":[{"name":"wp","href":"https:\/\/api.w.org\/{rel}","templated":true}]}}