{"id":12905,"date":"2021-09-13T11:42:11","date_gmt":"2021-09-13T09:42:11","guid":{"rendered":"https:\/\/serveiseducatius.xtec.cat\/baixcamp\/?page_id=12905"},"modified":"2025-01-27T17:48:13","modified_gmt":"2025-01-27T16:48:13","slug":"maleta-dan-dan-dansa","status":"publish","type":"page","link":"https:\/\/serveiseducatius.xtec.cat\/baixcamp\/recursos-2\/ambit-artistic-i-matematic\/maleta-dan-dan-dansa\/","title":{"rendered":"Maleta Dan dan dansa"},"content":{"rendered":"<header class=\"entry-header\"><\/header>\n<div class=\"entry-content\">\n<p>Des del CRP del Baix Camp es connecta la formaci\u00f3 <span style=\"color: #800080;\"><strong>Tots Dansen<\/strong><\/span> amb les metodologies i pr\u00e0ctiques del projecte <span style=\"color: #800080;\">Dan dan dansa.<\/span><\/p>\n<p><strong>Qu\u00e8 \u00e9s el projecte Dan dan dansa?<\/strong><\/p>\n<p>La Maleta <strong>Dan Dan Dansa<\/strong> t\u00e9 com a primer objectiu oferir materials i metodologies diverses per treballar la dansa a l\u2019escola. Un bon ensenyament de la dansa \u00e9s molt important i per aix\u00f2 oferim\u00a0 a tots aquells centres educatius animats per introduir a l\u2019aula el gaudi i el treball del cos i el moviment la possibilitat de sol\u00b7licitar aquest material . El projecte pret\u00e9n comen\u00e7ar a crear, amb la col\u00b7laboraci\u00f3 del<strong> Mercat de les Flors i les escoles de Catalunya<\/strong>, tallers o cursos introductoris per a con\u00e8ixer i participar del proc\u00e9s i treball d\u2019aquest recurs did\u00e0ctic.<\/p>\n<p><strong>Aplicacions pedag\u00f2giques<\/strong><\/p>\n<div class=\"text\">\n<p>El recurs de la <strong>Maleta Did\u00e0ctica \u2013 Dan Dan Dansa<\/strong>, la qual s\u2019estructura en blocs de treball i des dels para\u0300metres universals i codis del llenguatge de la dansa i el moviment: sobre el Cos, sobre l\u2019Espai, i sobre la Composicio\u0301. Es treballa a partir de la proposta d\u2019activitats, des de llocs amables per al mestre. Durant els u\u0301ltims anys ha viatjat per escoles de tot Catalunya.\u00a0<strong>E\u0301s una caixa d\u2019eines per a viure la dansa a l\u2019escola des d\u2019un a\u0300mbit no professionalitzador<\/strong>. En cert sentit, per les mate\u0300ries que aborda i la metodologia que proposem amb ella, ens identifica en tant que resumeix les nostres li\u0301nies de treball, aixi\u0301 com els valors educatius de la dansa que volem transmetre des del Mercat de les Flors.<\/p>\n<p><strong>CaixaEscena ens ha proposat poder aportar el contingut i la metodologia de la Maleta Did\u00e0ctica \u2013 Dan Dan Dansa a la seva plataforma on-line<\/strong>. Una i altra entitat compartim unes mateixes voluntats en la creacio\u0301 de models i recursos per a l\u2019acompanyament a mestres i professors a l\u2019entorn del coneixement i la pra\u0300ctica de les arts esce\u0300niques a l\u2019escola. Amb aquesta premissa ens hem aliat i hem treballant intensament en el projecte de transformacio\u0301 digital de la Maleta Dida\u0300ctica original del Mercat de les Flors per a la plataforma on-line CaixaEscena.<\/p>\n<p>A partir de les eines digitalitzades que trobem a la Maleta Did\u00e0ctica \u2013 Dan Dan Dansa, volem donar acc\u00e9s i convidar\u00a0\u00a0a qualsevol docent i alumne a introduir en el seu context la dansa a l\u2019aula amb materials i eines de divers format: des de programes interactius, v\u00eddeos, tutorials, materials visuals i pl\u00e0stic, guies pedag\u00f2giques pel docent amb refer\u00e8ncies espec\u00edfiques al curr\u00edculum competencial.<\/p>\n<p><a href=\"http:\/\/players.brightcove.net\/1409180665001\/BJ4ozWuil_default\/index.html?videoId=5429953237001\"><img loading=\"lazy\" decoding=\"async\" class=\"aligncenter wp-image-43574 size-large\" src=\"https:\/\/mercatflors.cat\/wp-content\/uploads\/2019\/08\/Captura-de-Pantalla-2019-08-07-a-les-12.34.47-790x441.png\" sizes=\"auto, (max-width: 790px) 100vw, 790px\" srcset=\"https:\/\/mercatflors.cat\/wp-content\/uploads\/2019\/08\/Captura-de-Pantalla-2019-08-07-a-les-12.34.47-790x441.png 790w, https:\/\/mercatflors.cat\/wp-content\/uploads\/2019\/08\/Captura-de-Pantalla-2019-08-07-a-les-12.34.47-350x195.png 350w, https:\/\/mercatflors.cat\/wp-content\/uploads\/2019\/08\/Captura-de-Pantalla-2019-08-07-a-les-12.34.47-768x428.png 768w\" alt=\"\" width=\"790\" height=\"441\" \/><\/a><\/p>\n<p style=\"text-align: center;\"><strong><a href=\"http:\/\/www.caixaescena.org\/\" target=\"_blank\" rel=\"noopener\">Registra\u2019t a CaixaEscena i accedeix a totes les activitats.<\/a><\/strong><\/p>\n<\/div>\n<div class=\"sidebar\">\n<div class=\"module\">\n<div id=\"calendarJS\" class=\"hasDatepicker\">\n<div class=\"ui-datepicker-inline ui-datepicker ui-widget ui-widget-content ui-helper-clearfix ui-corner-all\">\n<div class=\"ui-datepicker-header ui-widget-header ui-helper-clearfix ui-corner-all\"><a class=\"ui-datepicker-next ui-corner-all\" style=\"margin: 0px; padding: 0px; border: none; outline: 0px; font-weight: normal; font-style: normal; font-family: inherit; vertical-align: baseline; text-decoration: none; color: #ffffff; border-radius: 0px; position: absolute; top: 2px; width: 1.8em; height: 1.8em; right: 5px;\" title=\"Seg&gt;\"><span class=\"ui-icon ui-icon-circle-triangle-e\">Seg&gt;<\/span><\/a><\/div>\n<\/div>\n<\/div>\n<\/div>\n<div class=\"module redes-sociales\"><\/div>\n<div class=\"module-redes-sociales\">\n<div class=\"activo_module\"><\/div>\n<div><\/div>\n<\/div>\n<\/div>\n<p>Col\u00b7laborador del recurs<a href=\"https:\/\/mercatflors.cat\/maleta-didactica-versio-online\/\"> Mercat de les Flors (versi\u00f3 online)<\/a><\/p>\n<\/div>\n","protected":false},"excerpt":{"rendered":"<p>Des del CRP del Baix Camp es connecta la formaci\u00f3 Tots Dansen amb les metodologies i pr\u00e0ctiques del projecte Dan dan dansa. Qu\u00e8 \u00e9s el projecte Dan dan dansa? La Maleta Dan Dan Dansa t\u00e9 com a primer objectiu oferir materials i metodologies diverses per treballar la dansa a l\u2019escola. Un bon ensenyament de la [&hellip;]<\/p>\n","protected":false},"author":122,"featured_media":0,"parent":14121,"menu_order":154,"comment_status":"closed","ping_status":"closed","template":"page-templates\/side-menu.php","meta":{"_bbp_topic_count":0,"_bbp_reply_count":0,"_bbp_total_topic_count":0,"_bbp_total_reply_count":0,"_bbp_voice_count":0,"_bbp_anonymous_reply_count":0,"_bbp_topic_count_hidden":0,"_bbp_reply_count_hidden":0,"_bbp_forum_subforum_count":0,"site-sidebar-layout":"default","site-content-layout":"","ast-site-content-layout":"","site-content-style":"default","site-sidebar-style":"default","ast-global-header-display":"","ast-banner-title-visibility":"","ast-main-header-display":"","ast-hfb-above-header-display":"","ast-hfb-below-header-display":"","ast-hfb-mobile-header-display":"","site-post-title":"","ast-breadcrumbs-content":"","ast-featured-img":"","footer-sml-layout":"","theme-transparent-header-meta":"","adv-header-id-meta":"","stick-header-meta":"","header-above-stick-meta":"","header-main-stick-meta":"","header-below-stick-meta":"","astra-migrate-meta-layouts":"default","ast-page-background-enabled":"default","ast-page-background-meta":{"desktop":{"background-color":"var(--ast-global-color-4)","background-image":"","background-repeat":"repeat","background-position":"center center","background-size":"auto","background-attachment":"scroll","background-type":"","background-media":"","overlay-type":"","overlay-color":"","overlay-opacity":"","overlay-gradient":""},"tablet":{"background-color":"","background-image":"","background-repeat":"repeat","background-position":"center center","background-size":"auto","background-attachment":"scroll","background-type":"","background-media":"","overlay-type":"","overlay-color":"","overlay-opacity":"","overlay-gradient":""},"mobile":{"background-color":"","background-image":"","background-repeat":"repeat","background-position":"center center","background-size":"auto","background-attachment":"scroll","background-type":"","background-media":"","overlay-type":"","overlay-color":"","overlay-opacity":"","overlay-gradient":""}},"ast-content-background-meta":{"desktop":{"background-color":"var(--ast-global-color-5)","background-image":"","background-repeat":"repeat","background-position":"center center","background-size":"auto","background-attachment":"scroll","background-type":"","background-media":"","overlay-type":"","overlay-color":"","overlay-opacity":"","overlay-gradient":""},"tablet":{"background-color":"var(--ast-global-color-5)","background-image":"","background-repeat":"repeat","background-position":"center center","background-size":"auto","background-attachment":"scroll","background-type":"","background-media":"","overlay-type":"","overlay-color":"","overlay-opacity":"","overlay-gradient":""},"mobile":{"background-color":"var(--ast-global-color-5)","background-image":"","background-repeat":"repeat","background-position":"center center","background-size":"auto","background-attachment":"scroll","background-type":"","background-media":"","overlay-type":"","overlay-color":"","overlay-opacity":"","overlay-gradient":""}},"footnotes":""},"class_list":["post-12905","page","type-page","status-publish","hentry"],"post_mailing_queue_ids":[],"_links":{"self":[{"href":"https:\/\/serveiseducatius.xtec.cat\/baixcamp\/wp-json\/wp\/v2\/pages\/12905","targetHints":{"allow":["GET"]}}],"collection":[{"href":"https:\/\/serveiseducatius.xtec.cat\/baixcamp\/wp-json\/wp\/v2\/pages"}],"about":[{"href":"https:\/\/serveiseducatius.xtec.cat\/baixcamp\/wp-json\/wp\/v2\/types\/page"}],"author":[{"embeddable":true,"href":"https:\/\/serveiseducatius.xtec.cat\/baixcamp\/wp-json\/wp\/v2\/users\/122"}],"replies":[{"embeddable":true,"href":"https:\/\/serveiseducatius.xtec.cat\/baixcamp\/wp-json\/wp\/v2\/comments?post=12905"}],"version-history":[{"count":4,"href":"https:\/\/serveiseducatius.xtec.cat\/baixcamp\/wp-json\/wp\/v2\/pages\/12905\/revisions"}],"predecessor-version":[{"id":15505,"href":"https:\/\/serveiseducatius.xtec.cat\/baixcamp\/wp-json\/wp\/v2\/pages\/12905\/revisions\/15505"}],"up":[{"embeddable":true,"href":"https:\/\/serveiseducatius.xtec.cat\/baixcamp\/wp-json\/wp\/v2\/pages\/14121"}],"wp:attachment":[{"href":"https:\/\/serveiseducatius.xtec.cat\/baixcamp\/wp-json\/wp\/v2\/media?parent=12905"}],"curies":[{"name":"wp","href":"https:\/\/api.w.org\/{rel}","templated":true}]}}