{"id":12401,"date":"2021-03-19T19:11:35","date_gmt":"2021-03-19T18:11:35","guid":{"rendered":"http:\/\/serveiseducatius.xtec.cat\/baixcamp\/?page_id=12401"},"modified":"2025-01-27T18:08:53","modified_gmt":"2025-01-27T17:08:53","slug":"coeducat","status":"publish","type":"page","link":"https:\/\/serveiseducatius.xtec.cat\/baixcamp\/coeducat\/","title":{"rendered":"Coeduca&#8217;t"},"content":{"rendered":"<p><img loading=\"lazy\" decoding=\"async\" class=\"size-medium wp-image-12399 alignleft\" src=\"https:\/\/serveiseducatius.xtec.cat\/baixcamp\/wp-content\/uploads\/usu950\/2021\/03\/COEDUCAT-300x300.png\" alt=\"\" width=\"300\" height=\"300\" srcset=\"https:\/\/serveiseducatius.xtec.cat\/baixcamp\/wp-content\/uploads\/usu950\/2021\/03\/COEDUCAT-300x300.png 300w, https:\/\/serveiseducatius.xtec.cat\/baixcamp\/wp-content\/uploads\/usu950\/2021\/03\/COEDUCAT-150x150.png 150w, https:\/\/serveiseducatius.xtec.cat\/baixcamp\/wp-content\/uploads\/usu950\/2021\/03\/COEDUCAT.png 540w\" sizes=\"auto, (max-width: 300px) 100vw, 300px\" \/>L&#8217;objectiu d&#8217;aquest programa \u00e9s ajudar els centres a treballar aspectes b\u00e0sics de coeducaci\u00f3, de perspectiva de g\u00e8nere i de sexualitat de forma expl\u00edcita, sistem\u00e0tica, rigorosa i respectuosa. El programa compta amb el suport de diferents departaments de la Generalitat de Catalunya, ajuntaments, universitats i diverses entitats expertes i de refer\u00e8ncia. Com a documents de refer\u00e8ncia que t\u00e9 en compte cal citar les\u00a0<a href=\"https:\/\/unesdoc.unesco.org\/ark:\/48223\/pf0000260840_spa\" target=\"_blank\" rel=\"noopener\">orientacions de la UNESCO<\/a>\u00a0i\u00a0<a href=\"https:\/\/apps.who.int\/iris\/bitstream\/handle\/10665\/274656\/9789243512884-spa.pdf?ua=1\" target=\"_blank\" rel=\"noopener\">de l&#8217;OMS<\/a>, un marc que funciona en molts altres pa\u00efsos.<\/p>\n<p>&#8220;Coeduca&#8217;t&#8221; est\u00e0 adre\u00e7at a totes les etapes educatives tenint en compte les caracter\u00edstiques, necessitats i edat dels alumnes de cadascuna d&#8217;elles. Curricularment, incideix en diversos aspectes: a l&#8217;educaci\u00f3 <strong>infantil<\/strong>, en les situacions quotidianes, els jocs i joguines, el llenguatge, els contes, les can\u00e7ons, les imatges&#8230;; a <strong>prim\u00e0ria<\/strong>, entre d&#8217;altres, cal desenvolupar les habilitats personals i socials des del treball per projectes, el llenguatge, l&#8217;aprenentatge basat en el joc, o en l&#8217;\u00fas de les xarxes socials i de la tecnologia, a m\u00e9s de l&#8217;autoconeixement, la identitat personal i l&#8217;autoestima; a l<strong>&#8216;ESO<\/strong>, ser\u00e0 necessari impulsar l&#8217;educaci\u00f3 emocional i la reflexi\u00f3 \u00e8tica, mitjan\u00e7ant, per exemple, l&#8217;aprenentatge basat en situacions-problema, l&#8217;estudi de casos, la resoluci\u00f3 de conflictes, l&#8217;assertivitat o l&#8217;\u00fas de les xarxes socials.<\/p>\n<p>D&#8217;aquesta manera, es vol preparar les noies i els nois per a la vida afectiva i sexual fonamentada en la igualtat de g\u00e8nere i els drets humans, i col\u00b7laborar en la construcci\u00f3 d&#8217;un model integral de persona, sense estereotips sexistes.<\/p>\n<p>Des del Servei Educatiu del Baix Camp <strong>posem a la vostra disposici\u00f3<\/strong> tot un seguit de bosses amb lectures escollides especialment pels seus valors coeducatius en el marc del desplegament del programa.<\/p>\n<p><span style=\"color: #800080;\"><strong>Podeu accedir al llistats de material de cada kit des dels seg\u00fcents <span style=\"color: #cc99ff;\"><a style=\"color: #cc99ff;\" href=\"https:\/\/drive.google.com\/drive\/folders\/1hJT8deQon7p20_ymh_6-Y2frIAevZmV_?usp=sharing\" target=\"_blank\" rel=\"noopener\">enlla\u00e7os<\/a><\/span><\/strong><\/span><\/p>\n<p>Adre\u00e7ades a Ed. Infantil i Cicle Inicial:<\/p>\n<ul>\n<li style=\"list-style-type: none;\">\n<ul>\n<li style=\"list-style-type: none;\">\n<ul>\n<li style=\"list-style-type: none;\">\n<ul>\n<li style=\"list-style-type: none;\">\n<ul>\n<li style=\"list-style-type: none;\">\n<ul>\n<li style=\"list-style-type: none;\">\n<ul>\n<li style=\"list-style-type: none;\">\n<ul>\n<li style=\"list-style-type: none;\">\n<ul>\n<li style=\"list-style-type: none;\">\n<ul>\n<li style=\"list-style-type: none;\">\n<ul>\n<li style=\"list-style-type: none;\">\n<ul>\n<li style=\"list-style-type: none;\">\n<ul>\n<li style=\"list-style-type: none;\">\n<ul>\n<li style=\"list-style-type: none;\">\n<ul>\n<li style=\"font-weight: 400;\" aria-level=\"3\"><a href=\"https:\/\/docs.google.com\/document\/d\/1i3oiMjeTf3DRWCVNGzlM_VdTwbsSz3wz\/edit?usp=sharing&amp;ouid=109312664769323520226&amp;rtpof=true&amp;sd=true\" target=\"_blank\" rel=\"noopener\"><b>Vet aqu\u00ed dues vegades 1 <\/b><\/a><\/li>\n<li style=\"font-weight: 400;\" aria-level=\"3\"><a href=\"https:\/\/docs.google.com\/document\/d\/1bKP1n4sChA6-yDfQtcB0L0u2tuM6c8II\/edit?usp=sharing&amp;ouid=109312664769323520226&amp;rtpof=true&amp;sd=true\" target=\"_blank\" rel=\"noopener\"><b>Vet aqu\u00ed dues vegades 2<\/b><span style=\"font-weight: 400;\">\u00a0<\/span><\/a><\/li>\n<\/ul>\n<\/li>\n<\/ul>\n<\/li>\n<\/ul>\n<\/li>\n<\/ul>\n<\/li>\n<\/ul>\n<\/li>\n<\/ul>\n<\/li>\n<\/ul>\n<\/li>\n<\/ul>\n<\/li>\n<\/ul>\n<\/li>\n<\/ul>\n<\/li>\n<\/ul>\n<\/li>\n<\/ul>\n<\/li>\n<\/ul>\n<\/li>\n<\/ul>\n<\/li>\n<\/ul>\n<p><span style=\"font-weight: 400;\">Adre\u00e7ades als primers lectors:<\/span><\/p>\n<ul>\n<li style=\"list-style-type: none;\">\n<ul>\n<li style=\"list-style-type: none;\">\n<ul>\n<li style=\"list-style-type: none;\">\n<ul>\n<li style=\"list-style-type: none;\">\n<ul>\n<li style=\"list-style-type: none;\">\n<ul>\n<li style=\"list-style-type: none;\">\n<ul>\n<li style=\"list-style-type: none;\">\n<ul>\n<li style=\"list-style-type: none;\">\n<ul>\n<li style=\"list-style-type: none;\">\n<ul>\n<li style=\"list-style-type: none;\">\n<ul>\n<li style=\"list-style-type: none;\">\n<ul>\n<li style=\"list-style-type: none;\">\n<ul>\n<li style=\"list-style-type: none;\">\n<ul>\n<li style=\"list-style-type: none;\">\n<ul>\n<li style=\"font-weight: 400;\" aria-level=\"3\"><a href=\"https:\/\/docs.google.com\/document\/d\/1kqNKRoP0kAiqASkAJksw25bO9WlLO_n-\/edit?usp=sharing&amp;ouid=109312664769323520226&amp;rtpof=true&amp;sd=true\" target=\"_blank\" rel=\"noopener\"><b>Col\u00b7lecci\u00f3 Petita i Gran 1<\/b><\/a><\/li>\n<li style=\"font-weight: 400;\" aria-level=\"3\"><a href=\"https:\/\/docs.google.com\/document\/d\/1kQrcXqzS83EBta1rKP0j_-7-N6NKcWpx\/edit?usp=sharing&amp;ouid=109312664769323520226&amp;rtpof=true&amp;sd=true\" target=\"_blank\" rel=\"noopener\"><b>Col\u00b7lecci\u00f3 Petita i Gran\u00a0 2<\/b><\/a><\/li>\n<li style=\"font-weight: 400;\" aria-level=\"3\"><a href=\"https:\/\/docs.google.com\/document\/d\/1_lleqxQeKv6vJV1P-4fXdSdyK6BS8JMk\/edit?usp=sharing&amp;ouid=109312664769323520226&amp;rtpof=true&amp;sd=true\" target=\"_blank\" rel=\"noopener\"><b>Col\u00b7lecci\u00f3 Petita i Gran\u00a0 3<\/b><\/a><\/li>\n<li style=\"font-weight: 400;\" aria-level=\"3\"><a href=\"https:\/\/docs.google.com\/document\/d\/1mCn4Oe8As3dVPUZQxBGA7zuR4SpL_6-0\/edit?usp=sharing&amp;ouid=109312664769323520226&amp;rtpof=true&amp;sd=true\" target=\"_blank\" rel=\"noopener\"><b>Col\u00b7lecci\u00f3 Petita i Gran 4<\/b><span style=\"font-weight: 400;\">\u00a0<\/span><\/a><\/li>\n<\/ul>\n<\/li>\n<\/ul>\n<\/li>\n<\/ul>\n<\/li>\n<\/ul>\n<\/li>\n<\/ul>\n<\/li>\n<\/ul>\n<\/li>\n<\/ul>\n<\/li>\n<\/ul>\n<\/li>\n<\/ul>\n<\/li>\n<\/ul>\n<\/li>\n<\/ul>\n<\/li>\n<\/ul>\n<\/li>\n<\/ul>\n<\/li>\n<\/ul>\n<\/li>\n<\/ul>\n<p><span style=\"font-weight: 400;\">Adre\u00e7ades a Clicle Mitj\u00e0 i Superior:<\/span><\/p>\n<ul>\n<li style=\"list-style-type: none;\">\n<ul>\n<li style=\"list-style-type: none;\">\n<ul>\n<li style=\"list-style-type: none;\">\n<ul>\n<li style=\"list-style-type: none;\">\n<ul>\n<li style=\"list-style-type: none;\">\n<ul>\n<li style=\"list-style-type: none;\">\n<ul>\n<li style=\"list-style-type: none;\">\n<ul>\n<li style=\"list-style-type: none;\">\n<ul>\n<li style=\"list-style-type: none;\">\n<ul>\n<li style=\"list-style-type: none;\">\n<ul>\n<li style=\"list-style-type: none;\">\n<ul>\n<li style=\"list-style-type: none;\">\n<ul>\n<li style=\"list-style-type: none;\">\n<ul>\n<li style=\"list-style-type: none;\">\n<ul>\n<li style=\"font-weight: 400;\" aria-level=\"3\"><a href=\"https:\/\/docs.google.com\/document\/d\/1DWg1s-DgS0wi2EUScRLl_bhQGg43CJn2\/edit?usp=sharing&amp;ouid=109312664769323520226&amp;rtpof=true&amp;sd=true\" target=\"_blank\" rel=\"noopener\"><b>Lectors avan\u00e7ats 1\u00a0<\/b><\/a><\/li>\n<li style=\"font-weight: 400;\" aria-level=\"3\"><a href=\"https:\/\/docs.google.com\/document\/d\/1ejNQtLXgxvxzcFfsZxj-0A0hOo28HQTS\/edit?usp=sharing&amp;ouid=109312664769323520226&amp;rtpof=true&amp;sd=true\" target=\"_blank\" rel=\"noopener\"><b>Lectors avan\u00e7ats 2<\/b><span style=\"font-weight: 400;\">\u00a0<\/span><\/a><\/li>\n<\/ul>\n<\/li>\n<\/ul>\n<\/li>\n<\/ul>\n<\/li>\n<\/ul>\n<\/li>\n<\/ul>\n<\/li>\n<\/ul>\n<\/li>\n<\/ul>\n<\/li>\n<\/ul>\n<\/li>\n<\/ul>\n<\/li>\n<\/ul>\n<\/li>\n<\/ul>\n<\/li>\n<\/ul>\n<\/li>\n<\/ul>\n<\/li>\n<\/ul>\n<\/li>\n<\/ul>\n<p>Adre\u00e7ades a qualsevol nivell educatiu de Prim\u00e0ria:<\/p>\n<ul>\n<li style=\"list-style-type: none;\">\n<ul>\n<li style=\"list-style-type: none;\">\n<ul>\n<li style=\"list-style-type: none;\">\n<ul>\n<li style=\"list-style-type: none;\">\n<ul>\n<li style=\"list-style-type: none;\">\n<ul>\n<li style=\"list-style-type: none;\">\n<ul>\n<li style=\"list-style-type: none;\">\n<ul>\n<li style=\"list-style-type: none;\">\n<ul>\n<li style=\"list-style-type: none;\">\n<ul>\n<li style=\"list-style-type: none;\">\n<ul>\n<li style=\"list-style-type: none;\">\n<ul>\n<li style=\"list-style-type: none;\">\n<ul>\n<li style=\"list-style-type: none;\">\n<ul>\n<li style=\"list-style-type: none;\">\n<ul>\n<li style=\"font-weight: 400;\" aria-level=\"3\"><a href=\"https:\/\/docs.google.com\/document\/d\/1bRfEb69jYgDLBw567MyadB0vI8UUf81h\/edit?usp=sharing&amp;ouid=109312664769323520226&amp;rtpof=true&amp;sd=true\" target=\"_blank\" rel=\"noopener\"><b>\u00c0lbums il\u00b7lustrats 1<\/b><\/a><\/li>\n<li style=\"font-weight: 400;\" aria-level=\"3\"><a href=\"https:\/\/docs.google.com\/document\/d\/1lRhrQFBhbw6lmGQO8QjE-pj6QlLDx0ix\/edit?usp=sharing&amp;ouid=109312664769323520226&amp;rtpof=true&amp;sd=true\" target=\"_blank\" rel=\"noopener\"><b>\u00c0lbums il\u00b7lustrats 2<\/b><\/a><\/li>\n<li style=\"font-weight: 400;\" aria-level=\"3\"><a href=\"https:\/\/docs.google.com\/document\/d\/1bbYEdjrmX-jJwwDuNTbCx3GSMY2GGUhR\/edit?usp=sharing&amp;ouid=109312664769323520226&amp;rtpof=true&amp;sd=true\" target=\"_blank\" rel=\"noopener\"><b>\u00c0lbums il\u00b7lustrats 3<\/b><\/a><\/li>\n<li style=\"font-weight: 400;\" aria-level=\"3\"><a href=\"https:\/\/docs.google.com\/document\/d\/18X20VE0ENX-1GSB3uo2Kr_ApgJTuudnG\/edit?usp=sharing&amp;ouid=109312664769323520226&amp;rtpof=true&amp;sd=true\" target=\"_blank\" rel=\"noopener\"><b>\u00c0lbums il\u00b7lustrats 4<\/b><\/a><\/li>\n<\/ul>\n<\/li>\n<\/ul>\n<\/li>\n<\/ul>\n<\/li>\n<\/ul>\n<\/li>\n<\/ul>\n<\/li>\n<\/ul>\n<\/li>\n<\/ul>\n<\/li>\n<\/ul>\n<\/li>\n<\/ul>\n<\/li>\n<\/ul>\n<\/li>\n<\/ul>\n<\/li>\n<\/ul>\n<\/li>\n<\/ul>\n<\/li>\n<\/ul>\n<\/li>\n<\/ul>\n<p>Adre\u00e7ades especialment a joves i adolescents:<\/p>\n<ul>\n<li style=\"list-style-type: none;\">\n<ul>\n<li style=\"list-style-type: none;\">\n<ul>\n<li style=\"list-style-type: none;\">\n<ul>\n<li style=\"list-style-type: none;\">\n<ul>\n<li style=\"list-style-type: none;\">\n<ul>\n<li style=\"list-style-type: none;\">\n<ul>\n<li style=\"list-style-type: none;\">\n<ul>\n<li style=\"list-style-type: none;\">\n<ul>\n<li style=\"list-style-type: none;\">\n<ul>\n<li style=\"list-style-type: none;\">\n<ul>\n<li style=\"list-style-type: none;\">\n<ul>\n<li style=\"list-style-type: none;\">\n<ul>\n<li style=\"list-style-type: none;\">\n<ul>\n<li style=\"list-style-type: none;\">\n<ul>\n<li style=\"list-style-type: none;\">\n<ul>\n<li style=\"list-style-type: none;\">\n<ul>\n<li style=\"list-style-type: none;\">\n<ul>\n<li style=\"font-weight: 400;\" aria-level=\"3\"><a href=\"https:\/\/docs.google.com\/document\/d\/1g17Zz_jbXOBuZedMMQ02SFs_y9X9LhK-\/edit?usp=sharing&amp;ouid=109312664769323520226&amp;rtpof=true&amp;sd=true\" target=\"_blank\" rel=\"noopener\"><b>ESO I<\/b><\/a><\/li>\n<li style=\"font-weight: 400;\" aria-level=\"3\"><a href=\"https:\/\/docs.google.com\/document\/d\/1w2B4qKSrcH_y6jhoAJ3VLziQbmESZ-TA\/edit?usp=sharing&amp;ouid=109312664769323520226&amp;rtpof=true&amp;sd=true\" target=\"_blank\" rel=\"noopener\"><b>ESO II<\/b><\/a><\/li>\n<li aria-level=\"3\"><a href=\"https:\/\/docs.google.com\/document\/d\/1jtKDnTRntxbmKLorFhqnT9qmMHYWUiQN\/edit?usp=sharing&amp;ouid=109312664769323520226&amp;rtpof=true&amp;sd=true\" target=\"_blank\" rel=\"noopener\"><b>ESO III<\/b><\/a><\/li>\n<li aria-level=\"3\"><a href=\"https:\/\/docs.google.com\/document\/d\/1svBBrhtkzSgkGNPSHtwIVO52118qW1Xo\/edit?usp=sharing&amp;ouid=109312664769323520226&amp;rtpof=true&amp;sd=true\" target=\"_blank\" rel=\"noopener\"><b>ESO IV<\/b><\/a><\/li>\n<\/ul>\n<\/li>\n<\/ul>\n<\/li>\n<\/ul>\n<\/li>\n<\/ul>\n<\/li>\n<\/ul>\n<\/li>\n<\/ul>\n<\/li>\n<\/ul>\n<\/li>\n<\/ul>\n<\/li>\n<\/ul>\n<\/li>\n<\/ul>\n<\/li>\n<\/ul>\n<\/li>\n<\/ul>\n<\/li>\n<\/ul>\n<\/li>\n<\/ul>\n<\/li>\n<\/ul>\n<\/li>\n<\/ul>\n<\/li>\n<\/ul>\n<\/li>\n<\/ul>\n<p><span style=\"font-weight: 400;\"><span style=\"color: #800080;\"><strong>Tamb\u00e9 us podem oferir en servei de pr\u00e9stec altres recursos\u00a0 i jocs de coeducaci\u00f3.<\/strong><\/span> (<a href=\"https:\/\/drive.google.com\/drive\/folders\/1UPragxKF7cd1If6Zig6hM6AkGge0jT4c?usp=sharing\" target=\"_blank\" rel=\"noopener\">enlla\u00e7 a STEAM i jocs<\/a>)<\/span><\/p>\n<p>Adre\u00e7at a Cicle Inicial i Mitj\u00e0 de Prim\u00e0ria 2 kits:<\/p>\n<ul>\n<li style=\"list-style-type: none;\">\n<ul>\n<li style=\"list-style-type: none;\">\n<ul>\n<li style=\"list-style-type: none;\">\n<ul>\n<li style=\"list-style-type: none;\">\n<ul>\n<li style=\"list-style-type: none;\">\n<ul>\n<li style=\"list-style-type: none;\">\n<ul>\n<li style=\"list-style-type: none;\">\n<ul>\n<li style=\"list-style-type: none;\">\n<ul>\n<li style=\"list-style-type: none;\">\n<ul>\n<li style=\"list-style-type: none;\">\n<ul>\n<li style=\"list-style-type: none;\">\n<ul>\n<li style=\"list-style-type: none;\">\n<ul>\n<li style=\"list-style-type: none;\">\n<ul>\n<li style=\"list-style-type: none;\">\n<ul>\n<li style=\"font-weight: 400;\" aria-level=\"3\"><span style=\"font-weight: 400;\">Les<\/span><a href=\"https:\/\/docs.google.com\/document\/d\/1Ks8RBSnJinW_2A747EZSyhd1jwFS9qhl\/edit?usp=sharing&amp;ouid=109312664769323520226&amp;rtpof=true&amp;sd=true\" target=\"_blank\" rel=\"noopener\"><b> STEAM com a eina de coeducaci\u00f3 1<\/b><\/a><\/li>\n<li style=\"font-weight: 400;\" aria-level=\"3\"><span style=\"font-weight: 400;\">Les<\/span><a href=\"https:\/\/docs.google.com\/document\/d\/1jLy2lAiRT14YsmhrHXenuIFAsse0y66l\/edit?usp=sharing&amp;ouid=109312664769323520226&amp;rtpof=true&amp;sd=true\" target=\"_blank\" rel=\"noopener\"><b> STEAM com a eina de coeducaci\u00f3\u00a0 2<\/b><\/a><\/li>\n<\/ul>\n<\/li>\n<\/ul>\n<\/li>\n<\/ul>\n<\/li>\n<\/ul>\n<\/li>\n<\/ul>\n<\/li>\n<\/ul>\n<\/li>\n<\/ul>\n<\/li>\n<\/ul>\n<\/li>\n<\/ul>\n<\/li>\n<\/ul>\n<\/li>\n<\/ul>\n<\/li>\n<\/ul>\n<\/li>\n<\/ul>\n<\/li>\n<\/ul>\n<\/li>\n<\/ul>\n<p>Adre\u00e7at a Prim\u00e0ria 2 kits:<\/p>\n<ul>\n<li style=\"list-style-type: none;\">\n<ul>\n<li style=\"list-style-type: none;\">\n<ul>\n<li style=\"list-style-type: none;\">\n<ul>\n<li style=\"list-style-type: none;\">\n<ul>\n<li style=\"list-style-type: none;\">\n<ul>\n<li style=\"list-style-type: none;\">\n<ul>\n<li style=\"list-style-type: none;\">\n<ul>\n<li style=\"list-style-type: none;\">\n<ul>\n<li style=\"list-style-type: none;\">\n<ul>\n<li style=\"list-style-type: none;\">\n<ul>\n<li style=\"list-style-type: none;\">\n<ul>\n<li style=\"list-style-type: none;\">\n<ul>\n<li style=\"list-style-type: none;\">\n<ul>\n<li style=\"list-style-type: none;\">\n<ul>\n<li style=\"list-style-type: none;\">\n<ul>\n<li style=\"font-weight: 400;\" aria-level=\"3\"><a href=\"https:\/\/docs.google.com\/document\/d\/158MJfa7ZKyPZbmhz8eU2ir2SlnYvW7yL\/edit?usp=sharing&amp;ouid=109312664769323520226&amp;rtpof=true&amp;sd=true\" target=\"_blank\" rel=\"noopener\"><b>Jocs coeducatius 1<\/b><b>\u00a0<\/b><\/a><\/li>\n<li style=\"font-weight: 400;\" aria-level=\"3\"><a href=\"https:\/\/docs.google.com\/document\/d\/1zWJ3MAkHL1Mki77Ius3X-0dcFemNHEkB\/edit?usp=sharing&amp;ouid=109312664769323520226&amp;rtpof=true&amp;sd=true\" target=\"_blank\" rel=\"noopener\"><b>Jocs coeducatius 2<\/b><b>\u00a0<\/b><\/a><\/li>\n<\/ul>\n<\/li>\n<\/ul>\n<\/li>\n<\/ul>\n<\/li>\n<\/ul>\n<\/li>\n<\/ul>\n<\/li>\n<\/ul>\n<\/li>\n<\/ul>\n<\/li>\n<\/ul>\n<\/li>\n<\/ul>\n<\/li>\n<\/ul>\n<\/li>\n<\/ul>\n<\/li>\n<\/ul>\n<\/li>\n<\/ul>\n<\/li>\n<\/ul>\n<\/li>\n<\/ul>\n<\/li>\n<\/ul>\n<div style=\"text-align: center;\"><\/div>\n<div><\/div>\n<div>\n<table style=\"width: 100%;\">\n<tbody>\n<tr>\n<td style=\"width: 53.227%;\"><iframe loading=\"lazy\" style=\"border: 0;\" src=\"https:\/\/calendar.google.com\/calendar\/embed?src=c_kc4brhq18lsih3m1ddvpi99pto%40group.calendar.google.com&amp;ctz=Europe%2FParis\" width=\"600\" height=\"450\" frameborder=\"0\" scrolling=\"no\"><\/iframe><\/td>\n<td style=\"width: 11.3125%;\"><a href=\"https:\/\/docs.google.com\/forms\/d\/e\/1FAIpQLSeA2OYrt91PUtFERCfmUWEC9zOsOq3oST0yf_deCBrFhFRRwQ\/viewform?usp=sf_link\"><img loading=\"lazy\" decoding=\"async\" class=\"alignnone\" src=\"https:\/\/serveiseducatius.xtec.cat\/baixcamp\/wp-content\/uploads\/usu950\/2018\/10\/sol\u00b7licitud-pr\u00e9stec.png\" alt=\"\" width=\"157\" height=\"77\" \/><\/a><\/td>\n<td style=\"width: 34.7353%;\"><strong>Condicions del pr\u00e9stec<\/strong><span style=\"font-family: inherit; font-size: 1em;\">Durada: 2 setmanes aproximadament<\/span><\/p>\n<div class=\"entry-content\">\n<div class=\"entry-content\">\n<p>Per altres per\u00edodes de pr\u00e9stec, consulteu a\u00a0<a href=\"mailto:e3990102@xtec.cat\">e3990102@xtec.cat<\/a><\/p>\n<p><strong>Recollida i retorn del pr\u00e9stec:<\/strong>\u00a0de dilluns a divendres d\u201911:00h a 14:00h i de 16:00h a 18:00h<\/p>\n<p><strong>Normes d\u2019\u00fas:<\/strong><\/p>\n<p>\u00c9s responsabilitat de l\u2019usuari assegurar-se del contingut material del kit a l\u2019inici de la reserva.<br \/>\nQualsevol p\u00e8rdua o desperfecte del material ser\u00e0 responsabilitat del centre educatiu, que haur\u00e0 de reposar-ho.<br \/>\nCal comunicar qualsevol incid\u00e8ncia que es produeixi durant el seu \u00fas.<\/p>\n<\/div>\n<\/div>\n<\/td>\n<\/tr>\n<\/tbody>\n<\/table>\n<\/div>\n","protected":false},"excerpt":{"rendered":"<p>L&#8217;objectiu d&#8217;aquest programa \u00e9s ajudar els centres a treballar aspectes b\u00e0sics de coeducaci\u00f3, de perspectiva de g\u00e8nere i de sexualitat de forma expl\u00edcita, sistem\u00e0tica, rigorosa i respectuosa. El programa compta amb el suport de diferents departaments de la Generalitat de Catalunya, ajuntaments, universitats i diverses entitats expertes i de refer\u00e8ncia. Com a documents de refer\u00e8ncia [&hellip;]<\/p>\n","protected":false},"author":1,"featured_media":0,"parent":0,"menu_order":0,"comment_status":"closed","ping_status":"closed","template":"page-templates\/side-menu.php","meta":{"_bbp_topic_count":0,"_bbp_reply_count":0,"_bbp_total_topic_count":0,"_bbp_total_reply_count":0,"_bbp_voice_count":0,"_bbp_anonymous_reply_count":0,"_bbp_topic_count_hidden":0,"_bbp_reply_count_hidden":0,"_bbp_forum_subforum_count":0,"site-sidebar-layout":"default","site-content-layout":"","ast-site-content-layout":"","site-content-style":"default","site-sidebar-style":"default","ast-global-header-display":"","ast-banner-title-visibility":"","ast-main-header-display":"","ast-hfb-above-header-display":"","ast-hfb-below-header-display":"","ast-hfb-mobile-header-display":"","site-post-title":"","ast-breadcrumbs-content":"","ast-featured-img":"","footer-sml-layout":"","theme-transparent-header-meta":"","adv-header-id-meta":"","stick-header-meta":"","header-above-stick-meta":"","header-main-stick-meta":"","header-below-stick-meta":"","astra-migrate-meta-layouts":"default","ast-page-background-enabled":"default","ast-page-background-meta":{"desktop":{"background-color":"var(--ast-global-color-4)","background-image":"","background-repeat":"repeat","background-position":"center center","background-size":"auto","background-attachment":"scroll","background-type":"","background-media":"","overlay-type":"","overlay-color":"","overlay-opacity":"","overlay-gradient":""},"tablet":{"background-color":"","background-image":"","background-repeat":"repeat","background-position":"center center","background-size":"auto","background-attachment":"scroll","background-type":"","background-media":"","overlay-type":"","overlay-color":"","overlay-opacity":"","overlay-gradient":""},"mobile":{"background-color":"","background-image":"","background-repeat":"repeat","background-position":"center center","background-size":"auto","background-attachment":"scroll","background-type":"","background-media":"","overlay-type":"","overlay-color":"","overlay-opacity":"","overlay-gradient":""}},"ast-content-background-meta":{"desktop":{"background-color":"var(--ast-global-color-5)","background-image":"","background-repeat":"repeat","background-position":"center center","background-size":"auto","background-attachment":"scroll","background-type":"","background-media":"","overlay-type":"","overlay-color":"","overlay-opacity":"","overlay-gradient":""},"tablet":{"background-color":"var(--ast-global-color-5)","background-image":"","background-repeat":"repeat","background-position":"center center","background-size":"auto","background-attachment":"scroll","background-type":"","background-media":"","overlay-type":"","overlay-color":"","overlay-opacity":"","overlay-gradient":""},"mobile":{"background-color":"var(--ast-global-color-5)","background-image":"","background-repeat":"repeat","background-position":"center center","background-size":"auto","background-attachment":"scroll","background-type":"","background-media":"","overlay-type":"","overlay-color":"","overlay-opacity":"","overlay-gradient":""}},"footnotes":""},"class_list":["post-12401","page","type-page","status-publish","hentry"],"post_mailing_queue_ids":[],"_links":{"self":[{"href":"https:\/\/serveiseducatius.xtec.cat\/baixcamp\/wp-json\/wp\/v2\/pages\/12401","targetHints":{"allow":["GET"]}}],"collection":[{"href":"https:\/\/serveiseducatius.xtec.cat\/baixcamp\/wp-json\/wp\/v2\/pages"}],"about":[{"href":"https:\/\/serveiseducatius.xtec.cat\/baixcamp\/wp-json\/wp\/v2\/types\/page"}],"author":[{"embeddable":true,"href":"https:\/\/serveiseducatius.xtec.cat\/baixcamp\/wp-json\/wp\/v2\/users\/1"}],"replies":[{"embeddable":true,"href":"https:\/\/serveiseducatius.xtec.cat\/baixcamp\/wp-json\/wp\/v2\/comments?post=12401"}],"version-history":[{"count":4,"href":"https:\/\/serveiseducatius.xtec.cat\/baixcamp\/wp-json\/wp\/v2\/pages\/12401\/revisions"}],"predecessor-version":[{"id":15515,"href":"https:\/\/serveiseducatius.xtec.cat\/baixcamp\/wp-json\/wp\/v2\/pages\/12401\/revisions\/15515"}],"wp:attachment":[{"href":"https:\/\/serveiseducatius.xtec.cat\/baixcamp\/wp-json\/wp\/v2\/media?parent=12401"}],"curies":[{"name":"wp","href":"https:\/\/api.w.org\/{rel}","templated":true}]}}