{"id":12317,"date":"2021-02-26T17:52:06","date_gmt":"2021-02-26T16:52:06","guid":{"rendered":"http:\/\/serveiseducatius.xtec.cat\/baixcamp\/?page_id=12317"},"modified":"2022-11-15T12:50:31","modified_gmt":"2022-11-15T11:50:31","slug":"cupules-de-leonardo-sobretaula","status":"publish","type":"page","link":"https:\/\/serveiseducatius.xtec.cat\/baixcamp\/recursos-2\/ambit-artistic-i-matematic\/cupules-de-leonardo-sobretaula\/","title":{"rendered":"C\u00fapules de Leonardo &#8211; Sobretaula"},"content":{"rendered":"<p><img loading=\"lazy\" decoding=\"async\" class=\"size-full wp-image-12318 alignleft\" src=\"https:\/\/serveiseducatius.xtec.cat\/baixcamp\/wp-content\/uploads\/usu950\/2021\/02\/leocap.jpg\" alt=\"\" width=\"259\" height=\"194\" srcset=\"https:\/\/serveiseducatius.xtec.cat\/baixcamp\/wp-content\/uploads\/usu950\/2021\/02\/leocap.jpg 259w, https:\/\/serveiseducatius.xtec.cat\/baixcamp\/wp-content\/uploads\/usu950\/2021\/02\/leocap-200x150.jpg 200w\" sizes=\"auto, (max-width: 259px) 100vw, 259px\" \/>Caixa amb 150 peces de PVC de 15 cm: 15 peces per treballar la geometria al pla i 135 peces que permeten construir diferents versions de la c\u00fapula de Leonardo. Cont\u00e9 un llibret d\u2019instruccions per tal de poder construir els 11 models de c\u00fapules diferents. Les c\u00fapules de Leonardo s\u00f3n un\u00a0<strong>recurs l\u00fadic educatiu<\/strong>\u00a0que permet construir estructures ideades per Leonardo da Vinci.<\/p>\n<p>A partir de diferents\u00a0<strong>patrons geom\u00e8trics<\/strong>\u00a0-presents al\u00a0<em>Codex Atlanticus-<\/em>\u00a0podem aixecar \u201cc\u00fapules autosostenibles\u201d: els seus elements no necessiten cap element d\u2019uni\u00f3. El principi de\u00a0<strong>Leonardome<\/strong>\u00a0\u00e9s l\u2019\u201cestructura rec\u00edproca\u201d de Leonardo. \u00c9s a dir, l\u2019acoblament tridimensional d\u2019elements (peces de fusta) que es donen suport m\u00fatuament.<\/p>\n<p>Les c\u00fapules permeten\u00a0<strong>treballar a classe<\/strong> conceptes relacionats amb la geometria, la tecnologia, l\u2019art i la hist\u00f2ria. S\u00f3n una creaci\u00f3 del <a href=\"https:\/\/mmaca.cat\/\">Museu de Matem\u00e0tiques de Catalunya<\/a>.<\/p>\n<p><a href=\"https:\/\/docs.google.com\/forms\/d\/e\/1FAIpQLScSjrJmGg3sQXUO_4-QuR4CZ_tqDhwZ7kB11IBCQdeJ5TrpCw\/viewform?usp=sf_link\"><img loading=\"lazy\" decoding=\"async\" class=\"alignnone wp-image-8976 size-full\" src=\"https:\/\/serveiseducatius.xtec.cat\/baixcamp\/wp-content\/uploads\/usu950\/2018\/10\/sol\u00b7licitud-pr\u00e9stec.png\" alt=\"\" width=\"155\" height=\"76\" \/><\/a>Formulari de pr\u00e9stec<\/p>\n<p><iframe loading=\"lazy\" style=\"border: 0;\" src=\"https:\/\/calendar.google.com\/calendar\/embed?src=c_pvtj3f2vsoscprj2bl6o874l14%40group.calendar.google.com&amp;ctz=Europe%2FParis\" width=\"600\" height=\"400\" frameborder=\"0\" scrolling=\"no\"><\/iframe><\/p>\n","protected":false},"excerpt":{"rendered":"<p>Caixa amb 150 peces de PVC de 15 cm: 15 peces per treballar la geometria al pla i 135 peces que permeten construir diferents versions de la c\u00fapula de Leonardo. Cont\u00e9 un llibret d\u2019instruccions per tal de poder construir els 11 models de c\u00fapules diferents. Les c\u00fapules de Leonardo s\u00f3n un\u00a0recurs l\u00fadic educatiu\u00a0que permet construir [&hellip;]<\/p>\n","protected":false},"author":1,"featured_media":0,"parent":14121,"menu_order":151,"comment_status":"closed","ping_status":"closed","template":"","meta":{"_bbp_topic_count":0,"_bbp_reply_count":0,"_bbp_total_topic_count":0,"_bbp_total_reply_count":0,"_bbp_voice_count":0,"_bbp_anonymous_reply_count":0,"_bbp_topic_count_hidden":0,"_bbp_reply_count_hidden":0,"_bbp_forum_subforum_count":0,"site-sidebar-layout":"default","site-content-layout":"","ast-site-content-layout":"","site-content-style":"default","site-sidebar-style":"default","ast-global-header-display":"","ast-banner-title-visibility":"","ast-main-header-display":"","ast-hfb-above-header-display":"","ast-hfb-below-header-display":"","ast-hfb-mobile-header-display":"","site-post-title":"","ast-breadcrumbs-content":"","ast-featured-img":"","footer-sml-layout":"","theme-transparent-header-meta":"","adv-header-id-meta":"","stick-header-meta":"","header-above-stick-meta":"","header-main-stick-meta":"","header-below-stick-meta":"","astra-migrate-meta-layouts":"default","ast-page-background-enabled":"default","ast-page-background-meta":{"desktop":{"background-color":"var(--ast-global-color-4)","background-image":"","background-repeat":"repeat","background-position":"center center","background-size":"auto","background-attachment":"scroll","background-type":"","background-media":"","overlay-type":"","overlay-color":"","overlay-opacity":"","overlay-gradient":""},"tablet":{"background-color":"","background-image":"","background-repeat":"repeat","background-position":"center center","background-size":"auto","background-attachment":"scroll","background-type":"","background-media":"","overlay-type":"","overlay-color":"","overlay-opacity":"","overlay-gradient":""},"mobile":{"background-color":"","background-image":"","background-repeat":"repeat","background-position":"center center","background-size":"auto","background-attachment":"scroll","background-type":"","background-media":"","overlay-type":"","overlay-color":"","overlay-opacity":"","overlay-gradient":""}},"ast-content-background-meta":{"desktop":{"background-color":"var(--ast-global-color-5)","background-image":"","background-repeat":"repeat","background-position":"center center","background-size":"auto","background-attachment":"scroll","background-type":"","background-media":"","overlay-type":"","overlay-color":"","overlay-opacity":"","overlay-gradient":""},"tablet":{"background-color":"var(--ast-global-color-5)","background-image":"","background-repeat":"repeat","background-position":"center center","background-size":"auto","background-attachment":"scroll","background-type":"","background-media":"","overlay-type":"","overlay-color":"","overlay-opacity":"","overlay-gradient":""},"mobile":{"background-color":"var(--ast-global-color-5)","background-image":"","background-repeat":"repeat","background-position":"center center","background-size":"auto","background-attachment":"scroll","background-type":"","background-media":"","overlay-type":"","overlay-color":"","overlay-opacity":"","overlay-gradient":""}},"footnotes":""},"class_list":["post-12317","page","type-page","status-publish","hentry"],"post_mailing_queue_ids":[],"_links":{"self":[{"href":"https:\/\/serveiseducatius.xtec.cat\/baixcamp\/wp-json\/wp\/v2\/pages\/12317","targetHints":{"allow":["GET"]}}],"collection":[{"href":"https:\/\/serveiseducatius.xtec.cat\/baixcamp\/wp-json\/wp\/v2\/pages"}],"about":[{"href":"https:\/\/serveiseducatius.xtec.cat\/baixcamp\/wp-json\/wp\/v2\/types\/page"}],"author":[{"embeddable":true,"href":"https:\/\/serveiseducatius.xtec.cat\/baixcamp\/wp-json\/wp\/v2\/users\/1"}],"replies":[{"embeddable":true,"href":"https:\/\/serveiseducatius.xtec.cat\/baixcamp\/wp-json\/wp\/v2\/comments?post=12317"}],"version-history":[{"count":3,"href":"https:\/\/serveiseducatius.xtec.cat\/baixcamp\/wp-json\/wp\/v2\/pages\/12317\/revisions"}],"predecessor-version":[{"id":12926,"href":"https:\/\/serveiseducatius.xtec.cat\/baixcamp\/wp-json\/wp\/v2\/pages\/12317\/revisions\/12926"}],"up":[{"embeddable":true,"href":"https:\/\/serveiseducatius.xtec.cat\/baixcamp\/wp-json\/wp\/v2\/pages\/14121"}],"wp:attachment":[{"href":"https:\/\/serveiseducatius.xtec.cat\/baixcamp\/wp-json\/wp\/v2\/media?parent=12317"}],"curies":[{"name":"wp","href":"https:\/\/api.w.org\/{rel}","templated":true}]}}