{"id":11686,"date":"2020-10-20T17:49:40","date_gmt":"2020-10-20T15:49:40","guid":{"rendered":"http:\/\/serveiseducatius.xtec.cat\/baixcamp\/?page_id=11686"},"modified":"2021-07-12T19:02:47","modified_gmt":"2021-07-12T17:02:47","slug":"articles","status":"publish","type":"page","link":"https:\/\/serveiseducatius.xtec.cat\/baixcamp\/projectes\/tenim-la-paraula\/articles\/","title":{"rendered":"Articles"},"content":{"rendered":"<p>El marc de te\u00f2ric del Programa compta amb <strong>articles d\u2019experts de refer\u00e8ncia<\/strong> en l\u2019estudi de la llengua oral de diverses universitats i grups de recerca. Aquests articles contribueixen a concretar els eixos te\u00f2rics que amaren la totalitat de les propostes de\u00a0<em>Tenim la paraula<\/em>. Els deu eixos que s\u2019han establert es deriven dels documents de refer\u00e8ncia del sistema com ho s\u00f3n els decrets Curr\u00edculum i orientacions d\u2019Educaci\u00f3 Infantil, 119\/2015 d\u2019Educaci\u00f3 Prim\u00e0ria, 187\/2015 d\u2019Educaci\u00f3 Secund\u00e0ria, el Desplegament curricular amb les publicacions de les Compet\u00e8ncies B\u00e0siques de l\u2019\u00e0mbit ling\u00fc\u00edstic, els Decrets d\u2019avaluaci\u00f3 d\u2019Educaci\u00f3 Infantil, Prim\u00e0ria i Secund\u00e0ria, el Decret de l\u2019escola Inclusiva i\u00a0<em>El model Ling\u00fc\u00edstic del sistema educatiu a Catalunya.<\/em><\/p>\n<p>Els articulistes s\u00f3n: Guadalupe Jover G\u00f3mez-Ferrer, Daniel Cassany i Comas, Antoni Bassas i Onieva, M\u00e0rius Serra i Roig, Marta Gr\u00e0cia Garcia, David Duran i Gisbert, Juli Palou i Sangr\u00e0, Neus Sanmart\u00ed i Puig, Carles Monereo i Font, Margarida Prats Ripoll, Emili Samper Prunera, Montserrat Vil\u00e0 i Santasusana, Anna Cros i Alavedra, Uri Ruiz Bikandi, Carme Bov\u00e9 Romeu, Gl\u00f2ria Sanz Pinyol, Xavier Vila i Moreno, M\u00f2nica Sanz- Torrent, Ana Leonor Teberosky Coronado i J\u00falia Coromina Cabeceran.<\/p>\n<p>El document <a href=\"https:\/\/drive.google.com\/file\/d\/154amuJv-wtP-OAnFPIRZV97USfFS08Li\/view?usp=sharing\">Eixos, Autors, Articles i Categories<\/a> resumeix aquest conjunt d&#8217;aportacions. <strong>Podeu clicar sobre el t\u00edtol de cada article<\/strong> per accedir a l&#8217;article corresponent en pdf:<\/p>\n<p><iframe loading=\"lazy\" src=\"https:\/\/docs.google.com\/presentation\/d\/e\/2PACX-1vRfPazTfNrfCSuEqKUAcSksWWIExGO2E6lk8my-cGzDz6jZB3l5HJERIlDGV-byaSiOEnNeqMxc9VUH\/embed?start=false&amp;loop=true&amp;delayms=60000\" width=\"960\" height=\"569\" frameborder=\"0\"><\/iframe><\/p>\n<p>Tamb\u00e9 podeu consultar els articles a partir d&#8217;<a href=\"http:\/\/xtec.gencat.cat\/ca\/projectes\/llengua-oral\/tenim-la-paraula\/marc-conceptual\/marc-teoric\/\">aquest enlla\u00e7<\/a>.<\/p>\n<div id=\":1of\" class=\"pG\" role=\"img\" data-tooltip-contained=\"true\" data-tooltip-align=\"b,l\" data-tooltip-delay=\"1500\" aria-label=\"Important segons el criteri de Google.\"><\/div>\n<p>&nbsp;<\/p>\n","protected":false},"excerpt":{"rendered":"<p>El marc de te\u00f2ric del Programa compta amb articles d\u2019experts de refer\u00e8ncia en l\u2019estudi de la llengua oral de diverses universitats i grups de recerca. Aquests articles contribueixen a concretar els eixos te\u00f2rics que amaren la totalitat de les propostes de\u00a0Tenim la paraula. Els deu eixos que s\u2019han establert es deriven dels documents de refer\u00e8ncia [&hellip;]<\/p>\n","protected":false},"author":1,"featured_media":0,"parent":10581,"menu_order":22,"comment_status":"closed","ping_status":"closed","template":"page-templates\/side-menu.php","meta":{"_bbp_topic_count":0,"_bbp_reply_count":0,"_bbp_total_topic_count":0,"_bbp_total_reply_count":0,"_bbp_voice_count":0,"_bbp_anonymous_reply_count":0,"_bbp_topic_count_hidden":0,"_bbp_reply_count_hidden":0,"_bbp_forum_subforum_count":0,"site-sidebar-layout":"default","site-content-layout":"","ast-site-content-layout":"","site-content-style":"default","site-sidebar-style":"default","ast-global-header-display":"","ast-banner-title-visibility":"","ast-main-header-display":"","ast-hfb-above-header-display":"","ast-hfb-below-header-display":"","ast-hfb-mobile-header-display":"","site-post-title":"","ast-breadcrumbs-content":"","ast-featured-img":"","footer-sml-layout":"","theme-transparent-header-meta":"","adv-header-id-meta":"","stick-header-meta":"","header-above-stick-meta":"","header-main-stick-meta":"","header-below-stick-meta":"","astra-migrate-meta-layouts":"default","ast-page-background-enabled":"default","ast-page-background-meta":{"desktop":{"background-color":"var(--ast-global-color-4)","background-image":"","background-repeat":"repeat","background-position":"center center","background-size":"auto","background-attachment":"scroll","background-type":"","background-media":"","overlay-type":"","overlay-color":"","overlay-opacity":"","overlay-gradient":""},"tablet":{"background-color":"","background-image":"","background-repeat":"repeat","background-position":"center center","background-size":"auto","background-attachment":"scroll","background-type":"","background-media":"","overlay-type":"","overlay-color":"","overlay-opacity":"","overlay-gradient":""},"mobile":{"background-color":"","background-image":"","background-repeat":"repeat","background-position":"center center","background-size":"auto","background-attachment":"scroll","background-type":"","background-media":"","overlay-type":"","overlay-color":"","overlay-opacity":"","overlay-gradient":""}},"ast-content-background-meta":{"desktop":{"background-color":"var(--ast-global-color-5)","background-image":"","background-repeat":"repeat","background-position":"center center","background-size":"auto","background-attachment":"scroll","background-type":"","background-media":"","overlay-type":"","overlay-color":"","overlay-opacity":"","overlay-gradient":""},"tablet":{"background-color":"var(--ast-global-color-5)","background-image":"","background-repeat":"repeat","background-position":"center center","background-size":"auto","background-attachment":"scroll","background-type":"","background-media":"","overlay-type":"","overlay-color":"","overlay-opacity":"","overlay-gradient":""},"mobile":{"background-color":"var(--ast-global-color-5)","background-image":"","background-repeat":"repeat","background-position":"center center","background-size":"auto","background-attachment":"scroll","background-type":"","background-media":"","overlay-type":"","overlay-color":"","overlay-opacity":"","overlay-gradient":""}},"footnotes":""},"class_list":["post-11686","page","type-page","status-publish","hentry"],"post_mailing_queue_ids":[],"_links":{"self":[{"href":"https:\/\/serveiseducatius.xtec.cat\/baixcamp\/wp-json\/wp\/v2\/pages\/11686","targetHints":{"allow":["GET"]}}],"collection":[{"href":"https:\/\/serveiseducatius.xtec.cat\/baixcamp\/wp-json\/wp\/v2\/pages"}],"about":[{"href":"https:\/\/serveiseducatius.xtec.cat\/baixcamp\/wp-json\/wp\/v2\/types\/page"}],"author":[{"embeddable":true,"href":"https:\/\/serveiseducatius.xtec.cat\/baixcamp\/wp-json\/wp\/v2\/users\/1"}],"replies":[{"embeddable":true,"href":"https:\/\/serveiseducatius.xtec.cat\/baixcamp\/wp-json\/wp\/v2\/comments?post=11686"}],"version-history":[{"count":4,"href":"https:\/\/serveiseducatius.xtec.cat\/baixcamp\/wp-json\/wp\/v2\/pages\/11686\/revisions"}],"predecessor-version":[{"id":12892,"href":"https:\/\/serveiseducatius.xtec.cat\/baixcamp\/wp-json\/wp\/v2\/pages\/11686\/revisions\/12892"}],"up":[{"embeddable":true,"href":"https:\/\/serveiseducatius.xtec.cat\/baixcamp\/wp-json\/wp\/v2\/pages\/10581"}],"wp:attachment":[{"href":"https:\/\/serveiseducatius.xtec.cat\/baixcamp\/wp-json\/wp\/v2\/media?parent=11686"}],"curies":[{"name":"wp","href":"https:\/\/api.w.org\/{rel}","templated":true}]}}