{"id":10764,"date":"2020-02-07T16:34:14","date_gmt":"2020-02-07T15:34:14","guid":{"rendered":"http:\/\/serveiseducatius.xtec.cat\/baixcamp\/?page_id=10764"},"modified":"2021-10-21T17:14:24","modified_gmt":"2021-10-21T15:14:24","slug":"centres-participants","status":"publish","type":"page","link":"https:\/\/serveiseducatius.xtec.cat\/baixcamp\/projectes\/tenim-la-paraula\/centres-participants\/","title":{"rendered":"Centres participants"},"content":{"rendered":"<p>Centres inscrits al programa <strong>Tenim la Paraula 2020-2021. <\/strong>El link de cada centre porta a l&#8217;activitat presentada:<\/p>\n<table style=\"height: 990px; width: 80.1737%;\" width=\"80%\">\n<tbody>\n<tr style=\"height: 33px;\">\n<td style=\"background-color: #ed2187; height: 33px; width: 55.3508%;\" width=\"330\"><span style=\"color: #ffffff;\"><strong>Centre educatiu<br \/>\n<\/strong><\/span><\/td>\n<td style=\"background-color: #ed2187; height: 33px; width: 44.0767%;\" width=\"501\"><span style=\"color: #ffffff;\"><strong>Poblaci\u00f3<br \/>\n<\/strong><\/span><\/td>\n<\/tr>\n<tr style=\"height: 33px;\">\n<td style=\"height: 33px; width: 55.3508%;\" width=\"330\"><a href=\"https:\/\/drive.google.com\/file\/d\/1hqT8q7Q6BXv4-r0yT4tvFE2EuZU1q_pX\/view?usp=sharing\">INS Ramon Berenguer IV<\/a><\/td>\n<td style=\"height: 33px; width: 44.0767%;\" width=\"501\">Cambrils<\/td>\n<\/tr>\n<tr style=\"height: 33px;\">\n<td style=\"height: 33px; width: 55.3508%;\" width=\"330\">INS Llu\u00eds Dom\u00e8nech i Montaner<\/td>\n<td style=\"height: 33px; width: 44.0767%;\" width=\"501\">Reus<\/td>\n<\/tr>\n<tr style=\"height: 33px;\">\n<td style=\"height: 33px; width: 55.3508%;\" width=\"330\">INS Josep Tapir\u00f3<\/td>\n<td style=\"height: 33px; width: 44.0767%;\" width=\"501\">Reus<\/td>\n<\/tr>\n<tr style=\"height: 33px;\">\n<td style=\"height: 33px; width: 55.3508%;\" width=\"330\"><a href=\"https:\/\/drive.google.com\/file\/d\/1G4lCyDJGwf6Q3_1ykNRBbxa7XD4Ym9wu\/view?usp=sharing\">INS Joan Puig i Ferreter<\/a><\/td>\n<td style=\"height: 33px; width: 44.0767%;\" width=\"501\">La Selva del Camp<\/td>\n<\/tr>\n<tr style=\"height: 33px;\">\n<td style=\"height: 33px; width: 55.3508%;\" width=\"330\"><a href=\"https:\/\/drive.google.com\/file\/d\/1oLPn-wVz4ojX8AqzlhMMftiuGiVPiS1T\/view?usp=sharing\">INS Berenguer d&#8217;Enten\u00e7a<\/a><\/td>\n<td style=\"height: 33px; width: 44.0767%;\" width=\"501\">L&#8217;Hospitalet de l&#8217;Infant<\/td>\n<\/tr>\n<tr style=\"height: 33px;\">\n<td style=\"height: 33px; width: 55.3508%;\" width=\"330\"><a href=\"https:\/\/drive.google.com\/file\/d\/1s1yzFQaBB-ikiiRDd8XFg6a_oAc5x-IN\/view?usp=sharing\">IE Joan Ard\u00e8vol<\/a><\/td>\n<td style=\"height: 33px; width: 44.0767%;\" width=\"501\">Cambrils<\/td>\n<\/tr>\n<tr style=\"height: 33px;\">\n<td style=\"height: 33px; width: 55.3508%;\" width=\"330\">Col\u00b7legi Maria Rosa Molas<\/td>\n<td style=\"height: 33px; width: 44.0767%;\" width=\"501\">Reus<\/td>\n<\/tr>\n<tr style=\"height: 33px;\">\n<td style=\"height: 33px; width: 55.3508%;\" width=\"330\"><a href=\"https:\/\/drive.google.com\/file\/d\/1V_vRbvcb1dQnr9fgrDLgUtHxIdCUydOr\/view?usp=sharing\">ZER Baix Camp Sud &#8211; ESC Puigmar\u00ed &#8211; ESC Font de l&#8217;Arc<\/a><\/td>\n<td style=\"height: 33px; width: 44.0767%;\" width=\"501\">Botarell &#8211; Duesaig\u00fces &#8211; Vilanova d&#8217;Escornalbou<\/td>\n<\/tr>\n<tr style=\"height: 33px;\">\n<td style=\"height: 33px; width: 55.3508%;\" width=\"330\">ESC Valdelors<\/td>\n<td style=\"height: 33px; width: 44.0767%;\" width=\"501\">Vandell\u00f2s i l&#8217;Hospitalet de l&#8217;Infant<\/td>\n<\/tr>\n<tr style=\"height: 33px;\">\n<td style=\"height: 33px; width: 55.3508%;\" width=\"330\"><a href=\"https:\/\/drive.google.com\/file\/d\/1rIZacIWGehETK9F-o0JKb2NSkhDqo1mb\/view?usp=sharing\">ESC Santa Caterina<\/a><\/td>\n<td style=\"height: 33px; width: 44.0767%;\" width=\"501\">Vinyols<\/td>\n<\/tr>\n<tr style=\"height: 33px;\">\n<td style=\"height: 33px; width: 55.3508%;\" width=\"330\"><a href=\"https:\/\/drive.google.com\/file\/d\/1DBO3-qmLGk9yMh69yXeV-T23raa2B0oz\/view?usp=sharing\">ESC Rubi\u00f3 i Ors<\/a><\/td>\n<td style=\"height: 33px; width: 44.0767%;\" width=\"501\">Reus<\/td>\n<\/tr>\n<tr style=\"height: 33px;\">\n<td style=\"height: 33px; width: 55.3508%;\" width=\"330\"><a href=\"https:\/\/drive.google.com\/file\/d\/1TaFxf9ZKMv9eR57RUz2i-StPXK4QNsu_\/view?usp=sharing\">ESC Prat de la Riba<\/a><\/td>\n<td style=\"height: 33px; width: 44.0767%;\" width=\"501\">Reus<\/td>\n<\/tr>\n<tr style=\"height: 33px;\">\n<td style=\"height: 33px; width: 55.3508%;\" width=\"330\"><a href=\"https:\/\/drive.google.com\/file\/d\/19LmBSr8zbynVRffM1svTPifHKRStLsAv\/view?usp=sharing\">ESC Mowgli<\/a><\/td>\n<td style=\"height: 33px; width: 44.0767%;\" width=\"501\">Reus<\/td>\n<\/tr>\n<tr style=\"height: 33px;\">\n<td style=\"height: 33px; width: 55.3508%;\" width=\"330\"><a href=\"https:\/\/drive.google.com\/file\/d\/1VJwywnZGr_VXLqw-C_mR3FJccc6h2cHE\/view?usp=sharing\">ESC Montsant<\/a><\/td>\n<td style=\"height: 33px; width: 44.0767%;\" width=\"501\">Reus<\/td>\n<\/tr>\n<tr style=\"height: 33px;\">\n<td style=\"height: 33px; width: 55.3508%;\" width=\"330\"><a href=\"https:\/\/drive.google.com\/file\/d\/1RV57yLobBahs0AUv-DE63dQ-z4SBqsW1\/view?usp=sharing\">ESC Mestral<\/a><\/td>\n<td style=\"height: 33px; width: 44.0767%;\" width=\"501\">Vandell\u00f2s i l&#8217;Hospitalet de l&#8217;Infant<\/td>\n<\/tr>\n<tr style=\"height: 33px;\">\n<td style=\"height: 33px; width: 55.3508%;\" width=\"330\"><a href=\"https:\/\/drive.google.com\/file\/d\/16kt9fZD4hMZA31mqdXxiL0kDZb08Vm32\/view?usp=sharing\">ESC Mare de D\u00e9u del Roser<\/a><\/td>\n<td style=\"height: 33px; width: 44.0767%;\" width=\"501\">Riudecols<\/td>\n<\/tr>\n<tr style=\"height: 33px;\">\n<td style=\"height: 33px; width: 55.3508%;\" width=\"330\"><a href=\"https:\/\/drive.google.com\/file\/d\/1NNp_elDkKGVMQe6gViocH158-dS54TK7\/view?usp=sharing\">ESC Mare de D\u00e9u de la Candela<\/a><\/td>\n<td style=\"height: 33px; width: 44.0767%;\" width=\"501\">Botarell<\/td>\n<\/tr>\n<tr style=\"height: 33px;\">\n<td style=\"height: 33px; width: 55.3508%;\" width=\"330\"><a href=\"https:\/\/drive.google.com\/file\/d\/1Hep2rRJUouQ1SHGLMfgmTX9uDcvL_wk_\/view?usp=sharing\">ESC Marcel\u00b7l\u00ed Esquius<\/a><\/td>\n<td style=\"height: 33px; width: 44.0767%;\" width=\"501\">Miami Platja &#8211; Mont-roig del Camp<\/td>\n<\/tr>\n<tr style=\"height: 33px;\">\n<td style=\"height: 33px; width: 55.3508%;\" width=\"330\"><a href=\"https:\/\/drive.google.com\/file\/d\/1bEVYSi7K-nkFKseFDuPRgUrdu9wYmdQT\/view?usp=sharing\">ESC Joan Rebull<\/a><\/td>\n<td style=\"height: 33px; width: 44.0767%;\" width=\"501\">Reus<\/td>\n<\/tr>\n<tr style=\"height: 33px;\">\n<td style=\"height: 33px; width: 55.3508%;\" width=\"330\"><a href=\"https:\/\/drive.google.com\/file\/d\/1x0vaUHDoGHrsD04xez0pMvxQ9m6AFfiM\/view?usp=sharing\">ESC Els Ganxets<\/a><\/td>\n<td style=\"height: 33px; width: 44.0767%;\" width=\"501\">Reus<\/td>\n<\/tr>\n<\/tbody>\n<\/table>\n<p>&nbsp;<\/p>\n","protected":false},"excerpt":{"rendered":"<p>Centres inscrits al programa Tenim la Paraula 2020-2021. El link de cada centre porta a l&#8217;activitat presentada: Centre educatiu Poblaci\u00f3 INS Ramon Berenguer IV Cambrils INS Llu\u00eds Dom\u00e8nech i Montaner Reus INS Josep Tapir\u00f3 Reus INS Joan Puig i Ferreter La Selva del Camp INS Berenguer d&#8217;Enten\u00e7a L&#8217;Hospitalet de l&#8217;Infant IE Joan Ard\u00e8vol Cambrils Col\u00b7legi [&hellip;]<\/p>\n","protected":false},"author":1,"featured_media":0,"parent":10581,"menu_order":10,"comment_status":"closed","ping_status":"closed","template":"page-templates\/side-menu.php","meta":{"_bbp_topic_count":0,"_bbp_reply_count":0,"_bbp_total_topic_count":0,"_bbp_total_reply_count":0,"_bbp_voice_count":0,"_bbp_anonymous_reply_count":0,"_bbp_topic_count_hidden":0,"_bbp_reply_count_hidden":0,"_bbp_forum_subforum_count":0,"site-sidebar-layout":"default","site-content-layout":"","ast-site-content-layout":"","site-content-style":"default","site-sidebar-style":"default","ast-global-header-display":"","ast-banner-title-visibility":"","ast-main-header-display":"","ast-hfb-above-header-display":"","ast-hfb-below-header-display":"","ast-hfb-mobile-header-display":"","site-post-title":"","ast-breadcrumbs-content":"","ast-featured-img":"","footer-sml-layout":"","theme-transparent-header-meta":"","adv-header-id-meta":"","stick-header-meta":"","header-above-stick-meta":"","header-main-stick-meta":"","header-below-stick-meta":"","astra-migrate-meta-layouts":"default","ast-page-background-enabled":"default","ast-page-background-meta":{"desktop":{"background-color":"var(--ast-global-color-4)","background-image":"","background-repeat":"repeat","background-position":"center center","background-size":"auto","background-attachment":"scroll","background-type":"","background-media":"","overlay-type":"","overlay-color":"","overlay-opacity":"","overlay-gradient":""},"tablet":{"background-color":"","background-image":"","background-repeat":"repeat","background-position":"center center","background-size":"auto","background-attachment":"scroll","background-type":"","background-media":"","overlay-type":"","overlay-color":"","overlay-opacity":"","overlay-gradient":""},"mobile":{"background-color":"","background-image":"","background-repeat":"repeat","background-position":"center center","background-size":"auto","background-attachment":"scroll","background-type":"","background-media":"","overlay-type":"","overlay-color":"","overlay-opacity":"","overlay-gradient":""}},"ast-content-background-meta":{"desktop":{"background-color":"var(--ast-global-color-5)","background-image":"","background-repeat":"repeat","background-position":"center center","background-size":"auto","background-attachment":"scroll","background-type":"","background-media":"","overlay-type":"","overlay-color":"","overlay-opacity":"","overlay-gradient":""},"tablet":{"background-color":"var(--ast-global-color-5)","background-image":"","background-repeat":"repeat","background-position":"center center","background-size":"auto","background-attachment":"scroll","background-type":"","background-media":"","overlay-type":"","overlay-color":"","overlay-opacity":"","overlay-gradient":""},"mobile":{"background-color":"var(--ast-global-color-5)","background-image":"","background-repeat":"repeat","background-position":"center center","background-size":"auto","background-attachment":"scroll","background-type":"","background-media":"","overlay-type":"","overlay-color":"","overlay-opacity":"","overlay-gradient":""}},"footnotes":""},"class_list":["post-10764","page","type-page","status-publish","hentry"],"post_mailing_queue_ids":[],"_links":{"self":[{"href":"https:\/\/serveiseducatius.xtec.cat\/baixcamp\/wp-json\/wp\/v2\/pages\/10764","targetHints":{"allow":["GET"]}}],"collection":[{"href":"https:\/\/serveiseducatius.xtec.cat\/baixcamp\/wp-json\/wp\/v2\/pages"}],"about":[{"href":"https:\/\/serveiseducatius.xtec.cat\/baixcamp\/wp-json\/wp\/v2\/types\/page"}],"author":[{"embeddable":true,"href":"https:\/\/serveiseducatius.xtec.cat\/baixcamp\/wp-json\/wp\/v2\/users\/1"}],"replies":[{"embeddable":true,"href":"https:\/\/serveiseducatius.xtec.cat\/baixcamp\/wp-json\/wp\/v2\/comments?post=10764"}],"version-history":[{"count":4,"href":"https:\/\/serveiseducatius.xtec.cat\/baixcamp\/wp-json\/wp\/v2\/pages\/10764\/revisions"}],"predecessor-version":[{"id":13204,"href":"https:\/\/serveiseducatius.xtec.cat\/baixcamp\/wp-json\/wp\/v2\/pages\/10764\/revisions\/13204"}],"up":[{"embeddable":true,"href":"https:\/\/serveiseducatius.xtec.cat\/baixcamp\/wp-json\/wp\/v2\/pages\/10581"}],"wp:attachment":[{"href":"https:\/\/serveiseducatius.xtec.cat\/baixcamp\/wp-json\/wp\/v2\/media?parent=10764"}],"curies":[{"name":"wp","href":"https:\/\/api.w.org\/{rel}","templated":true}]}}